{"id":23,"date":"2018-12-09T13:11:59","date_gmt":"2018-12-09T12:11:59","guid":{"rendered":"http:\/\/knjiznice.nsk.hr\/jasenovac\/?page_id=23"},"modified":"2024-04-29T16:21:18","modified_gmt":"2024-04-29T14:21:18","slug":"kontakt","status":"publish","type":"page","link":"http:\/\/knjiznice.nsk.hr\/jasenovac\/kontakt\/","title":{"rendered":"Kontakt"},"content":{"rendered":"<h6 style=\"text-align: left\">Narodna knji\u017enica i \u010ditaonica Jasenovac<\/h6>\n<h6 style=\"text-align: left\">Trg kralja Petra Sva\u010di\u0107a 10<\/h6>\n<h6 style=\"text-align: left\">44324 Jasenovac<\/h6>\n<h6 style=\"text-align: left\">Telefon: 044\/672-365<\/h6>\n<h6 style=\"text-align: left\">E-mail: <a href=\"mailto:knjiznicajasenovac@gmail.com\"><strong>knjiznicajasenovac@gmail.com<\/strong><\/a><\/h6>\n<h6 style=\"text-align: left\">&nbsp;<\/h6>\n<h6 style=\"text-align: left\">Radno vrijeme: ponedjeljak &#8211; petak: 8.00 &#8211; 15.00<\/h6>\n<h6 style=\"text-align: left\">&nbsp;<\/h6>\n<h6 style=\"text-align: left\">Osniva\u010d: Op\u0107ina Jasenovac<\/h6>\n<h6 style=\"text-align: left\">MB: 1401556<\/h6>\n<h6 style=\"text-align: left\">OIB: 98745000013<\/h6>\n<p>&nbsp;<\/p>\n<p>&nbsp;<\/p>\n","protected":false},"excerpt":{"rendered":"<p>Narodna knji\u017enica i \u010ditaonica Jasenovac Trg kralja Petra Sva\u010di\u0107a 10 44324 Jasenovac Telefon: 044\/672-365 E-mail: knjiznicajasenovac@gmail.com &nbsp; Radno vrijeme: ponedjeljak &#8211; petak: 8.00 &#8211; 15.00 &nbsp; Osniva\u010d: Op\u0107ina Jasenovac MB: 1401556 OIB: 98745000013 &nbsp; &nbsp;<\/p>\n","protected":false},"author":164,"featured_media":0,"parent":0,"menu_order":0,"comment_status":"closed","ping_status":"closed","template":"","meta":{"ngg_post_thumbnail":0},"yoast_head":"<!-- This site is optimized with the Yoast SEO plugin v16.4 - https:\/\/yoast.com\/wordpress\/plugins\/seo\/ -->\n<meta name=\"robots\" content=\"index, follow, max-snippet:-1, max-image-preview:large, max-video-preview:-1\" \/>\n<link rel=\"canonical\" href=\"http:\/\/knjiznice.nsk.hr\/jasenovac\/kontakt\/\" \/>\n<meta property=\"og:locale\" content=\"hr_HR\" \/>\n<meta property=\"og:type\" content=\"article\" \/>\n<meta property=\"og:title\" content=\"Kontakt - Narodna knji\u017enica i \u010ditaonica Jasenovac\" \/>\n<meta property=\"og:description\" content=\"Narodna knji\u017enica i \u010ditaonica Jasenovac Trg kralja Petra Sva\u010di\u0107a 10 44324 Jasenovac Telefon: 044\/672-365 E-mail: knjiznicajasenovac@gmail.com &nbsp; Radno vrijeme: ponedjeljak &#8211; petak: 8.00 &#8211; 15.00 &nbsp; Osniva\u010d: Op\u0107ina Jasenovac MB: 1401556 OIB: 98745000013 &nbsp; &nbsp;\" \/>\n<meta property=\"og:url\" content=\"http:\/\/knjiznice.nsk.hr\/jasenovac\/kontakt\/\" \/>\n<meta property=\"og:site_name\" content=\"Narodna knji\u017enica i \u010ditaonica Jasenovac\" \/>\n<meta property=\"article:modified_time\" content=\"2024-04-29T14:21:18+00:00\" \/>\n<meta name=\"twitter:card\" content=\"summary_large_image\" \/>\n<meta name=\"twitter:label1\" content=\"Procijenjeno vrijeme \u010ditanja\" \/>\n\t<meta name=\"twitter:data1\" content=\"1 minuta\" \/>\n<script type=\"application\/ld+json\" class=\"yoast-schema-graph\">{\"@context\":\"https:\/\/schema.org\",\"@graph\":[{\"@type\":\"WebSite\",\"@id\":\"http:\/\/knjiznice.nsk.hr\/jasenovac\/#website\",\"url\":\"http:\/\/knjiznice.nsk.hr\/jasenovac\/\",\"name\":\"Narodna knji\\u017enica i \\u010ditaonica Jasenovac\",\"description\":\"\",\"potentialAction\":[{\"@type\":\"SearchAction\",\"target\":\"http:\/\/knjiznice.nsk.hr\/jasenovac\/?s={search_term_string}\",\"query-input\":\"required name=search_term_string\"}],\"inLanguage\":\"hr\"},{\"@type\":\"WebPage\",\"@id\":\"http:\/\/knjiznice.nsk.hr\/jasenovac\/kontakt\/#webpage\",\"url\":\"http:\/\/knjiznice.nsk.hr\/jasenovac\/kontakt\/\",\"name\":\"Kontakt - Narodna knji\\u017enica i \\u010ditaonica Jasenovac\",\"isPartOf\":{\"@id\":\"http:\/\/knjiznice.nsk.hr\/jasenovac\/#website\"},\"datePublished\":\"2018-12-09T12:11:59+00:00\",\"dateModified\":\"2024-04-29T14:21:18+00:00\",\"breadcrumb\":{\"@id\":\"http:\/\/knjiznice.nsk.hr\/jasenovac\/kontakt\/#breadcrumb\"},\"inLanguage\":\"hr\",\"potentialAction\":[{\"@type\":\"ReadAction\",\"target\":[\"http:\/\/knjiznice.nsk.hr\/jasenovac\/kontakt\/\"]}]},{\"@type\":\"BreadcrumbList\",\"@id\":\"http:\/\/knjiznice.nsk.hr\/jasenovac\/kontakt\/#breadcrumb\",\"itemListElement\":[{\"@type\":\"ListItem\",\"position\":1,\"item\":{\"@type\":\"WebPage\",\"@id\":\"http:\/\/knjiznice.nsk.hr\/jasenovac\/\",\"url\":\"http:\/\/knjiznice.nsk.hr\/jasenovac\/\",\"name\":\"Po\\u010detna stranica\"}},{\"@type\":\"ListItem\",\"position\":2,\"item\":{\"@id\":\"http:\/\/knjiznice.nsk.hr\/jasenovac\/kontakt\/#webpage\"}}]}]}<\/script>\n<!-- \/ Yoast SEO plugin. -->","_links":{"self":[{"href":"http:\/\/knjiznice.nsk.hr\/jasenovac\/wp-json\/wp\/v2\/pages\/23"}],"collection":[{"href":"http:\/\/knjiznice.nsk.hr\/jasenovac\/wp-json\/wp\/v2\/pages"}],"about":[{"href":"http:\/\/knjiznice.nsk.hr\/jasenovac\/wp-json\/wp\/v2\/types\/page"}],"author":[{"embeddable":true,"href":"http:\/\/knjiznice.nsk.hr\/jasenovac\/wp-json\/wp\/v2\/users\/164"}],"replies":[{"embeddable":true,"href":"http:\/\/knjiznice.nsk.hr\/jasenovac\/wp-json\/wp\/v2\/comments?post=23"}],"version-history":[{"count":6,"href":"http:\/\/knjiznice.nsk.hr\/jasenovac\/wp-json\/wp\/v2\/pages\/23\/revisions"}],"predecessor-version":[{"id":355,"href":"http:\/\/knjiznice.nsk.hr\/jasenovac\/wp-json\/wp\/v2\/pages\/23\/revisions\/355"}],"wp:attachment":[{"href":"http:\/\/knjiznice.nsk.hr\/jasenovac\/wp-json\/wp\/v2\/media?parent=23"}],"curies":[{"name":"wp","href":"https:\/\/api.w.org\/{rel}","templated":true}]}}