{"id":20,"date":"2018-12-09T13:07:26","date_gmt":"2018-12-09T12:07:26","guid":{"rendered":"http:\/\/knjiznice.nsk.hr\/jasenovac\/?page_id=20"},"modified":"2018-12-09T13:15:13","modified_gmt":"2018-12-09T12:15:13","slug":"plan-aktivnosti-po-mjesecima","status":"publish","type":"page","link":"http:\/\/knjiznice.nsk.hr\/jasenovac\/plan-aktivnosti-po-mjesecima\/","title":{"rendered":"Plan aktivnosti po mjesecima"},"content":{"rendered":"<p>Sije\u010danj<\/p>\n<ul>\n<li>Zaklju\u010divanje inventurnih listi o knjigama i sredstvima te sastavljanje odluka o otpisima i kona\u010dnom broj\u010danom stanju opreme i knji\u017eni\u010dnog fonda.<\/li>\n<li>Priprema statisti\u010dkih izvje\u0161taja za Statisti\u010dki zavod RH<\/li>\n<\/ul>\n<p>Velja\u010da<\/p>\n<ul>\n<li>Priprema Izvje\u0161taja o radu za 2018. godinu za Mati\u010dnu slu\u017ebu za knji\u017enice i Op\u0107insko vije\u0107e Op\u0107ine Jasenovac<\/li>\n<li>Radionica za djecu povodom Valentinova<\/li>\n<\/ul>\n<p>O\u017eujak<\/p>\n<ul>\n<li>Obilje\u017eavanje me\u0111unarodnog dana \u017eena<\/li>\n<li>Javljanje na natje\u010daje za financiranje projekata Zaklade za poticanje partnerstva<\/li>\n<\/ul>\n<p>Travanj<\/p>\n<ul>\n<li>Me\u0111unarodni dan dje\u010dje knjige (2.4.) \u2013 gostovanje spisateljice za djecu<\/li>\n<li>Dru\u0161tvene igre u knji\u017enici \u2013 odr\u017eavanje natjecanja za jasenova\u010dke osnovno\u0161kolce za vrijeme \u0161kolskih praznika<\/li>\n<\/ul>\n<p>Svibanj\/Lipanj<\/p>\n<ul>\n<li>Aktivizam mladih: Akcija na terenu koju su osmislili srednjo\u0161kolci<\/li>\n<li>Rad s u\u010denicima srednjih \u0161kola u pripremi maturalnih radnji<\/li>\n<li>Priprema i javljanje na natje\u010daje Ministarstva kulture RH<\/li>\n<\/ul>\n<p>Srpanj\/Kolovoz<\/p>\n<ul>\n<li>Ljeto u knji\u017enici \u2013 radionice kreativnog stvarala\u0161tva za djecu i mlade<\/li>\n<li>Izlo\u017eba radova nastalih na ljetnim radionicama<\/li>\n<\/ul>\n<p>Rujan<\/p>\n<ul>\n<li>Pripreme za Mjesec hrvatske knjige (rezervacija knji\u017eevnika, izrada plakata, pozivnica, obavijesti medijima)<\/li>\n<li>Javljanje na natje\u010daje za projekte Zaklade za poticanje partnerstva<\/li>\n<\/ul>\n<p>Listopad\/Studeni<\/p>\n<ul>\n<li>Po\u010detak Mjeseca hrvatske knjige<\/li>\n<li>Predstavljanje knjiga i gostovanja knji\u017eevnika<\/li>\n<li>Posjete osnovno\u0161kolaca (O\u0160 Jasenovac i P\u0160 Puska)<\/li>\n<li>Kreativne radionice za djecu<\/li>\n<li>Izlo\u017eba u knji\u017enici s temom iz glavnog motiva Mjeseca hrvatske knjige<\/li>\n<\/ul>\n<p>Prosinac<\/p>\n<ul>\n<li>Kreativne radionice za djecu , mlade i odrasle<\/li>\n<li>Izlo\u017eba u knji\u017enici s bo\u017ei\u0107nom tematikom<\/li>\n<li>Inventura knji\u017eni\u010dnog fonda<\/li>\n<li>Igraonica za djecu pred\u0161kolske uzrasta organizirati \u0107e se jednom tjedno tokom cijele godine.<\/li>\n<\/ul>\n","protected":false},"excerpt":{"rendered":"<p>Sije\u010danj Zaklju\u010divanje inventurnih listi o knjigama i sredstvima te sastavljanje odluka o otpisima i kona\u010dnom broj\u010danom stanju opreme i knji\u017eni\u010dnog fonda. Priprema statisti\u010dkih izvje\u0161taja za Statisti\u010dki zavod RH Velja\u010da Priprema Izvje\u0161taja o radu za 2018. godinu za Mati\u010dnu slu\u017ebu za knji\u017enice i Op\u0107insko vije\u0107e Op\u0107ine Jasenovac Radionica za djecu povodom Valentinova O\u017eujak Obilje\u017eavanje me\u0111unarodnog dana [&hellip;]<\/p>\n","protected":false},"author":164,"featured_media":0,"parent":0,"menu_order":0,"comment_status":"closed","ping_status":"closed","template":"","meta":{"ngg_post_thumbnail":0},"yoast_head":"<!-- This site is optimized with the Yoast SEO plugin v16.4 - https:\/\/yoast.com\/wordpress\/plugins\/seo\/ -->\n<meta name=\"robots\" content=\"index, follow, max-snippet:-1, max-image-preview:large, max-video-preview:-1\" \/>\n<link rel=\"canonical\" href=\"http:\/\/knjiznice.nsk.hr\/jasenovac\/plan-aktivnosti-po-mjesecima\/\" \/>\n<meta property=\"og:locale\" content=\"hr_HR\" \/>\n<meta property=\"og:type\" content=\"article\" \/>\n<meta property=\"og:title\" content=\"Plan aktivnosti po mjesecima - Narodna knji\u017enica i \u010ditaonica Jasenovac\" \/>\n<meta property=\"og:description\" content=\"Sije\u010danj Zaklju\u010divanje inventurnih listi o knjigama i sredstvima te sastavljanje odluka o otpisima i kona\u010dnom broj\u010danom stanju opreme i knji\u017eni\u010dnog fonda. Priprema statisti\u010dkih izvje\u0161taja za Statisti\u010dki zavod RH Velja\u010da Priprema Izvje\u0161taja o radu za 2018. godinu za Mati\u010dnu slu\u017ebu za knji\u017enice i Op\u0107insko vije\u0107e Op\u0107ine Jasenovac Radionica za djecu povodom Valentinova O\u017eujak Obilje\u017eavanje me\u0111unarodnog dana [&hellip;]\" \/>\n<meta property=\"og:url\" content=\"http:\/\/knjiznice.nsk.hr\/jasenovac\/plan-aktivnosti-po-mjesecima\/\" \/>\n<meta property=\"og:site_name\" content=\"Narodna knji\u017enica i \u010ditaonica Jasenovac\" \/>\n<meta property=\"article:modified_time\" content=\"2018-12-09T12:15:13+00:00\" \/>\n<meta name=\"twitter:card\" content=\"summary_large_image\" \/>\n<meta name=\"twitter:label1\" content=\"Procijenjeno vrijeme \u010ditanja\" \/>\n\t<meta name=\"twitter:data1\" content=\"1 minuta\" \/>\n<script type=\"application\/ld+json\" class=\"yoast-schema-graph\">{\"@context\":\"https:\/\/schema.org\",\"@graph\":[{\"@type\":\"WebSite\",\"@id\":\"http:\/\/knjiznice.nsk.hr\/jasenovac\/#website\",\"url\":\"http:\/\/knjiznice.nsk.hr\/jasenovac\/\",\"name\":\"Narodna knji\\u017enica i \\u010ditaonica Jasenovac\",\"description\":\"\",\"potentialAction\":[{\"@type\":\"SearchAction\",\"target\":\"http:\/\/knjiznice.nsk.hr\/jasenovac\/?s={search_term_string}\",\"query-input\":\"required name=search_term_string\"}],\"inLanguage\":\"hr\"},{\"@type\":\"WebPage\",\"@id\":\"http:\/\/knjiznice.nsk.hr\/jasenovac\/plan-aktivnosti-po-mjesecima\/#webpage\",\"url\":\"http:\/\/knjiznice.nsk.hr\/jasenovac\/plan-aktivnosti-po-mjesecima\/\",\"name\":\"Plan aktivnosti po mjesecima - Narodna knji\\u017enica i \\u010ditaonica Jasenovac\",\"isPartOf\":{\"@id\":\"http:\/\/knjiznice.nsk.hr\/jasenovac\/#website\"},\"datePublished\":\"2018-12-09T12:07:26+00:00\",\"dateModified\":\"2018-12-09T12:15:13+00:00\",\"breadcrumb\":{\"@id\":\"http:\/\/knjiznice.nsk.hr\/jasenovac\/plan-aktivnosti-po-mjesecima\/#breadcrumb\"},\"inLanguage\":\"hr\",\"potentialAction\":[{\"@type\":\"ReadAction\",\"target\":[\"http:\/\/knjiznice.nsk.hr\/jasenovac\/plan-aktivnosti-po-mjesecima\/\"]}]},{\"@type\":\"BreadcrumbList\",\"@id\":\"http:\/\/knjiznice.nsk.hr\/jasenovac\/plan-aktivnosti-po-mjesecima\/#breadcrumb\",\"itemListElement\":[{\"@type\":\"ListItem\",\"position\":1,\"item\":{\"@type\":\"WebPage\",\"@id\":\"http:\/\/knjiznice.nsk.hr\/jasenovac\/\",\"url\":\"http:\/\/knjiznice.nsk.hr\/jasenovac\/\",\"name\":\"Po\\u010detna stranica\"}},{\"@type\":\"ListItem\",\"position\":2,\"item\":{\"@id\":\"http:\/\/knjiznice.nsk.hr\/jasenovac\/plan-aktivnosti-po-mjesecima\/#webpage\"}}]}]}<\/script>\n<!-- \/ Yoast SEO plugin. -->","_links":{"self":[{"href":"http:\/\/knjiznice.nsk.hr\/jasenovac\/wp-json\/wp\/v2\/pages\/20"}],"collection":[{"href":"http:\/\/knjiznice.nsk.hr\/jasenovac\/wp-json\/wp\/v2\/pages"}],"about":[{"href":"http:\/\/knjiznice.nsk.hr\/jasenovac\/wp-json\/wp\/v2\/types\/page"}],"author":[{"embeddable":true,"href":"http:\/\/knjiznice.nsk.hr\/jasenovac\/wp-json\/wp\/v2\/users\/164"}],"replies":[{"embeddable":true,"href":"http:\/\/knjiznice.nsk.hr\/jasenovac\/wp-json\/wp\/v2\/comments?post=20"}],"version-history":[{"count":1,"href":"http:\/\/knjiznice.nsk.hr\/jasenovac\/wp-json\/wp\/v2\/pages\/20\/revisions"}],"predecessor-version":[{"id":21,"href":"http:\/\/knjiznice.nsk.hr\/jasenovac\/wp-json\/wp\/v2\/pages\/20\/revisions\/21"}],"wp:attachment":[{"href":"http:\/\/knjiznice.nsk.hr\/jasenovac\/wp-json\/wp\/v2\/media?parent=20"}],"curies":[{"name":"wp","href":"https:\/\/api.w.org\/{rel}","templated":true}]}}