{"id":18,"date":"2018-12-09T13:02:06","date_gmt":"2018-12-09T12:02:06","guid":{"rendered":"http:\/\/knjiznice.nsk.hr\/jasenovac\/?page_id=18"},"modified":"2021-02-11T09:34:23","modified_gmt":"2021-02-11T08:34:23","slug":"program-rada-u-2018","status":"publish","type":"page","link":"http:\/\/knjiznice.nsk.hr\/jasenovac\/program-rada-u-2018\/","title":{"rendered":"Program rada u 2021."},"content":{"rendered":"<p>Poslovi koji se u knji\u017enici kontinuirano obavljaju mogu se podijeliti u tri osnovne kategorije: stru\u010dni, kulturni i javni te stru\u010dno usavr\u0161avanje djelatnika.<\/p>\n<p>Stru\u010dni poslovi:<\/p>\n<ul>\n<li>priprema fonda (prikupljanje i analiza zahtjeva korisnika, izbor gra\u0111e, plan nabave, nabava knji\u017eni\u010dne gra\u0111e, organizacija fonda, pro\u010di\u0161\u0107avanje i izlu\u010divanje, revizija i otpis, procjenjivanje fonda)<\/li>\n<li>obrada knji\u017eni\u010dne gra\u0111e (bibliografska obrada, sadr\u017eajna analiza za potrebe klasifikacije, predmetna obrada, izrada anotacija i sa\u017eetaka, izgradnja online kataloga)<\/li>\n<li>informacijska djelatnost (referentna zbirka, retrospektivna pretra\u017eivanja)<\/li>\n<li>vo\u0111enje dnevne statistike o broju posjeta knji\u017enici, broju i vrsti posu\u0111enih knjiga<\/li>\n<li>izrada godi\u0161njeg plana i programa knji\u017enice te polugodi\u0161njeg i godi\u0161njeg izvje\u0161\u0107a<\/li>\n<li>prikupljanje i obrada informacija, te prijava na natje\u010daje iz aspekta kulture<\/li>\n<\/ul>\n<p>Kulturna i javna djelatnost<\/p>\n<ul>\n<li>usmjerena je na predstavljanje knji\u017enice \u0161iroj zajednici kroz sudjelovanje u osmi\u0161ljavanju i izradi promid\u017ebenog materijala, povezivanje s organizacijama i udrugama, uklju\u010divanje u aktivnosti vezane uz kulturnu djelatnost Op\u0107ine Jasenovac te organiziranje predavanja, izlo\u017ebi, knji\u017eevnih susreta, literarnih natje\u010daja i drugih kulturnih manifestacija.<\/li>\n<li>Tijekom godine knji\u017enica \u0107e ugostiti dva knji\u017eevnika te tri predava\u010da koji \u0107e govoriti o popularno-znanstvenim temama za koje gra\u0111ani poka\u017eu interes poput zdrave prehrane, medicine, osobnog razvoja ili sl.<\/li>\n<li>Suradnja sa \u0161kolom u smislu edukacije u\u010denika i djece na samostalno kori\u0161tenje knji\u017enice i podu\u010davanje o vrijednosti pisane rije\u010di.<\/li>\n<\/ul>\n<p>Usavr\u0161avanje djelatnika<\/p>\n<ul>\n<li>usavr\u0161avanje djelatnika nadopunom znanja i odlascima na stru\u010dne skupove i seminare, te primjena novoste\u010denih znanja na svakodnevni rad knji\u017enice<\/li>\n<\/ul>\n<p>&nbsp;<\/p>\n","protected":false},"excerpt":{"rendered":"<p>Poslovi koji se u knji\u017enici kontinuirano obavljaju mogu se podijeliti u tri osnovne kategorije: stru\u010dni, kulturni i javni te stru\u010dno usavr\u0161avanje djelatnika. Stru\u010dni poslovi: priprema fonda (prikupljanje i analiza zahtjeva korisnika, izbor gra\u0111e, plan nabave, nabava knji\u017eni\u010dne gra\u0111e, organizacija fonda, pro\u010di\u0161\u0107avanje i izlu\u010divanje, revizija i otpis, procjenjivanje fonda) obrada knji\u017eni\u010dne gra\u0111e (bibliografska obrada, sadr\u017eajna analiza [&hellip;]<\/p>\n","protected":false},"author":164,"featured_media":0,"parent":0,"menu_order":0,"comment_status":"closed","ping_status":"closed","template":"","meta":{"ngg_post_thumbnail":0},"yoast_head":"<!-- This site is optimized with the Yoast SEO plugin v16.4 - https:\/\/yoast.com\/wordpress\/plugins\/seo\/ -->\n<meta name=\"robots\" content=\"index, follow, max-snippet:-1, max-image-preview:large, max-video-preview:-1\" \/>\n<link rel=\"canonical\" href=\"http:\/\/knjiznice.nsk.hr\/jasenovac\/program-rada-u-2018\/\" \/>\n<meta property=\"og:locale\" content=\"hr_HR\" \/>\n<meta property=\"og:type\" content=\"article\" \/>\n<meta property=\"og:title\" content=\"Program rada u 2021. - Narodna knji\u017enica i \u010ditaonica Jasenovac\" \/>\n<meta property=\"og:description\" content=\"Poslovi koji se u knji\u017enici kontinuirano obavljaju mogu se podijeliti u tri osnovne kategorije: stru\u010dni, kulturni i javni te stru\u010dno usavr\u0161avanje djelatnika. Stru\u010dni poslovi: priprema fonda (prikupljanje i analiza zahtjeva korisnika, izbor gra\u0111e, plan nabave, nabava knji\u017eni\u010dne gra\u0111e, organizacija fonda, pro\u010di\u0161\u0107avanje i izlu\u010divanje, revizija i otpis, procjenjivanje fonda) obrada knji\u017eni\u010dne gra\u0111e (bibliografska obrada, sadr\u017eajna analiza [&hellip;]\" \/>\n<meta property=\"og:url\" content=\"http:\/\/knjiznice.nsk.hr\/jasenovac\/program-rada-u-2018\/\" \/>\n<meta property=\"og:site_name\" content=\"Narodna knji\u017enica i \u010ditaonica Jasenovac\" \/>\n<meta property=\"article:modified_time\" content=\"2021-02-11T08:34:23+00:00\" \/>\n<meta name=\"twitter:card\" content=\"summary_large_image\" \/>\n<meta name=\"twitter:label1\" content=\"Procijenjeno vrijeme \u010ditanja\" \/>\n\t<meta name=\"twitter:data1\" content=\"1 minuta\" \/>\n<script type=\"application\/ld+json\" class=\"yoast-schema-graph\">{\"@context\":\"https:\/\/schema.org\",\"@graph\":[{\"@type\":\"WebSite\",\"@id\":\"http:\/\/knjiznice.nsk.hr\/jasenovac\/#website\",\"url\":\"http:\/\/knjiznice.nsk.hr\/jasenovac\/\",\"name\":\"Narodna knji\\u017enica i \\u010ditaonica Jasenovac\",\"description\":\"\",\"potentialAction\":[{\"@type\":\"SearchAction\",\"target\":\"http:\/\/knjiznice.nsk.hr\/jasenovac\/?s={search_term_string}\",\"query-input\":\"required name=search_term_string\"}],\"inLanguage\":\"hr\"},{\"@type\":\"WebPage\",\"@id\":\"http:\/\/knjiznice.nsk.hr\/jasenovac\/program-rada-u-2018\/#webpage\",\"url\":\"http:\/\/knjiznice.nsk.hr\/jasenovac\/program-rada-u-2018\/\",\"name\":\"Program rada u 2021. - Narodna knji\\u017enica i \\u010ditaonica Jasenovac\",\"isPartOf\":{\"@id\":\"http:\/\/knjiznice.nsk.hr\/jasenovac\/#website\"},\"datePublished\":\"2018-12-09T12:02:06+00:00\",\"dateModified\":\"2021-02-11T08:34:23+00:00\",\"breadcrumb\":{\"@id\":\"http:\/\/knjiznice.nsk.hr\/jasenovac\/program-rada-u-2018\/#breadcrumb\"},\"inLanguage\":\"hr\",\"potentialAction\":[{\"@type\":\"ReadAction\",\"target\":[\"http:\/\/knjiznice.nsk.hr\/jasenovac\/program-rada-u-2018\/\"]}]},{\"@type\":\"BreadcrumbList\",\"@id\":\"http:\/\/knjiznice.nsk.hr\/jasenovac\/program-rada-u-2018\/#breadcrumb\",\"itemListElement\":[{\"@type\":\"ListItem\",\"position\":1,\"item\":{\"@type\":\"WebPage\",\"@id\":\"http:\/\/knjiznice.nsk.hr\/jasenovac\/\",\"url\":\"http:\/\/knjiznice.nsk.hr\/jasenovac\/\",\"name\":\"Po\\u010detna stranica\"}},{\"@type\":\"ListItem\",\"position\":2,\"item\":{\"@id\":\"http:\/\/knjiznice.nsk.hr\/jasenovac\/program-rada-u-2018\/#webpage\"}}]}]}<\/script>\n<!-- \/ Yoast SEO plugin. -->","_links":{"self":[{"href":"http:\/\/knjiznice.nsk.hr\/jasenovac\/wp-json\/wp\/v2\/pages\/18"}],"collection":[{"href":"http:\/\/knjiznice.nsk.hr\/jasenovac\/wp-json\/wp\/v2\/pages"}],"about":[{"href":"http:\/\/knjiznice.nsk.hr\/jasenovac\/wp-json\/wp\/v2\/types\/page"}],"author":[{"embeddable":true,"href":"http:\/\/knjiznice.nsk.hr\/jasenovac\/wp-json\/wp\/v2\/users\/164"}],"replies":[{"embeddable":true,"href":"http:\/\/knjiznice.nsk.hr\/jasenovac\/wp-json\/wp\/v2\/comments?post=18"}],"version-history":[{"count":6,"href":"http:\/\/knjiznice.nsk.hr\/jasenovac\/wp-json\/wp\/v2\/pages\/18\/revisions"}],"predecessor-version":[{"id":353,"href":"http:\/\/knjiznice.nsk.hr\/jasenovac\/wp-json\/wp\/v2\/pages\/18\/revisions\/353"}],"wp:attachment":[{"href":"http:\/\/knjiznice.nsk.hr\/jasenovac\/wp-json\/wp\/v2\/media?parent=18"}],"curies":[{"name":"wp","href":"https:\/\/api.w.org\/{rel}","templated":true}]}}