{"id":102,"date":"2020-09-22T09:38:08","date_gmt":"2020-09-22T07:38:08","guid":{"rendered":"http:\/\/knjiznice.nsk.hr\/jasenovac\/?page_id=102"},"modified":"2020-09-22T10:04:07","modified_gmt":"2020-09-22T08:04:07","slug":"dokumenti","status":"publish","type":"page","link":"http:\/\/knjiznice.nsk.hr\/jasenovac\/dokumenti\/","title":{"rendered":"Dokumenti"},"content":{"rendered":"<p><a href=\"http:\/\/knjiznice.nsk.hr\/jasenovac\/wp-content\/uploads\/sites\/105\/2020\/09\/Izjava-o-pristupacnosti-NKC-Jasenovac.pdf\">Izjava o pristupa\u010dnosti &#8211; NK\u010c Jasenovac<\/a><\/p>\n<p><a href=\"http:\/\/knjiznice.nsk.hr\/jasenovac\/wp-content\/uploads\/sites\/105\/2020\/09\/IZVJESCE-O-RADU-I-POSLOVANJU-KNJIZNICE-2018..pdf\">IZVJE\u0160\u0106E O RADU I POSLOVANJU KNJI\u017dNICE 2018.<\/a><\/p>\n<p><a href=\"http:\/\/knjiznice.nsk.hr\/jasenovac\/wp-content\/uploads\/sites\/105\/2020\/09\/IZVJESCE-O-RADU-I-POSLOVANJU-KNJIZNICE-2019..pdf\">IZVJE\u0160\u0106E O RADU I POSLOVANJU KNJI\u017dNICE 2019.<\/a><\/p>\n<p><a href=\"http:\/\/knjiznice.nsk.hr\/jasenovac\/wp-content\/uploads\/sites\/105\/2020\/09\/Plan-i-programa-rada-NKC-Jasenovac-za-2019.-godinu.pdf\">Plan i programa rada NK\u010c Jasenovac za 2019. godinu<\/a><\/p>\n<p><a href=\"http:\/\/knjiznice.nsk.hr\/jasenovac\/wp-content\/uploads\/sites\/105\/2020\/09\/Statut-Narodne-knjiznice-i-citaonice-Jasenovac.pdf\">Statut Narodne knji\u017enice i \u010ditaonice Jasenovac<\/a><\/p>\n<p><a href=\"http:\/\/knjiznice.nsk.hr\/jasenovac\/wp-content\/uploads\/sites\/105\/2020\/09\/Zakon-o-knjiznicama-i-knjiznicnoj-djelatnosti-2019.pdf\">Zakon o knjiznicama i knjiznicnoj djelatnosti 2019<\/a><\/p>\n<p><a href=\"http:\/\/knjiznice.nsk.hr\/jasenovac\/wp-content\/uploads\/sites\/105\/2020\/09\/Pravilnik-o-zastiti-osobnih-podataka.pdf\">Pravilnik o za\u0161titi osobnih podataka<\/a><\/p>\n<p><a href=\"http:\/\/knjiznice.nsk.hr\/jasenovac\/wp-content\/uploads\/sites\/105\/2020\/09\/Pravilnik-o-ustrojstvu.pdf\">Pravilnik o ustrojstvu<\/a><\/p>\n<p><a href=\"http:\/\/knjiznice.nsk.hr\/jasenovac\/wp-content\/uploads\/sites\/105\/2020\/09\/IZVJESCE-O-RADU-I-POSLOVANJU-KNJIZNICE-2017..pdf\">IZVJE\u0160\u0106E O RADU I POSLOVANJU KNJI\u017dNICE 2017.<\/a><\/p>\n<p><a href=\"http:\/\/knjiznice.nsk.hr\/jasenovac\/wp-content\/uploads\/sites\/105\/2020\/09\/Pravilnik-o-zastiti-osobnih-podataka.pdf\">Pravilnik o za\u0161titi osobnih podataka<\/a><\/p>\n","protected":false},"excerpt":{"rendered":"<p>Izjava o pristupa\u010dnosti &#8211; NK\u010c Jasenovac IZVJE\u0160\u0106E O RADU I POSLOVANJU KNJI\u017dNICE 2018. IZVJE\u0160\u0106E O RADU I POSLOVANJU KNJI\u017dNICE 2019. Plan i programa rada NK\u010c Jasenovac za 2019. godinu Statut Narodne knji\u017enice i \u010ditaonice Jasenovac Zakon o knjiznicama i knjiznicnoj djelatnosti 2019 Pravilnik o za\u0161titi osobnih podataka Pravilnik o ustrojstvu IZVJE\u0160\u0106E O RADU I POSLOVANJU [&hellip;]<\/p>\n","protected":false},"author":164,"featured_media":0,"parent":0,"menu_order":0,"comment_status":"closed","ping_status":"closed","template":"","meta":{"ngg_post_thumbnail":0},"yoast_head":"<!-- This site is optimized with the Yoast SEO plugin v16.4 - https:\/\/yoast.com\/wordpress\/plugins\/seo\/ -->\n<meta name=\"robots\" content=\"index, follow, max-snippet:-1, max-image-preview:large, max-video-preview:-1\" \/>\n<link rel=\"canonical\" href=\"http:\/\/knjiznice.nsk.hr\/jasenovac\/dokumenti\/\" \/>\n<meta property=\"og:locale\" content=\"hr_HR\" \/>\n<meta property=\"og:type\" content=\"article\" \/>\n<meta property=\"og:title\" content=\"Dokumenti - Narodna knji\u017enica i \u010ditaonica Jasenovac\" \/>\n<meta property=\"og:description\" content=\"Izjava o pristupa\u010dnosti &#8211; NK\u010c Jasenovac IZVJE\u0160\u0106E O RADU I POSLOVANJU KNJI\u017dNICE 2018. IZVJE\u0160\u0106E O RADU I POSLOVANJU KNJI\u017dNICE 2019. Plan i programa rada NK\u010c Jasenovac za 2019. godinu Statut Narodne knji\u017enice i \u010ditaonice Jasenovac Zakon o knjiznicama i knjiznicnoj djelatnosti 2019 Pravilnik o za\u0161titi osobnih podataka Pravilnik o ustrojstvu IZVJE\u0160\u0106E O RADU I POSLOVANJU [&hellip;]\" \/>\n<meta property=\"og:url\" content=\"http:\/\/knjiznice.nsk.hr\/jasenovac\/dokumenti\/\" \/>\n<meta property=\"og:site_name\" content=\"Narodna knji\u017enica i \u010ditaonica Jasenovac\" \/>\n<meta property=\"article:modified_time\" content=\"2020-09-22T08:04:07+00:00\" \/>\n<meta name=\"twitter:card\" content=\"summary_large_image\" \/>\n<script type=\"application\/ld+json\" class=\"yoast-schema-graph\">{\"@context\":\"https:\/\/schema.org\",\"@graph\":[{\"@type\":\"WebSite\",\"@id\":\"http:\/\/knjiznice.nsk.hr\/jasenovac\/#website\",\"url\":\"http:\/\/knjiznice.nsk.hr\/jasenovac\/\",\"name\":\"Narodna knji\\u017enica i \\u010ditaonica Jasenovac\",\"description\":\"\",\"potentialAction\":[{\"@type\":\"SearchAction\",\"target\":\"http:\/\/knjiznice.nsk.hr\/jasenovac\/?s={search_term_string}\",\"query-input\":\"required name=search_term_string\"}],\"inLanguage\":\"hr\"},{\"@type\":\"WebPage\",\"@id\":\"http:\/\/knjiznice.nsk.hr\/jasenovac\/dokumenti\/#webpage\",\"url\":\"http:\/\/knjiznice.nsk.hr\/jasenovac\/dokumenti\/\",\"name\":\"Dokumenti - Narodna knji\\u017enica i \\u010ditaonica Jasenovac\",\"isPartOf\":{\"@id\":\"http:\/\/knjiznice.nsk.hr\/jasenovac\/#website\"},\"datePublished\":\"2020-09-22T07:38:08+00:00\",\"dateModified\":\"2020-09-22T08:04:07+00:00\",\"breadcrumb\":{\"@id\":\"http:\/\/knjiznice.nsk.hr\/jasenovac\/dokumenti\/#breadcrumb\"},\"inLanguage\":\"hr\",\"potentialAction\":[{\"@type\":\"ReadAction\",\"target\":[\"http:\/\/knjiznice.nsk.hr\/jasenovac\/dokumenti\/\"]}]},{\"@type\":\"BreadcrumbList\",\"@id\":\"http:\/\/knjiznice.nsk.hr\/jasenovac\/dokumenti\/#breadcrumb\",\"itemListElement\":[{\"@type\":\"ListItem\",\"position\":1,\"item\":{\"@type\":\"WebPage\",\"@id\":\"http:\/\/knjiznice.nsk.hr\/jasenovac\/\",\"url\":\"http:\/\/knjiznice.nsk.hr\/jasenovac\/\",\"name\":\"Po\\u010detna stranica\"}},{\"@type\":\"ListItem\",\"position\":2,\"item\":{\"@id\":\"http:\/\/knjiznice.nsk.hr\/jasenovac\/dokumenti\/#webpage\"}}]}]}<\/script>\n<!-- \/ Yoast SEO plugin. -->","_links":{"self":[{"href":"http:\/\/knjiznice.nsk.hr\/jasenovac\/wp-json\/wp\/v2\/pages\/102"}],"collection":[{"href":"http:\/\/knjiznice.nsk.hr\/jasenovac\/wp-json\/wp\/v2\/pages"}],"about":[{"href":"http:\/\/knjiznice.nsk.hr\/jasenovac\/wp-json\/wp\/v2\/types\/page"}],"author":[{"embeddable":true,"href":"http:\/\/knjiznice.nsk.hr\/jasenovac\/wp-json\/wp\/v2\/users\/164"}],"replies":[{"embeddable":true,"href":"http:\/\/knjiznice.nsk.hr\/jasenovac\/wp-json\/wp\/v2\/comments?post=102"}],"version-history":[{"count":7,"href":"http:\/\/knjiznice.nsk.hr\/jasenovac\/wp-json\/wp\/v2\/pages\/102\/revisions"}],"predecessor-version":[{"id":129,"href":"http:\/\/knjiznice.nsk.hr\/jasenovac\/wp-json\/wp\/v2\/pages\/102\/revisions\/129"}],"wp:attachment":[{"href":"http:\/\/knjiznice.nsk.hr\/jasenovac\/wp-json\/wp\/v2\/media?parent=102"}],"curies":[{"name":"wp","href":"https:\/\/api.w.org\/{rel}","templated":true}]}}