{"id":74,"date":"2019-01-17T13:08:05","date_gmt":"2019-01-17T12:08:05","guid":{"rendered":"http:\/\/knjiznice.nsk.hr\/hrvatskiskup\/?page_id=74"},"modified":"2022-03-16T14:45:24","modified_gmt":"2022-03-16T13:45:24","slug":"pristup-informacijama","status":"publish","type":"page","link":"http:\/\/knjiznice.nsk.hr\/hrvatskiskup\/pristup-informacijama\/","title":{"rendered":"Pristup informacijama"},"content":{"rendered":"<p><a href=\"http:\/\/knjiznice.nsk.hr\/hrvatskiskup\/wp-content\/uploads\/sites\/104\/2022\/03\/plan-rada-2022..pdf\">plan rada, 2022.<\/a><\/p>\n<p><a href=\"http:\/\/knjiznice.nsk.hr\/hrvatskiskup\/wp-content\/uploads\/sites\/104\/2022\/03\/izvjestaj-o-radu-2021..pdf\">izvje\u0161taj o radu, 2021.<\/a><\/p>\n<p><a href=\"http:\/\/knjiznice.nsk.hr\/hrvatskiskup\/wp-content\/uploads\/sites\/104\/2022\/01\/Godisnje_izvjesce.pdf\">Godisnje_izvjesce<\/a><\/p>\n<p><a href=\"http:\/\/knjiznice.nsk.hr\/hrvatskiskup\/wp-content\/uploads\/sites\/104\/2021\/03\/Plan-rada-za-2021..pdf\">Plan rada za 2021.<\/a><\/p>\n<p><a href=\"http:\/\/knjiznice.nsk.hr\/hrvatskiskup\/wp-content\/uploads\/sites\/104\/2021\/03\/Izvjesce-o-radu-2020..pdf\">Izvje\u0161\u0107e o radu 2020.<\/a><\/p>\n<p><a href=\"http:\/\/knjiznice.nsk.hr\/hrvatskiskup\/wp-content\/uploads\/sites\/104\/2020\/03\/plan-2020..docx\">Plan rada za 2020.<\/a><\/p>\n<p><a href=\"http:\/\/knjiznice.nsk.hr\/hrvatskiskup\/wp-content\/uploads\/sites\/104\/2020\/03\/Izvjes\u030ctaj-o-radu-u-2019..docx\">Izvje\u0161\u0107e o radu 2019.<\/a><\/p>\n<p><a href=\"http:\/\/knjiznice.nsk.hr\/hrvatskiskup\/wp-content\/uploads\/sites\/104\/2019\/02\/plan-2019..pdf\">Plan rada za 2019.<\/a><\/p>\n<p><a href=\"http:\/\/knjiznice.nsk.hr\/hrvatskiskup\/wp-content\/uploads\/sites\/104\/2019\/02\/izvjes\u030cc\u0301e-o-radu-2018..pdf\">Izvjes\u030cc\u0301e o radu u 2018.<\/a><\/p>\n<p><a href=\"http:\/\/knjiznice.nsk.hr\/hrvatskiskup\/wp-content\/uploads\/sites\/104\/2021\/02\/Godisnje_izvjesce.pdf\">Godisnje_izvjesce 2020<\/a><\/p>\n<p><a href=\"http:\/\/knjiznice.nsk.hr\/hrvatskiskup\/wp-content\/uploads\/sites\/104\/2019\/01\/Godisnje_izvjesce.pdf\">Godisnje_izvjesce <\/a>2018.<\/p>\n<p><a href=\"http:\/\/knjiznice.nsk.hr\/hrvatskiskup\/wp-content\/uploads\/sites\/104\/2020\/01\/Godisnje_izvjesce.pdf\">Godi\u0161nje izvje\u0161\u0107e 2019.<\/a><\/p>\n","protected":false},"excerpt":{"rendered":"<p>plan rada, 2022. izvje\u0161taj o radu, 2021. Godisnje_izvjesce Plan rada za 2021. Izvje\u0161\u0107e o radu 2020. Plan rada za 2020. Izvje\u0161\u0107e o radu 2019. Plan rada za 2019. Izvjes\u030cc\u0301e o radu u 2018. Godisnje_izvjesce 2020 Godisnje_izvjesce 2018. Godi\u0161nje izvje\u0161\u0107e 2019.<\/p>\n","protected":false},"author":155,"featured_media":0,"parent":0,"menu_order":0,"comment_status":"closed","ping_status":"closed","template":"","meta":{"ngg_post_thumbnail":0},"yoast_head":"<!-- This site is optimized with the Yoast SEO plugin v16.4 - https:\/\/yoast.com\/wordpress\/plugins\/seo\/ -->\n<meta name=\"robots\" content=\"index, follow, max-snippet:-1, max-image-preview:large, max-video-preview:-1\" \/>\n<link rel=\"canonical\" href=\"http:\/\/knjiznice.nsk.hr\/hrvatskiskup\/pristup-informacijama\/\" \/>\n<meta property=\"og:locale\" content=\"hr_HR\" \/>\n<meta property=\"og:type\" content=\"article\" \/>\n<meta property=\"og:title\" content=\"Pristup informacijama - Narodna knji\u017enica &quot;Hrvatski skup&quot;\" \/>\n<meta property=\"og:description\" content=\"plan rada, 2022. izvje\u0161taj o radu, 2021. Godisnje_izvjesce Plan rada za 2021. Izvje\u0161\u0107e o radu 2020. Plan rada za 2020. Izvje\u0161\u0107e o radu 2019. Plan rada za 2019. Izvjes\u030cc\u0301e o radu u 2018. Godisnje_izvjesce 2020 Godisnje_izvjesce 2018. Godi\u0161nje izvje\u0161\u0107e 2019.\" \/>\n<meta property=\"og:url\" content=\"http:\/\/knjiznice.nsk.hr\/hrvatskiskup\/pristup-informacijama\/\" \/>\n<meta property=\"og:site_name\" content=\"Narodna knji\u017enica &quot;Hrvatski skup&quot;\" \/>\n<meta property=\"article:publisher\" content=\"http:\/\/knjiznica.pucisca@gmail.com\" \/>\n<meta property=\"article:modified_time\" content=\"2022-03-16T13:45:24+00:00\" \/>\n<meta name=\"twitter:card\" content=\"summary_large_image\" \/>\n<meta name=\"twitter:label1\" content=\"Procijenjeno vrijeme \u010ditanja\" \/>\n\t<meta name=\"twitter:data1\" content=\"1 minuta\" \/>\n<script type=\"application\/ld+json\" class=\"yoast-schema-graph\">{\"@context\":\"https:\/\/schema.org\",\"@graph\":[{\"@type\":\"WebSite\",\"@id\":\"http:\/\/knjiznice.nsk.hr\/hrvatskiskup\/#website\",\"url\":\"http:\/\/knjiznice.nsk.hr\/hrvatskiskup\/\",\"name\":\"Narodna knji\\u017enica &quot;Hrvatski skup&quot;\",\"description\":\"\\u010cESTA KAPLJA KAMEN DUBE\",\"potentialAction\":[{\"@type\":\"SearchAction\",\"target\":\"http:\/\/knjiznice.nsk.hr\/hrvatskiskup\/?s={search_term_string}\",\"query-input\":\"required name=search_term_string\"}],\"inLanguage\":\"hr\"},{\"@type\":\"WebPage\",\"@id\":\"http:\/\/knjiznice.nsk.hr\/hrvatskiskup\/pristup-informacijama\/#webpage\",\"url\":\"http:\/\/knjiznice.nsk.hr\/hrvatskiskup\/pristup-informacijama\/\",\"name\":\"Pristup informacijama - Narodna knji\\u017enica &quot;Hrvatski skup&quot;\",\"isPartOf\":{\"@id\":\"http:\/\/knjiznice.nsk.hr\/hrvatskiskup\/#website\"},\"datePublished\":\"2019-01-17T12:08:05+00:00\",\"dateModified\":\"2022-03-16T13:45:24+00:00\",\"breadcrumb\":{\"@id\":\"http:\/\/knjiznice.nsk.hr\/hrvatskiskup\/pristup-informacijama\/#breadcrumb\"},\"inLanguage\":\"hr\",\"potentialAction\":[{\"@type\":\"ReadAction\",\"target\":[\"http:\/\/knjiznice.nsk.hr\/hrvatskiskup\/pristup-informacijama\/\"]}]},{\"@type\":\"BreadcrumbList\",\"@id\":\"http:\/\/knjiznice.nsk.hr\/hrvatskiskup\/pristup-informacijama\/#breadcrumb\",\"itemListElement\":[{\"@type\":\"ListItem\",\"position\":1,\"item\":{\"@type\":\"WebPage\",\"@id\":\"http:\/\/knjiznice.nsk.hr\/hrvatskiskup\/\",\"url\":\"http:\/\/knjiznice.nsk.hr\/hrvatskiskup\/\",\"name\":\"Po\\u010detna stranica\"}},{\"@type\":\"ListItem\",\"position\":2,\"item\":{\"@id\":\"http:\/\/knjiznice.nsk.hr\/hrvatskiskup\/pristup-informacijama\/#webpage\"}}]}]}<\/script>\n<!-- \/ Yoast SEO plugin. -->","_links":{"self":[{"href":"http:\/\/knjiznice.nsk.hr\/hrvatskiskup\/wp-json\/wp\/v2\/pages\/74"}],"collection":[{"href":"http:\/\/knjiznice.nsk.hr\/hrvatskiskup\/wp-json\/wp\/v2\/pages"}],"about":[{"href":"http:\/\/knjiznice.nsk.hr\/hrvatskiskup\/wp-json\/wp\/v2\/types\/page"}],"author":[{"embeddable":true,"href":"http:\/\/knjiznice.nsk.hr\/hrvatskiskup\/wp-json\/wp\/v2\/users\/155"}],"replies":[{"embeddable":true,"href":"http:\/\/knjiznice.nsk.hr\/hrvatskiskup\/wp-json\/wp\/v2\/comments?post=74"}],"version-history":[{"count":15,"href":"http:\/\/knjiznice.nsk.hr\/hrvatskiskup\/wp-json\/wp\/v2\/pages\/74\/revisions"}],"predecessor-version":[{"id":464,"href":"http:\/\/knjiznice.nsk.hr\/hrvatskiskup\/wp-json\/wp\/v2\/pages\/74\/revisions\/464"}],"wp:attachment":[{"href":"http:\/\/knjiznice.nsk.hr\/hrvatskiskup\/wp-json\/wp\/v2\/media?parent=74"}],"curies":[{"name":"wp","href":"https:\/\/api.w.org\/{rel}","templated":true}]}}