{"id":41,"date":"2018-12-09T14:20:52","date_gmt":"2018-12-09T13:20:52","guid":{"rendered":"http:\/\/knjiznice.nsk.hr\/hrvatskiskup\/?page_id=41"},"modified":"2026-01-28T17:01:06","modified_gmt":"2026-01-28T16:01:06","slug":"uvjetii-koristenja-knjizne-grade","status":"publish","type":"page","link":"http:\/\/knjiznice.nsk.hr\/hrvatskiskup\/uvjetii-koristenja-knjizne-grade\/","title":{"rendered":"Uvjeti kori\u0161tenja knji\u017ene gra\u0111e"},"content":{"rendered":"<p>UVJETI I NA\u010cIN KORI\u0160TENJA KNJI\u017dNE GRA\u0110E I USLUGA<\/p>\n<ul>\n<li>\u010clan Knji\u017enice postaje se u\u010dlanjenjem i pla\u0107anjem \u010dlanarine u iznosima kako slijedi:<\/li>\n<\/ul>\n<p>&#8211; za u\u010denike, studente, nezaposlene&nbsp; i umirovljenike \u2013 7 eura<\/p>\n<p>&#8211; za zaposlene &#8211; 14 eura<\/p>\n<ul>\n<li>Osobe koje privremeno borave u mjestu (turisti, vikenda\u0161i, sezonski radnici i sl.) mogu se u\u010dlaniti u Knji\u017enicu na rok od mjesec dana ili tri mjeseca, uz pla\u0107anje \u010dlanarine u iznosima kako slijedi:<\/li>\n<\/ul>\n<p>&#8211; za vrijeme do mjesec dana \u2013 3 eura<\/p>\n<p>&#8211; za vrijeme do tri mjeseca \u2013&nbsp;&nbsp; 5 eura.<\/p>\n<ul>\n<li>Pravo na besplatno u\u010dlanjenje:<\/li>\n<\/ul>\n<p>&#8211; tre\u0107i \u010dlan obitelji uz uvjet da su dva \u010dlana obitelji ve\u0107 \u010dlanovi Knji\u017enice<\/p>\n<p>&#8211; dva &#8220;mlada knji\u017eni\u010dara&#8221;<\/p>\n<p>&#8211; polaznici prvog razreda Osnovne \u0161kole Pu\u010di\u0161\u0107a u mjesecu knjige (mjesec listopad).<\/p>\n<ul>\n<li>Va\u0161a \u010dlanarina vrijedi 365 dana.<\/li>\n<li>\u010clan Knji\u017enice mo\u017ee odjednom posuditi najvi\u0161e 3 knjige.<\/li>\n<li>Knjige se posu\u0111uju na rok od 20 dana. Nakon isteka ovog roka pla\u0107a se zakasnina u iznosu od 0,30 kuna po knjizi i po danu.&nbsp;<\/li>\n<li>Svim posu\u0111enim knjigama mo\u017ee se produ\u017eiti rok posudbe, osim knjiga za koje postoji&nbsp; posebno zanimanje ili su u naslovu u\u010deni\u010dke lektire.<\/li>\n<li>Ne posu\u0111uju se knjige izvan prostorija knji\u017enice iz za\u0161ti\u0107enog fonda, zavi\u010dajne zbirke i referentne zbirke.<\/li>\n<li>Molimo Vas \u010duvajte knjige od o\u0161te\u0107enja i vra\u0107ajte ih na vrijeme.<\/li>\n<li>Korisnik je odgovoran za posu\u0111ene knjige.<\/li>\n<li>Ako je knjiga o\u0161te\u0107ena toliko da se ne mo\u017ee vi\u0161e koristiti ili je izgubljena, korisnik je du\u017ean nabaviti istu knjigu koja je knji\u017enici potrebna u materijalnoj vrijednosti posu\u0111ene knjige, u protivnom korisnik je du\u017ean nadoknaditi \u0161tetu u protuvrijednosti izgubljene, odnosno o\u0161te\u0107ene knjige.<\/li>\n<\/ul>\n","protected":false},"excerpt":{"rendered":"<p>UVJETI I NA\u010cIN KORI\u0160TENJA KNJI\u017dNE GRA\u0110E I USLUGA \u010clan Knji\u017enice postaje se u\u010dlanjenjem i pla\u0107anjem \u010dlanarine u iznosima kako slijedi: &#8211; za u\u010denike, studente, nezaposlene&nbsp; i umirovljenike \u2013 7 eura &#8211; za zaposlene &#8211; 14 eura Osobe koje privremeno borave u mjestu (turisti, vikenda\u0161i, sezonski radnici i sl.) mogu se u\u010dlaniti u Knji\u017enicu na rok [&hellip;]<\/p>\n","protected":false},"author":155,"featured_media":0,"parent":0,"menu_order":0,"comment_status":"closed","ping_status":"closed","template":"","meta":{"ngg_post_thumbnail":0},"yoast_head":"<!-- This site is optimized with the Yoast SEO plugin v16.4 - https:\/\/yoast.com\/wordpress\/plugins\/seo\/ -->\n<meta name=\"robots\" content=\"index, follow, max-snippet:-1, max-image-preview:large, max-video-preview:-1\" \/>\n<link rel=\"canonical\" href=\"https:\/\/knjiznice.nsk.hr\/hrvatskiskup\/uvjetii-koristenja-knjizne-grade\/\" \/>\n<meta property=\"og:locale\" content=\"hr_HR\" \/>\n<meta property=\"og:type\" content=\"article\" \/>\n<meta property=\"og:title\" content=\"Uvjeti kori\u0161tenja knji\u017ene gra\u0111e - Narodna knji\u017enica &quot;Hrvatski skup&quot;\" \/>\n<meta property=\"og:description\" content=\"UVJETI I NA\u010cIN KORI\u0160TENJA KNJI\u017dNE GRA\u0110E I USLUGA \u010clan Knji\u017enice postaje se u\u010dlanjenjem i pla\u0107anjem \u010dlanarine u iznosima kako slijedi: &#8211; za u\u010denike, studente, nezaposlene&nbsp; i umirovljenike \u2013 7 eura &#8211; za zaposlene &#8211; 14 eura Osobe koje privremeno borave u mjestu (turisti, vikenda\u0161i, sezonski radnici i sl.) mogu se u\u010dlaniti u Knji\u017enicu na rok [&hellip;]\" \/>\n<meta property=\"og:url\" content=\"https:\/\/knjiznice.nsk.hr\/hrvatskiskup\/uvjetii-koristenja-knjizne-grade\/\" \/>\n<meta property=\"og:site_name\" content=\"Narodna knji\u017enica &quot;Hrvatski skup&quot;\" \/>\n<meta property=\"article:publisher\" content=\"http:\/\/knjiznica.pucisca@gmail.com\" \/>\n<meta property=\"article:modified_time\" content=\"2026-01-28T16:01:06+00:00\" \/>\n<meta name=\"twitter:card\" content=\"summary_large_image\" \/>\n<meta name=\"twitter:label1\" content=\"Procijenjeno vrijeme \u010ditanja\" \/>\n\t<meta name=\"twitter:data1\" content=\"2 minute\" \/>\n<script type=\"application\/ld+json\" class=\"yoast-schema-graph\">{\"@context\":\"https:\/\/schema.org\",\"@graph\":[{\"@type\":\"WebSite\",\"@id\":\"http:\/\/knjiznice.nsk.hr\/hrvatskiskup\/#website\",\"url\":\"http:\/\/knjiznice.nsk.hr\/hrvatskiskup\/\",\"name\":\"Narodna knji\\u017enica &quot;Hrvatski skup&quot;\",\"description\":\"\\u010cESTA KAPLJA KAMEN DUBE\",\"potentialAction\":[{\"@type\":\"SearchAction\",\"target\":\"http:\/\/knjiznice.nsk.hr\/hrvatskiskup\/?s={search_term_string}\",\"query-input\":\"required name=search_term_string\"}],\"inLanguage\":\"hr\"},{\"@type\":\"WebPage\",\"@id\":\"https:\/\/knjiznice.nsk.hr\/hrvatskiskup\/uvjetii-koristenja-knjizne-grade\/#webpage\",\"url\":\"https:\/\/knjiznice.nsk.hr\/hrvatskiskup\/uvjetii-koristenja-knjizne-grade\/\",\"name\":\"Uvjeti kori\\u0161tenja knji\\u017ene gra\\u0111e - Narodna knji\\u017enica &quot;Hrvatski skup&quot;\",\"isPartOf\":{\"@id\":\"http:\/\/knjiznice.nsk.hr\/hrvatskiskup\/#website\"},\"datePublished\":\"2018-12-09T13:20:52+00:00\",\"dateModified\":\"2026-01-28T16:01:06+00:00\",\"breadcrumb\":{\"@id\":\"https:\/\/knjiznice.nsk.hr\/hrvatskiskup\/uvjetii-koristenja-knjizne-grade\/#breadcrumb\"},\"inLanguage\":\"hr\",\"potentialAction\":[{\"@type\":\"ReadAction\",\"target\":[\"https:\/\/knjiznice.nsk.hr\/hrvatskiskup\/uvjetii-koristenja-knjizne-grade\/\"]}]},{\"@type\":\"BreadcrumbList\",\"@id\":\"https:\/\/knjiznice.nsk.hr\/hrvatskiskup\/uvjetii-koristenja-knjizne-grade\/#breadcrumb\",\"itemListElement\":[{\"@type\":\"ListItem\",\"position\":1,\"item\":{\"@type\":\"WebPage\",\"@id\":\"http:\/\/knjiznice.nsk.hr\/hrvatskiskup\/\",\"url\":\"http:\/\/knjiznice.nsk.hr\/hrvatskiskup\/\",\"name\":\"Po\\u010detna stranica\"}},{\"@type\":\"ListItem\",\"position\":2,\"item\":{\"@id\":\"https:\/\/knjiznice.nsk.hr\/hrvatskiskup\/uvjetii-koristenja-knjizne-grade\/#webpage\"}}]}]}<\/script>\n<!-- \/ Yoast SEO plugin. -->","_links":{"self":[{"href":"http:\/\/knjiznice.nsk.hr\/hrvatskiskup\/wp-json\/wp\/v2\/pages\/41"}],"collection":[{"href":"http:\/\/knjiznice.nsk.hr\/hrvatskiskup\/wp-json\/wp\/v2\/pages"}],"about":[{"href":"http:\/\/knjiznice.nsk.hr\/hrvatskiskup\/wp-json\/wp\/v2\/types\/page"}],"author":[{"embeddable":true,"href":"http:\/\/knjiznice.nsk.hr\/hrvatskiskup\/wp-json\/wp\/v2\/users\/155"}],"replies":[{"embeddable":true,"href":"http:\/\/knjiznice.nsk.hr\/hrvatskiskup\/wp-json\/wp\/v2\/comments?post=41"}],"version-history":[{"count":5,"href":"http:\/\/knjiznice.nsk.hr\/hrvatskiskup\/wp-json\/wp\/v2\/pages\/41\/revisions"}],"predecessor-version":[{"id":581,"href":"http:\/\/knjiznice.nsk.hr\/hrvatskiskup\/wp-json\/wp\/v2\/pages\/41\/revisions\/581"}],"wp:attachment":[{"href":"http:\/\/knjiznice.nsk.hr\/hrvatskiskup\/wp-json\/wp\/v2\/media?parent=41"}],"curies":[{"name":"wp","href":"https:\/\/api.w.org\/{rel}","templated":true}]}}