{"id":441,"date":"2020-12-09T13:07:51","date_gmt":"2020-12-09T12:07:51","guid":{"rendered":"http:\/\/knjiznice.nsk.hr\/hrvatskisastanak1888\/?page_id=441"},"modified":"2020-12-09T13:08:51","modified_gmt":"2020-12-09T12:08:51","slug":"pitajte-knjiznicare","status":"publish","type":"page","link":"http:\/\/knjiznice.nsk.hr\/hrvatskisastanak1888\/pitajte-knjiznicare\/","title":{"rendered":"PITAJTE KNJI\u017dNI\u010cARE"},"content":{"rendered":"<p>Ne guglajte ve\u0107 pitajte knji\u017eni\u010dare!<br \/>\nProjekt je dostupan na web stranici <a href=\"https:\/\/www.knjiznica.hr\/pitajte-knjiznicare\/\" rel=\"noopener noreferrer\" target=\"_blank\"><strong>Pitajte knji\u017eni\u010dare<\/strong><\/a>.<\/p>\n","protected":false},"excerpt":{"rendered":"<p>Ne guglajte ve\u0107 pitajte knji\u017eni\u010dare! Projekt je dostupan na web stranici Pitajte knji\u017eni\u010dare.<\/p>\n","protected":false},"author":166,"featured_media":0,"parent":0,"menu_order":0,"comment_status":"closed","ping_status":"closed","template":"","meta":{"ngg_post_thumbnail":0},"yoast_head":"<!-- This site is optimized with the Yoast SEO plugin v16.4 - https:\/\/yoast.com\/wordpress\/plugins\/seo\/ -->\n<meta name=\"robots\" content=\"index, follow, max-snippet:-1, max-image-preview:large, max-video-preview:-1\" \/>\n<link rel=\"canonical\" href=\"http:\/\/knjiznice.nsk.hr\/hrvatskisastanak1888\/pitajte-knjiznicare\/\" \/>\n<meta property=\"og:locale\" content=\"hr_HR\" \/>\n<meta property=\"og:type\" content=\"article\" \/>\n<meta property=\"og:title\" content=\"PITAJTE KNJI\u017dNI\u010cARE - Op\u0107inska knji\u017enica &quot;Hrvatski sastanak 1888.&quot;\" \/>\n<meta property=\"og:description\" content=\"Ne guglajte ve\u0107 pitajte knji\u017eni\u010dare! Projekt je dostupan na web stranici Pitajte knji\u017eni\u010dare.\" \/>\n<meta property=\"og:url\" content=\"http:\/\/knjiznice.nsk.hr\/hrvatskisastanak1888\/pitajte-knjiznicare\/\" \/>\n<meta property=\"og:site_name\" content=\"Op\u0107inska knji\u017enica &quot;Hrvatski sastanak 1888.&quot;\" \/>\n<meta property=\"article:modified_time\" content=\"2020-12-09T12:08:51+00:00\" \/>\n<meta name=\"twitter:card\" content=\"summary_large_image\" \/>\n<script type=\"application\/ld+json\" class=\"yoast-schema-graph\">{\"@context\":\"https:\/\/schema.org\",\"@graph\":[{\"@type\":\"WebSite\",\"@id\":\"http:\/\/knjiznice.nsk.hr\/hrvatskisastanak1888\/#website\",\"url\":\"http:\/\/knjiznice.nsk.hr\/hrvatskisastanak1888\/\",\"name\":\"Op\\u0107inska knji\\u017enica &quot;Hrvatski sastanak 1888.&quot;\",\"description\":\"\",\"potentialAction\":[{\"@type\":\"SearchAction\",\"target\":\"http:\/\/knjiznice.nsk.hr\/hrvatskisastanak1888\/?s={search_term_string}\",\"query-input\":\"required name=search_term_string\"}],\"inLanguage\":\"hr\"},{\"@type\":\"WebPage\",\"@id\":\"http:\/\/knjiznice.nsk.hr\/hrvatskisastanak1888\/pitajte-knjiznicare\/#webpage\",\"url\":\"http:\/\/knjiznice.nsk.hr\/hrvatskisastanak1888\/pitajte-knjiznicare\/\",\"name\":\"PITAJTE KNJI\\u017dNI\\u010cARE - Op\\u0107inska knji\\u017enica &quot;Hrvatski sastanak 1888.&quot;\",\"isPartOf\":{\"@id\":\"http:\/\/knjiznice.nsk.hr\/hrvatskisastanak1888\/#website\"},\"datePublished\":\"2020-12-09T12:07:51+00:00\",\"dateModified\":\"2020-12-09T12:08:51+00:00\",\"breadcrumb\":{\"@id\":\"http:\/\/knjiznice.nsk.hr\/hrvatskisastanak1888\/pitajte-knjiznicare\/#breadcrumb\"},\"inLanguage\":\"hr\",\"potentialAction\":[{\"@type\":\"ReadAction\",\"target\":[\"http:\/\/knjiznice.nsk.hr\/hrvatskisastanak1888\/pitajte-knjiznicare\/\"]}]},{\"@type\":\"BreadcrumbList\",\"@id\":\"http:\/\/knjiznice.nsk.hr\/hrvatskisastanak1888\/pitajte-knjiznicare\/#breadcrumb\",\"itemListElement\":[{\"@type\":\"ListItem\",\"position\":1,\"item\":{\"@type\":\"WebPage\",\"@id\":\"http:\/\/knjiznice.nsk.hr\/hrvatskisastanak1888\/\",\"url\":\"http:\/\/knjiznice.nsk.hr\/hrvatskisastanak1888\/\",\"name\":\"Po\\u010detna stranica\"}},{\"@type\":\"ListItem\",\"position\":2,\"item\":{\"@id\":\"http:\/\/knjiznice.nsk.hr\/hrvatskisastanak1888\/pitajte-knjiznicare\/#webpage\"}}]}]}<\/script>\n<!-- \/ Yoast SEO plugin. -->","_links":{"self":[{"href":"http:\/\/knjiznice.nsk.hr\/hrvatskisastanak1888\/wp-json\/wp\/v2\/pages\/441"}],"collection":[{"href":"http:\/\/knjiznice.nsk.hr\/hrvatskisastanak1888\/wp-json\/wp\/v2\/pages"}],"about":[{"href":"http:\/\/knjiznice.nsk.hr\/hrvatskisastanak1888\/wp-json\/wp\/v2\/types\/page"}],"author":[{"embeddable":true,"href":"http:\/\/knjiznice.nsk.hr\/hrvatskisastanak1888\/wp-json\/wp\/v2\/users\/166"}],"replies":[{"embeddable":true,"href":"http:\/\/knjiznice.nsk.hr\/hrvatskisastanak1888\/wp-json\/wp\/v2\/comments?post=441"}],"version-history":[{"count":2,"href":"http:\/\/knjiznice.nsk.hr\/hrvatskisastanak1888\/wp-json\/wp\/v2\/pages\/441\/revisions"}],"predecessor-version":[{"id":443,"href":"http:\/\/knjiznice.nsk.hr\/hrvatskisastanak1888\/wp-json\/wp\/v2\/pages\/441\/revisions\/443"}],"wp:attachment":[{"href":"http:\/\/knjiznice.nsk.hr\/hrvatskisastanak1888\/wp-json\/wp\/v2\/media?parent=441"}],"curies":[{"name":"wp","href":"https:\/\/api.w.org\/{rel}","templated":true}]}}