{"id":367,"date":"2020-11-26T09:22:35","date_gmt":"2020-11-26T08:22:35","guid":{"rendered":"http:\/\/knjiznice.nsk.hr\/hrvatskisastanak1888\/?page_id=367"},"modified":"2022-03-08T10:00:16","modified_gmt":"2022-03-08T09:00:16","slug":"obnova-zaduzenja-grade","status":"publish","type":"page","link":"http:\/\/knjiznice.nsk.hr\/hrvatskisastanak1888\/obnova-zaduzenja-grade\/","title":{"rendered":"OBNOVA ZADU\u017dENJA GRA\u0110E"},"content":{"rendered":"<p>Obnova zadu\u017eenja posu\u0111ene gra\u0111e mogu\u0107a je:<\/p>\n<ul>\n<li>osobnim dolaskom u Knji\u017enicu<\/li>\n<li>pozivom na broj <strong>021 778 188<\/strong><\/li>\n<li>slanjem poruke putem <a href=\"https:\/\/www.facebook.com\/opcinskaknjiznicahrvatskisastanak1888\" target=\"_blank\" rel=\"noopener\">Facebook stranice<\/a><\/li>\n<li><span style=\"font-size: 1rem\">slanjem e-maila na adresu <\/span><a href=\"mailto:knjiznica@selca.hr\" target=\"_blank\" rel=\"noopener noreferrer\">knjiznica@selca.hr<\/a><\/li>\n<\/ul>\n","protected":false},"excerpt":{"rendered":"<p>Obnova zadu\u017eenja posu\u0111ene gra\u0111e mogu\u0107a je: osobnim dolaskom u Knji\u017enicu pozivom na broj 021 778 188 slanjem poruke putem Facebook stranice slanjem e-maila na adresu knjiznica@selca.hr<\/p>\n","protected":false},"author":166,"featured_media":0,"parent":0,"menu_order":0,"comment_status":"closed","ping_status":"closed","template":"","meta":{"ngg_post_thumbnail":0},"yoast_head":"<!-- This site is optimized with the Yoast SEO plugin v16.4 - https:\/\/yoast.com\/wordpress\/plugins\/seo\/ -->\n<meta name=\"robots\" content=\"index, follow, max-snippet:-1, max-image-preview:large, max-video-preview:-1\" \/>\n<link rel=\"canonical\" href=\"https:\/\/knjiznice.nsk.hr\/hrvatskisastanak1888\/obnova-zaduzenja-grade\/\" \/>\n<meta property=\"og:locale\" content=\"hr_HR\" \/>\n<meta property=\"og:type\" content=\"article\" \/>\n<meta property=\"og:title\" content=\"OBNOVA ZADU\u017dENJA GRA\u0110E - Op\u0107inska knji\u017enica &quot;Hrvatski sastanak 1888.&quot;\" \/>\n<meta property=\"og:description\" content=\"Obnova zadu\u017eenja posu\u0111ene gra\u0111e mogu\u0107a je: osobnim dolaskom u Knji\u017enicu pozivom na broj 021 778 188 slanjem poruke putem Facebook stranice slanjem e-maila na adresu knjiznica@selca.hr\" \/>\n<meta property=\"og:url\" content=\"https:\/\/knjiznice.nsk.hr\/hrvatskisastanak1888\/obnova-zaduzenja-grade\/\" \/>\n<meta property=\"og:site_name\" content=\"Op\u0107inska knji\u017enica &quot;Hrvatski sastanak 1888.&quot;\" \/>\n<meta property=\"article:modified_time\" content=\"2022-03-08T09:00:16+00:00\" \/>\n<meta name=\"twitter:card\" content=\"summary_large_image\" \/>\n<meta name=\"twitter:label1\" content=\"Procijenjeno vrijeme \u010ditanja\" \/>\n\t<meta name=\"twitter:data1\" content=\"1 minuta\" \/>\n<script type=\"application\/ld+json\" class=\"yoast-schema-graph\">{\"@context\":\"https:\/\/schema.org\",\"@graph\":[{\"@type\":\"WebSite\",\"@id\":\"http:\/\/knjiznice.nsk.hr\/hrvatskisastanak1888\/#website\",\"url\":\"http:\/\/knjiznice.nsk.hr\/hrvatskisastanak1888\/\",\"name\":\"Op\\u0107inska knji\\u017enica &quot;Hrvatski sastanak 1888.&quot;\",\"description\":\"\",\"potentialAction\":[{\"@type\":\"SearchAction\",\"target\":\"http:\/\/knjiznice.nsk.hr\/hrvatskisastanak1888\/?s={search_term_string}\",\"query-input\":\"required name=search_term_string\"}],\"inLanguage\":\"hr\"},{\"@type\":\"WebPage\",\"@id\":\"https:\/\/knjiznice.nsk.hr\/hrvatskisastanak1888\/obnova-zaduzenja-grade\/#webpage\",\"url\":\"https:\/\/knjiznice.nsk.hr\/hrvatskisastanak1888\/obnova-zaduzenja-grade\/\",\"name\":\"OBNOVA ZADU\\u017dENJA GRA\\u0110E - Op\\u0107inska knji\\u017enica &quot;Hrvatski sastanak 1888.&quot;\",\"isPartOf\":{\"@id\":\"http:\/\/knjiznice.nsk.hr\/hrvatskisastanak1888\/#website\"},\"datePublished\":\"2020-11-26T08:22:35+00:00\",\"dateModified\":\"2022-03-08T09:00:16+00:00\",\"breadcrumb\":{\"@id\":\"https:\/\/knjiznice.nsk.hr\/hrvatskisastanak1888\/obnova-zaduzenja-grade\/#breadcrumb\"},\"inLanguage\":\"hr\",\"potentialAction\":[{\"@type\":\"ReadAction\",\"target\":[\"https:\/\/knjiznice.nsk.hr\/hrvatskisastanak1888\/obnova-zaduzenja-grade\/\"]}]},{\"@type\":\"BreadcrumbList\",\"@id\":\"https:\/\/knjiznice.nsk.hr\/hrvatskisastanak1888\/obnova-zaduzenja-grade\/#breadcrumb\",\"itemListElement\":[{\"@type\":\"ListItem\",\"position\":1,\"item\":{\"@type\":\"WebPage\",\"@id\":\"http:\/\/knjiznice.nsk.hr\/hrvatskisastanak1888\/\",\"url\":\"http:\/\/knjiznice.nsk.hr\/hrvatskisastanak1888\/\",\"name\":\"Po\\u010detna stranica\"}},{\"@type\":\"ListItem\",\"position\":2,\"item\":{\"@id\":\"https:\/\/knjiznice.nsk.hr\/hrvatskisastanak1888\/obnova-zaduzenja-grade\/#webpage\"}}]}]}<\/script>\n<!-- \/ Yoast SEO plugin. -->","_links":{"self":[{"href":"http:\/\/knjiznice.nsk.hr\/hrvatskisastanak1888\/wp-json\/wp\/v2\/pages\/367"}],"collection":[{"href":"http:\/\/knjiznice.nsk.hr\/hrvatskisastanak1888\/wp-json\/wp\/v2\/pages"}],"about":[{"href":"http:\/\/knjiznice.nsk.hr\/hrvatskisastanak1888\/wp-json\/wp\/v2\/types\/page"}],"author":[{"embeddable":true,"href":"http:\/\/knjiznice.nsk.hr\/hrvatskisastanak1888\/wp-json\/wp\/v2\/users\/166"}],"replies":[{"embeddable":true,"href":"http:\/\/knjiznice.nsk.hr\/hrvatskisastanak1888\/wp-json\/wp\/v2\/comments?post=367"}],"version-history":[{"count":16,"href":"http:\/\/knjiznice.nsk.hr\/hrvatskisastanak1888\/wp-json\/wp\/v2\/pages\/367\/revisions"}],"predecessor-version":[{"id":753,"href":"http:\/\/knjiznice.nsk.hr\/hrvatskisastanak1888\/wp-json\/wp\/v2\/pages\/367\/revisions\/753"}],"wp:attachment":[{"href":"http:\/\/knjiznice.nsk.hr\/hrvatskisastanak1888\/wp-json\/wp\/v2\/media?parent=367"}],"curies":[{"name":"wp","href":"https:\/\/api.w.org\/{rel}","templated":true}]}}