{"id":17,"date":"2018-12-12T14:01:34","date_gmt":"2018-12-12T13:01:34","guid":{"rendered":"http:\/\/knjiznice.nsk.hr\/hrvatskisastanak1888\/?page_id=17"},"modified":"2026-01-12T13:42:48","modified_gmt":"2026-01-12T12:42:48","slug":"kontakt","status":"publish","type":"page","link":"http:\/\/knjiznice.nsk.hr\/hrvatskisastanak1888\/kontakt\/","title":{"rendered":"KONTAKT I NABAVA"},"content":{"rendered":"<p><strong> <a href=\"http:\/\/knjiznice.nsk.hr\/hrvatskisastanak1888\/logo\/\"><img loading=\"lazy\" class=\"alignnone size-medium wp-image-61\" src=\"http:\/\/knjiznice.nsk.hr\/hrvatskisastanak1888\/wp-content\/uploads\/sites\/106\/2020\/07\/Logo-300x189.jpg\" alt=\"\" width=\"300\" height=\"189\" srcset=\"http:\/\/knjiznice.nsk.hr\/hrvatskisastanak1888\/wp-content\/uploads\/sites\/106\/2020\/07\/Logo-300x189.jpg 300w, http:\/\/knjiznice.nsk.hr\/hrvatskisastanak1888\/wp-content\/uploads\/sites\/106\/2020\/07\/Logo-1024x644.jpg 1024w, http:\/\/knjiznice.nsk.hr\/hrvatskisastanak1888\/wp-content\/uploads\/sites\/106\/2020\/07\/Logo-768x483.jpg 768w, http:\/\/knjiznice.nsk.hr\/hrvatskisastanak1888\/wp-content\/uploads\/sites\/106\/2020\/07\/Logo-600x377.jpg 600w, http:\/\/knjiznice.nsk.hr\/hrvatskisastanak1888\/wp-content\/uploads\/sites\/106\/2020\/07\/Logo-1536x966.jpg 1536w, http:\/\/knjiznice.nsk.hr\/hrvatskisastanak1888\/wp-content\/uploads\/sites\/106\/2020\/07\/Logo-2048x1287.jpg 2048w\" sizes=\"(max-width: 300px) 100vw, 300px\" \/><\/a><\/strong><\/p>\n<h3><strong>Naziv knji\u017enice: <\/strong><\/h3>\n<p>Op\u0107inska knji\u017enica \u201eHrvatski sastanak 1888.\u201c<\/p>\n<h3><strong> Adresa:<\/strong><\/h3>\n<p>Trg Stjepana Radi\u0107a 5\/2<\/p>\n<p>21425 Selca<\/p>\n<h3><strong>Telefon:<\/strong><\/h3>\n<p>(021) 778 188<\/p>\n<h3><strong> E mail<\/strong>:<\/h3>\n<p>knjiznica@selca.hr<\/p>\n<p><strong>OIB:<\/strong><\/p>\n<p>72662230197<\/p>\n<p><strong>Nositelj ra\u010duna:<\/strong><\/p>\n<p>Op\u0107ina Selca<\/p>\n<p><strong>IBAN:<\/strong><\/p>\n<p>HR5523900011838300007<\/p>\n<h3><strong>Facebook: <\/strong><\/h3>\n<p><a href=\"https:\/\/www.facebook.com\/opcinskaknjiznicahrvatskisastanak1888\" target=\"_blank\" rel=\"noopener\">Knji\u017enica Selca &#8211; Op\u0107inska knji\u017enica &#8220;Hrvatski sastanak 1888.&#8221;<\/a><\/p>\n<h3><b>Katalog Knji\u017enice:<\/b><\/h3>\n<p><a href=\"https:\/\/library.foi.hr\/lib\/index.php?B=57\" target=\"_blank\" rel=\"noopener noreferrer\">https:\/\/library.foi.hr\/lib\/index.php?B=57<\/a><\/p>\n<p>&nbsp;<\/p>\n<p><strong>Za slu\u017ebu nabave molimo Vas pi\u0161ite na<\/strong>:&nbsp;&nbsp;knjiznica@selca.hr<\/p>\n<p>OGLEDE NE PRIMAMO!<\/p>\n","protected":false},"excerpt":{"rendered":"<p>Naziv knji\u017enice: Op\u0107inska knji\u017enica \u201eHrvatski sastanak 1888.\u201c Adresa: Trg Stjepana Radi\u0107a 5\/2 21425 Selca Telefon: (021) 778 188 E mail: knjiznica@selca.hr OIB: 72662230197 Nositelj ra\u010duna: Op\u0107ina Selca IBAN: HR5523900011838300007 Facebook: Knji\u017enica Selca &#8211; Op\u0107inska knji\u017enica &#8220;Hrvatski sastanak 1888.&#8221; Katalog Knji\u017enice: https:\/\/library.foi.hr\/lib\/index.php?B=57 &nbsp; Za slu\u017ebu nabave molimo Vas pi\u0161ite na:&nbsp;&nbsp;knjiznica@selca.hr OGLEDE NE PRIMAMO!<\/p>\n","protected":false},"author":166,"featured_media":0,"parent":0,"menu_order":0,"comment_status":"closed","ping_status":"closed","template":"","meta":{"ngg_post_thumbnail":0},"yoast_head":"<!-- This site is optimized with the Yoast SEO plugin v16.4 - https:\/\/yoast.com\/wordpress\/plugins\/seo\/ -->\n<meta name=\"robots\" content=\"index, follow, max-snippet:-1, max-image-preview:large, max-video-preview:-1\" \/>\n<link rel=\"canonical\" href=\"https:\/\/knjiznice.nsk.hr\/hrvatskisastanak1888\/kontakt\/\" \/>\n<meta property=\"og:locale\" content=\"hr_HR\" \/>\n<meta property=\"og:type\" content=\"article\" \/>\n<meta property=\"og:title\" content=\"KONTAKT I NABAVA - Op\u0107inska knji\u017enica &quot;Hrvatski sastanak 1888.&quot;\" \/>\n<meta property=\"og:description\" content=\"Naziv knji\u017enice: Op\u0107inska knji\u017enica \u201eHrvatski sastanak 1888.\u201c Adresa: Trg Stjepana Radi\u0107a 5\/2 21425 Selca Telefon: (021) 778 188 E mail: knjiznica@selca.hr OIB: 72662230197 Nositelj ra\u010duna: Op\u0107ina Selca IBAN: HR5523900011838300007 Facebook: Knji\u017enica Selca &#8211; Op\u0107inska knji\u017enica &#8220;Hrvatski sastanak 1888.&#8221; Katalog Knji\u017enice: https:\/\/library.foi.hr\/lib\/index.php?B=57 &nbsp; Za slu\u017ebu nabave molimo Vas pi\u0161ite na:&nbsp;&nbsp;knjiznica@selca.hr OGLEDE NE PRIMAMO!\" \/>\n<meta property=\"og:url\" content=\"https:\/\/knjiznice.nsk.hr\/hrvatskisastanak1888\/kontakt\/\" \/>\n<meta property=\"og:site_name\" content=\"Op\u0107inska knji\u017enica &quot;Hrvatski sastanak 1888.&quot;\" \/>\n<meta property=\"article:modified_time\" content=\"2026-01-12T12:42:48+00:00\" \/>\n<meta property=\"og:image\" content=\"http:\/\/knjiznice.nsk.hr\/hrvatskisastanak1888\/wp-content\/uploads\/sites\/106\/2020\/07\/Logo-300x189.jpg\" \/>\n<meta name=\"twitter:card\" content=\"summary_large_image\" \/>\n<meta name=\"twitter:label1\" content=\"Procijenjeno vrijeme \u010ditanja\" \/>\n\t<meta name=\"twitter:data1\" content=\"1 minuta\" \/>\n<script type=\"application\/ld+json\" class=\"yoast-schema-graph\">{\"@context\":\"https:\/\/schema.org\",\"@graph\":[{\"@type\":\"WebSite\",\"@id\":\"http:\/\/knjiznice.nsk.hr\/hrvatskisastanak1888\/#website\",\"url\":\"http:\/\/knjiznice.nsk.hr\/hrvatskisastanak1888\/\",\"name\":\"Op\\u0107inska knji\\u017enica &quot;Hrvatski sastanak 1888.&quot;\",\"description\":\"\",\"potentialAction\":[{\"@type\":\"SearchAction\",\"target\":\"http:\/\/knjiznice.nsk.hr\/hrvatskisastanak1888\/?s={search_term_string}\",\"query-input\":\"required name=search_term_string\"}],\"inLanguage\":\"hr\"},{\"@type\":\"ImageObject\",\"@id\":\"https:\/\/knjiznice.nsk.hr\/hrvatskisastanak1888\/kontakt\/#primaryimage\",\"inLanguage\":\"hr\",\"url\":\"http:\/\/knjiznice.nsk.hr\/hrvatskisastanak1888\/wp-content\/uploads\/sites\/106\/2020\/07\/Logo.jpg\",\"contentUrl\":\"http:\/\/knjiznice.nsk.hr\/hrvatskisastanak1888\/wp-content\/uploads\/sites\/106\/2020\/07\/Logo.jpg\",\"width\":2052,\"height\":1290},{\"@type\":\"WebPage\",\"@id\":\"https:\/\/knjiznice.nsk.hr\/hrvatskisastanak1888\/kontakt\/#webpage\",\"url\":\"https:\/\/knjiznice.nsk.hr\/hrvatskisastanak1888\/kontakt\/\",\"name\":\"KONTAKT I NABAVA - Op\\u0107inska knji\\u017enica &quot;Hrvatski sastanak 1888.&quot;\",\"isPartOf\":{\"@id\":\"http:\/\/knjiznice.nsk.hr\/hrvatskisastanak1888\/#website\"},\"primaryImageOfPage\":{\"@id\":\"https:\/\/knjiznice.nsk.hr\/hrvatskisastanak1888\/kontakt\/#primaryimage\"},\"datePublished\":\"2018-12-12T13:01:34+00:00\",\"dateModified\":\"2026-01-12T12:42:48+00:00\",\"breadcrumb\":{\"@id\":\"https:\/\/knjiznice.nsk.hr\/hrvatskisastanak1888\/kontakt\/#breadcrumb\"},\"inLanguage\":\"hr\",\"potentialAction\":[{\"@type\":\"ReadAction\",\"target\":[\"https:\/\/knjiznice.nsk.hr\/hrvatskisastanak1888\/kontakt\/\"]}]},{\"@type\":\"BreadcrumbList\",\"@id\":\"https:\/\/knjiznice.nsk.hr\/hrvatskisastanak1888\/kontakt\/#breadcrumb\",\"itemListElement\":[{\"@type\":\"ListItem\",\"position\":1,\"item\":{\"@type\":\"WebPage\",\"@id\":\"http:\/\/knjiznice.nsk.hr\/hrvatskisastanak1888\/\",\"url\":\"http:\/\/knjiznice.nsk.hr\/hrvatskisastanak1888\/\",\"name\":\"Po\\u010detna stranica\"}},{\"@type\":\"ListItem\",\"position\":2,\"item\":{\"@id\":\"https:\/\/knjiznice.nsk.hr\/hrvatskisastanak1888\/kontakt\/#webpage\"}}]}]}<\/script>\n<!-- \/ Yoast SEO plugin. -->","_links":{"self":[{"href":"http:\/\/knjiznice.nsk.hr\/hrvatskisastanak1888\/wp-json\/wp\/v2\/pages\/17"}],"collection":[{"href":"http:\/\/knjiznice.nsk.hr\/hrvatskisastanak1888\/wp-json\/wp\/v2\/pages"}],"about":[{"href":"http:\/\/knjiznice.nsk.hr\/hrvatskisastanak1888\/wp-json\/wp\/v2\/types\/page"}],"author":[{"embeddable":true,"href":"http:\/\/knjiznice.nsk.hr\/hrvatskisastanak1888\/wp-json\/wp\/v2\/users\/166"}],"replies":[{"embeddable":true,"href":"http:\/\/knjiznice.nsk.hr\/hrvatskisastanak1888\/wp-json\/wp\/v2\/comments?post=17"}],"version-history":[{"count":20,"href":"http:\/\/knjiznice.nsk.hr\/hrvatskisastanak1888\/wp-json\/wp\/v2\/pages\/17\/revisions"}],"predecessor-version":[{"id":1491,"href":"http:\/\/knjiznice.nsk.hr\/hrvatskisastanak1888\/wp-json\/wp\/v2\/pages\/17\/revisions\/1491"}],"wp:attachment":[{"href":"http:\/\/knjiznice.nsk.hr\/hrvatskisastanak1888\/wp-json\/wp\/v2\/media?parent=17"}],"curies":[{"name":"wp","href":"https:\/\/api.w.org\/{rel}","templated":true}]}}