{"id":15,"date":"2018-12-12T14:00:00","date_gmt":"2018-12-12T13:00:00","guid":{"rendered":"http:\/\/knjiznice.nsk.hr\/hrvatskisastanak1888\/?page_id=15"},"modified":"2023-05-25T12:41:21","modified_gmt":"2023-05-25T10:41:21","slug":"povijest-knjiznice","status":"publish","type":"page","link":"http:\/\/knjiznice.nsk.hr\/hrvatskisastanak1888\/povijest-knjiznice\/","title":{"rendered":"POVIJEST KNJI\u017dNICE"},"content":{"rendered":"<!-- index.php -->\n<div\n\tclass=\"ngg-galleryoverview ngg-ajax-pagination-none\"\n\tid=\"ngg-gallery-aed52877898b2aa9f4e2e2c252f75e2a-1\">\n\n    \t<div class=\"slideshowlink\">\n        <a href='http:\/\/knjiznice.nsk.hr\/hrvatskisastanak1888\/povijest-knjiznice\/nggallery\/slideshow'>[Show slideshow]<\/a>\n\t\t\n\t<\/div>\n\t\t\t<!-- Thumbnails -->\n\t\t\t\t<div id=\"ngg-image-0\" class=\"ngg-gallery-thumbnail-box\" >\n\t\t\t\t        <div class=\"ngg-gallery-thumbnail\">\n            <a href=\"http:\/\/knjiznice.nsk.hr\/hrvatskisastanak1888\/wp-content\/uploads\/sites\/106\/nggallery\/povijest\/trg.jpg\"\n               title=\"\"\n               data-src=\"http:\/\/knjiznice.nsk.hr\/hrvatskisastanak1888\/wp-content\/uploads\/sites\/106\/nggallery\/povijest\/trg.jpg\"\n               data-thumbnail=\"http:\/\/knjiznice.nsk.hr\/hrvatskisastanak1888\/wp-content\/uploads\/sites\/106\/nggallery\/povijest\/thumbs\/thumbs_trg.jpg\"\n               data-image-id=\"20\"\n               data-title=\"trg\"\n               data-description=\"\"\n               data-image-slug=\"trg\"\n               class=\"ngg-fancybox\" rel=\"aed52877898b2aa9f4e2e2c252f75e2a\">\n                <img\n                    title=\"trg\"\n                    alt=\"trg\"\n                    src=\"http:\/\/knjiznice.nsk.hr\/hrvatskisastanak1888\/wp-content\/uploads\/sites\/106\/nggallery\/povijest\/thumbs\/thumbs_trg.jpg\"\n                    width=\"240\"\n                    height=\"160\"\n                    style=\"max-width:100%;\"\n                \/>\n            <\/a>\n        <\/div>\n\t\t\t\t\t\t\t<\/div> \n\t\t\t\n        \n\t\t\t\t<div id=\"ngg-image-1\" class=\"ngg-gallery-thumbnail-box\" >\n\t\t\t\t        <div class=\"ngg-gallery-thumbnail\">\n            <a href=\"http:\/\/knjiznice.nsk.hr\/hrvatskisastanak1888\/wp-content\/uploads\/sites\/106\/nggallery\/povijest\/trg2.jpg\"\n               title=\"\"\n               data-src=\"http:\/\/knjiznice.nsk.hr\/hrvatskisastanak1888\/wp-content\/uploads\/sites\/106\/nggallery\/povijest\/trg2.jpg\"\n               data-thumbnail=\"http:\/\/knjiznice.nsk.hr\/hrvatskisastanak1888\/wp-content\/uploads\/sites\/106\/nggallery\/povijest\/thumbs\/thumbs_trg2.jpg\"\n               data-image-id=\"21\"\n               data-title=\"trg2\"\n               data-description=\"\"\n               data-image-slug=\"trg2\"\n               class=\"ngg-fancybox\" rel=\"aed52877898b2aa9f4e2e2c252f75e2a\">\n                <img\n                    title=\"trg2\"\n                    alt=\"trg2\"\n                    src=\"http:\/\/knjiznice.nsk.hr\/hrvatskisastanak1888\/wp-content\/uploads\/sites\/106\/nggallery\/povijest\/thumbs\/thumbs_trg2.jpg\"\n                    width=\"240\"\n                    height=\"160\"\n                    style=\"max-width:100%;\"\n                \/>\n            <\/a>\n        <\/div>\n\t\t\t\t\t\t\t<\/div> \n\t\t\t\n        \n\t\t\t\t<div id=\"ngg-image-2\" class=\"ngg-gallery-thumbnail-box\" >\n\t\t\t\t        <div class=\"ngg-gallery-thumbnail\">\n            <a href=\"http:\/\/knjiznice.nsk.hr\/hrvatskisastanak1888\/wp-content\/uploads\/sites\/106\/nggallery\/povijest\/trg3.jpg\"\n               title=\"\"\n               data-src=\"http:\/\/knjiznice.nsk.hr\/hrvatskisastanak1888\/wp-content\/uploads\/sites\/106\/nggallery\/povijest\/trg3.jpg\"\n               data-thumbnail=\"http:\/\/knjiznice.nsk.hr\/hrvatskisastanak1888\/wp-content\/uploads\/sites\/106\/nggallery\/povijest\/thumbs\/thumbs_trg3.jpg\"\n               data-image-id=\"22\"\n               data-title=\"trg3\"\n               data-description=\"\"\n               data-image-slug=\"trg3\"\n               class=\"ngg-fancybox\" rel=\"aed52877898b2aa9f4e2e2c252f75e2a\">\n                <img\n                    title=\"trg3\"\n                    alt=\"trg3\"\n                    src=\"http:\/\/knjiznice.nsk.hr\/hrvatskisastanak1888\/wp-content\/uploads\/sites\/106\/nggallery\/povijest\/thumbs\/thumbs_trg3.jpg\"\n                    width=\"240\"\n                    height=\"160\"\n                    style=\"max-width:100%;\"\n                \/>\n            <\/a>\n        <\/div>\n\t\t\t\t\t\t\t<\/div> \n\t\t\t\n        \n\t\t\n\t\t<!-- Pagination -->\n\t<div class='ngg-clear'><\/div>\t<\/div>\n\n<h6>(Fotografije iz kolekcije \u017deljka Karlu\u0161i\u0107a (Ni\u017eeti\u0107))<\/h6>\n<p>Narodna knji\u017enica Selca osnovana je 2002. godine odlukom Op\u0107ine Selca. Do tada je djelovala je u sastavu Kulturno-umjetni\u010dkog dru\u0161tva &#8221;Hrvatski sastanak 1888.&#8221;. 2007. godine Knji\u017enica se osamostaljuje i mijenja ime u Op\u0107inska knji\u017enica &#8221;Hrvatski sastanak 1888.&#8221;.<\/p>\n<p>\u010citaonica &#8221;Hrvatski sastanak&#8221; imala je veliku ulogu koncem 19. i po\u010detkom 20. stolje\u0107a u o\u010duvanju hrvatske knji\u017eevne rije\u010di te u promicanju kulture i prosvjete, a sve zahvaljuju\u0107i poticaju mjesne mlade\u017ei koja se vi\u0161e godina \u0161kolovala na sveu\u010dili\u0161tima u Be\u010du, Grazu, Pragu i Padovi. Sve je zapo\u010delo 27. kolovoza 1883. godine kad je u Selcima odr\u017ean povijesni sastanak s ciljem bu\u0111enja i ja\u010danja hrvatske nacionalne svijesti. Na sastanku se okupio cvijet narodne mlade\u017ei Bra\u010da, Hvara i Makarskog primorja. Na sastanku je predlo\u017eeno osnivanje kulturnog dru\u0161tva \u201eHrvatski sastanak\u201c. Prijedlog da se osnuje Dru\u0161tvo ostvarit \u0107e se tek 1888. godine. Naime, namjesni\u0161tvo u Zadru odbilo je molbu za osnivanjem, no nakon podno\u0161enja \u017ealbe ministarstvo u Be\u010du je 9. o\u017eujka 1888. godine poni\u0161tilo tu odluku i Dru\u0161tvo je zapo\u010delo sa svojim radom. Idejni za\u010detnik Dru\u0161tva bio je Toma Didoli\u0107, prvi na\u010delnik op\u0107ine Selca. Dana 6. svibnja 1888. odr\u017eana je prva konstituiraju\u0107a skup\u0161tina na kojoj je predsjednik&nbsp; Promicateljnog odbora Petar Didoli\u0107 iznio izvje\u0161taj o do sada u\u010dinjenom. Kona\u010dno, 12. kolovoza 1888. godine utemeljeno je dru\u0161tvo \u201eHrvatski sastanak&#8221;.<\/p>\n<p>Uz pomo\u0107 Op\u0107ine osiguran je potrebni prostor, a doprinosom mje\u0161tana nabavljen je namje\u0161taj te su ukra\u0161ene dru\u0161tvene prostorije. Bila je to najbolje opremljena knji\u017enica na otoku Bra\u010du, a \u010citaonica je primala 15 razli\u010ditih novina te je bila omiljeno mjesto za dru\u0161tvena okupljanja i rasprave o dru\u0161tvenim, nacionalnim, politi\u010dkim i kulturnim doga\u0111anjima u domovini i svijetu.<\/p>\n<p>U Drugom svjetskom ratu 9.kolovoza 1943. Selca su spaljena. Tada je izgorjela ve\u0107ina ku\u0107a, pa tako i \u010citaonica sa svom svojom gra\u0111om i dokumentacijom. Zahvaljuju\u0107i aktivnom zalaganju i donaciji mje\u0161tana rad Knji\u017enice i \u010citaonice je obnovljen 1947. godine.<\/p>\n<p>U po\u010decima velikosrpskog otpora na na\u0161im prostorima, 1989. g. obnavlja se rad Dru\u0161tva u \u010dijem sastavu Knji\u017enica ponovno zapo\u010dinje svoje djelovanje sve do 2002. godine. 2007. godine Knji\u017enica se osamostaljuje i seli u dana\u0161nji novoure\u0111eni prostor iznad op\u0107inske uprave. Svi naslovi, njih oko 4200, koje je posjedovalo&nbsp; dru\u0161tvo \u201eHrvatski sastanak\u201c, premje\u0161teno&nbsp; je u novi prostor. Danas Knji\u017enica broji 311 \u010dlanova, te djeluje kao kulturno-obrazovna ustanova Op\u0107ine Selca.<\/p>\n","protected":false},"excerpt":{"rendered":"<p>(Fotografije iz kolekcije \u017deljka Karlu\u0161i\u0107a (Ni\u017eeti\u0107)) Narodna knji\u017enica Selca osnovana je 2002. godine odlukom Op\u0107ine Selca. Do tada je djelovala je u sastavu Kulturno-umjetni\u010dkog dru\u0161tva &#8221;Hrvatski sastanak 1888.&#8221;. 2007. godine Knji\u017enica se osamostaljuje i mijenja ime u Op\u0107inska knji\u017enica &#8221;Hrvatski sastanak 1888.&#8221;. \u010citaonica &#8221;Hrvatski sastanak&#8221; imala je veliku ulogu koncem 19. i po\u010detkom 20. stolje\u0107a [&hellip;]<\/p>\n","protected":false},"author":166,"featured_media":0,"parent":0,"menu_order":0,"comment_status":"closed","ping_status":"closed","template":"","meta":{"ngg_post_thumbnail":0},"yoast_head":"<!-- This site is optimized with the Yoast SEO plugin v16.4 - https:\/\/yoast.com\/wordpress\/plugins\/seo\/ -->\n<meta name=\"robots\" content=\"index, follow, max-snippet:-1, max-image-preview:large, max-video-preview:-1\" \/>\n<link rel=\"canonical\" href=\"http:\/\/knjiznice.nsk.hr\/hrvatskisastanak1888\/povijest-knjiznice\/\" \/>\n<meta property=\"og:locale\" content=\"hr_HR\" \/>\n<meta property=\"og:type\" content=\"article\" \/>\n<meta property=\"og:title\" content=\"POVIJEST KNJI\u017dNICE - Op\u0107inska knji\u017enica &quot;Hrvatski sastanak 1888.&quot;\" \/>\n<meta property=\"og:description\" content=\"(Fotografije iz kolekcije \u017deljka Karlu\u0161i\u0107a (Ni\u017eeti\u0107)) Narodna knji\u017enica Selca osnovana je 2002. godine odlukom Op\u0107ine Selca. Do tada je djelovala je u sastavu Kulturno-umjetni\u010dkog dru\u0161tva &#8221;Hrvatski sastanak 1888.&#8221;. 2007. godine Knji\u017enica se osamostaljuje i mijenja ime u Op\u0107inska knji\u017enica &#8221;Hrvatski sastanak 1888.&#8221;. \u010citaonica &#8221;Hrvatski sastanak&#8221; imala je veliku ulogu koncem 19. i po\u010detkom 20. stolje\u0107a [&hellip;]\" \/>\n<meta property=\"og:url\" content=\"http:\/\/knjiznice.nsk.hr\/hrvatskisastanak1888\/povijest-knjiznice\/\" \/>\n<meta property=\"og:site_name\" content=\"Op\u0107inska knji\u017enica &quot;Hrvatski sastanak 1888.&quot;\" \/>\n<meta property=\"article:modified_time\" content=\"2023-05-25T10:41:21+00:00\" \/>\n<meta name=\"twitter:card\" content=\"summary_large_image\" \/>\n<meta name=\"twitter:label1\" content=\"Procijenjeno vrijeme \u010ditanja\" \/>\n\t<meta name=\"twitter:data1\" content=\"2 minute\" \/>\n<script type=\"application\/ld+json\" class=\"yoast-schema-graph\">{\"@context\":\"https:\/\/schema.org\",\"@graph\":[{\"@type\":\"WebSite\",\"@id\":\"http:\/\/knjiznice.nsk.hr\/hrvatskisastanak1888\/#website\",\"url\":\"http:\/\/knjiznice.nsk.hr\/hrvatskisastanak1888\/\",\"name\":\"Op\\u0107inska knji\\u017enica &quot;Hrvatski sastanak 1888.&quot;\",\"description\":\"\",\"potentialAction\":[{\"@type\":\"SearchAction\",\"target\":\"http:\/\/knjiznice.nsk.hr\/hrvatskisastanak1888\/?s={search_term_string}\",\"query-input\":\"required name=search_term_string\"}],\"inLanguage\":\"hr\"},{\"@type\":\"WebPage\",\"@id\":\"http:\/\/knjiznice.nsk.hr\/hrvatskisastanak1888\/povijest-knjiznice\/#webpage\",\"url\":\"http:\/\/knjiznice.nsk.hr\/hrvatskisastanak1888\/povijest-knjiznice\/\",\"name\":\"POVIJEST KNJI\\u017dNICE - Op\\u0107inska knji\\u017enica &quot;Hrvatski sastanak 1888.&quot;\",\"isPartOf\":{\"@id\":\"http:\/\/knjiznice.nsk.hr\/hrvatskisastanak1888\/#website\"},\"datePublished\":\"2018-12-12T13:00:00+00:00\",\"dateModified\":\"2023-05-25T10:41:21+00:00\",\"breadcrumb\":{\"@id\":\"http:\/\/knjiznice.nsk.hr\/hrvatskisastanak1888\/povijest-knjiznice\/#breadcrumb\"},\"inLanguage\":\"hr\",\"potentialAction\":[{\"@type\":\"ReadAction\",\"target\":[\"http:\/\/knjiznice.nsk.hr\/hrvatskisastanak1888\/povijest-knjiznice\/\"]}]},{\"@type\":\"BreadcrumbList\",\"@id\":\"http:\/\/knjiznice.nsk.hr\/hrvatskisastanak1888\/povijest-knjiznice\/#breadcrumb\",\"itemListElement\":[{\"@type\":\"ListItem\",\"position\":1,\"item\":{\"@type\":\"WebPage\",\"@id\":\"http:\/\/knjiznice.nsk.hr\/hrvatskisastanak1888\/\",\"url\":\"http:\/\/knjiznice.nsk.hr\/hrvatskisastanak1888\/\",\"name\":\"Po\\u010detna stranica\"}},{\"@type\":\"ListItem\",\"position\":2,\"item\":{\"@id\":\"http:\/\/knjiznice.nsk.hr\/hrvatskisastanak1888\/povijest-knjiznice\/#webpage\"}}]}]}<\/script>\n<!-- \/ Yoast SEO plugin. -->","_links":{"self":[{"href":"http:\/\/knjiznice.nsk.hr\/hrvatskisastanak1888\/wp-json\/wp\/v2\/pages\/15"}],"collection":[{"href":"http:\/\/knjiznice.nsk.hr\/hrvatskisastanak1888\/wp-json\/wp\/v2\/pages"}],"about":[{"href":"http:\/\/knjiznice.nsk.hr\/hrvatskisastanak1888\/wp-json\/wp\/v2\/types\/page"}],"author":[{"embeddable":true,"href":"http:\/\/knjiznice.nsk.hr\/hrvatskisastanak1888\/wp-json\/wp\/v2\/users\/166"}],"replies":[{"embeddable":true,"href":"http:\/\/knjiznice.nsk.hr\/hrvatskisastanak1888\/wp-json\/wp\/v2\/comments?post=15"}],"version-history":[{"count":26,"href":"http:\/\/knjiznice.nsk.hr\/hrvatskisastanak1888\/wp-json\/wp\/v2\/pages\/15\/revisions"}],"predecessor-version":[{"id":999,"href":"http:\/\/knjiznice.nsk.hr\/hrvatskisastanak1888\/wp-json\/wp\/v2\/pages\/15\/revisions\/999"}],"wp:attachment":[{"href":"http:\/\/knjiznice.nsk.hr\/hrvatskisastanak1888\/wp-json\/wp\/v2\/media?parent=15"}],"curies":[{"name":"wp","href":"https:\/\/api.w.org\/{rel}","templated":true}]}}