{"id":135,"date":"2020-07-28T10:53:33","date_gmt":"2020-07-28T08:53:33","guid":{"rendered":"http:\/\/knjiznice.nsk.hr\/hrvatskisastanak1888\/?page_id=135"},"modified":"2026-01-07T13:59:45","modified_gmt":"2026-01-07T12:59:45","slug":"dokumenti","status":"publish","type":"page","link":"http:\/\/knjiznice.nsk.hr\/hrvatskisastanak1888\/dokumenti\/","title":{"rendered":"DOKUMENTI"},"content":{"rendered":"<p><strong><a href=\"http:\/\/knjiznice.nsk.hr\/hrvatskisastanak1888\/statut\/\">STATUT OP\u0106INSKE KNJI\u017dNICE &#8220;HRVATSKI SASTANAK 1888.&#8221;<\/a><\/strong><\/p>\n<p class=\"entry-title\" data-wahfont=\"22\"><strong><a href=\"http:\/\/knjiznice.nsk.hr\/hrvatskisastanak1888\/pravilnici-opcinske-knjiznice-hrvatski-sastanak-1888\/\">PRAVILNICI OP\u0106INSKE KNJI\u017dNICE \u201eHRVATSKI SASTANAK 1888.\u201c<\/a><\/strong><\/p>\n<p data-wahfont=\"22\"><a href=\"http:\/\/knjiznice.nsk.hr\/hrvatskisastanak1888\/procedure\/\"><strong>PROCEDURE<\/strong><\/a><\/p>\n<p data-wahfont=\"22\"><a href=\"http:\/\/knjiznice.nsk.hr\/hrvatskisastanak1888\/2020-2\/\"><strong>2020.<\/strong><\/a><\/p>\n<p data-wahfont=\"22\"><a href=\"http:\/\/knjiznice.nsk.hr\/hrvatskisastanak1888\/2021-2\/\"><strong>2021.<\/strong><\/a><\/p>\n<p data-wahfont=\"22\"><a href=\"http:\/\/knjiznice.nsk.hr\/hrvatskisastanak1888\/2022-2\/\"><strong>2022.<\/strong><\/a><\/p>\n<p data-wahfont=\"22\"><a href=\"http:\/\/knjiznice.nsk.hr\/hrvatskisastanak1888\/2023-2\/\"><strong>2023.<\/strong><\/a><\/p>\n<p data-wahfont=\"22\"><a href=\"http:\/\/knjiznice.nsk.hr\/hrvatskisastanak1888\/2024-2\/\"><strong>2024.<\/strong><\/a><\/p>\n<p data-wahfont=\"22\"><strong><a href=\"http:\/\/knjiznice.nsk.hr\/hrvatskisastanak1888\/2025-2\/\">2025.<\/a><\/strong><\/p>\n<p><strong><a href=\"http:\/\/knjiznice.nsk.hr\/hrvatskisastanak1888\/2026-2\/\">2026.<\/a><\/strong><\/p>\n<p>&nbsp;<\/p>\n","protected":false},"excerpt":{"rendered":"<p>STATUT OP\u0106INSKE KNJI\u017dNICE &#8220;HRVATSKI SASTANAK 1888.&#8221; PRAVILNICI OP\u0106INSKE KNJI\u017dNICE \u201eHRVATSKI SASTANAK 1888.\u201c PROCEDURE 2020. 2021. 2022. 2023. 2024. 2025. 2026. &nbsp;<\/p>\n","protected":false},"author":166,"featured_media":0,"parent":0,"menu_order":0,"comment_status":"closed","ping_status":"closed","template":"","meta":{"ngg_post_thumbnail":0},"yoast_head":"<!-- This site is optimized with the Yoast SEO plugin v16.4 - https:\/\/yoast.com\/wordpress\/plugins\/seo\/ -->\n<meta name=\"robots\" content=\"index, follow, max-snippet:-1, max-image-preview:large, max-video-preview:-1\" \/>\n<link rel=\"canonical\" href=\"https:\/\/knjiznice.nsk.hr\/hrvatskisastanak1888\/dokumenti\/\" \/>\n<meta property=\"og:locale\" content=\"hr_HR\" \/>\n<meta property=\"og:type\" content=\"article\" \/>\n<meta property=\"og:title\" content=\"DOKUMENTI - Op\u0107inska knji\u017enica &quot;Hrvatski sastanak 1888.&quot;\" \/>\n<meta property=\"og:description\" content=\"STATUT OP\u0106INSKE KNJI\u017dNICE &#8220;HRVATSKI SASTANAK 1888.&#8221; PRAVILNICI OP\u0106INSKE KNJI\u017dNICE \u201eHRVATSKI SASTANAK 1888.\u201c PROCEDURE 2020. 2021. 2022. 2023. 2024. 2025. 2026. &nbsp;\" \/>\n<meta property=\"og:url\" content=\"https:\/\/knjiznice.nsk.hr\/hrvatskisastanak1888\/dokumenti\/\" \/>\n<meta property=\"og:site_name\" content=\"Op\u0107inska knji\u017enica &quot;Hrvatski sastanak 1888.&quot;\" \/>\n<meta property=\"article:modified_time\" content=\"2026-01-07T12:59:45+00:00\" \/>\n<meta name=\"twitter:card\" content=\"summary_large_image\" \/>\n<meta name=\"twitter:label1\" content=\"Procijenjeno vrijeme \u010ditanja\" \/>\n\t<meta name=\"twitter:data1\" content=\"1 minuta\" \/>\n<script type=\"application\/ld+json\" class=\"yoast-schema-graph\">{\"@context\":\"https:\/\/schema.org\",\"@graph\":[{\"@type\":\"WebSite\",\"@id\":\"http:\/\/knjiznice.nsk.hr\/hrvatskisastanak1888\/#website\",\"url\":\"http:\/\/knjiznice.nsk.hr\/hrvatskisastanak1888\/\",\"name\":\"Op\\u0107inska knji\\u017enica &quot;Hrvatski sastanak 1888.&quot;\",\"description\":\"\",\"potentialAction\":[{\"@type\":\"SearchAction\",\"target\":\"http:\/\/knjiznice.nsk.hr\/hrvatskisastanak1888\/?s={search_term_string}\",\"query-input\":\"required name=search_term_string\"}],\"inLanguage\":\"hr\"},{\"@type\":\"WebPage\",\"@id\":\"https:\/\/knjiznice.nsk.hr\/hrvatskisastanak1888\/dokumenti\/#webpage\",\"url\":\"https:\/\/knjiznice.nsk.hr\/hrvatskisastanak1888\/dokumenti\/\",\"name\":\"DOKUMENTI - Op\\u0107inska knji\\u017enica &quot;Hrvatski sastanak 1888.&quot;\",\"isPartOf\":{\"@id\":\"http:\/\/knjiznice.nsk.hr\/hrvatskisastanak1888\/#website\"},\"datePublished\":\"2020-07-28T08:53:33+00:00\",\"dateModified\":\"2026-01-07T12:59:45+00:00\",\"breadcrumb\":{\"@id\":\"https:\/\/knjiznice.nsk.hr\/hrvatskisastanak1888\/dokumenti\/#breadcrumb\"},\"inLanguage\":\"hr\",\"potentialAction\":[{\"@type\":\"ReadAction\",\"target\":[\"https:\/\/knjiznice.nsk.hr\/hrvatskisastanak1888\/dokumenti\/\"]}]},{\"@type\":\"BreadcrumbList\",\"@id\":\"https:\/\/knjiznice.nsk.hr\/hrvatskisastanak1888\/dokumenti\/#breadcrumb\",\"itemListElement\":[{\"@type\":\"ListItem\",\"position\":1,\"item\":{\"@type\":\"WebPage\",\"@id\":\"http:\/\/knjiznice.nsk.hr\/hrvatskisastanak1888\/\",\"url\":\"http:\/\/knjiznice.nsk.hr\/hrvatskisastanak1888\/\",\"name\":\"Po\\u010detna stranica\"}},{\"@type\":\"ListItem\",\"position\":2,\"item\":{\"@id\":\"https:\/\/knjiznice.nsk.hr\/hrvatskisastanak1888\/dokumenti\/#webpage\"}}]}]}<\/script>\n<!-- \/ Yoast SEO plugin. -->","_links":{"self":[{"href":"http:\/\/knjiznice.nsk.hr\/hrvatskisastanak1888\/wp-json\/wp\/v2\/pages\/135"}],"collection":[{"href":"http:\/\/knjiznice.nsk.hr\/hrvatskisastanak1888\/wp-json\/wp\/v2\/pages"}],"about":[{"href":"http:\/\/knjiznice.nsk.hr\/hrvatskisastanak1888\/wp-json\/wp\/v2\/types\/page"}],"author":[{"embeddable":true,"href":"http:\/\/knjiznice.nsk.hr\/hrvatskisastanak1888\/wp-json\/wp\/v2\/users\/166"}],"replies":[{"embeddable":true,"href":"http:\/\/knjiznice.nsk.hr\/hrvatskisastanak1888\/wp-json\/wp\/v2\/comments?post=135"}],"version-history":[{"count":88,"href":"http:\/\/knjiznice.nsk.hr\/hrvatskisastanak1888\/wp-json\/wp\/v2\/pages\/135\/revisions"}],"predecessor-version":[{"id":1485,"href":"http:\/\/knjiznice.nsk.hr\/hrvatskisastanak1888\/wp-json\/wp\/v2\/pages\/135\/revisions\/1485"}],"wp:attachment":[{"href":"http:\/\/knjiznice.nsk.hr\/hrvatskisastanak1888\/wp-json\/wp\/v2\/media?parent=135"}],"curies":[{"name":"wp","href":"https:\/\/api.w.org\/{rel}","templated":true}]}}