{"id":1332,"date":"2025-02-04T08:42:24","date_gmt":"2025-02-04T07:42:24","guid":{"rendered":"http:\/\/knjiznice.nsk.hr\/hrvatskisastanak1888\/?page_id=1332"},"modified":"2026-01-07T14:00:20","modified_gmt":"2026-01-07T13:00:20","slug":"procedure","status":"publish","type":"page","link":"http:\/\/knjiznice.nsk.hr\/hrvatskisastanak1888\/procedure\/","title":{"rendered":"PROCEDURE"},"content":{"rendered":"<p><a href=\"http:\/\/knjiznice.nsk.hr\/hrvatskisastanak1888\/wp-content\/uploads\/sites\/106\/2025\/02\/Proces-izrade-i-donosenja-Financijskog-plana.pdf\">Proces izrade i dono\u0161enja Financijskog plana<\/a><\/p>\n<p><a href=\"http:\/\/knjiznice.nsk.hr\/hrvatskisastanak1888\/wp-content\/uploads\/sites\/106\/2025\/02\/Proces-izrade-i-donosenja-Plana-nabave.pdf\">Proces izrade i dono\u0161enja Plana nabave<\/a><\/p>\n<p><a href=\"http:\/\/knjiznice.nsk.hr\/hrvatskisastanak1888\/wp-content\/uploads\/sites\/106\/2025\/02\/Proces-naplate-prihoda.pdf\">Proces naplate prihoda<\/a><\/p>\n<p><a href=\"http:\/\/knjiznice.nsk.hr\/hrvatskisastanak1888\/wp-content\/uploads\/sites\/106\/2025\/02\/Proces-stvaranja-i-pracenja-ugovornih-obveza.pdf\">Proces stvaranja i pra\u0107enja ugovornih obveza<\/a><\/p>\n<p><a href=\"http:\/\/knjiznice.nsk.hr\/hrvatskisastanak1888\/wp-content\/uploads\/sites\/106\/2025\/02\/Proces-jednostavne-nabave.pdf\">Proces jednostavne nabave<\/a><\/p>\n<p><a href=\"http:\/\/knjiznice.nsk.hr\/hrvatskisastanak1888\/wp-content\/uploads\/sites\/106\/2025\/02\/Proces-zaprimanja-likvidacije-i-placanja-racuna-i-ostalih-zahtjeva.pdf\">Proces zaprimanja, likvidacije i pla\u0107anja ra\u010duna i ostalih zahtjeva<\/a><\/p>\n<p><a href=\"http:\/\/knjiznice.nsk.hr\/hrvatskisastanak1888\/wp-content\/uploads\/sites\/106\/2025\/02\/K2-Proces-obracuna-putnih-naloga.pdf\">Proces obra\u010duna putnih naloga<\/a><\/p>\n<p><a href=\"http:\/\/knjiznice.nsk.hr\/hrvatskisastanak1888\/wp-content\/uploads\/sites\/106\/2025\/02\/K3-Proces-blagajnickog-poslovanja.pdf\">Proces blagajni\u010dkog poslovanja<\/a><\/p>\n<p><a href=\"http:\/\/knjiznice.nsk.hr\/hrvatskisastanak1888\/wp-content\/uploads\/sites\/106\/2025\/02\/O3-Proces-zaprimanja-roba-radova-i-usluga.pdf\">Proces zaprimanja roba, radova i usluga<\/a><\/p>\n","protected":false},"excerpt":{"rendered":"<p>Proces izrade i dono\u0161enja Financijskog plana Proces izrade i dono\u0161enja Plana nabave Proces naplate prihoda Proces stvaranja i pra\u0107enja ugovornih obveza Proces jednostavne nabave Proces zaprimanja, likvidacije i pla\u0107anja ra\u010duna i ostalih zahtjeva Proces obra\u010duna putnih naloga Proces blagajni\u010dkog poslovanja Proces zaprimanja roba, radova i usluga<\/p>\n","protected":false},"author":166,"featured_media":0,"parent":0,"menu_order":0,"comment_status":"closed","ping_status":"closed","template":"","meta":{"ngg_post_thumbnail":0},"yoast_head":"<!-- This site is optimized with the Yoast SEO plugin v16.4 - https:\/\/yoast.com\/wordpress\/plugins\/seo\/ -->\n<meta name=\"robots\" content=\"index, follow, max-snippet:-1, max-image-preview:large, max-video-preview:-1\" \/>\n<link rel=\"canonical\" href=\"http:\/\/knjiznice.nsk.hr\/hrvatskisastanak1888\/procedure\/\" \/>\n<meta property=\"og:locale\" content=\"hr_HR\" \/>\n<meta property=\"og:type\" content=\"article\" \/>\n<meta property=\"og:title\" content=\"PROCEDURE - Op\u0107inska knji\u017enica &quot;Hrvatski sastanak 1888.&quot;\" \/>\n<meta property=\"og:description\" content=\"Proces izrade i dono\u0161enja Financijskog plana Proces izrade i dono\u0161enja Plana nabave Proces naplate prihoda Proces stvaranja i pra\u0107enja ugovornih obveza Proces jednostavne nabave Proces zaprimanja, likvidacije i pla\u0107anja ra\u010duna i ostalih zahtjeva Proces obra\u010duna putnih naloga Proces blagajni\u010dkog poslovanja Proces zaprimanja roba, radova i usluga\" \/>\n<meta property=\"og:url\" content=\"http:\/\/knjiznice.nsk.hr\/hrvatskisastanak1888\/procedure\/\" \/>\n<meta property=\"og:site_name\" content=\"Op\u0107inska knji\u017enica &quot;Hrvatski sastanak 1888.&quot;\" \/>\n<meta property=\"article:modified_time\" content=\"2026-01-07T13:00:20+00:00\" \/>\n<meta name=\"twitter:card\" content=\"summary_large_image\" \/>\n<meta name=\"twitter:label1\" content=\"Procijenjeno vrijeme \u010ditanja\" \/>\n\t<meta name=\"twitter:data1\" content=\"1 minuta\" \/>\n<script type=\"application\/ld+json\" class=\"yoast-schema-graph\">{\"@context\":\"https:\/\/schema.org\",\"@graph\":[{\"@type\":\"WebSite\",\"@id\":\"http:\/\/knjiznice.nsk.hr\/hrvatskisastanak1888\/#website\",\"url\":\"http:\/\/knjiznice.nsk.hr\/hrvatskisastanak1888\/\",\"name\":\"Op\\u0107inska knji\\u017enica &quot;Hrvatski sastanak 1888.&quot;\",\"description\":\"\",\"potentialAction\":[{\"@type\":\"SearchAction\",\"target\":\"http:\/\/knjiznice.nsk.hr\/hrvatskisastanak1888\/?s={search_term_string}\",\"query-input\":\"required name=search_term_string\"}],\"inLanguage\":\"hr\"},{\"@type\":\"WebPage\",\"@id\":\"http:\/\/knjiznice.nsk.hr\/hrvatskisastanak1888\/procedure\/#webpage\",\"url\":\"http:\/\/knjiznice.nsk.hr\/hrvatskisastanak1888\/procedure\/\",\"name\":\"PROCEDURE - Op\\u0107inska knji\\u017enica &quot;Hrvatski sastanak 1888.&quot;\",\"isPartOf\":{\"@id\":\"http:\/\/knjiznice.nsk.hr\/hrvatskisastanak1888\/#website\"},\"datePublished\":\"2025-02-04T07:42:24+00:00\",\"dateModified\":\"2026-01-07T13:00:20+00:00\",\"breadcrumb\":{\"@id\":\"http:\/\/knjiznice.nsk.hr\/hrvatskisastanak1888\/procedure\/#breadcrumb\"},\"inLanguage\":\"hr\",\"potentialAction\":[{\"@type\":\"ReadAction\",\"target\":[\"http:\/\/knjiznice.nsk.hr\/hrvatskisastanak1888\/procedure\/\"]}]},{\"@type\":\"BreadcrumbList\",\"@id\":\"http:\/\/knjiznice.nsk.hr\/hrvatskisastanak1888\/procedure\/#breadcrumb\",\"itemListElement\":[{\"@type\":\"ListItem\",\"position\":1,\"item\":{\"@type\":\"WebPage\",\"@id\":\"http:\/\/knjiznice.nsk.hr\/hrvatskisastanak1888\/\",\"url\":\"http:\/\/knjiznice.nsk.hr\/hrvatskisastanak1888\/\",\"name\":\"Po\\u010detna stranica\"}},{\"@type\":\"ListItem\",\"position\":2,\"item\":{\"@id\":\"http:\/\/knjiznice.nsk.hr\/hrvatskisastanak1888\/procedure\/#webpage\"}}]}]}<\/script>\n<!-- \/ Yoast SEO plugin. -->","_links":{"self":[{"href":"http:\/\/knjiznice.nsk.hr\/hrvatskisastanak1888\/wp-json\/wp\/v2\/pages\/1332"}],"collection":[{"href":"http:\/\/knjiznice.nsk.hr\/hrvatskisastanak1888\/wp-json\/wp\/v2\/pages"}],"about":[{"href":"http:\/\/knjiznice.nsk.hr\/hrvatskisastanak1888\/wp-json\/wp\/v2\/types\/page"}],"author":[{"embeddable":true,"href":"http:\/\/knjiznice.nsk.hr\/hrvatskisastanak1888\/wp-json\/wp\/v2\/users\/166"}],"replies":[{"embeddable":true,"href":"http:\/\/knjiznice.nsk.hr\/hrvatskisastanak1888\/wp-json\/wp\/v2\/comments?post=1332"}],"version-history":[{"count":7,"href":"http:\/\/knjiznice.nsk.hr\/hrvatskisastanak1888\/wp-json\/wp\/v2\/pages\/1332\/revisions"}],"predecessor-version":[{"id":1487,"href":"http:\/\/knjiznice.nsk.hr\/hrvatskisastanak1888\/wp-json\/wp\/v2\/pages\/1332\/revisions\/1487"}],"wp:attachment":[{"href":"http:\/\/knjiznice.nsk.hr\/hrvatskisastanak1888\/wp-json\/wp\/v2\/media?parent=1332"}],"curies":[{"name":"wp","href":"https:\/\/api.w.org\/{rel}","templated":true}]}}