{"id":1307,"date":"2025-01-08T07:55:32","date_gmt":"2025-01-08T06:55:32","guid":{"rendered":"http:\/\/knjiznice.nsk.hr\/hrvatskisastanak1888\/?page_id=1307"},"modified":"2025-12-24T10:20:43","modified_gmt":"2025-12-24T09:20:43","slug":"2025-2","status":"publish","type":"page","link":"http:\/\/knjiznice.nsk.hr\/hrvatskisastanak1888\/2025-2\/","title":{"rendered":"2025."},"content":{"rendered":"<p><a href=\"http:\/\/knjiznice.nsk.hr\/hrvatskisastanak1888\/wp-content\/uploads\/sites\/106\/2025\/01\/Izvjestaj-o-radu_2024.pdf\">Izvje\u0161taj o radu_2024.<\/a><\/p>\n<p><a href=\"https:\/\/drive.google.com\/file\/d\/15VZnW4WUxgrta4l87BPRHrbTVmWmPaja\/view?usp=sharing\" rel=\"noopener\">Godi\u0161nji financijski izvje\u0161taj_2024.<\/a><\/p>\n<p><a href=\"http:\/\/knjiznice.nsk.hr\/hrvatskisastanak1888\/wp-content\/uploads\/sites\/106\/2025\/01\/Biljeske.pdf\">Bilje\u0161ke uz financijske izvje\u0161taje_2024.<\/a><\/p>\n<p><a href=\"http:\/\/knjiznice.nsk.hr\/hrvatskisastanak1888\/wp-content\/uploads\/sites\/106\/2025\/04\/Izvjestaj.pdf\">Tromjese\u010dni financijski izvje\u0161taj_1.1.2025.-31.3.2025.<\/a><\/p>\n<p><a href=\"http:\/\/knjiznice.nsk.hr\/hrvatskisastanak1888\/wp-content\/uploads\/sites\/106\/2025\/04\/Biljeske.pdf\">Bilje\u0161ke uz financijske izvje\u0161taje_01.01.2025.-31.03.2025.<\/a><\/p>\n<p><a href=\"http:\/\/knjiznice.nsk.hr\/hrvatskisastanak1888\/wp-content\/uploads\/sites\/106\/2025\/04\/Izvrsenje-financijskog-plana-za-2024.-godinu.pdf\">Izvr\u0161enje financijskog plana za 2024. godinu<\/a><\/p>\n<p><a href=\"http:\/\/knjiznice.nsk.hr\/hrvatskisastanak1888\/wp-content\/uploads\/sites\/106\/2025\/07\/Polugodisnji-financijski-izvjestaj_01.01.2025.-30.06.2025..pdf\">Polugodi\u0161nji financijski izvje\u0161taj_01.01.2025.-30.06.2025.<\/a><\/p>\n<p><a href=\"http:\/\/knjiznice.nsk.hr\/hrvatskisastanak1888\/wp-content\/uploads\/sites\/106\/2025\/08\/Izvrsenje-financijskog-plana_30.06.2025..pdf\">Izvr\u0161enje financijskog plana_30.06.2025.<\/a><\/p>\n<p><a href=\"http:\/\/knjiznice.nsk.hr\/hrvatskisastanak1888\/wp-content\/uploads\/sites\/106\/2025\/10\/OK-SELCA-30.09.2025..pdf\">Devetomjese\u010dni financijski izvje\u0161taj_01.01.2025.-30.09.2025.<\/a><\/p>\n<p><a href=\"http:\/\/knjiznice.nsk.hr\/hrvatskisastanak1888\/wp-content\/uploads\/sites\/106\/2025\/12\/Financijski-plan-2026-OK-Selca.pdf\">Financijski plan 2026.<\/a><\/p>\n<p><a href=\"http:\/\/knjiznice.nsk.hr\/hrvatskisastanak1888\/wp-content\/uploads\/sites\/106\/2025\/12\/Financijski-plan-knjiznice-2026-2028_obrazlozenje.pdf\">Financijski plan knji\u017enice 2026-2028_obrazlo\u017eenje<\/a><\/p>\n<p><a href=\"http:\/\/knjiznice.nsk.hr\/hrvatskisastanak1888\/wp-content\/uploads\/sites\/106\/2025\/12\/Plan-i-program-rada_2026.pdf\">Plan i program rada za 2026.<\/a><\/p>\n<p><a href=\"http:\/\/knjiznice.nsk.hr\/hrvatskisastanak1888\/wp-content\/uploads\/sites\/106\/2025\/12\/Plan-nabave-knjiznicne-grade_2026.pdf\">Plan nabave knji\u017eni\u010dne gra\u0111e_2026.<\/a><\/p>\n","protected":false},"excerpt":{"rendered":"<p>Izvje\u0161taj o radu_2024. Godi\u0161nji financijski izvje\u0161taj_2024. Bilje\u0161ke uz financijske izvje\u0161taje_2024. Tromjese\u010dni financijski izvje\u0161taj_1.1.2025.-31.3.2025. Bilje\u0161ke uz financijske izvje\u0161taje_01.01.2025.-31.03.2025. Izvr\u0161enje financijskog plana za 2024. godinu Polugodi\u0161nji financijski izvje\u0161taj_01.01.2025.-30.06.2025. Izvr\u0161enje financijskog plana_30.06.2025. Devetomjese\u010dni financijski izvje\u0161taj_01.01.2025.-30.09.2025. Financijski plan 2026. Financijski plan knji\u017enice 2026-2028_obrazlo\u017eenje Plan i program rada za 2026. Plan nabave knji\u017eni\u010dne gra\u0111e_2026.<\/p>\n","protected":false},"author":166,"featured_media":0,"parent":0,"menu_order":0,"comment_status":"closed","ping_status":"closed","template":"","meta":{"ngg_post_thumbnail":0},"yoast_head":"<!-- This site is optimized with the Yoast SEO plugin v16.4 - https:\/\/yoast.com\/wordpress\/plugins\/seo\/ -->\n<meta name=\"robots\" content=\"index, follow, max-snippet:-1, max-image-preview:large, max-video-preview:-1\" \/>\n<link rel=\"canonical\" href=\"http:\/\/knjiznice.nsk.hr\/hrvatskisastanak1888\/2025-2\/\" \/>\n<meta property=\"og:locale\" content=\"hr_HR\" \/>\n<meta property=\"og:type\" content=\"article\" \/>\n<meta property=\"og:title\" content=\"2025. - Op\u0107inska knji\u017enica &quot;Hrvatski sastanak 1888.&quot;\" \/>\n<meta property=\"og:description\" content=\"Izvje\u0161taj o radu_2024. Godi\u0161nji financijski izvje\u0161taj_2024. Bilje\u0161ke uz financijske izvje\u0161taje_2024. Tromjese\u010dni financijski izvje\u0161taj_1.1.2025.-31.3.2025. Bilje\u0161ke uz financijske izvje\u0161taje_01.01.2025.-31.03.2025. Izvr\u0161enje financijskog plana za 2024. godinu Polugodi\u0161nji financijski izvje\u0161taj_01.01.2025.-30.06.2025. Izvr\u0161enje financijskog plana_30.06.2025. Devetomjese\u010dni financijski izvje\u0161taj_01.01.2025.-30.09.2025. Financijski plan 2026. Financijski plan knji\u017enice 2026-2028_obrazlo\u017eenje Plan i program rada za 2026. Plan nabave knji\u017eni\u010dne gra\u0111e_2026.\" \/>\n<meta property=\"og:url\" content=\"http:\/\/knjiznice.nsk.hr\/hrvatskisastanak1888\/2025-2\/\" \/>\n<meta property=\"og:site_name\" content=\"Op\u0107inska knji\u017enica &quot;Hrvatski sastanak 1888.&quot;\" \/>\n<meta property=\"article:modified_time\" content=\"2025-12-24T09:20:43+00:00\" \/>\n<meta name=\"twitter:card\" content=\"summary_large_image\" \/>\n<meta name=\"twitter:label1\" content=\"Procijenjeno vrijeme \u010ditanja\" \/>\n\t<meta name=\"twitter:data1\" content=\"1 minuta\" \/>\n<script type=\"application\/ld+json\" class=\"yoast-schema-graph\">{\"@context\":\"https:\/\/schema.org\",\"@graph\":[{\"@type\":\"WebSite\",\"@id\":\"http:\/\/knjiznice.nsk.hr\/hrvatskisastanak1888\/#website\",\"url\":\"http:\/\/knjiznice.nsk.hr\/hrvatskisastanak1888\/\",\"name\":\"Op\\u0107inska knji\\u017enica &quot;Hrvatski sastanak 1888.&quot;\",\"description\":\"\",\"potentialAction\":[{\"@type\":\"SearchAction\",\"target\":\"http:\/\/knjiznice.nsk.hr\/hrvatskisastanak1888\/?s={search_term_string}\",\"query-input\":\"required name=search_term_string\"}],\"inLanguage\":\"hr\"},{\"@type\":\"WebPage\",\"@id\":\"http:\/\/knjiznice.nsk.hr\/hrvatskisastanak1888\/2025-2\/#webpage\",\"url\":\"http:\/\/knjiznice.nsk.hr\/hrvatskisastanak1888\/2025-2\/\",\"name\":\"2025. - Op\\u0107inska knji\\u017enica &quot;Hrvatski sastanak 1888.&quot;\",\"isPartOf\":{\"@id\":\"http:\/\/knjiznice.nsk.hr\/hrvatskisastanak1888\/#website\"},\"datePublished\":\"2025-01-08T06:55:32+00:00\",\"dateModified\":\"2025-12-24T09:20:43+00:00\",\"breadcrumb\":{\"@id\":\"http:\/\/knjiznice.nsk.hr\/hrvatskisastanak1888\/2025-2\/#breadcrumb\"},\"inLanguage\":\"hr\",\"potentialAction\":[{\"@type\":\"ReadAction\",\"target\":[\"http:\/\/knjiznice.nsk.hr\/hrvatskisastanak1888\/2025-2\/\"]}]},{\"@type\":\"BreadcrumbList\",\"@id\":\"http:\/\/knjiznice.nsk.hr\/hrvatskisastanak1888\/2025-2\/#breadcrumb\",\"itemListElement\":[{\"@type\":\"ListItem\",\"position\":1,\"item\":{\"@type\":\"WebPage\",\"@id\":\"http:\/\/knjiznice.nsk.hr\/hrvatskisastanak1888\/\",\"url\":\"http:\/\/knjiznice.nsk.hr\/hrvatskisastanak1888\/\",\"name\":\"Po\\u010detna stranica\"}},{\"@type\":\"ListItem\",\"position\":2,\"item\":{\"@id\":\"http:\/\/knjiznice.nsk.hr\/hrvatskisastanak1888\/2025-2\/#webpage\"}}]}]}<\/script>\n<!-- \/ Yoast SEO plugin. -->","_links":{"self":[{"href":"http:\/\/knjiznice.nsk.hr\/hrvatskisastanak1888\/wp-json\/wp\/v2\/pages\/1307"}],"collection":[{"href":"http:\/\/knjiznice.nsk.hr\/hrvatskisastanak1888\/wp-json\/wp\/v2\/pages"}],"about":[{"href":"http:\/\/knjiznice.nsk.hr\/hrvatskisastanak1888\/wp-json\/wp\/v2\/types\/page"}],"author":[{"embeddable":true,"href":"http:\/\/knjiznice.nsk.hr\/hrvatskisastanak1888\/wp-json\/wp\/v2\/users\/166"}],"replies":[{"embeddable":true,"href":"http:\/\/knjiznice.nsk.hr\/hrvatskisastanak1888\/wp-json\/wp\/v2\/comments?post=1307"}],"version-history":[{"count":23,"href":"http:\/\/knjiznice.nsk.hr\/hrvatskisastanak1888\/wp-json\/wp\/v2\/pages\/1307\/revisions"}],"predecessor-version":[{"id":1463,"href":"http:\/\/knjiznice.nsk.hr\/hrvatskisastanak1888\/wp-json\/wp\/v2\/pages\/1307\/revisions\/1463"}],"wp:attachment":[{"href":"http:\/\/knjiznice.nsk.hr\/hrvatskisastanak1888\/wp-json\/wp\/v2\/media?parent=1307"}],"curies":[{"name":"wp","href":"https:\/\/api.w.org\/{rel}","templated":true}]}}