{"id":1080,"date":"2023-12-29T08:51:35","date_gmt":"2023-12-29T07:51:35","guid":{"rendered":"http:\/\/knjiznice.nsk.hr\/hrvatskisastanak1888\/?page_id=1080"},"modified":"2026-01-08T14:16:54","modified_gmt":"2026-01-08T13:16:54","slug":"pravilnici-opcinske-knjiznice-hrvatski-sastanak-1888","status":"publish","type":"page","link":"http:\/\/knjiznice.nsk.hr\/hrvatskisastanak1888\/pravilnici-opcinske-knjiznice-hrvatski-sastanak-1888\/","title":{"rendered":"PRAVILNICI I SMJERNICE OP\u0106INSKE KNJI\u017dNICE \u201eHRVATSKI SASTANAK 1888.\u201c"},"content":{"rendered":"<p><a href=\"http:\/\/knjiznice.nsk.hr\/hrvatskisastanak1888\/wp-content\/uploads\/sites\/106\/2023\/12\/Pravilnik-o-radu-Opcinske-knjiznice-novi_2022.pdf\">Pravilnik o radu &#8220;Op\u0107inske knji\u017enice &#8220;Hrvatski sastanak 1888.&#8221;<\/a><\/p>\n<p><a href=\"http:\/\/knjiznice.nsk.hr\/hrvatskisastanak1888\/wp-content\/uploads\/sites\/106\/2025\/02\/Izmjene-Pravilnika-o-radu.pdf\">Izmjene Pravilnika o radu<\/a><\/p>\n<p><a href=\"http:\/\/knjiznice.nsk.hr\/hrvatskisastanak1888\/wp-content\/uploads\/sites\/106\/2022\/12\/Pravilnik-o-uvjetima-i-nacinu-koristenja-knjiznicne-grade-i-usluga-OK-final.pdf\">Pravilnik o uvjetima i na\u010dinu kori\u0161tenja knji\u017eni\u010dne gra\u0111e i usluga Op\u0107inske knji\u017enice &#8220;Hrvatski sastanak 1888.&#8221;&#8221;<\/a><\/p>\n<p><a href=\"http:\/\/knjiznice.nsk.hr\/hrvatskisastanak1888\/wp-content\/uploads\/sites\/106\/2026\/01\/Cjenik-usluga.pdf\">Cjenik usluga<\/a><\/p>\n<p><a href=\"http:\/\/knjiznice.nsk.hr\/hrvatskisastanak1888\/wp-content\/uploads\/sites\/106\/2025\/02\/Pravilnik-o-prikupljanju-obradi-i-koristenju-te-zastiti-osobnih-podataka-fizickih-osoba.pdf\">Pravilnik o prikupljanju, obradi i kori\u0161tenju, te za\u0161titi osobnih podataka fizi\u010dkih osoba<\/a><\/p>\n<p><a href=\"http:\/\/knjiznice.nsk.hr\/hrvatskisastanak1888\/wp-content\/uploads\/sites\/106\/2025\/02\/Pravilnik-o-zastiti-knjiznicne-grade-1.pdf\">Pravilnik o za\u0161titi knji\u017eni\u010dne gra\u0111e<\/a><\/p>\n<p><a href=\"http:\/\/knjiznice.nsk.hr\/hrvatskisastanak1888\/wp-content\/uploads\/sites\/106\/2025\/02\/Pravilnik-o-zastiti-od-pozara-1.pdf\">Pravilnik o za\u0161titi od po\u017eara<\/a><\/p>\n<p><a href=\"http:\/\/knjiznice.nsk.hr\/hrvatskisastanak1888\/wp-content\/uploads\/sites\/106\/2025\/07\/Pravilnik-o-provedbi-jednostavne-nabave.pdf\">Pravilnik o provedbi postupka jednostavne nabave robe, radova i usluga<\/a><\/p>\n<p><a href=\"http:\/\/knjiznice.nsk.hr\/hrvatskisastanak1888\/wp-content\/uploads\/sites\/106\/2025\/02\/Smjernice-za-izgradnju-i-upravljanje-knjiznicnim-fondom-NKSupetar.pdf\">Smjernice za izgradnju i upravljanje knji\u017eni\u010dnim fondom<\/a><\/p>\n","protected":false},"excerpt":{"rendered":"<p>Pravilnik o radu &#8220;Op\u0107inske knji\u017enice &#8220;Hrvatski sastanak 1888.&#8221; Izmjene Pravilnika o radu Pravilnik o uvjetima i na\u010dinu kori\u0161tenja knji\u017eni\u010dne gra\u0111e i usluga Op\u0107inske knji\u017enice &#8220;Hrvatski sastanak 1888.&#8221;&#8221; Cjenik usluga Pravilnik o prikupljanju, obradi i kori\u0161tenju, te za\u0161titi osobnih podataka fizi\u010dkih osoba Pravilnik o za\u0161titi knji\u017eni\u010dne gra\u0111e Pravilnik o za\u0161titi od po\u017eara Pravilnik o provedbi postupka [&hellip;]<\/p>\n","protected":false},"author":166,"featured_media":0,"parent":0,"menu_order":0,"comment_status":"closed","ping_status":"closed","template":"","meta":{"ngg_post_thumbnail":0},"yoast_head":"<!-- This site is optimized with the Yoast SEO plugin v16.4 - https:\/\/yoast.com\/wordpress\/plugins\/seo\/ -->\n<meta name=\"robots\" content=\"index, follow, max-snippet:-1, max-image-preview:large, max-video-preview:-1\" \/>\n<link rel=\"canonical\" href=\"http:\/\/knjiznice.nsk.hr\/hrvatskisastanak1888\/pravilnici-opcinske-knjiznice-hrvatski-sastanak-1888\/\" \/>\n<meta property=\"og:locale\" content=\"hr_HR\" \/>\n<meta property=\"og:type\" content=\"article\" \/>\n<meta property=\"og:title\" content=\"PRAVILNICI I SMJERNICE OP\u0106INSKE KNJI\u017dNICE \u201eHRVATSKI SASTANAK 1888.\u201c - Op\u0107inska knji\u017enica &quot;Hrvatski sastanak 1888.&quot;\" \/>\n<meta property=\"og:description\" content=\"Pravilnik o radu &#8220;Op\u0107inske knji\u017enice &#8220;Hrvatski sastanak 1888.&#8221; Izmjene Pravilnika o radu Pravilnik o uvjetima i na\u010dinu kori\u0161tenja knji\u017eni\u010dne gra\u0111e i usluga Op\u0107inske knji\u017enice &#8220;Hrvatski sastanak 1888.&#8221;&#8221; Cjenik usluga Pravilnik o prikupljanju, obradi i kori\u0161tenju, te za\u0161titi osobnih podataka fizi\u010dkih osoba Pravilnik o za\u0161titi knji\u017eni\u010dne gra\u0111e Pravilnik o za\u0161titi od po\u017eara Pravilnik o provedbi postupka [&hellip;]\" \/>\n<meta property=\"og:url\" content=\"http:\/\/knjiznice.nsk.hr\/hrvatskisastanak1888\/pravilnici-opcinske-knjiznice-hrvatski-sastanak-1888\/\" \/>\n<meta property=\"og:site_name\" content=\"Op\u0107inska knji\u017enica &quot;Hrvatski sastanak 1888.&quot;\" \/>\n<meta property=\"article:modified_time\" content=\"2026-01-08T13:16:54+00:00\" \/>\n<meta name=\"twitter:card\" content=\"summary_large_image\" \/>\n<meta name=\"twitter:label1\" content=\"Procijenjeno vrijeme \u010ditanja\" \/>\n\t<meta name=\"twitter:data1\" content=\"1 minuta\" \/>\n<script type=\"application\/ld+json\" class=\"yoast-schema-graph\">{\"@context\":\"https:\/\/schema.org\",\"@graph\":[{\"@type\":\"WebSite\",\"@id\":\"http:\/\/knjiznice.nsk.hr\/hrvatskisastanak1888\/#website\",\"url\":\"http:\/\/knjiznice.nsk.hr\/hrvatskisastanak1888\/\",\"name\":\"Op\\u0107inska knji\\u017enica &quot;Hrvatski sastanak 1888.&quot;\",\"description\":\"\",\"potentialAction\":[{\"@type\":\"SearchAction\",\"target\":\"http:\/\/knjiznice.nsk.hr\/hrvatskisastanak1888\/?s={search_term_string}\",\"query-input\":\"required name=search_term_string\"}],\"inLanguage\":\"hr\"},{\"@type\":\"WebPage\",\"@id\":\"http:\/\/knjiznice.nsk.hr\/hrvatskisastanak1888\/pravilnici-opcinske-knjiznice-hrvatski-sastanak-1888\/#webpage\",\"url\":\"http:\/\/knjiznice.nsk.hr\/hrvatskisastanak1888\/pravilnici-opcinske-knjiznice-hrvatski-sastanak-1888\/\",\"name\":\"PRAVILNICI I SMJERNICE OP\\u0106INSKE KNJI\\u017dNICE \\u201eHRVATSKI SASTANAK 1888.\\u201c - Op\\u0107inska knji\\u017enica &quot;Hrvatski sastanak 1888.&quot;\",\"isPartOf\":{\"@id\":\"http:\/\/knjiznice.nsk.hr\/hrvatskisastanak1888\/#website\"},\"datePublished\":\"2023-12-29T07:51:35+00:00\",\"dateModified\":\"2026-01-08T13:16:54+00:00\",\"breadcrumb\":{\"@id\":\"http:\/\/knjiznice.nsk.hr\/hrvatskisastanak1888\/pravilnici-opcinske-knjiznice-hrvatski-sastanak-1888\/#breadcrumb\"},\"inLanguage\":\"hr\",\"potentialAction\":[{\"@type\":\"ReadAction\",\"target\":[\"http:\/\/knjiznice.nsk.hr\/hrvatskisastanak1888\/pravilnici-opcinske-knjiznice-hrvatski-sastanak-1888\/\"]}]},{\"@type\":\"BreadcrumbList\",\"@id\":\"http:\/\/knjiznice.nsk.hr\/hrvatskisastanak1888\/pravilnici-opcinske-knjiznice-hrvatski-sastanak-1888\/#breadcrumb\",\"itemListElement\":[{\"@type\":\"ListItem\",\"position\":1,\"item\":{\"@type\":\"WebPage\",\"@id\":\"http:\/\/knjiznice.nsk.hr\/hrvatskisastanak1888\/\",\"url\":\"http:\/\/knjiznice.nsk.hr\/hrvatskisastanak1888\/\",\"name\":\"Po\\u010detna stranica\"}},{\"@type\":\"ListItem\",\"position\":2,\"item\":{\"@id\":\"http:\/\/knjiznice.nsk.hr\/hrvatskisastanak1888\/pravilnici-opcinske-knjiznice-hrvatski-sastanak-1888\/#webpage\"}}]}]}<\/script>\n<!-- \/ Yoast SEO plugin. -->","_links":{"self":[{"href":"http:\/\/knjiznice.nsk.hr\/hrvatskisastanak1888\/wp-json\/wp\/v2\/pages\/1080"}],"collection":[{"href":"http:\/\/knjiznice.nsk.hr\/hrvatskisastanak1888\/wp-json\/wp\/v2\/pages"}],"about":[{"href":"http:\/\/knjiznice.nsk.hr\/hrvatskisastanak1888\/wp-json\/wp\/v2\/types\/page"}],"author":[{"embeddable":true,"href":"http:\/\/knjiznice.nsk.hr\/hrvatskisastanak1888\/wp-json\/wp\/v2\/users\/166"}],"replies":[{"embeddable":true,"href":"http:\/\/knjiznice.nsk.hr\/hrvatskisastanak1888\/wp-json\/wp\/v2\/comments?post=1080"}],"version-history":[{"count":12,"href":"http:\/\/knjiznice.nsk.hr\/hrvatskisastanak1888\/wp-json\/wp\/v2\/pages\/1080\/revisions"}],"predecessor-version":[{"id":1489,"href":"http:\/\/knjiznice.nsk.hr\/hrvatskisastanak1888\/wp-json\/wp\/v2\/pages\/1080\/revisions\/1489"}],"wp:attachment":[{"href":"http:\/\/knjiznice.nsk.hr\/hrvatskisastanak1888\/wp-json\/wp\/v2\/media?parent=1080"}],"curies":[{"name":"wp","href":"https:\/\/api.w.org\/{rel}","templated":true}]}}