{"id":1078,"date":"2023-12-29T08:51:34","date_gmt":"2023-12-29T07:51:34","guid":{"rendered":"http:\/\/knjiznice.nsk.hr\/hrvatskisastanak1888\/?page_id=1078"},"modified":"2023-12-29T11:52:35","modified_gmt":"2023-12-29T10:52:35","slug":"2022-2","status":"publish","type":"page","link":"http:\/\/knjiznice.nsk.hr\/hrvatskisastanak1888\/2022-2\/","title":{"rendered":"2022."},"content":{"rendered":"<p><a href=\"http:\/\/knjiznice.nsk.hr\/hrvatskisastanak1888\/wp-content\/uploads\/sites\/106\/2022\/12\/Plan-i-program-rada-za-2023..pdf\">Plan i program rada za 2023.<\/a><\/p>\n<p><a href=\"http:\/\/knjiznice.nsk.hr\/hrvatskisastanak1888\/wp-content\/uploads\/sites\/106\/2023\/12\/Financijski-plan-2023..pdf\">Financijski plan 2023.<\/a><\/p>\n<p><a href=\"http:\/\/knjiznice.nsk.hr\/hrvatskisastanak1888\/wp-content\/uploads\/sites\/106\/2023\/12\/Financijski-plan-knjiznice-2023-2025_obrazlozenje.pdf\">Financijski plan knji\u017enice 2023-2025_obrazlo\u017eenje<\/a><\/p>\n<p><a href=\"http:\/\/knjiznice.nsk.hr\/hrvatskisastanak1888\/wp-content\/uploads\/sites\/106\/2023\/12\/Biljeske-uz-financijske-izvjestaje_01.01.2022.-30.09.2022.-1.doc\">Bilje\u0161ke uz financijske izvje\u0161taje_01.01.2022.-30.09.2022.<\/a><\/p>\n<p><a href=\"http:\/\/knjiznice.nsk.hr\/hrvatskisastanak1888\/wp-content\/uploads\/sites\/106\/2023\/12\/9mj.pdf\">Devetomjese\u010dni financijski izvje\u0161taj_01.01.2022.-30.09.2022.<\/a><\/p>\n<p><a href=\"http:\/\/knjiznice.nsk.hr\/hrvatskisastanak1888\/wp-content\/uploads\/sites\/106\/2022\/07\/Opcinska-Knjiznica-Selca-06-2022-2.pdf\">Polugodi\u0161nji financijski izvje\u0161taj_01.01.2022.-30.06.2022.<\/a><\/p>\n<p><a href=\"http:\/\/knjiznice.nsk.hr\/hrvatskisastanak1888\/wp-content\/uploads\/sites\/106\/2022\/07\/Biljeske.pdf\">Bilje\u0161ke uz financijske izvje\u0161taje_01.01.2022.-30.06.2022.<\/a><\/p>\n<p><a href=\"http:\/\/knjiznice.nsk.hr\/hrvatskisastanak1888\/wp-content\/uploads\/sites\/106\/2022\/04\/Tromjesecni-financijski-izvjestaj_1.1.2022.-31.3.2022..pdf\">Tromjese\u010dni financijski izvje\u0161taj_1.1.2022.-31.3.2022.<\/a><\/p>\n<p><a href=\"http:\/\/knjiznice.nsk.hr\/hrvatskisastanak1888\/wp-content\/uploads\/sites\/106\/2022\/01\/BILJESKE-OK-SELCA-12-2021.pdf\">Bilje\u0161ke uz financijske izvje\u0161taje_2021.<\/a><\/p>\n<p><a href=\"http:\/\/knjiznice.nsk.hr\/hrvatskisastanak1888\/wp-content\/uploads\/sites\/106\/2022\/01\/OK-SELCA-31.12.2021.-1.pdf\">Godi\u0161nji financijski izvje\u0161taj_2021.<\/a><\/p>\n<p><a href=\"http:\/\/knjiznice.nsk.hr\/hrvatskisastanak1888\/wp-content\/uploads\/sites\/106\/2022\/01\/Izvjestaj-o-radu_2021.pdf\">Izvje\u0161taj o radu za 2021.<\/a><\/p>\n<p>&nbsp;<\/p>\n","protected":false},"excerpt":{"rendered":"<p>Plan i program rada za 2023. Financijski plan 2023. Financijski plan knji\u017enice 2023-2025_obrazlo\u017eenje Bilje\u0161ke uz financijske izvje\u0161taje_01.01.2022.-30.09.2022. Devetomjese\u010dni financijski izvje\u0161taj_01.01.2022.-30.09.2022. Polugodi\u0161nji financijski izvje\u0161taj_01.01.2022.-30.06.2022. Bilje\u0161ke uz financijske izvje\u0161taje_01.01.2022.-30.06.2022. Tromjese\u010dni financijski izvje\u0161taj_1.1.2022.-31.3.2022. Bilje\u0161ke uz financijske izvje\u0161taje_2021. Godi\u0161nji financijski izvje\u0161taj_2021. Izvje\u0161taj o radu za 2021. &nbsp;<\/p>\n","protected":false},"author":166,"featured_media":0,"parent":0,"menu_order":0,"comment_status":"closed","ping_status":"closed","template":"","meta":{"ngg_post_thumbnail":0},"yoast_head":"<!-- This site is optimized with the Yoast SEO plugin v16.4 - https:\/\/yoast.com\/wordpress\/plugins\/seo\/ -->\n<meta name=\"robots\" content=\"index, follow, max-snippet:-1, max-image-preview:large, max-video-preview:-1\" \/>\n<link rel=\"canonical\" href=\"http:\/\/knjiznice.nsk.hr\/hrvatskisastanak1888\/2022-2\/\" \/>\n<meta property=\"og:locale\" content=\"hr_HR\" \/>\n<meta property=\"og:type\" content=\"article\" \/>\n<meta property=\"og:title\" content=\"2022. - Op\u0107inska knji\u017enica &quot;Hrvatski sastanak 1888.&quot;\" \/>\n<meta property=\"og:description\" content=\"Plan i program rada za 2023. Financijski plan 2023. Financijski plan knji\u017enice 2023-2025_obrazlo\u017eenje Bilje\u0161ke uz financijske izvje\u0161taje_01.01.2022.-30.09.2022. Devetomjese\u010dni financijski izvje\u0161taj_01.01.2022.-30.09.2022. Polugodi\u0161nji financijski izvje\u0161taj_01.01.2022.-30.06.2022. Bilje\u0161ke uz financijske izvje\u0161taje_01.01.2022.-30.06.2022. Tromjese\u010dni financijski izvje\u0161taj_1.1.2022.-31.3.2022. Bilje\u0161ke uz financijske izvje\u0161taje_2021. Godi\u0161nji financijski izvje\u0161taj_2021. Izvje\u0161taj o radu za 2021. &nbsp;\" \/>\n<meta property=\"og:url\" content=\"http:\/\/knjiznice.nsk.hr\/hrvatskisastanak1888\/2022-2\/\" \/>\n<meta property=\"og:site_name\" content=\"Op\u0107inska knji\u017enica &quot;Hrvatski sastanak 1888.&quot;\" \/>\n<meta property=\"article:modified_time\" content=\"2023-12-29T10:52:35+00:00\" \/>\n<meta name=\"twitter:card\" content=\"summary_large_image\" \/>\n<meta name=\"twitter:label1\" content=\"Procijenjeno vrijeme \u010ditanja\" \/>\n\t<meta name=\"twitter:data1\" content=\"1 minuta\" \/>\n<script type=\"application\/ld+json\" class=\"yoast-schema-graph\">{\"@context\":\"https:\/\/schema.org\",\"@graph\":[{\"@type\":\"WebSite\",\"@id\":\"http:\/\/knjiznice.nsk.hr\/hrvatskisastanak1888\/#website\",\"url\":\"http:\/\/knjiznice.nsk.hr\/hrvatskisastanak1888\/\",\"name\":\"Op\\u0107inska knji\\u017enica &quot;Hrvatski sastanak 1888.&quot;\",\"description\":\"\",\"potentialAction\":[{\"@type\":\"SearchAction\",\"target\":\"http:\/\/knjiznice.nsk.hr\/hrvatskisastanak1888\/?s={search_term_string}\",\"query-input\":\"required name=search_term_string\"}],\"inLanguage\":\"hr\"},{\"@type\":\"WebPage\",\"@id\":\"http:\/\/knjiznice.nsk.hr\/hrvatskisastanak1888\/2022-2\/#webpage\",\"url\":\"http:\/\/knjiznice.nsk.hr\/hrvatskisastanak1888\/2022-2\/\",\"name\":\"2022. - Op\\u0107inska knji\\u017enica &quot;Hrvatski sastanak 1888.&quot;\",\"isPartOf\":{\"@id\":\"http:\/\/knjiznice.nsk.hr\/hrvatskisastanak1888\/#website\"},\"datePublished\":\"2023-12-29T07:51:34+00:00\",\"dateModified\":\"2023-12-29T10:52:35+00:00\",\"breadcrumb\":{\"@id\":\"http:\/\/knjiznice.nsk.hr\/hrvatskisastanak1888\/2022-2\/#breadcrumb\"},\"inLanguage\":\"hr\",\"potentialAction\":[{\"@type\":\"ReadAction\",\"target\":[\"http:\/\/knjiznice.nsk.hr\/hrvatskisastanak1888\/2022-2\/\"]}]},{\"@type\":\"BreadcrumbList\",\"@id\":\"http:\/\/knjiznice.nsk.hr\/hrvatskisastanak1888\/2022-2\/#breadcrumb\",\"itemListElement\":[{\"@type\":\"ListItem\",\"position\":1,\"item\":{\"@type\":\"WebPage\",\"@id\":\"http:\/\/knjiznice.nsk.hr\/hrvatskisastanak1888\/\",\"url\":\"http:\/\/knjiznice.nsk.hr\/hrvatskisastanak1888\/\",\"name\":\"Po\\u010detna stranica\"}},{\"@type\":\"ListItem\",\"position\":2,\"item\":{\"@id\":\"http:\/\/knjiznice.nsk.hr\/hrvatskisastanak1888\/2022-2\/#webpage\"}}]}]}<\/script>\n<!-- \/ Yoast SEO plugin. -->","_links":{"self":[{"href":"http:\/\/knjiznice.nsk.hr\/hrvatskisastanak1888\/wp-json\/wp\/v2\/pages\/1078"}],"collection":[{"href":"http:\/\/knjiznice.nsk.hr\/hrvatskisastanak1888\/wp-json\/wp\/v2\/pages"}],"about":[{"href":"http:\/\/knjiznice.nsk.hr\/hrvatskisastanak1888\/wp-json\/wp\/v2\/types\/page"}],"author":[{"embeddable":true,"href":"http:\/\/knjiznice.nsk.hr\/hrvatskisastanak1888\/wp-json\/wp\/v2\/users\/166"}],"replies":[{"embeddable":true,"href":"http:\/\/knjiznice.nsk.hr\/hrvatskisastanak1888\/wp-json\/wp\/v2\/comments?post=1078"}],"version-history":[{"count":9,"href":"http:\/\/knjiznice.nsk.hr\/hrvatskisastanak1888\/wp-json\/wp\/v2\/pages\/1078\/revisions"}],"predecessor-version":[{"id":1168,"href":"http:\/\/knjiznice.nsk.hr\/hrvatskisastanak1888\/wp-json\/wp\/v2\/pages\/1078\/revisions\/1168"}],"wp:attachment":[{"href":"http:\/\/knjiznice.nsk.hr\/hrvatskisastanak1888\/wp-json\/wp\/v2\/media?parent=1078"}],"curies":[{"name":"wp","href":"https:\/\/api.w.org\/{rel}","templated":true}]}}