{"id":1077,"date":"2023-12-29T08:51:34","date_gmt":"2023-12-29T07:51:34","guid":{"rendered":"http:\/\/knjiznice.nsk.hr\/hrvatskisastanak1888\/?page_id=1077"},"modified":"2025-02-18T13:32:45","modified_gmt":"2025-02-18T12:32:45","slug":"2023-2","status":"publish","type":"page","link":"http:\/\/knjiznice.nsk.hr\/hrvatskisastanak1888\/2023-2\/","title":{"rendered":"2023."},"content":{"rendered":"<p><a href=\"http:\/\/knjiznice.nsk.hr\/hrvatskisastanak1888\/wp-content\/uploads\/sites\/106\/2023\/12\/Plan-i-program-rada-za-2024...pdf\">Plan i program rada za 2024..<\/a><\/p>\n<p><a href=\"http:\/\/knjiznice.nsk.hr\/hrvatskisastanak1888\/wp-content\/uploads\/sites\/106\/2023\/11\/Financijski-plan-knjiznice-2024-2026_obrazlozenje.pdf\">Financijski plan knji\u017enice 2024-2026_obrazlo\u017eenje<\/a><\/p>\n<p><a href=\"http:\/\/knjiznice.nsk.hr\/hrvatskisastanak1888\/wp-content\/uploads\/sites\/106\/2023\/11\/Financijski-plan-2024.pdf\">Financijski plan 2024<\/a><\/p>\n<p><a href=\"http:\/\/knjiznice.nsk.hr\/hrvatskisastanak1888\/wp-content\/uploads\/sites\/106\/2023\/10\/OK-SELCA-30.09.2023..pdf\">Devetomjese\u010dni financijski izvje\u0161taj_01.01.2023.-30.09.2023.<\/a><\/p>\n<p><a href=\"http:\/\/knjiznice.nsk.hr\/hrvatskisastanak1888\/wp-content\/uploads\/sites\/106\/2023\/07\/Biljeske-uz-financijske-izvjestaje_01.01.2023.-30.09.2023.-1.pdf\">Bilje\u0161ke uz financijske izvje\u0161taje_01.01.2023.-30.09.2023.<\/a><\/p>\n<p><a href=\"http:\/\/knjiznice.nsk.hr\/hrvatskisastanak1888\/wp-content\/uploads\/sites\/106\/2023\/07\/Polugodisnji-financijski-izvjestaj_01.01.2023.-30.06.2023.-1.pdf\">Polugodi\u0161nji financijski izvje\u0161taj_01.01.2023.-30.06.2023.<\/a><\/p>\n<p><a href=\"http:\/\/knjiznice.nsk.hr\/hrvatskisastanak1888\/wp-content\/uploads\/sites\/106\/2023\/04\/Tromjesecni-financijski-izvjestaj_1.1.2023.-31.3.2023..pdf\">Tromjese\u010dni financijski izvje\u0161taj_1.1.2023.-31.3.2023.<\/a><\/p>\n<p><a href=\"http:\/\/knjiznice.nsk.hr\/hrvatskisastanak1888\/wp-content\/uploads\/sites\/106\/2023\/01\/OK-SELCA-31.12.2022..pdf\">Godi\u0161nji financijski izvje\u0161taj_2022.<\/a><\/p>\n<p><a href=\"http:\/\/knjiznice.nsk.hr\/hrvatskisastanak1888\/wp-content\/uploads\/sites\/106\/2023\/01\/BILJESKE-uz-fin.-izvj.-31.12.2022..doc\">Bilje\u0161ke uz financijske izvje\u0161taje_2022.<\/a><\/p>\n<p><a href=\"http:\/\/knjiznice.nsk.hr\/hrvatskisastanak1888\/wp-content\/uploads\/sites\/106\/2023\/01\/Izvjestaj-o-radu_2022.pdf\">Izvje\u0161taj o radu_2022.<\/a><\/p>\n<p><a href=\"http:\/\/knjiznice.nsk.hr\/hrvatskisastanak1888\/wp-content\/uploads\/sites\/106\/2025\/02\/Smjernice-za-izgradnju-i-upravljanje-knjiznicnim-fondom-NKSupetar.pdf\">Smjernice za izgradnju i upravljanje knji\u017eni\u010dnim fondom<\/a><\/p>\n","protected":false},"excerpt":{"rendered":"<p>Plan i program rada za 2024.. Financijski plan knji\u017enice 2024-2026_obrazlo\u017eenje Financijski plan 2024 Devetomjese\u010dni financijski izvje\u0161taj_01.01.2023.-30.09.2023. Bilje\u0161ke uz financijske izvje\u0161taje_01.01.2023.-30.09.2023. Polugodi\u0161nji financijski izvje\u0161taj_01.01.2023.-30.06.2023. Tromjese\u010dni financijski izvje\u0161taj_1.1.2023.-31.3.2023. Godi\u0161nji financijski izvje\u0161taj_2022. Bilje\u0161ke uz financijske izvje\u0161taje_2022. Izvje\u0161taj o radu_2022. Smjernice za izgradnju i upravljanje knji\u017eni\u010dnim fondom<\/p>\n","protected":false},"author":166,"featured_media":0,"parent":0,"menu_order":0,"comment_status":"closed","ping_status":"closed","template":"","meta":{"ngg_post_thumbnail":0},"yoast_head":"<!-- This site is optimized with the Yoast SEO plugin v16.4 - https:\/\/yoast.com\/wordpress\/plugins\/seo\/ -->\n<meta name=\"robots\" content=\"index, follow, max-snippet:-1, max-image-preview:large, max-video-preview:-1\" \/>\n<link rel=\"canonical\" href=\"http:\/\/knjiznice.nsk.hr\/hrvatskisastanak1888\/2023-2\/\" \/>\n<meta property=\"og:locale\" content=\"hr_HR\" \/>\n<meta property=\"og:type\" content=\"article\" \/>\n<meta property=\"og:title\" content=\"2023. - Op\u0107inska knji\u017enica &quot;Hrvatski sastanak 1888.&quot;\" \/>\n<meta property=\"og:description\" content=\"Plan i program rada za 2024.. Financijski plan knji\u017enice 2024-2026_obrazlo\u017eenje Financijski plan 2024 Devetomjese\u010dni financijski izvje\u0161taj_01.01.2023.-30.09.2023. Bilje\u0161ke uz financijske izvje\u0161taje_01.01.2023.-30.09.2023. Polugodi\u0161nji financijski izvje\u0161taj_01.01.2023.-30.06.2023. Tromjese\u010dni financijski izvje\u0161taj_1.1.2023.-31.3.2023. Godi\u0161nji financijski izvje\u0161taj_2022. Bilje\u0161ke uz financijske izvje\u0161taje_2022. Izvje\u0161taj o radu_2022. Smjernice za izgradnju i upravljanje knji\u017eni\u010dnim fondom\" \/>\n<meta property=\"og:url\" content=\"http:\/\/knjiznice.nsk.hr\/hrvatskisastanak1888\/2023-2\/\" \/>\n<meta property=\"og:site_name\" content=\"Op\u0107inska knji\u017enica &quot;Hrvatski sastanak 1888.&quot;\" \/>\n<meta property=\"article:modified_time\" content=\"2025-02-18T12:32:45+00:00\" \/>\n<meta name=\"twitter:card\" content=\"summary_large_image\" \/>\n<meta name=\"twitter:label1\" content=\"Procijenjeno vrijeme \u010ditanja\" \/>\n\t<meta name=\"twitter:data1\" content=\"1 minuta\" \/>\n<script type=\"application\/ld+json\" class=\"yoast-schema-graph\">{\"@context\":\"https:\/\/schema.org\",\"@graph\":[{\"@type\":\"WebSite\",\"@id\":\"http:\/\/knjiznice.nsk.hr\/hrvatskisastanak1888\/#website\",\"url\":\"http:\/\/knjiznice.nsk.hr\/hrvatskisastanak1888\/\",\"name\":\"Op\\u0107inska knji\\u017enica &quot;Hrvatski sastanak 1888.&quot;\",\"description\":\"\",\"potentialAction\":[{\"@type\":\"SearchAction\",\"target\":\"http:\/\/knjiznice.nsk.hr\/hrvatskisastanak1888\/?s={search_term_string}\",\"query-input\":\"required name=search_term_string\"}],\"inLanguage\":\"hr\"},{\"@type\":\"WebPage\",\"@id\":\"http:\/\/knjiznice.nsk.hr\/hrvatskisastanak1888\/2023-2\/#webpage\",\"url\":\"http:\/\/knjiznice.nsk.hr\/hrvatskisastanak1888\/2023-2\/\",\"name\":\"2023. - Op\\u0107inska knji\\u017enica &quot;Hrvatski sastanak 1888.&quot;\",\"isPartOf\":{\"@id\":\"http:\/\/knjiznice.nsk.hr\/hrvatskisastanak1888\/#website\"},\"datePublished\":\"2023-12-29T07:51:34+00:00\",\"dateModified\":\"2025-02-18T12:32:45+00:00\",\"breadcrumb\":{\"@id\":\"http:\/\/knjiznice.nsk.hr\/hrvatskisastanak1888\/2023-2\/#breadcrumb\"},\"inLanguage\":\"hr\",\"potentialAction\":[{\"@type\":\"ReadAction\",\"target\":[\"http:\/\/knjiznice.nsk.hr\/hrvatskisastanak1888\/2023-2\/\"]}]},{\"@type\":\"BreadcrumbList\",\"@id\":\"http:\/\/knjiznice.nsk.hr\/hrvatskisastanak1888\/2023-2\/#breadcrumb\",\"itemListElement\":[{\"@type\":\"ListItem\",\"position\":1,\"item\":{\"@type\":\"WebPage\",\"@id\":\"http:\/\/knjiznice.nsk.hr\/hrvatskisastanak1888\/\",\"url\":\"http:\/\/knjiznice.nsk.hr\/hrvatskisastanak1888\/\",\"name\":\"Po\\u010detna stranica\"}},{\"@type\":\"ListItem\",\"position\":2,\"item\":{\"@id\":\"http:\/\/knjiznice.nsk.hr\/hrvatskisastanak1888\/2023-2\/#webpage\"}}]}]}<\/script>\n<!-- \/ Yoast SEO plugin. -->","_links":{"self":[{"href":"http:\/\/knjiznice.nsk.hr\/hrvatskisastanak1888\/wp-json\/wp\/v2\/pages\/1077"}],"collection":[{"href":"http:\/\/knjiznice.nsk.hr\/hrvatskisastanak1888\/wp-json\/wp\/v2\/pages"}],"about":[{"href":"http:\/\/knjiznice.nsk.hr\/hrvatskisastanak1888\/wp-json\/wp\/v2\/types\/page"}],"author":[{"embeddable":true,"href":"http:\/\/knjiznice.nsk.hr\/hrvatskisastanak1888\/wp-json\/wp\/v2\/users\/166"}],"replies":[{"embeddable":true,"href":"http:\/\/knjiznice.nsk.hr\/hrvatskisastanak1888\/wp-json\/wp\/v2\/comments?post=1077"}],"version-history":[{"count":13,"href":"http:\/\/knjiznice.nsk.hr\/hrvatskisastanak1888\/wp-json\/wp\/v2\/pages\/1077\/revisions"}],"predecessor-version":[{"id":1358,"href":"http:\/\/knjiznice.nsk.hr\/hrvatskisastanak1888\/wp-json\/wp\/v2\/pages\/1077\/revisions\/1358"}],"wp:attachment":[{"href":"http:\/\/knjiznice.nsk.hr\/hrvatskisastanak1888\/wp-json\/wp\/v2\/media?parent=1077"}],"curies":[{"name":"wp","href":"https:\/\/api.w.org\/{rel}","templated":true}]}}