{"id":1076,"date":"2023-12-29T08:51:34","date_gmt":"2023-12-29T07:51:34","guid":{"rendered":"http:\/\/knjiznice.nsk.hr\/hrvatskisastanak1888\/?page_id=1076"},"modified":"2025-02-18T13:35:38","modified_gmt":"2025-02-18T12:35:38","slug":"2024-2","status":"publish","type":"page","link":"http:\/\/knjiznice.nsk.hr\/hrvatskisastanak1888\/2024-2\/","title":{"rendered":"2024."},"content":{"rendered":"<p><a href=\"http:\/\/knjiznice.nsk.hr\/hrvatskisastanak1888\/wp-content\/uploads\/sites\/106\/2025\/02\/Plan-nabave-za-knjiznicnu-gradju-2025.pdf\">Plan nabave knji\u017eni\u010dne gra\u0111e_2025.<\/a><\/p>\n<p><a href=\"http:\/\/knjiznice.nsk.hr\/hrvatskisastanak1888\/wp-content\/uploads\/sites\/106\/2024\/12\/Plan-i-program_2025.pdf\">Plan i program rada za 2025.<\/a><\/p>\n<p><a href=\"http:\/\/knjiznice.nsk.hr\/hrvatskisastanak1888\/wp-content\/uploads\/sites\/106\/2024\/12\/F.plan_.pdf\">Financijski plan knji\u017enice 2025-2027_obrazlo\u017eenje<\/a><\/p>\n<p><a href=\"http:\/\/knjiznice.nsk.hr\/hrvatskisastanak1888\/wp-content\/uploads\/sites\/106\/2024\/12\/Financijski-plan_2025..pdf\">Financijski plan 2025.<\/a><\/p>\n<p><a href=\"http:\/\/knjiznice.nsk.hr\/hrvatskisastanak1888\/wp-content\/uploads\/sites\/106\/2024\/10\/OK-SELCA-09-2024.pdf\">Devetomjese\u010dni financijski izvje\u0161taj_01.01.2024.-30.09.2024.<\/a><\/p>\n<p><a href=\"http:\/\/knjiznice.nsk.hr\/hrvatskisastanak1888\/wp-content\/uploads\/sites\/106\/2024\/09\/OK-SELCA-izvrsenje-30.06.2024..pdf\">Izvr\u0161enje financijskog plana_30.06.2024.<\/a><\/p>\n<p><a href=\"http:\/\/knjiznice.nsk.hr\/hrvatskisastanak1888\/wp-content\/uploads\/sites\/106\/2024\/07\/Polugodisnji-financijski-izvjestaj_01.01.2024.-30.06.2024..pdf\">Polugodi\u0161nji financijski izvje\u0161taj_01.01.2024.-30.06.2024.<\/a><\/p>\n<p><a href=\"http:\/\/knjiznice.nsk.hr\/hrvatskisastanak1888\/wp-content\/uploads\/sites\/106\/2024\/07\/Biljeske-uz-financijske-izvjestaje_01.01.2024.-30.06.2024..pdf\">Bilje\u0161ke uz financijske izvje\u0161taje_01.01.2024.-30.06.2024.<\/a><\/p>\n<p><a href=\"http:\/\/knjiznice.nsk.hr\/hrvatskisastanak1888\/wp-content\/uploads\/sites\/106\/2024\/04\/izvrsenje-31.12.2023.pdf\">Izvr\u0161enje financijskog plana 2023.<\/a><\/p>\n<p><a href=\"http:\/\/knjiznice.nsk.hr\/hrvatskisastanak1888\/wp-content\/uploads\/sites\/106\/2024\/04\/OK-SELCA-31.03.2024..pdf\">Tromjese\u010dni financijski izvje\u0161taj_1.1.2024.-31.3.2024.<\/a><\/p>\n<p><a href=\"http:\/\/knjiznice.nsk.hr\/hrvatskisastanak1888\/wp-content\/uploads\/sites\/106\/2024\/01\/Godisnji-financijski-izvjestaj_2023..pdf\">Godi\u0161nji financijski izvje\u0161taj_2023.<\/a><\/p>\n<p><a href=\"http:\/\/knjiznice.nsk.hr\/hrvatskisastanak1888\/wp-content\/uploads\/sites\/106\/2024\/01\/Biljeske-uz-financijske-izvjestaje_2023..pdf\">Bilje\u0161ke uz financijske izvje\u0161taje_2023.<\/a><\/p>\n<p><a href=\"http:\/\/knjiznice.nsk.hr\/hrvatskisastanak1888\/wp-content\/uploads\/sites\/106\/2024\/01\/Izvjestaj-o-radu_compressed.pdf\">Izvje\u0161taj o radu_2023.<\/a><\/p>\n","protected":false},"excerpt":{"rendered":"<p>Plan nabave knji\u017eni\u010dne gra\u0111e_2025. Plan i program rada za 2025. Financijski plan knji\u017enice 2025-2027_obrazlo\u017eenje Financijski plan 2025. Devetomjese\u010dni financijski izvje\u0161taj_01.01.2024.-30.09.2024. Izvr\u0161enje financijskog plana_30.06.2024. Polugodi\u0161nji financijski izvje\u0161taj_01.01.2024.-30.06.2024. Bilje\u0161ke uz financijske izvje\u0161taje_01.01.2024.-30.06.2024. Izvr\u0161enje financijskog plana 2023. Tromjese\u010dni financijski izvje\u0161taj_1.1.2024.-31.3.2024. Godi\u0161nji financijski izvje\u0161taj_2023. Bilje\u0161ke uz financijske izvje\u0161taje_2023. Izvje\u0161taj o radu_2023.<\/p>\n","protected":false},"author":166,"featured_media":0,"parent":0,"menu_order":0,"comment_status":"closed","ping_status":"closed","template":"","meta":{"ngg_post_thumbnail":0},"yoast_head":"<!-- This site is optimized with the Yoast SEO plugin v16.4 - https:\/\/yoast.com\/wordpress\/plugins\/seo\/ -->\n<meta name=\"robots\" content=\"index, follow, max-snippet:-1, max-image-preview:large, max-video-preview:-1\" \/>\n<link rel=\"canonical\" href=\"http:\/\/knjiznice.nsk.hr\/hrvatskisastanak1888\/2024-2\/\" \/>\n<meta property=\"og:locale\" content=\"hr_HR\" \/>\n<meta property=\"og:type\" content=\"article\" \/>\n<meta property=\"og:title\" content=\"2024. - Op\u0107inska knji\u017enica &quot;Hrvatski sastanak 1888.&quot;\" \/>\n<meta property=\"og:description\" content=\"Plan nabave knji\u017eni\u010dne gra\u0111e_2025. Plan i program rada za 2025. Financijski plan knji\u017enice 2025-2027_obrazlo\u017eenje Financijski plan 2025. Devetomjese\u010dni financijski izvje\u0161taj_01.01.2024.-30.09.2024. Izvr\u0161enje financijskog plana_30.06.2024. Polugodi\u0161nji financijski izvje\u0161taj_01.01.2024.-30.06.2024. Bilje\u0161ke uz financijske izvje\u0161taje_01.01.2024.-30.06.2024. Izvr\u0161enje financijskog plana 2023. Tromjese\u010dni financijski izvje\u0161taj_1.1.2024.-31.3.2024. Godi\u0161nji financijski izvje\u0161taj_2023. Bilje\u0161ke uz financijske izvje\u0161taje_2023. Izvje\u0161taj o radu_2023.\" \/>\n<meta property=\"og:url\" content=\"http:\/\/knjiznice.nsk.hr\/hrvatskisastanak1888\/2024-2\/\" \/>\n<meta property=\"og:site_name\" content=\"Op\u0107inska knji\u017enica &quot;Hrvatski sastanak 1888.&quot;\" \/>\n<meta property=\"article:modified_time\" content=\"2025-02-18T12:35:38+00:00\" \/>\n<meta name=\"twitter:card\" content=\"summary_large_image\" \/>\n<meta name=\"twitter:label1\" content=\"Procijenjeno vrijeme \u010ditanja\" \/>\n\t<meta name=\"twitter:data1\" content=\"1 minuta\" \/>\n<script type=\"application\/ld+json\" class=\"yoast-schema-graph\">{\"@context\":\"https:\/\/schema.org\",\"@graph\":[{\"@type\":\"WebSite\",\"@id\":\"http:\/\/knjiznice.nsk.hr\/hrvatskisastanak1888\/#website\",\"url\":\"http:\/\/knjiznice.nsk.hr\/hrvatskisastanak1888\/\",\"name\":\"Op\\u0107inska knji\\u017enica &quot;Hrvatski sastanak 1888.&quot;\",\"description\":\"\",\"potentialAction\":[{\"@type\":\"SearchAction\",\"target\":\"http:\/\/knjiznice.nsk.hr\/hrvatskisastanak1888\/?s={search_term_string}\",\"query-input\":\"required name=search_term_string\"}],\"inLanguage\":\"hr\"},{\"@type\":\"WebPage\",\"@id\":\"http:\/\/knjiznice.nsk.hr\/hrvatskisastanak1888\/2024-2\/#webpage\",\"url\":\"http:\/\/knjiznice.nsk.hr\/hrvatskisastanak1888\/2024-2\/\",\"name\":\"2024. - Op\\u0107inska knji\\u017enica &quot;Hrvatski sastanak 1888.&quot;\",\"isPartOf\":{\"@id\":\"http:\/\/knjiznice.nsk.hr\/hrvatskisastanak1888\/#website\"},\"datePublished\":\"2023-12-29T07:51:34+00:00\",\"dateModified\":\"2025-02-18T12:35:38+00:00\",\"breadcrumb\":{\"@id\":\"http:\/\/knjiznice.nsk.hr\/hrvatskisastanak1888\/2024-2\/#breadcrumb\"},\"inLanguage\":\"hr\",\"potentialAction\":[{\"@type\":\"ReadAction\",\"target\":[\"http:\/\/knjiznice.nsk.hr\/hrvatskisastanak1888\/2024-2\/\"]}]},{\"@type\":\"BreadcrumbList\",\"@id\":\"http:\/\/knjiznice.nsk.hr\/hrvatskisastanak1888\/2024-2\/#breadcrumb\",\"itemListElement\":[{\"@type\":\"ListItem\",\"position\":1,\"item\":{\"@type\":\"WebPage\",\"@id\":\"http:\/\/knjiznice.nsk.hr\/hrvatskisastanak1888\/\",\"url\":\"http:\/\/knjiznice.nsk.hr\/hrvatskisastanak1888\/\",\"name\":\"Po\\u010detna stranica\"}},{\"@type\":\"ListItem\",\"position\":2,\"item\":{\"@id\":\"http:\/\/knjiznice.nsk.hr\/hrvatskisastanak1888\/2024-2\/#webpage\"}}]}]}<\/script>\n<!-- \/ Yoast SEO plugin. -->","_links":{"self":[{"href":"http:\/\/knjiznice.nsk.hr\/hrvatskisastanak1888\/wp-json\/wp\/v2\/pages\/1076"}],"collection":[{"href":"http:\/\/knjiznice.nsk.hr\/hrvatskisastanak1888\/wp-json\/wp\/v2\/pages"}],"about":[{"href":"http:\/\/knjiznice.nsk.hr\/hrvatskisastanak1888\/wp-json\/wp\/v2\/types\/page"}],"author":[{"embeddable":true,"href":"http:\/\/knjiznice.nsk.hr\/hrvatskisastanak1888\/wp-json\/wp\/v2\/users\/166"}],"replies":[{"embeddable":true,"href":"http:\/\/knjiznice.nsk.hr\/hrvatskisastanak1888\/wp-json\/wp\/v2\/comments?post=1076"}],"version-history":[{"count":21,"href":"http:\/\/knjiznice.nsk.hr\/hrvatskisastanak1888\/wp-json\/wp\/v2\/pages\/1076\/revisions"}],"predecessor-version":[{"id":1361,"href":"http:\/\/knjiznice.nsk.hr\/hrvatskisastanak1888\/wp-json\/wp\/v2\/pages\/1076\/revisions\/1361"}],"wp:attachment":[{"href":"http:\/\/knjiznice.nsk.hr\/hrvatskisastanak1888\/wp-json\/wp\/v2\/media?parent=1076"}],"curies":[{"name":"wp","href":"https:\/\/api.w.org\/{rel}","templated":true}]}}