{"id":106,"date":"2020-07-28T10:20:23","date_gmt":"2020-07-28T08:20:23","guid":{"rendered":"http:\/\/knjiznice.nsk.hr\/hrvatskisastanak1888\/?page_id=106"},"modified":"2022-12-12T15:41:34","modified_gmt":"2022-12-12T14:41:34","slug":"vodic-za-korisnike","status":"publish","type":"page","link":"http:\/\/knjiznice.nsk.hr\/hrvatskisastanak1888\/vodic-za-korisnike\/","title":{"rendered":"VODI\u010c ZA KORISNIKE"},"content":{"rendered":"<p><a href=\"http:\/\/knjiznice.nsk.hr\/hrvatskisastanak1888\/vodic-za-korisnike\/books\/\" rel=\"attachment wp-att-170\"><img loading=\"lazy\" class=\"alignnone size-medium wp-image-170\" src=\"http:\/\/knjiznice.nsk.hr\/hrvatskisastanak1888\/wp-content\/uploads\/sites\/106\/2020\/07\/books-300x169.jpg\" alt=\"\" width=\"300\" height=\"169\" srcset=\"http:\/\/knjiznice.nsk.hr\/hrvatskisastanak1888\/wp-content\/uploads\/sites\/106\/2020\/07\/books-300x169.jpg 300w, http:\/\/knjiznice.nsk.hr\/hrvatskisastanak1888\/wp-content\/uploads\/sites\/106\/2020\/07\/books-1024x576.jpg 1024w, http:\/\/knjiznice.nsk.hr\/hrvatskisastanak1888\/wp-content\/uploads\/sites\/106\/2020\/07\/books-768x432.jpg 768w, http:\/\/knjiznice.nsk.hr\/hrvatskisastanak1888\/wp-content\/uploads\/sites\/106\/2020\/07\/books-600x338.jpg 600w, http:\/\/knjiznice.nsk.hr\/hrvatskisastanak1888\/wp-content\/uploads\/sites\/106\/2020\/07\/books-624x351.jpg 624w, http:\/\/knjiznice.nsk.hr\/hrvatskisastanak1888\/wp-content\/uploads\/sites\/106\/2020\/07\/books.jpg 1280w\" sizes=\"(max-width: 300px) 100vw, 300px\" \/><\/a><\/p>\n<h3>Knji\u017enica pru\u017ea korisnicima sljede\u0107e programe i usluge:<\/h3>\n<ul>\n<li>posudba knji\u017eni\u010dne gra\u0111e iz svog fonda<\/li>\n<li>kori\u0161tenje studijske \u010ditaonice<\/li>\n<li>pristup internetu<\/li>\n<li>informacijsko pretra\u017eivanje:<\/li>\n<\/ul>\n<p>&nbsp;-iz fonda Knji\u017enice i knji\u017enica u sustavu Metel<\/p>\n<p>&nbsp;-bibliografska pretra\u017eivanja<\/p>\n<p>&nbsp;-internetska pretra\u017eivanja<\/p>\n<ul>\n<li>edukacija korisnika o metodama i tehnikama kori\u0161tenja knji\u017eni\u010dnih izvora<\/li>\n<li>uporaba ra\u010dunala za pisanje, skeniranje, ispis dokumenata i sl.<\/li>\n<li>fotokopiranje knji\u017eni\u010dne gra\u0111e<\/li>\n<\/ul>\n<p>&nbsp;<\/p>\n<h3>Pravila posudbe:<\/h3>\n<ul>\n<li>Knji\u017eni\u010dna gra\u0111a daje se na posudbu izvan Knji\u017enice ili na kori\u0161tenje u Knji\u017enici<\/li>\n<li>Knji\u017eni\u010dnu gra\u0111u smiju posu\u0111ivati samo \u010dlanovi knji\u017enice. Ostali zainteresirani mogu koristiti gra\u0111u samo u prostorijama Knji\u017enice<\/li>\n<li>Gra\u0111a koja se nalazi u okvirima referentne zbirke i zbirke rara koriste se samo u prostorijama Knji\u017enice<\/li>\n<li>Svaki \u010dlan knji\u017enice mo\u017ee posuditi pet jedinica knji\u017eni\u010dne gra\u0111e<\/li>\n<li>Rok za posudbu knji\u017ene gra\u0111e je 21 dan, a za neknji\u017enu gra\u0111u i opremu 5 dana<\/li>\n<li>Za stru\u010dni rad, na pisanu zamolbu, a uz dopu\u0161tenje ravnatelja\/-ice knji\u017enice, mo\u017ee se posuditi vi\u0161e knjiga<\/li>\n<li>Nakon isteka roka posudbe \u010dlan Knji\u017enice mo\u017ee produ\u017eiti jedinicu gra\u0111e jo\u0161 dva puta po 21 dan, ra\u010dunaju\u0107i od dana prve posudbe<\/li>\n<li>Produljenje se obavlja osobno, telefonom ili elektroni\u010dkom po\u0161tom<\/li>\n<li>Rok posudbe za knjige \u010diji je rok vra\u0107anja istekao, mo\u017ee se produ\u017eiti tek nakon pla\u0107anja zakasnine<\/li>\n<\/ul>\n<p>&nbsp;<\/p>\n<h3>Cjenik usluga:<\/h3>\n<ul>\n<li>Godi\u0161nja \u010dlanarina \/ Mati\u010dni \u010dlan obiteljskog \u010dlanstva: <strong>75,34 kn \/ 10,00 \u20ac<\/strong><\/li>\n<li>Tromjese\u010dna \u010dlanarina: <strong>37,67 kn \/ 5,00 \u20ac<\/strong><\/li>\n<li>Godi\u0161nja \u010dlanarina za umirovljenike i osobe starije od 65 godina: <strong>37,67 kn \/ 5,00 \u20ac<\/strong><\/li>\n<li>Zakasnina po danu po knjizi: <strong>0,75 kn \/ 0,10 \u20ac<\/strong><\/li>\n<li>Pretra\u017eivanje interneta za korisnike koji nisu \u010dlanovi Knji\u017enice \u2013 \u00bd sata: <strong>7,53 kn \/ 1,00 \u20ac<\/strong><\/li>\n<li>Ispis A4 c\/b: <strong>0,75 kn \/ 0,10 \u20ac<\/strong><\/li>\n<li>Ispis A4 boja: <strong>1,51 kn \/ 0,20 \u20ac<\/strong>\n<p>&nbsp;<\/li>\n<\/ul>\n","protected":false},"excerpt":{"rendered":"<p>Knji\u017enica pru\u017ea korisnicima sljede\u0107e programe i usluge: posudba knji\u017eni\u010dne gra\u0111e iz svog fonda kori\u0161tenje studijske \u010ditaonice pristup internetu informacijsko pretra\u017eivanje: &nbsp;-iz fonda Knji\u017enice i knji\u017enica u sustavu Metel &nbsp;-bibliografska pretra\u017eivanja &nbsp;-internetska pretra\u017eivanja edukacija korisnika o metodama i tehnikama kori\u0161tenja knji\u017eni\u010dnih izvora uporaba ra\u010dunala za pisanje, skeniranje, ispis dokumenata i sl. fotokopiranje knji\u017eni\u010dne gra\u0111e &nbsp; Pravila [&hellip;]<\/p>\n","protected":false},"author":166,"featured_media":0,"parent":0,"menu_order":0,"comment_status":"closed","ping_status":"closed","template":"","meta":{"ngg_post_thumbnail":0},"yoast_head":"<!-- This site is optimized with the Yoast SEO plugin v16.4 - https:\/\/yoast.com\/wordpress\/plugins\/seo\/ -->\n<meta name=\"robots\" content=\"index, follow, max-snippet:-1, max-image-preview:large, max-video-preview:-1\" \/>\n<link rel=\"canonical\" href=\"https:\/\/knjiznice.nsk.hr\/hrvatskisastanak1888\/vodic-za-korisnike\/\" \/>\n<meta property=\"og:locale\" content=\"hr_HR\" \/>\n<meta property=\"og:type\" content=\"article\" \/>\n<meta property=\"og:title\" content=\"VODI\u010c ZA KORISNIKE - Op\u0107inska knji\u017enica &quot;Hrvatski sastanak 1888.&quot;\" \/>\n<meta property=\"og:description\" content=\"Knji\u017enica pru\u017ea korisnicima sljede\u0107e programe i usluge: posudba knji\u017eni\u010dne gra\u0111e iz svog fonda kori\u0161tenje studijske \u010ditaonice pristup internetu informacijsko pretra\u017eivanje: &nbsp;-iz fonda Knji\u017enice i knji\u017enica u sustavu Metel &nbsp;-bibliografska pretra\u017eivanja &nbsp;-internetska pretra\u017eivanja edukacija korisnika o metodama i tehnikama kori\u0161tenja knji\u017eni\u010dnih izvora uporaba ra\u010dunala za pisanje, skeniranje, ispis dokumenata i sl. fotokopiranje knji\u017eni\u010dne gra\u0111e &nbsp; Pravila [&hellip;]\" \/>\n<meta property=\"og:url\" content=\"https:\/\/knjiznice.nsk.hr\/hrvatskisastanak1888\/vodic-za-korisnike\/\" \/>\n<meta property=\"og:site_name\" content=\"Op\u0107inska knji\u017enica &quot;Hrvatski sastanak 1888.&quot;\" \/>\n<meta property=\"article:modified_time\" content=\"2022-12-12T14:41:34+00:00\" \/>\n<meta property=\"og:image\" content=\"http:\/\/knjiznice.nsk.hr\/hrvatskisastanak1888\/wp-content\/uploads\/sites\/106\/2020\/07\/books-300x169.jpg\" \/>\n<meta name=\"twitter:card\" content=\"summary_large_image\" \/>\n<meta name=\"twitter:label1\" content=\"Procijenjeno vrijeme \u010ditanja\" \/>\n\t<meta name=\"twitter:data1\" content=\"2 minute\" \/>\n<script type=\"application\/ld+json\" class=\"yoast-schema-graph\">{\"@context\":\"https:\/\/schema.org\",\"@graph\":[{\"@type\":\"WebSite\",\"@id\":\"http:\/\/knjiznice.nsk.hr\/hrvatskisastanak1888\/#website\",\"url\":\"http:\/\/knjiznice.nsk.hr\/hrvatskisastanak1888\/\",\"name\":\"Op\\u0107inska knji\\u017enica &quot;Hrvatski sastanak 1888.&quot;\",\"description\":\"\",\"potentialAction\":[{\"@type\":\"SearchAction\",\"target\":\"http:\/\/knjiznice.nsk.hr\/hrvatskisastanak1888\/?s={search_term_string}\",\"query-input\":\"required name=search_term_string\"}],\"inLanguage\":\"hr\"},{\"@type\":\"ImageObject\",\"@id\":\"https:\/\/knjiznice.nsk.hr\/hrvatskisastanak1888\/vodic-za-korisnike\/#primaryimage\",\"inLanguage\":\"hr\",\"url\":\"http:\/\/knjiznice.nsk.hr\/hrvatskisastanak1888\/wp-content\/uploads\/sites\/106\/2020\/07\/books.jpg\",\"contentUrl\":\"http:\/\/knjiznice.nsk.hr\/hrvatskisastanak1888\/wp-content\/uploads\/sites\/106\/2020\/07\/books.jpg\",\"width\":1280,\"height\":720},{\"@type\":\"WebPage\",\"@id\":\"https:\/\/knjiznice.nsk.hr\/hrvatskisastanak1888\/vodic-za-korisnike\/#webpage\",\"url\":\"https:\/\/knjiznice.nsk.hr\/hrvatskisastanak1888\/vodic-za-korisnike\/\",\"name\":\"VODI\\u010c ZA KORISNIKE - Op\\u0107inska knji\\u017enica &quot;Hrvatski sastanak 1888.&quot;\",\"isPartOf\":{\"@id\":\"http:\/\/knjiznice.nsk.hr\/hrvatskisastanak1888\/#website\"},\"primaryImageOfPage\":{\"@id\":\"https:\/\/knjiznice.nsk.hr\/hrvatskisastanak1888\/vodic-za-korisnike\/#primaryimage\"},\"datePublished\":\"2020-07-28T08:20:23+00:00\",\"dateModified\":\"2022-12-12T14:41:34+00:00\",\"breadcrumb\":{\"@id\":\"https:\/\/knjiznice.nsk.hr\/hrvatskisastanak1888\/vodic-za-korisnike\/#breadcrumb\"},\"inLanguage\":\"hr\",\"potentialAction\":[{\"@type\":\"ReadAction\",\"target\":[\"https:\/\/knjiznice.nsk.hr\/hrvatskisastanak1888\/vodic-za-korisnike\/\"]}]},{\"@type\":\"BreadcrumbList\",\"@id\":\"https:\/\/knjiznice.nsk.hr\/hrvatskisastanak1888\/vodic-za-korisnike\/#breadcrumb\",\"itemListElement\":[{\"@type\":\"ListItem\",\"position\":1,\"item\":{\"@type\":\"WebPage\",\"@id\":\"http:\/\/knjiznice.nsk.hr\/hrvatskisastanak1888\/\",\"url\":\"http:\/\/knjiznice.nsk.hr\/hrvatskisastanak1888\/\",\"name\":\"Po\\u010detna stranica\"}},{\"@type\":\"ListItem\",\"position\":2,\"item\":{\"@id\":\"https:\/\/knjiznice.nsk.hr\/hrvatskisastanak1888\/vodic-za-korisnike\/#webpage\"}}]}]}<\/script>\n<!-- \/ Yoast SEO plugin. -->","_links":{"self":[{"href":"http:\/\/knjiznice.nsk.hr\/hrvatskisastanak1888\/wp-json\/wp\/v2\/pages\/106"}],"collection":[{"href":"http:\/\/knjiznice.nsk.hr\/hrvatskisastanak1888\/wp-json\/wp\/v2\/pages"}],"about":[{"href":"http:\/\/knjiznice.nsk.hr\/hrvatskisastanak1888\/wp-json\/wp\/v2\/types\/page"}],"author":[{"embeddable":true,"href":"http:\/\/knjiznice.nsk.hr\/hrvatskisastanak1888\/wp-json\/wp\/v2\/users\/166"}],"replies":[{"embeddable":true,"href":"http:\/\/knjiznice.nsk.hr\/hrvatskisastanak1888\/wp-json\/wp\/v2\/comments?post=106"}],"version-history":[{"count":11,"href":"http:\/\/knjiznice.nsk.hr\/hrvatskisastanak1888\/wp-json\/wp\/v2\/pages\/106\/revisions"}],"predecessor-version":[{"id":884,"href":"http:\/\/knjiznice.nsk.hr\/hrvatskisastanak1888\/wp-json\/wp\/v2\/pages\/106\/revisions\/884"}],"wp:attachment":[{"href":"http:\/\/knjiznice.nsk.hr\/hrvatskisastanak1888\/wp-json\/wp\/v2\/media?parent=106"}],"curies":[{"name":"wp","href":"https:\/\/api.w.org\/{rel}","templated":true}]}}