{"id":70,"date":"2015-04-23T09:23:45","date_gmt":"2015-04-23T09:23:45","guid":{"rendered":"http:\/\/knjiznice.nsk.hr\/hrvatska-dubica\/?page_id=70"},"modified":"2015-04-23T09:43:16","modified_gmt":"2015-04-23T09:43:16","slug":"galerija","status":"publish","type":"page","link":"http:\/\/knjiznice.nsk.hr\/hrvatska-dubica\/galerija\/","title":{"rendered":"Galerija"},"content":{"rendered":"<p><strong>Doga\u0111aji u na\u0161oj knji\u017enici<\/strong><\/p>\n<p>&nbsp;<\/p>\n<p><!-- index.php -->\n<div\n\tclass=\"ngg-galleryoverview ngg-ajax-pagination-none\"\n\tid=\"ngg-gallery-108-1\">\n\n    \t<div class=\"slideshowlink\">\n        <a href='http:\/\/knjiznice.nsk.hr\/hrvatska-dubica\/galerija\/nggallery\/slideshow'>[Show slideshow]<\/a>\n\t\t\n\t<\/div>\n\t\t\t<!-- Thumbnails -->\n\t\t\t\t<div id=\"ngg-image-0\" class=\"ngg-gallery-thumbnail-box\" >\n\t\t\t\t        <div class=\"ngg-gallery-thumbnail\">\n            <a href=\"http:\/\/knjiznice.nsk.hr\/hrvatska-dubica\/wp-content\/uploads\/sites\/55\/nggallery\/dogadaji-u-nasoj-knjiznici\/P1010375.JPG\"\n               title=\"Doga\u0111aji u na\u0161oj knji\u017enici\"\n               data-src=\"http:\/\/knjiznice.nsk.hr\/hrvatska-dubica\/wp-content\/uploads\/sites\/55\/nggallery\/dogadaji-u-nasoj-knjiznici\/P1010375.JPG\"\n               data-thumbnail=\"http:\/\/knjiznice.nsk.hr\/hrvatska-dubica\/wp-content\/uploads\/sites\/55\/nggallery\/dogadaji-u-nasoj-knjiznici\/thumbs\/thumbs_P1010375.JPG\"\n               data-image-id=\"10\"\n               data-title=\"Doga\u0111aji u na\u0161oj knji\u017enici\"\n               data-description=\"Doga\u0111aji u na\u0161oj knji\u017enici\"\n               data-image-slug=\"p1010375\"\n               class=\"ngg-fancybox\" rel=\"108\">\n                <img\n                    title=\"Doga\u0111aji u na\u0161oj knji\u017enici\"\n                    alt=\"Doga\u0111aji u na\u0161oj knji\u017enici\"\n                    src=\"http:\/\/knjiznice.nsk.hr\/hrvatska-dubica\/wp-content\/uploads\/sites\/55\/nggallery\/dogadaji-u-nasoj-knjiznici\/thumbs\/thumbs_P1010375.JPG\"\n                    width=\"120\"\n                    height=\"90\"\n                    style=\"max-width:100%;\"\n                \/>\n            <\/a>\n        <\/div>\n\t\t\t\t\t\t\t<\/div> \n\t\t\t\n        \n\t\t\t\t<div id=\"ngg-image-1\" class=\"ngg-gallery-thumbnail-box\" >\n\t\t\t\t        <div class=\"ngg-gallery-thumbnail\">\n            <a href=\"http:\/\/knjiznice.nsk.hr\/hrvatska-dubica\/wp-content\/uploads\/sites\/55\/nggallery\/dogadaji-u-nasoj-knjiznici\/P1010002.JPG\"\n               title=\"Doga\u0111aji u na\u0161oj knji\u017enici\"\n               data-src=\"http:\/\/knjiznice.nsk.hr\/hrvatska-dubica\/wp-content\/uploads\/sites\/55\/nggallery\/dogadaji-u-nasoj-knjiznici\/P1010002.JPG\"\n               data-thumbnail=\"http:\/\/knjiznice.nsk.hr\/hrvatska-dubica\/wp-content\/uploads\/sites\/55\/nggallery\/dogadaji-u-nasoj-knjiznici\/thumbs\/thumbs_P1010002.JPG\"\n               data-image-id=\"4\"\n               data-title=\"Doga\u0111aji u na\u0161oj knji\u017enici\"\n               data-description=\"Doga\u0111aji u na\u0161oj knji\u017enici\"\n               data-image-slug=\"p1010002\"\n               class=\"ngg-fancybox\" rel=\"108\">\n                <img\n                    title=\"Doga\u0111aji u na\u0161oj knji\u017enici\"\n                    alt=\"Doga\u0111aji u na\u0161oj knji\u017enici\"\n                    src=\"http:\/\/knjiznice.nsk.hr\/hrvatska-dubica\/wp-content\/uploads\/sites\/55\/nggallery\/dogadaji-u-nasoj-knjiznici\/thumbs\/thumbs_P1010002.JPG\"\n                    width=\"120\"\n                    height=\"90\"\n                    style=\"max-width:100%;\"\n                \/>\n            <\/a>\n        <\/div>\n\t\t\t\t\t\t\t<\/div> \n\t\t\t\n        \n\t\t\t\t<div id=\"ngg-image-2\" class=\"ngg-gallery-thumbnail-box\" >\n\t\t\t\t        <div class=\"ngg-gallery-thumbnail\">\n            <a href=\"http:\/\/knjiznice.nsk.hr\/hrvatska-dubica\/wp-content\/uploads\/sites\/55\/nggallery\/dogadaji-u-nasoj-knjiznici\/008.JPG\"\n               title=\"Doga\u0111aji u na\u0161oj knji\u017enici\"\n               data-src=\"http:\/\/knjiznice.nsk.hr\/hrvatska-dubica\/wp-content\/uploads\/sites\/55\/nggallery\/dogadaji-u-nasoj-knjiznici\/008.JPG\"\n               data-thumbnail=\"http:\/\/knjiznice.nsk.hr\/hrvatska-dubica\/wp-content\/uploads\/sites\/55\/nggallery\/dogadaji-u-nasoj-knjiznici\/thumbs\/thumbs_008.JPG\"\n               data-image-id=\"1\"\n               data-title=\"Doga\u0111aji u na\u0161oj knji\u017enici\"\n               data-description=\"Doga\u0111aji u na\u0161oj knji\u017enici\"\n               data-image-slug=\"008\"\n               class=\"ngg-fancybox\" rel=\"108\">\n                <img\n                    title=\"Doga\u0111aji u na\u0161oj knji\u017enici\"\n                    alt=\"Doga\u0111aji u na\u0161oj knji\u017enici\"\n                    src=\"http:\/\/knjiznice.nsk.hr\/hrvatska-dubica\/wp-content\/uploads\/sites\/55\/nggallery\/dogadaji-u-nasoj-knjiznici\/thumbs\/thumbs_008.JPG\"\n                    width=\"120\"\n                    height=\"90\"\n                    style=\"max-width:100%;\"\n                \/>\n            <\/a>\n        <\/div>\n\t\t\t\t\t\t\t<\/div> \n\t\t\t\n        \n\t\t\t\t<div id=\"ngg-image-3\" class=\"ngg-gallery-thumbnail-box\" >\n\t\t\t\t        <div class=\"ngg-gallery-thumbnail\">\n            <a href=\"http:\/\/knjiznice.nsk.hr\/hrvatska-dubica\/wp-content\/uploads\/sites\/55\/nggallery\/dogadaji-u-nasoj-knjiznici\/139.JPG\"\n               title=\"Doga\u0111aji u na\u0161oj knji\u017enici\"\n               data-src=\"http:\/\/knjiznice.nsk.hr\/hrvatska-dubica\/wp-content\/uploads\/sites\/55\/nggallery\/dogadaji-u-nasoj-knjiznici\/139.JPG\"\n               data-thumbnail=\"http:\/\/knjiznice.nsk.hr\/hrvatska-dubica\/wp-content\/uploads\/sites\/55\/nggallery\/dogadaji-u-nasoj-knjiznici\/thumbs\/thumbs_139.JPG\"\n               data-image-id=\"3\"\n               data-title=\"Doga\u0111aji u na\u0161oj knji\u017enici\"\n               data-description=\"Doga\u0111aji u na\u0161oj knji\u017enici\"\n               data-image-slug=\"139\"\n               class=\"ngg-fancybox\" rel=\"108\">\n                <img\n                    title=\"Doga\u0111aji u na\u0161oj knji\u017enici\"\n                    alt=\"Doga\u0111aji u na\u0161oj knji\u017enici\"\n                    src=\"http:\/\/knjiznice.nsk.hr\/hrvatska-dubica\/wp-content\/uploads\/sites\/55\/nggallery\/dogadaji-u-nasoj-knjiznici\/thumbs\/thumbs_139.JPG\"\n                    width=\"120\"\n                    height=\"90\"\n                    style=\"max-width:100%;\"\n                \/>\n            <\/a>\n        <\/div>\n\t\t\t\t\t\t\t<\/div> \n\t\t\t\n        \n\t\t\t\t<div id=\"ngg-image-4\" class=\"ngg-gallery-thumbnail-box\" >\n\t\t\t\t        <div class=\"ngg-gallery-thumbnail\">\n            <a href=\"http:\/\/knjiznice.nsk.hr\/hrvatska-dubica\/wp-content\/uploads\/sites\/55\/nggallery\/dogadaji-u-nasoj-knjiznici\/009.JPG\"\n               title=\"Doga\u0111aji u na\u0161oj knji\u017enici\"\n               data-src=\"http:\/\/knjiznice.nsk.hr\/hrvatska-dubica\/wp-content\/uploads\/sites\/55\/nggallery\/dogadaji-u-nasoj-knjiznici\/009.JPG\"\n               data-thumbnail=\"http:\/\/knjiznice.nsk.hr\/hrvatska-dubica\/wp-content\/uploads\/sites\/55\/nggallery\/dogadaji-u-nasoj-knjiznici\/thumbs\/thumbs_009.JPG\"\n               data-image-id=\"2\"\n               data-title=\"Doga\u0111aji u na\u0161oj knji\u017enici\"\n               data-description=\"Doga\u0111aji u na\u0161oj knji\u017enici\"\n               data-image-slug=\"009\"\n               class=\"ngg-fancybox\" rel=\"108\">\n                <img\n                    title=\"Doga\u0111aji u na\u0161oj knji\u017enici\"\n                    alt=\"Doga\u0111aji u na\u0161oj knji\u017enici\"\n                    src=\"http:\/\/knjiznice.nsk.hr\/hrvatska-dubica\/wp-content\/uploads\/sites\/55\/nggallery\/dogadaji-u-nasoj-knjiznici\/thumbs\/thumbs_009.JPG\"\n                    width=\"120\"\n                    height=\"90\"\n                    style=\"max-width:100%;\"\n                \/>\n            <\/a>\n        <\/div>\n\t\t\t\t\t\t\t<\/div> \n\t\t\t\n        \n\t\t\t\t<div id=\"ngg-image-5\" class=\"ngg-gallery-thumbnail-box\" >\n\t\t\t\t        <div class=\"ngg-gallery-thumbnail\">\n            <a href=\"http:\/\/knjiznice.nsk.hr\/hrvatska-dubica\/wp-content\/uploads\/sites\/55\/nggallery\/dogadaji-u-nasoj-knjiznici\/P1010231.JPG\"\n               title=\"Doga\u0111aji u na\u0161oj knji\u017enici\"\n               data-src=\"http:\/\/knjiznice.nsk.hr\/hrvatska-dubica\/wp-content\/uploads\/sites\/55\/nggallery\/dogadaji-u-nasoj-knjiznici\/P1010231.JPG\"\n               data-thumbnail=\"http:\/\/knjiznice.nsk.hr\/hrvatska-dubica\/wp-content\/uploads\/sites\/55\/nggallery\/dogadaji-u-nasoj-knjiznici\/thumbs\/thumbs_P1010231.JPG\"\n               data-image-id=\"7\"\n               data-title=\"Doga\u0111aji u na\u0161oj knji\u017enici\"\n               data-description=\"Doga\u0111aji u na\u0161oj knji\u017enici\"\n               data-image-slug=\"p1010231\"\n               class=\"ngg-fancybox\" rel=\"108\">\n                <img\n                    title=\"Doga\u0111aji u na\u0161oj knji\u017enici\"\n                    alt=\"Doga\u0111aji u na\u0161oj knji\u017enici\"\n                    src=\"http:\/\/knjiznice.nsk.hr\/hrvatska-dubica\/wp-content\/uploads\/sites\/55\/nggallery\/dogadaji-u-nasoj-knjiznici\/thumbs\/thumbs_P1010231.JPG\"\n                    width=\"120\"\n                    height=\"90\"\n                    style=\"max-width:100%;\"\n                \/>\n            <\/a>\n        <\/div>\n\t\t\t\t\t\t\t<\/div> \n\t\t\t\n        \n\t\t\t\t<div id=\"ngg-image-6\" class=\"ngg-gallery-thumbnail-box\" >\n\t\t\t\t        <div class=\"ngg-gallery-thumbnail\">\n            <a href=\"http:\/\/knjiznice.nsk.hr\/hrvatska-dubica\/wp-content\/uploads\/sites\/55\/nggallery\/dogadaji-u-nasoj-knjiznici\/P1010248.JPG\"\n               title=\"Doga\u0111aji u na\u0161oj knji\u017enici\"\n               data-src=\"http:\/\/knjiznice.nsk.hr\/hrvatska-dubica\/wp-content\/uploads\/sites\/55\/nggallery\/dogadaji-u-nasoj-knjiznici\/P1010248.JPG\"\n               data-thumbnail=\"http:\/\/knjiznice.nsk.hr\/hrvatska-dubica\/wp-content\/uploads\/sites\/55\/nggallery\/dogadaji-u-nasoj-knjiznici\/thumbs\/thumbs_P1010248.JPG\"\n               data-image-id=\"8\"\n               data-title=\"Doga\u0111aji u na\u0161oj knji\u017enici\"\n               data-description=\"Doga\u0111aji u na\u0161oj knji\u017enici\"\n               data-image-slug=\"p1010248\"\n               class=\"ngg-fancybox\" rel=\"108\">\n                <img\n                    title=\"Doga\u0111aji u na\u0161oj knji\u017enici\"\n                    alt=\"Doga\u0111aji u na\u0161oj knji\u017enici\"\n                    src=\"http:\/\/knjiznice.nsk.hr\/hrvatska-dubica\/wp-content\/uploads\/sites\/55\/nggallery\/dogadaji-u-nasoj-knjiznici\/thumbs\/thumbs_P1010248.JPG\"\n                    width=\"120\"\n                    height=\"90\"\n                    style=\"max-width:100%;\"\n                \/>\n            <\/a>\n        <\/div>\n\t\t\t\t\t\t\t<\/div> \n\t\t\t\n        \n\t\t\t\t<div id=\"ngg-image-7\" class=\"ngg-gallery-thumbnail-box\" >\n\t\t\t\t        <div class=\"ngg-gallery-thumbnail\">\n            <a href=\"http:\/\/knjiznice.nsk.hr\/hrvatska-dubica\/wp-content\/uploads\/sites\/55\/nggallery\/dogadaji-u-nasoj-knjiznici\/P1010285.JPG\"\n               title=\"Doga\u0111aji u na\u0161oj knji\u017enici\"\n               data-src=\"http:\/\/knjiznice.nsk.hr\/hrvatska-dubica\/wp-content\/uploads\/sites\/55\/nggallery\/dogadaji-u-nasoj-knjiznici\/P1010285.JPG\"\n               data-thumbnail=\"http:\/\/knjiznice.nsk.hr\/hrvatska-dubica\/wp-content\/uploads\/sites\/55\/nggallery\/dogadaji-u-nasoj-knjiznici\/thumbs\/thumbs_P1010285.JPG\"\n               data-image-id=\"9\"\n               data-title=\"Doga\u0111aji u na\u0161oj knji\u017enici\"\n               data-description=\"Doga\u0111aji u na\u0161oj knji\u017enici\"\n               data-image-slug=\"p1010285\"\n               class=\"ngg-fancybox\" rel=\"108\">\n                <img\n                    title=\"Doga\u0111aji u na\u0161oj knji\u017enici\"\n                    alt=\"Doga\u0111aji u na\u0161oj knji\u017enici\"\n                    src=\"http:\/\/knjiznice.nsk.hr\/hrvatska-dubica\/wp-content\/uploads\/sites\/55\/nggallery\/dogadaji-u-nasoj-knjiznici\/thumbs\/thumbs_P1010285.JPG\"\n                    width=\"120\"\n                    height=\"90\"\n                    style=\"max-width:100%;\"\n                \/>\n            <\/a>\n        <\/div>\n\t\t\t\t\t\t\t<\/div> \n\t\t\t\n        \n\t\t\t\t<div id=\"ngg-image-8\" class=\"ngg-gallery-thumbnail-box\" >\n\t\t\t\t        <div class=\"ngg-gallery-thumbnail\">\n            <a href=\"http:\/\/knjiznice.nsk.hr\/hrvatska-dubica\/wp-content\/uploads\/sites\/55\/nggallery\/dogadaji-u-nasoj-knjiznici\/P1010096.JPG\"\n               title=\"Doga\u0111aji u na\u0161oj knji\u017enici\"\n               data-src=\"http:\/\/knjiznice.nsk.hr\/hrvatska-dubica\/wp-content\/uploads\/sites\/55\/nggallery\/dogadaji-u-nasoj-knjiznici\/P1010096.JPG\"\n               data-thumbnail=\"http:\/\/knjiznice.nsk.hr\/hrvatska-dubica\/wp-content\/uploads\/sites\/55\/nggallery\/dogadaji-u-nasoj-knjiznici\/thumbs\/thumbs_P1010096.JPG\"\n               data-image-id=\"5\"\n               data-title=\"Doga\u0111aji u na\u0161oj knji\u017enici\"\n               data-description=\"Doga\u0111aji u na\u0161oj knji\u017enici\"\n               data-image-slug=\"p1010096\"\n               class=\"ngg-fancybox\" rel=\"108\">\n                <img\n                    title=\"Doga\u0111aji u na\u0161oj knji\u017enici\"\n                    alt=\"Doga\u0111aji u na\u0161oj knji\u017enici\"\n                    src=\"http:\/\/knjiznice.nsk.hr\/hrvatska-dubica\/wp-content\/uploads\/sites\/55\/nggallery\/dogadaji-u-nasoj-knjiznici\/thumbs\/thumbs_P1010096.JPG\"\n                    width=\"120\"\n                    height=\"90\"\n                    style=\"max-width:100%;\"\n                \/>\n            <\/a>\n        <\/div>\n\t\t\t\t\t\t\t<\/div> \n\t\t\t\n        \n\t\t\t\t<div id=\"ngg-image-9\" class=\"ngg-gallery-thumbnail-box\" >\n\t\t\t\t        <div class=\"ngg-gallery-thumbnail\">\n            <a href=\"http:\/\/knjiznice.nsk.hr\/hrvatska-dubica\/wp-content\/uploads\/sites\/55\/nggallery\/dogadaji-u-nasoj-knjiznici\/P1010175.JPG\"\n               title=\"Doga\u0111aji u na\u0161oj knji\u017enici\"\n               data-src=\"http:\/\/knjiznice.nsk.hr\/hrvatska-dubica\/wp-content\/uploads\/sites\/55\/nggallery\/dogadaji-u-nasoj-knjiznici\/P1010175.JPG\"\n               data-thumbnail=\"http:\/\/knjiznice.nsk.hr\/hrvatska-dubica\/wp-content\/uploads\/sites\/55\/nggallery\/dogadaji-u-nasoj-knjiznici\/thumbs\/thumbs_P1010175.JPG\"\n               data-image-id=\"6\"\n               data-title=\"Doga\u0111aji u na\u0161oj knji\u017enici\"\n               data-description=\"Doga\u0111aji u na\u0161oj knji\u017enici\"\n               data-image-slug=\"p1010175\"\n               class=\"ngg-fancybox\" rel=\"108\">\n                <img\n                    title=\"Doga\u0111aji u na\u0161oj knji\u017enici\"\n                    alt=\"Doga\u0111aji u na\u0161oj knji\u017enici\"\n                    src=\"http:\/\/knjiznice.nsk.hr\/hrvatska-dubica\/wp-content\/uploads\/sites\/55\/nggallery\/dogadaji-u-nasoj-knjiznici\/thumbs\/thumbs_P1010175.JPG\"\n                    width=\"120\"\n                    height=\"90\"\n                    style=\"max-width:100%;\"\n                \/>\n            <\/a>\n        <\/div>\n\t\t\t\t\t\t\t<\/div> \n\t\t\t\n        \n\t\t\n\t\t<!-- Pagination -->\n\t<div class='ngg-clear'><\/div>\t<\/div>\n<\/p>\n","protected":false},"excerpt":{"rendered":"<p>Doga\u0111aji u na\u0161oj knji\u017enici &nbsp;<\/p>\n","protected":false},"author":52,"featured_media":0,"parent":0,"menu_order":0,"comment_status":"closed","ping_status":"closed","template":"","meta":{"ngg_post_thumbnail":0},"yoast_head":"<!-- This site is optimized with the Yoast SEO plugin v16.4 - https:\/\/yoast.com\/wordpress\/plugins\/seo\/ -->\n<meta name=\"robots\" content=\"index, follow, max-snippet:-1, max-image-preview:large, max-video-preview:-1\" \/>\n<link rel=\"canonical\" href=\"http:\/\/knjiznice.nsk.hr\/hrvatska-dubica\/galerija\/\" \/>\n<meta property=\"og:locale\" content=\"hr_HR\" \/>\n<meta property=\"og:type\" content=\"article\" \/>\n<meta property=\"og:title\" content=\"Galerija - Narodna knji\u017enica i \u010ditaonica Ivo Kozar\u010danin Hrvatska Dubica\" \/>\n<meta property=\"og:description\" content=\"Doga\u0111aji u na\u0161oj knji\u017enici &nbsp;\" \/>\n<meta property=\"og:url\" content=\"http:\/\/knjiznice.nsk.hr\/hrvatska-dubica\/galerija\/\" \/>\n<meta property=\"og:site_name\" content=\"Narodna knji\u017enica i \u010ditaonica Ivo Kozar\u010danin Hrvatska Dubica\" \/>\n<meta property=\"article:modified_time\" content=\"2015-04-23T09:43:16+00:00\" \/>\n<meta property=\"og:image\" content=\"http:\/\/knjiznice.nsk.hr\/hrvatska-dubica\/nextgen-attach_to_post\/preview\/id--108\" \/>\n<script type=\"application\/ld+json\" class=\"yoast-schema-graph\">{\"@context\":\"https:\/\/schema.org\",\"@graph\":[{\"@type\":\"WebSite\",\"@id\":\"http:\/\/knjiznice.nsk.hr\/hrvatska-dubica\/#website\",\"url\":\"http:\/\/knjiznice.nsk.hr\/hrvatska-dubica\/\",\"name\":\"Narodna knji\\u017enica i \\u010ditaonica Ivo Kozar\\u010danin Hrvatska Dubica\",\"description\":\"\",\"potentialAction\":[{\"@type\":\"SearchAction\",\"target\":\"http:\/\/knjiznice.nsk.hr\/hrvatska-dubica\/?s={search_term_string}\",\"query-input\":\"required name=search_term_string\"}],\"inLanguage\":\"hr\"},{\"@type\":\"ImageObject\",\"@id\":\"http:\/\/knjiznice.nsk.hr\/hrvatska-dubica\/galerija\/#primaryimage\",\"inLanguage\":\"hr\",\"url\":\"http:\/\/knjiznice.nsk.hr\/hrvatska-dubica\/nextgen-attach_to_post\/preview\/id--108\",\"contentUrl\":\"http:\/\/knjiznice.nsk.hr\/hrvatska-dubica\/nextgen-attach_to_post\/preview\/id--108\"},{\"@type\":\"WebPage\",\"@id\":\"http:\/\/knjiznice.nsk.hr\/hrvatska-dubica\/galerija\/#webpage\",\"url\":\"http:\/\/knjiznice.nsk.hr\/hrvatska-dubica\/galerija\/\",\"name\":\"Galerija - Narodna knji\\u017enica i \\u010ditaonica Ivo Kozar\\u010danin Hrvatska Dubica\",\"isPartOf\":{\"@id\":\"http:\/\/knjiznice.nsk.hr\/hrvatska-dubica\/#website\"},\"primaryImageOfPage\":{\"@id\":\"http:\/\/knjiznice.nsk.hr\/hrvatska-dubica\/galerija\/#primaryimage\"},\"datePublished\":\"2015-04-23T09:23:45+00:00\",\"dateModified\":\"2015-04-23T09:43:16+00:00\",\"breadcrumb\":{\"@id\":\"http:\/\/knjiznice.nsk.hr\/hrvatska-dubica\/galerija\/#breadcrumb\"},\"inLanguage\":\"hr\",\"potentialAction\":[{\"@type\":\"ReadAction\",\"target\":[\"http:\/\/knjiznice.nsk.hr\/hrvatska-dubica\/galerija\/\"]}]},{\"@type\":\"BreadcrumbList\",\"@id\":\"http:\/\/knjiznice.nsk.hr\/hrvatska-dubica\/galerija\/#breadcrumb\",\"itemListElement\":[{\"@type\":\"ListItem\",\"position\":1,\"item\":{\"@type\":\"WebPage\",\"@id\":\"http:\/\/knjiznice.nsk.hr\/hrvatska-dubica\/\",\"url\":\"http:\/\/knjiznice.nsk.hr\/hrvatska-dubica\/\",\"name\":\"Po\\u010detna stranica\"}},{\"@type\":\"ListItem\",\"position\":2,\"item\":{\"@id\":\"http:\/\/knjiznice.nsk.hr\/hrvatska-dubica\/galerija\/#webpage\"}}]}]}<\/script>\n<!-- \/ Yoast SEO plugin. -->","_links":{"self":[{"href":"http:\/\/knjiznice.nsk.hr\/hrvatska-dubica\/wp-json\/wp\/v2\/pages\/70"}],"collection":[{"href":"http:\/\/knjiznice.nsk.hr\/hrvatska-dubica\/wp-json\/wp\/v2\/pages"}],"about":[{"href":"http:\/\/knjiznice.nsk.hr\/hrvatska-dubica\/wp-json\/wp\/v2\/types\/page"}],"author":[{"embeddable":true,"href":"http:\/\/knjiznice.nsk.hr\/hrvatska-dubica\/wp-json\/wp\/v2\/users\/52"}],"replies":[{"embeddable":true,"href":"http:\/\/knjiznice.nsk.hr\/hrvatska-dubica\/wp-json\/wp\/v2\/comments?post=70"}],"version-history":[{"count":3,"href":"http:\/\/knjiznice.nsk.hr\/hrvatska-dubica\/wp-json\/wp\/v2\/pages\/70\/revisions"}],"predecessor-version":[{"id":110,"href":"http:\/\/knjiznice.nsk.hr\/hrvatska-dubica\/wp-json\/wp\/v2\/pages\/70\/revisions\/110"}],"wp:attachment":[{"href":"http:\/\/knjiznice.nsk.hr\/hrvatska-dubica\/wp-json\/wp\/v2\/media?parent=70"}],"curies":[{"name":"wp","href":"https:\/\/api.w.org\/{rel}","templated":true}]}}