{"id":48,"date":"2015-04-23T08:57:47","date_gmt":"2015-04-23T08:57:47","guid":{"rendered":"http:\/\/knjiznice.nsk.hr\/hrvatska-dubica\/?page_id=48"},"modified":"2015-04-23T09:26:43","modified_gmt":"2015-04-23T09:26:43","slug":"posudba","status":"publish","type":"page","link":"http:\/\/knjiznice.nsk.hr\/hrvatska-dubica\/posudba\/","title":{"rendered":"Posudba"},"content":{"rendered":"<p>&nbsp;<\/p>\n<p><strong>PRAVILA POSUDBE<\/strong><\/p>\n<p>\u2022 Svaki \u010dlan mo\u017ee posuditi najvi\u0161e <strong>3 knjige na rok od 14 dana<\/strong><br \/>\n\u2022 Mo\u017ee se posuditi samo <strong>1 lektirni naslov<\/strong> po \u010dlanu<br \/>\n\u2022 Svaki \u010dlan mo\u017ee posuditi<strong> 1 DVD ili CD na rok od 7 dana<\/strong><\/p>\n<p><strong>ZAKASNINE<\/strong><\/p>\n<p>\u2022 Za knjige \u2013 0,20 kn po danu i po naslovu<br \/>\n\u2022 Za DVD i CD \u2013 1,00 kn po danu<\/p>\n","protected":false},"excerpt":{"rendered":"<p>&nbsp; PRAVILA POSUDBE \u2022 Svaki \u010dlan mo\u017ee posuditi najvi\u0161e 3 knjige na rok od 14 dana \u2022 Mo\u017ee se posuditi samo 1 lektirni naslov po \u010dlanu \u2022 Svaki \u010dlan mo\u017ee posuditi 1 DVD ili CD na rok od 7 dana ZAKASNINE \u2022 Za knjige \u2013 0,20 kn po danu i po naslovu \u2022 Za DVD [&hellip;]<\/p>\n","protected":false},"author":52,"featured_media":0,"parent":0,"menu_order":0,"comment_status":"closed","ping_status":"closed","template":"","meta":{"ngg_post_thumbnail":0},"yoast_head":"<!-- This site is optimized with the Yoast SEO plugin v16.4 - https:\/\/yoast.com\/wordpress\/plugins\/seo\/ -->\n<meta name=\"robots\" content=\"index, follow, max-snippet:-1, max-image-preview:large, max-video-preview:-1\" \/>\n<link rel=\"canonical\" href=\"http:\/\/knjiznice.nsk.hr\/hrvatska-dubica\/posudba\/\" \/>\n<meta property=\"og:locale\" content=\"hr_HR\" \/>\n<meta property=\"og:type\" content=\"article\" \/>\n<meta property=\"og:title\" content=\"Posudba - Narodna knji\u017enica i \u010ditaonica Ivo Kozar\u010danin Hrvatska Dubica\" \/>\n<meta property=\"og:description\" content=\"&nbsp; PRAVILA POSUDBE \u2022 Svaki \u010dlan mo\u017ee posuditi najvi\u0161e 3 knjige na rok od 14 dana \u2022 Mo\u017ee se posuditi samo 1 lektirni naslov po \u010dlanu \u2022 Svaki \u010dlan mo\u017ee posuditi 1 DVD ili CD na rok od 7 dana ZAKASNINE \u2022 Za knjige \u2013 0,20 kn po danu i po naslovu \u2022 Za DVD [&hellip;]\" \/>\n<meta property=\"og:url\" content=\"http:\/\/knjiznice.nsk.hr\/hrvatska-dubica\/posudba\/\" \/>\n<meta property=\"og:site_name\" content=\"Narodna knji\u017enica i \u010ditaonica Ivo Kozar\u010danin Hrvatska Dubica\" \/>\n<meta property=\"article:modified_time\" content=\"2015-04-23T09:26:43+00:00\" \/>\n<script type=\"application\/ld+json\" class=\"yoast-schema-graph\">{\"@context\":\"https:\/\/schema.org\",\"@graph\":[{\"@type\":\"WebSite\",\"@id\":\"http:\/\/knjiznice.nsk.hr\/hrvatska-dubica\/#website\",\"url\":\"http:\/\/knjiznice.nsk.hr\/hrvatska-dubica\/\",\"name\":\"Narodna knji\\u017enica i \\u010ditaonica Ivo Kozar\\u010danin Hrvatska Dubica\",\"description\":\"\",\"potentialAction\":[{\"@type\":\"SearchAction\",\"target\":\"http:\/\/knjiznice.nsk.hr\/hrvatska-dubica\/?s={search_term_string}\",\"query-input\":\"required name=search_term_string\"}],\"inLanguage\":\"hr\"},{\"@type\":\"WebPage\",\"@id\":\"http:\/\/knjiznice.nsk.hr\/hrvatska-dubica\/posudba\/#webpage\",\"url\":\"http:\/\/knjiznice.nsk.hr\/hrvatska-dubica\/posudba\/\",\"name\":\"Posudba - Narodna knji\\u017enica i \\u010ditaonica Ivo Kozar\\u010danin Hrvatska Dubica\",\"isPartOf\":{\"@id\":\"http:\/\/knjiznice.nsk.hr\/hrvatska-dubica\/#website\"},\"datePublished\":\"2015-04-23T08:57:47+00:00\",\"dateModified\":\"2015-04-23T09:26:43+00:00\",\"breadcrumb\":{\"@id\":\"http:\/\/knjiznice.nsk.hr\/hrvatska-dubica\/posudba\/#breadcrumb\"},\"inLanguage\":\"hr\",\"potentialAction\":[{\"@type\":\"ReadAction\",\"target\":[\"http:\/\/knjiznice.nsk.hr\/hrvatska-dubica\/posudba\/\"]}]},{\"@type\":\"BreadcrumbList\",\"@id\":\"http:\/\/knjiznice.nsk.hr\/hrvatska-dubica\/posudba\/#breadcrumb\",\"itemListElement\":[{\"@type\":\"ListItem\",\"position\":1,\"item\":{\"@type\":\"WebPage\",\"@id\":\"http:\/\/knjiznice.nsk.hr\/hrvatska-dubica\/\",\"url\":\"http:\/\/knjiznice.nsk.hr\/hrvatska-dubica\/\",\"name\":\"Po\\u010detna stranica\"}},{\"@type\":\"ListItem\",\"position\":2,\"item\":{\"@id\":\"http:\/\/knjiznice.nsk.hr\/hrvatska-dubica\/posudba\/#webpage\"}}]}]}<\/script>\n<!-- \/ Yoast SEO plugin. -->","_links":{"self":[{"href":"http:\/\/knjiznice.nsk.hr\/hrvatska-dubica\/wp-json\/wp\/v2\/pages\/48"}],"collection":[{"href":"http:\/\/knjiznice.nsk.hr\/hrvatska-dubica\/wp-json\/wp\/v2\/pages"}],"about":[{"href":"http:\/\/knjiznice.nsk.hr\/hrvatska-dubica\/wp-json\/wp\/v2\/types\/page"}],"author":[{"embeddable":true,"href":"http:\/\/knjiznice.nsk.hr\/hrvatska-dubica\/wp-json\/wp\/v2\/users\/52"}],"replies":[{"embeddable":true,"href":"http:\/\/knjiznice.nsk.hr\/hrvatska-dubica\/wp-json\/wp\/v2\/comments?post=48"}],"version-history":[{"count":2,"href":"http:\/\/knjiznice.nsk.hr\/hrvatska-dubica\/wp-json\/wp\/v2\/pages\/48\/revisions"}],"predecessor-version":[{"id":50,"href":"http:\/\/knjiznice.nsk.hr\/hrvatska-dubica\/wp-json\/wp\/v2\/pages\/48\/revisions\/50"}],"wp:attachment":[{"href":"http:\/\/knjiznice.nsk.hr\/hrvatska-dubica\/wp-json\/wp\/v2\/media?parent=48"}],"curies":[{"name":"wp","href":"https:\/\/api.w.org\/{rel}","templated":true}]}}