{"id":46,"date":"2015-04-23T08:56:14","date_gmt":"2015-04-23T08:56:14","guid":{"rendered":"http:\/\/knjiznice.nsk.hr\/hrvatska-dubica\/?page_id=46"},"modified":"2015-04-23T09:26:35","modified_gmt":"2015-04-23T09:26:35","slug":"o-knjiznici","status":"publish","type":"page","link":"http:\/\/knjiznice.nsk.hr\/hrvatska-dubica\/o-knjiznici\/","title":{"rendered":"O knji\u017enici"},"content":{"rendered":"<p>&nbsp;<\/p>\n<p>Narodna knji\u017enica i \u010ditaonica \u201eIvo Kozar\u010danin\u201c Hrvatska Dubica osnovana je i zapo\u010dela s radom 2000. Godine. Smje\u0161tena je na katu i u potkrovlju Hrvatskog doma i zauzima prosto od ukupno 415 m2. Sastoji se od Odjela za odrasle, Dje\u010djeg odjela, Multimedijalnog odjela i \u010ditaonice. Knji\u017enica svoj rad zasniva na Zakonu o knji\u017enicama te na Standardima za narodne knji\u017enice i \u010ditaonice u Republici Hrvatskoj. Osniva\u010d i vlasnik Knji\u017enice je Op\u0107ina Hrvatska Dubica.<\/p>\n<p>Narodna knji\u017enica i \u010ditaonica \u201eIvo Kozar\u010danin\u201c Hrvatska Dubica svojim djelovanjem i pru\u017eanjem raznovrsnih sadr\u017eaja ima za cilj \u0161irom otvoriti svoja vrata kako bi bila prepoznata kao:<\/p>\n<ul>\n<li>kulturno sredi\u0161te Op\u0107ine,<\/li>\n<li>istinsko sredi\u0161te zajednice,<\/li>\n<li>privla\u010dno mjesto za rad, dru\u017eenje, igru,<\/li>\n<li>mjesto koje \u0107e podr\u017eati obrazovanje korisnika svih dobi,<\/li>\n<li>mjesto koje \u0107e omogu\u0107iti dostupnost svim vrstama informacija o gra\u0111i koju posjeduje knji\u017enica,<\/li>\n<li>mjesto koje omogu\u0107uje kori\u0161tenje informati\u010dkih i mre\u017enih izvora i usluga.<\/li>\n<\/ul>\n<p>Zada\u0107e knji\u017enice su:<\/p>\n<ul>\n<li>promicati svijet o kulturnom, posebice zavi\u010dajnom naslje\u0111u kroz uva\u017eavanje znanstvenih postignu\u0107a, inovacija i umjetnosti<\/li>\n<li>gajiti dijalog me\u0111u kulturama i uva\u017eavati kulturne raznolikosti<\/li>\n<li>stvarati i ja\u010dati \u010ditateljske navike u djece od najranije dobi<\/li>\n<li>poticati ma\u0161tu, kreativnost i inovativnost kod svojih korisnika, posebice djece i mladih<\/li>\n<\/ul>\n<p>Djelatnost Knji\u017enice obuhva\u0107a nabavu, stru\u010dnu obradu, \u010duvanje i za\u0161titu knji\u017ene gra\u0111e, omogu\u0107avanje pristupa\u010dnosti gra\u0111e i informacija korisnicima, osiguravanje kori\u0161tenja i posudbu gra\u0111e, pomo\u0107 korisnicima pri izboru i kori\u0161tenju gra\u0111e, informacijskih pomagala i izvora, kao i vo\u0111enje dokumentacije i statistike o gra\u0111i i korisnicima i o poslovanju.<\/p>\n","protected":false},"excerpt":{"rendered":"<p>&nbsp; Narodna knji\u017enica i \u010ditaonica \u201eIvo Kozar\u010danin\u201c Hrvatska Dubica osnovana je i zapo\u010dela s radom 2000. Godine. Smje\u0161tena je na katu i u potkrovlju Hrvatskog doma i zauzima prosto od ukupno 415 m2. Sastoji se od Odjela za odrasle, Dje\u010djeg odjela, Multimedijalnog odjela i \u010ditaonice. Knji\u017enica svoj rad zasniva na Zakonu o knji\u017enicama te na [&hellip;]<\/p>\n","protected":false},"author":52,"featured_media":0,"parent":0,"menu_order":0,"comment_status":"closed","ping_status":"closed","template":"","meta":{"ngg_post_thumbnail":0},"yoast_head":"<!-- This site is optimized with the Yoast SEO plugin v16.4 - https:\/\/yoast.com\/wordpress\/plugins\/seo\/ -->\n<meta name=\"robots\" content=\"index, follow, max-snippet:-1, max-image-preview:large, max-video-preview:-1\" \/>\n<link rel=\"canonical\" href=\"http:\/\/knjiznice.nsk.hr\/hrvatska-dubica\/o-knjiznici\/\" \/>\n<meta property=\"og:locale\" content=\"hr_HR\" \/>\n<meta property=\"og:type\" content=\"article\" \/>\n<meta property=\"og:title\" content=\"O knji\u017enici - Narodna knji\u017enica i \u010ditaonica Ivo Kozar\u010danin Hrvatska Dubica\" \/>\n<meta property=\"og:description\" content=\"&nbsp; Narodna knji\u017enica i \u010ditaonica \u201eIvo Kozar\u010danin\u201c Hrvatska Dubica osnovana je i zapo\u010dela s radom 2000. Godine. Smje\u0161tena je na katu i u potkrovlju Hrvatskog doma i zauzima prosto od ukupno 415 m2. Sastoji se od Odjela za odrasle, Dje\u010djeg odjela, Multimedijalnog odjela i \u010ditaonice. Knji\u017enica svoj rad zasniva na Zakonu o knji\u017enicama te na [&hellip;]\" \/>\n<meta property=\"og:url\" content=\"http:\/\/knjiznice.nsk.hr\/hrvatska-dubica\/o-knjiznici\/\" \/>\n<meta property=\"og:site_name\" content=\"Narodna knji\u017enica i \u010ditaonica Ivo Kozar\u010danin Hrvatska Dubica\" \/>\n<meta property=\"article:modified_time\" content=\"2015-04-23T09:26:35+00:00\" \/>\n<meta name=\"twitter:label1\" content=\"Procijenjeno vrijeme \u010ditanja\" \/>\n\t<meta name=\"twitter:data1\" content=\"1 minuta\" \/>\n<script type=\"application\/ld+json\" class=\"yoast-schema-graph\">{\"@context\":\"https:\/\/schema.org\",\"@graph\":[{\"@type\":\"WebSite\",\"@id\":\"http:\/\/knjiznice.nsk.hr\/hrvatska-dubica\/#website\",\"url\":\"http:\/\/knjiznice.nsk.hr\/hrvatska-dubica\/\",\"name\":\"Narodna knji\\u017enica i \\u010ditaonica Ivo Kozar\\u010danin Hrvatska Dubica\",\"description\":\"\",\"potentialAction\":[{\"@type\":\"SearchAction\",\"target\":\"http:\/\/knjiznice.nsk.hr\/hrvatska-dubica\/?s={search_term_string}\",\"query-input\":\"required name=search_term_string\"}],\"inLanguage\":\"hr\"},{\"@type\":\"WebPage\",\"@id\":\"http:\/\/knjiznice.nsk.hr\/hrvatska-dubica\/o-knjiznici\/#webpage\",\"url\":\"http:\/\/knjiznice.nsk.hr\/hrvatska-dubica\/o-knjiznici\/\",\"name\":\"O knji\\u017enici - Narodna knji\\u017enica i \\u010ditaonica Ivo Kozar\\u010danin Hrvatska Dubica\",\"isPartOf\":{\"@id\":\"http:\/\/knjiznice.nsk.hr\/hrvatska-dubica\/#website\"},\"datePublished\":\"2015-04-23T08:56:14+00:00\",\"dateModified\":\"2015-04-23T09:26:35+00:00\",\"breadcrumb\":{\"@id\":\"http:\/\/knjiznice.nsk.hr\/hrvatska-dubica\/o-knjiznici\/#breadcrumb\"},\"inLanguage\":\"hr\",\"potentialAction\":[{\"@type\":\"ReadAction\",\"target\":[\"http:\/\/knjiznice.nsk.hr\/hrvatska-dubica\/o-knjiznici\/\"]}]},{\"@type\":\"BreadcrumbList\",\"@id\":\"http:\/\/knjiznice.nsk.hr\/hrvatska-dubica\/o-knjiznici\/#breadcrumb\",\"itemListElement\":[{\"@type\":\"ListItem\",\"position\":1,\"item\":{\"@type\":\"WebPage\",\"@id\":\"http:\/\/knjiznice.nsk.hr\/hrvatska-dubica\/\",\"url\":\"http:\/\/knjiznice.nsk.hr\/hrvatska-dubica\/\",\"name\":\"Po\\u010detna stranica\"}},{\"@type\":\"ListItem\",\"position\":2,\"item\":{\"@id\":\"http:\/\/knjiznice.nsk.hr\/hrvatska-dubica\/o-knjiznici\/#webpage\"}}]}]}<\/script>\n<!-- \/ Yoast SEO plugin. -->","_links":{"self":[{"href":"http:\/\/knjiznice.nsk.hr\/hrvatska-dubica\/wp-json\/wp\/v2\/pages\/46"}],"collection":[{"href":"http:\/\/knjiznice.nsk.hr\/hrvatska-dubica\/wp-json\/wp\/v2\/pages"}],"about":[{"href":"http:\/\/knjiznice.nsk.hr\/hrvatska-dubica\/wp-json\/wp\/v2\/types\/page"}],"author":[{"embeddable":true,"href":"http:\/\/knjiznice.nsk.hr\/hrvatska-dubica\/wp-json\/wp\/v2\/users\/52"}],"replies":[{"embeddable":true,"href":"http:\/\/knjiznice.nsk.hr\/hrvatska-dubica\/wp-json\/wp\/v2\/comments?post=46"}],"version-history":[{"count":1,"href":"http:\/\/knjiznice.nsk.hr\/hrvatska-dubica\/wp-json\/wp\/v2\/pages\/46\/revisions"}],"predecessor-version":[{"id":47,"href":"http:\/\/knjiznice.nsk.hr\/hrvatska-dubica\/wp-json\/wp\/v2\/pages\/46\/revisions\/47"}],"wp:attachment":[{"href":"http:\/\/knjiznice.nsk.hr\/hrvatska-dubica\/wp-json\/wp\/v2\/media?parent=46"}],"curies":[{"name":"wp","href":"https:\/\/api.w.org\/{rel}","templated":true}]}}