{"id":42,"date":"2015-04-23T08:52:36","date_gmt":"2015-04-23T08:52:36","guid":{"rendered":"http:\/\/knjiznice.nsk.hr\/hrvatska-dubica\/?page_id=42"},"modified":"2015-04-23T09:25:57","modified_gmt":"2015-04-23T09:25:57","slug":"aktivnosti","status":"publish","type":"page","link":"http:\/\/knjiznice.nsk.hr\/hrvatska-dubica\/aktivnosti\/","title":{"rendered":"Aktivnosti"},"content":{"rendered":"<p>&nbsp;<\/p>\n<p><strong>REDOVITE AKTIVNOSTI<\/strong><\/p>\n<p><span style=\"text-decoration: underline;\">Kuti\u0107 za najmla\u0111e<\/span> &#8211; <strong>srijeda i petak 10.00 -11.30 sati<\/strong><\/p>\n<p>obuhva\u0107a igraonice, kreativne radionice i pri\u010daonice. Organiziran je dva puta tjedno za djecu od 1 g.- 6. godina po 1,5 sat. Djeca mla\u0111a od 4 godine mogu boraviti u Kuti\u0107u isklju\u010divo u pratnji roditelja ili druge odrasle osobe.<\/p>\n<p><span style=\"text-decoration: underline;\">Kreativne radionice<\/span> \u2013 <strong>\u010detvrtak 16.00 \u2013 17.30 sati<\/strong><\/p>\n<p>Obuhva\u0107aju likovne i dramske radionice za u\u010denike vi\u0161ih i ni\u017eih razreda osnovne \u0161kole. Uz pomo\u0107 knji\u017eni\u010dara pripremaju se igrokazi i izra\u0111uju kreativni uradci koji krase izloge knji\u017enice u povodu va\u017enih doga\u0111anja tijekom godine.<\/p>\n<p><strong>POVREMENE AKTIVNOSTI<\/strong><\/p>\n<ul>\n<li>Izlo\u017ebe<\/li>\n<li>Predavanja<\/li>\n<li>Tematske tribine<\/li>\n<li>Knji\u017eevni susreti<\/li>\n<li>Kazali\u0161ne predstave<\/li>\n<li>Informati\u010dke radionice<\/li>\n<li>Ostalo<\/li>\n<\/ul>\n","protected":false},"excerpt":{"rendered":"<p>&nbsp; REDOVITE AKTIVNOSTI Kuti\u0107 za najmla\u0111e &#8211; srijeda i petak 10.00 -11.30 sati obuhva\u0107a igraonice, kreativne radionice i pri\u010daonice. Organiziran je dva puta tjedno za djecu od 1 g.- 6. godina po 1,5 sat. Djeca mla\u0111a od 4 godine mogu boraviti u Kuti\u0107u isklju\u010divo u pratnji roditelja ili druge odrasle osobe. Kreativne radionice \u2013 \u010detvrtak [&hellip;]<\/p>\n","protected":false},"author":52,"featured_media":0,"parent":0,"menu_order":0,"comment_status":"closed","ping_status":"closed","template":"","meta":{"ngg_post_thumbnail":0},"yoast_head":"<!-- This site is optimized with the Yoast SEO plugin v16.4 - https:\/\/yoast.com\/wordpress\/plugins\/seo\/ -->\n<meta name=\"robots\" content=\"index, follow, max-snippet:-1, max-image-preview:large, max-video-preview:-1\" \/>\n<link rel=\"canonical\" href=\"http:\/\/knjiznice.nsk.hr\/hrvatska-dubica\/aktivnosti\/\" \/>\n<meta property=\"og:locale\" content=\"hr_HR\" \/>\n<meta property=\"og:type\" content=\"article\" \/>\n<meta property=\"og:title\" content=\"Aktivnosti - Narodna knji\u017enica i \u010ditaonica Ivo Kozar\u010danin Hrvatska Dubica\" \/>\n<meta property=\"og:description\" content=\"&nbsp; REDOVITE AKTIVNOSTI Kuti\u0107 za najmla\u0111e &#8211; srijeda i petak 10.00 -11.30 sati obuhva\u0107a igraonice, kreativne radionice i pri\u010daonice. Organiziran je dva puta tjedno za djecu od 1 g.- 6. godina po 1,5 sat. Djeca mla\u0111a od 4 godine mogu boraviti u Kuti\u0107u isklju\u010divo u pratnji roditelja ili druge odrasle osobe. Kreativne radionice \u2013 \u010detvrtak [&hellip;]\" \/>\n<meta property=\"og:url\" content=\"http:\/\/knjiznice.nsk.hr\/hrvatska-dubica\/aktivnosti\/\" \/>\n<meta property=\"og:site_name\" content=\"Narodna knji\u017enica i \u010ditaonica Ivo Kozar\u010danin Hrvatska Dubica\" \/>\n<meta property=\"article:modified_time\" content=\"2015-04-23T09:25:57+00:00\" \/>\n<meta name=\"twitter:label1\" content=\"Procijenjeno vrijeme \u010ditanja\" \/>\n\t<meta name=\"twitter:data1\" content=\"1 minuta\" \/>\n<script type=\"application\/ld+json\" class=\"yoast-schema-graph\">{\"@context\":\"https:\/\/schema.org\",\"@graph\":[{\"@type\":\"WebSite\",\"@id\":\"http:\/\/knjiznice.nsk.hr\/hrvatska-dubica\/#website\",\"url\":\"http:\/\/knjiznice.nsk.hr\/hrvatska-dubica\/\",\"name\":\"Narodna knji\\u017enica i \\u010ditaonica Ivo Kozar\\u010danin Hrvatska Dubica\",\"description\":\"\",\"potentialAction\":[{\"@type\":\"SearchAction\",\"target\":\"http:\/\/knjiznice.nsk.hr\/hrvatska-dubica\/?s={search_term_string}\",\"query-input\":\"required name=search_term_string\"}],\"inLanguage\":\"hr\"},{\"@type\":\"WebPage\",\"@id\":\"http:\/\/knjiznice.nsk.hr\/hrvatska-dubica\/aktivnosti\/#webpage\",\"url\":\"http:\/\/knjiznice.nsk.hr\/hrvatska-dubica\/aktivnosti\/\",\"name\":\"Aktivnosti - Narodna knji\\u017enica i \\u010ditaonica Ivo Kozar\\u010danin Hrvatska Dubica\",\"isPartOf\":{\"@id\":\"http:\/\/knjiznice.nsk.hr\/hrvatska-dubica\/#website\"},\"datePublished\":\"2015-04-23T08:52:36+00:00\",\"dateModified\":\"2015-04-23T09:25:57+00:00\",\"breadcrumb\":{\"@id\":\"http:\/\/knjiznice.nsk.hr\/hrvatska-dubica\/aktivnosti\/#breadcrumb\"},\"inLanguage\":\"hr\",\"potentialAction\":[{\"@type\":\"ReadAction\",\"target\":[\"http:\/\/knjiznice.nsk.hr\/hrvatska-dubica\/aktivnosti\/\"]}]},{\"@type\":\"BreadcrumbList\",\"@id\":\"http:\/\/knjiznice.nsk.hr\/hrvatska-dubica\/aktivnosti\/#breadcrumb\",\"itemListElement\":[{\"@type\":\"ListItem\",\"position\":1,\"item\":{\"@type\":\"WebPage\",\"@id\":\"http:\/\/knjiznice.nsk.hr\/hrvatska-dubica\/\",\"url\":\"http:\/\/knjiznice.nsk.hr\/hrvatska-dubica\/\",\"name\":\"Po\\u010detna stranica\"}},{\"@type\":\"ListItem\",\"position\":2,\"item\":{\"@id\":\"http:\/\/knjiznice.nsk.hr\/hrvatska-dubica\/aktivnosti\/#webpage\"}}]}]}<\/script>\n<!-- \/ Yoast SEO plugin. -->","_links":{"self":[{"href":"http:\/\/knjiznice.nsk.hr\/hrvatska-dubica\/wp-json\/wp\/v2\/pages\/42"}],"collection":[{"href":"http:\/\/knjiznice.nsk.hr\/hrvatska-dubica\/wp-json\/wp\/v2\/pages"}],"about":[{"href":"http:\/\/knjiznice.nsk.hr\/hrvatska-dubica\/wp-json\/wp\/v2\/types\/page"}],"author":[{"embeddable":true,"href":"http:\/\/knjiznice.nsk.hr\/hrvatska-dubica\/wp-json\/wp\/v2\/users\/52"}],"replies":[{"embeddable":true,"href":"http:\/\/knjiznice.nsk.hr\/hrvatska-dubica\/wp-json\/wp\/v2\/comments?post=42"}],"version-history":[{"count":3,"href":"http:\/\/knjiznice.nsk.hr\/hrvatska-dubica\/wp-json\/wp\/v2\/pages\/42\/revisions"}],"predecessor-version":[{"id":45,"href":"http:\/\/knjiznice.nsk.hr\/hrvatska-dubica\/wp-json\/wp\/v2\/pages\/42\/revisions\/45"}],"wp:attachment":[{"href":"http:\/\/knjiznice.nsk.hr\/hrvatska-dubica\/wp-json\/wp\/v2\/media?parent=42"}],"curies":[{"name":"wp","href":"https:\/\/api.w.org\/{rel}","templated":true}]}}