{"id":94,"date":"2019-08-19T18:11:40","date_gmt":"2019-08-19T16:11:40","guid":{"rendered":"http:\/\/knjiznice.nsk.hr\/gunja\/?page_id=94"},"modified":"2023-01-27T09:34:56","modified_gmt":"2023-01-27T08:34:56","slug":"posudba-i-usluge","status":"publish","type":"page","link":"http:\/\/knjiznice.nsk.hr\/gunja\/posudba-i-usluge\/","title":{"rendered":"\u010clanstvo i usluge"},"content":{"rendered":"<p><strong>\u010cLANSTVO I USLUGE NARODNE KNJI\u017dNICE I \u010cITAONICE GUNJA<\/strong><\/p>\n<p>Pravo kori\u0161tenja knji\u017eni\u010dnih usluga traje 12 mjeseci po\u010dev\u0161i od dana upisa u \u010dlanstvo knji\u017enice.<\/p>\n<p><strong>CIJENE UPISA<\/strong><br \/>\nZaposleni 6,64 Eura<br \/>\nNezaposleni 4 Eura&nbsp;<br \/>\nStudenti 4 Eura&nbsp;<br \/>\nDjeca, u\u010denici &#8211; 4 Eura<br \/>\nUmirovljenici 4 Eura &#8211;&nbsp;&nbsp;<br \/>\nMjese\u010dni upis 2 Eura<\/p>\n<p>Dnevni upis 0,66 Eura<\/p>\n<p><strong>CIJENE OSTALIH USLUGA<\/strong><br \/>\nZakasnina za knji\u017eni\u010dnu po danu 0,06 Eura<br \/>\nMe\u0111uknji\u017eni\u010dna posudba 2,65 Eura<\/p>\n<p><strong>NAPOMENE:<\/strong><br \/>\n\u2022 posudba za sve \u010dlanove:<strong> 3 jedinice gra\u0111e na 14 dana<\/strong><br \/>\n\u2022 knjige se mogu zadr\u017eati 14 dana nakon \u010dega se pla\u0107a zakasnina<br \/>\n\u2022 produ\u017eiti zadu\u017eenje mo\u017eete najvi\u0161e tri puta (osobnim dolaskom u knji\u017enicu ili telefonom); lektire se ne produ\u017euju<\/p>\n<p><strong>UVJETI KORI\u0160TENJA<\/strong><br \/>\n\u2022 Svaki korisnik Narodne knji\u017enice i \u010ditaonice Gunja mora imati va\u017ee\u0107u \u010dlansku iskaznicu<br \/>\n\u2022 Knjige je mogu\u0107e rezervirati osobno ili telefonom<br \/>\n\u2022 Nakon obavijesti o rezerviranoj knjizi, korisnik je du\u017ean posuditi knjigu u roku od 3 dana. Rezervacija je besplatna.<br \/>\n\u2022 O\u0161te\u0107ena ili izgubljena gra\u0111a nadokna\u0111uje se zamjenom za istovrsnu gra\u0111u ili korisnik pla\u0107a gra\u0111u po va\u017ee\u0107im cijenama na tr\u017ei\u0161tu.<\/p>\n","protected":false},"excerpt":{"rendered":"<p>\u010cLANSTVO I USLUGE NARODNE KNJI\u017dNICE I \u010cITAONICE GUNJA Pravo kori\u0161tenja knji\u017eni\u010dnih usluga traje 12 mjeseci po\u010dev\u0161i od dana upisa u \u010dlanstvo knji\u017enice. CIJENE UPISA Zaposleni 6,64 Eura Nezaposleni 4 Eura&nbsp; Studenti 4 Eura&nbsp; Djeca, u\u010denici &#8211; 4 Eura Umirovljenici 4 Eura &#8211;&nbsp;&nbsp; Mjese\u010dni upis 2 Eura Dnevni upis 0,66 Eura CIJENE OSTALIH USLUGA Zakasnina za [&hellip;]<\/p>\n","protected":false},"author":181,"featured_media":0,"parent":0,"menu_order":0,"comment_status":"closed","ping_status":"closed","template":"","meta":{"ngg_post_thumbnail":0},"yoast_head":"<!-- This site is optimized with the Yoast SEO plugin v16.4 - https:\/\/yoast.com\/wordpress\/plugins\/seo\/ -->\n<title>\u010clanstvo i usluge - Narodna knji\u017enica i \u010ditaonica Gunja<\/title>\n<meta name=\"robots\" content=\"noindex, follow\" \/>\n<meta property=\"og:locale\" content=\"en_US\" \/>\n<meta property=\"og:type\" content=\"article\" \/>\n<meta property=\"og:title\" content=\"\u010clanstvo i usluge - Narodna knji\u017enica i \u010ditaonica Gunja\" \/>\n<meta property=\"og:description\" content=\"\u010cLANSTVO I USLUGE NARODNE KNJI\u017dNICE I \u010cITAONICE GUNJA Pravo kori\u0161tenja knji\u017eni\u010dnih usluga traje 12 mjeseci po\u010dev\u0161i od dana upisa u \u010dlanstvo knji\u017enice. CIJENE UPISA Zaposleni 6,64 Eura Nezaposleni 4 Eura&nbsp; Studenti 4 Eura&nbsp; Djeca, u\u010denici &#8211; 4 Eura Umirovljenici 4 Eura &#8211;&nbsp;&nbsp; Mjese\u010dni upis 2 Eura Dnevni upis 0,66 Eura CIJENE OSTALIH USLUGA Zakasnina za [&hellip;]\" \/>\n<meta property=\"og:url\" content=\"http:\/\/knjiznice.nsk.hr\/gunja\/posudba-i-usluge\/\" \/>\n<meta property=\"og:site_name\" content=\"Narodna knji\u017enica i \u010ditaonica Gunja\" \/>\n<meta property=\"article:publisher\" content=\"https:\/\/www.facebook.com\/Narodna-knji%c5%benica-i-%c4%8ditaonica-Gunja-100778106129294\" \/>\n<meta property=\"article:modified_time\" content=\"2023-01-27T08:34:56+00:00\" \/>\n<meta property=\"og:image\" content=\"http:\/\/knjiznice.nsk.hr\/gunja\/wp-content\/uploads\/sites\/112\/2019\/08\/logo-3.png\" \/>\n\t<meta property=\"og:image:width\" content=\"381\" \/>\n\t<meta property=\"og:image:height\" content=\"350\" \/>\n<meta name=\"twitter:card\" content=\"summary_large_image\" \/>\n<meta name=\"twitter:label1\" content=\"Est. reading time\" \/>\n\t<meta name=\"twitter:data1\" content=\"1 minute\" \/>\n<script type=\"application\/ld+json\" class=\"yoast-schema-graph\">{\"@context\":\"https:\/\/schema.org\",\"@graph\":[{\"@type\":\"Organization\",\"@id\":\"http:\/\/knjiznice.nsk.hr\/gunja\/#organization\",\"name\":\"Narodna knji\\u017enica i \\u010ditaonica Gunja\",\"url\":\"http:\/\/knjiznice.nsk.hr\/gunja\/\",\"sameAs\":[\"https:\/\/www.facebook.com\/Narodna-knji\\u017enica-i-\\u010ditaonica-Gunja-100778106129294\"],\"logo\":{\"@type\":\"ImageObject\",\"@id\":\"http:\/\/knjiznice.nsk.hr\/gunja\/#logo\",\"inLanguage\":\"en-US\",\"url\":\"http:\/\/knjiznice.nsk.hr\/gunja\/wp-content\/uploads\/sites\/112\/2019\/08\/logo-3.png\",\"contentUrl\":\"http:\/\/knjiznice.nsk.hr\/gunja\/wp-content\/uploads\/sites\/112\/2019\/08\/logo-3.png\",\"width\":381,\"height\":350,\"caption\":\"Narodna knji\\u017enica i \\u010ditaonica Gunja\"},\"image\":{\"@id\":\"http:\/\/knjiznice.nsk.hr\/gunja\/#logo\"}},{\"@type\":\"WebSite\",\"@id\":\"http:\/\/knjiznice.nsk.hr\/gunja\/#website\",\"url\":\"http:\/\/knjiznice.nsk.hr\/gunja\/\",\"name\":\"Narodna knji\\u017enica i \\u010ditaonica Gunja\",\"description\":\"\",\"publisher\":{\"@id\":\"http:\/\/knjiznice.nsk.hr\/gunja\/#organization\"},\"potentialAction\":[{\"@type\":\"SearchAction\",\"target\":\"http:\/\/knjiznice.nsk.hr\/gunja\/?s={search_term_string}\",\"query-input\":\"required name=search_term_string\"}],\"inLanguage\":\"en-US\"},{\"@type\":\"WebPage\",\"@id\":\"http:\/\/knjiznice.nsk.hr\/gunja\/posudba-i-usluge\/#webpage\",\"url\":\"http:\/\/knjiznice.nsk.hr\/gunja\/posudba-i-usluge\/\",\"name\":\"\\u010clanstvo i usluge - Narodna knji\\u017enica i \\u010ditaonica Gunja\",\"isPartOf\":{\"@id\":\"http:\/\/knjiznice.nsk.hr\/gunja\/#website\"},\"datePublished\":\"2019-08-19T16:11:40+00:00\",\"dateModified\":\"2023-01-27T08:34:56+00:00\",\"breadcrumb\":{\"@id\":\"http:\/\/knjiznice.nsk.hr\/gunja\/posudba-i-usluge\/#breadcrumb\"},\"inLanguage\":\"en-US\",\"potentialAction\":[{\"@type\":\"ReadAction\",\"target\":[\"http:\/\/knjiznice.nsk.hr\/gunja\/posudba-i-usluge\/\"]}]},{\"@type\":\"BreadcrumbList\",\"@id\":\"http:\/\/knjiznice.nsk.hr\/gunja\/posudba-i-usluge\/#breadcrumb\",\"itemListElement\":[{\"@type\":\"ListItem\",\"position\":1,\"item\":{\"@type\":\"WebPage\",\"@id\":\"http:\/\/knjiznice.nsk.hr\/gunja\/\",\"url\":\"http:\/\/knjiznice.nsk.hr\/gunja\/\",\"name\":\"Po\\u010detna stranica\"}},{\"@type\":\"ListItem\",\"position\":2,\"item\":{\"@id\":\"http:\/\/knjiznice.nsk.hr\/gunja\/posudba-i-usluge\/#webpage\"}}]}]}<\/script>\n<!-- \/ Yoast SEO plugin. -->","_links":{"self":[{"href":"http:\/\/knjiznice.nsk.hr\/gunja\/wp-json\/wp\/v2\/pages\/94"}],"collection":[{"href":"http:\/\/knjiznice.nsk.hr\/gunja\/wp-json\/wp\/v2\/pages"}],"about":[{"href":"http:\/\/knjiznice.nsk.hr\/gunja\/wp-json\/wp\/v2\/types\/page"}],"author":[{"embeddable":true,"href":"http:\/\/knjiznice.nsk.hr\/gunja\/wp-json\/wp\/v2\/users\/181"}],"replies":[{"embeddable":true,"href":"http:\/\/knjiznice.nsk.hr\/gunja\/wp-json\/wp\/v2\/comments?post=94"}],"version-history":[{"count":5,"href":"http:\/\/knjiznice.nsk.hr\/gunja\/wp-json\/wp\/v2\/pages\/94\/revisions"}],"predecessor-version":[{"id":1654,"href":"http:\/\/knjiznice.nsk.hr\/gunja\/wp-json\/wp\/v2\/pages\/94\/revisions\/1654"}],"wp:attachment":[{"href":"http:\/\/knjiznice.nsk.hr\/gunja\/wp-json\/wp\/v2\/media?parent=94"}],"curies":[{"name":"wp","href":"https:\/\/api.w.org\/{rel}","templated":true}]}}