{"id":45,"date":"2019-08-19T14:33:45","date_gmt":"2019-08-19T12:33:45","guid":{"rendered":"http:\/\/knjiznice.nsk.hr\/gunja\/?page_id=45"},"modified":"2026-04-10T09:22:26","modified_gmt":"2026-04-10T07:22:26","slug":"dokumenti","status":"publish","type":"page","link":"http:\/\/knjiznice.nsk.hr\/gunja\/dokumenti\/","title":{"rendered":"IZVJE\u0160\u0106A I SLU\u017dBENE INFORMACIJE"},"content":{"rendered":"<p><strong>Op\u0107i akti&nbsp;<\/strong><\/p>\n<p><a href=\"http:\/\/knjiznice.nsk.hr\/gunja\/wp-content\/uploads\/sites\/112\/2025\/10\/STATUT-2025.-PRETHODNA-SUGLASNOST.zip\">STATUT 2025. + PRETHODNA SUGLASNOST<\/a><\/p>\n<p><a href=\"http:\/\/knjiznice.nsk.hr\/gunja\/wp-content\/uploads\/sites\/112\/2021\/03\/Pravilnik-o-ostvarivanju-i-nacinu-trosenja-vlastitih-prihoda.pdf\">Pravilnik o ostvarivanju i na\u010dinu tro\u0161enja vlastitih prihoda<\/a><\/p>\n<p><a href=\"http:\/\/knjiznice.nsk.hr\/gunja\/wp-content\/uploads\/sites\/112\/2023\/01\/Odluka-o-visini-clanarine-2023.docx\">Odluka o visini \u010dlanarine 2023<\/a>.<\/p>\n<p><a href=\"http:\/\/knjiznice.nsk.hr\/gunja\/wp-content\/uploads\/sites\/112\/2025\/06\/GDPR-privatnost-i-obrada-osobnih-podatak-1.zip\">GDPR &#8211; privatnost i obrada osobnih podataka<\/a><\/p>\n<p><a href=\"http:\/\/knjiznice.nsk.hr\/gunja\/wp-content\/uploads\/sites\/112\/2025\/06\/Smjernice-za-izgradnju-i-upravljanje-knj-fondom.pdf\">Smjernice za izgradnju i upravljanje knji\u017eni\u010dnim fondom<\/a><\/p>\n<p><a href=\"http:\/\/knjiznice.nsk.hr\/gunja\/wp-content\/uploads\/sites\/112\/2025\/06\/Pravilnik-o-pruzanju-usluga-i-uvjetima-koristenja-knjiznicne-grade.pdf\">Pravilnik-o-pruzanju-usluga-i-uvjetima-koristenja-knjiznicne-grade<\/a><\/p>\n<p><a href=\"http:\/\/knjiznice.nsk.hr\/gunja\/wp-content\/uploads\/sites\/112\/2025\/06\/Pravilnik-o-radu-Narodna-knjiznica-i-citaonica-Gunja.pdf\">Pravilnik o radu knji\u017enice<\/a><\/p>\n<p><a href=\"http:\/\/knjiznice.nsk.hr\/gunja\/wp-content\/uploads\/sites\/112\/2025\/07\/pravilnik.pdf\">Pravilnik o za\u0161titi na radu<\/a><\/p>\n<p><a href=\"http:\/\/knjiznice.nsk.hr\/gunja\/wp-content\/uploads\/sites\/112\/2025\/07\/Pravilnik-pozar_compressed.pdf\">Pravilnik o za\u0161titi od po\u017eara<\/a><\/p>\n<p>&nbsp;<\/p>\n<p><strong>Financijski planovi<\/strong><\/p>\n<p><a href=\"http:\/\/knjiznice.nsk.hr\/gunja\/wp-content\/uploads\/sites\/112\/2026\/01\/II.-Izmjena-Financijskog-plana-za-2025.-godinu.zip\">II. Izmjena Financijskog plana za 2025. godinu&nbsp;&nbsp;<\/a><\/p>\n<p><a href=\"http:\/\/knjiznice.nsk.hr\/gunja\/wp-content\/uploads\/sites\/112\/2026\/01\/Zakljucak-prethodna-suglasnost-na-II.Rebalans-Knjiznice-za-2025..pdf\">Zaklju\u010dak-prethodna suglasnost na II.Rebalans Knji\u017enice za 2025. godinu<\/a><\/p>\n<p><a href=\"http:\/\/knjiznice.nsk.hr\/gunja\/wp-content\/uploads\/sites\/112\/2025\/12\/Godisnji-plan-rada-za-2026.-godinu-Zakljucak.zip\">Godi\u0161nji plan rada za 2026. godinu + Zaklju\u010dak<\/a><\/p>\n<p><a href=\"http:\/\/knjiznice.nsk.hr\/gunja\/wp-content\/uploads\/sites\/112\/2025\/12\/Godisnji-plan-rada.zip\">&nbsp;Financijski plan za 2026. godinu s projekcijama za 2027. i 2028. godinu + Zaklju\u010dak<\/a><\/p>\n<p><a href=\"http:\/\/knjiznice.nsk.hr\/gunja\/wp-content\/uploads\/sites\/112\/2025\/11\/I-REBALANS-2025-1.zip\">I. Izmjena Financijskog plana&nbsp; 2025.<\/a><\/p>\n<p><a href=\"http:\/\/knjiznice.nsk.hr\/gunja\/wp-content\/uploads\/sites\/112\/2025\/01\/rebalans.zip\">I. izmjena Financijskog plana za 2024. godinu&nbsp;<\/a><\/p>\n<p><a href=\"http:\/\/knjiznice.nsk.hr\/gunja\/wp-content\/uploads\/sites\/112\/2024\/12\/Godisnji-plan-rada-s-Financijskim-za-2025.-g.-s-projekcijama-2026.-i-2027.zip\">Godi\u0161nji plan rada za 2025. godinu s Financijskim&nbsp; planom za 2025. godinu s projekcijama za 2026. i 2027 godinu + Zaklju\u010dak<\/a><\/p>\n<p><a href=\"http:\/\/knjiznice.nsk.hr\/gunja\/wp-content\/uploads\/sites\/112\/2025\/02\/plan-za-2024.zip\">Godi\u0161nji plan rada s financijskim&nbsp; za 2024 godinu&nbsp;<\/a><\/p>\n<p><a href=\"http:\/\/knjiznice.nsk.hr\/gunja\/wp-content\/uploads\/sites\/112\/2023\/12\/II-rebalans-2023.zip\">II. Rebalans za 2023. godinu<\/a><\/p>\n<p><a href=\"http:\/\/knjiznice.nsk.hr\/gunja\/wp-content\/uploads\/sites\/112\/2023\/10\/i-rebalans.zip\">I. rebalans za 2023. godinu<\/a><\/p>\n<p><a href=\"http:\/\/knjiznice.nsk.hr\/gunja\/wp-content\/uploads\/sites\/112\/2023\/09\/Polugodisnje-izvjesce-o-radu-Javne-ustanove-\u201eNarodne-knjiznice-i-citaonice-Gunja-za-razdoblje-od-01.01.-30.06.2023.-Zakljucak-.zip\">Polugodi\u0161nje izvje\u0161\u0107e o radu Javne ustanove \u201eNarodne knji\u017enice i \u010ditaonice Gunja\u201c za razdoblje od 01.01.-30.06.2023. + Zaklju\u010dak<\/a><\/p>\n<p><a href=\"http:\/\/knjiznice.nsk.hr\/gunja\/wp-content\/uploads\/sites\/112\/2024\/02\/Godisnji-Financijski-plan-2023.zip\">Godi\u0161nji plan rada s&nbsp; Financijskim planom za 2023. godinu<\/a><\/p>\n<p><a href=\"http:\/\/knjiznice.nsk.hr\/gunja\/wp-content\/uploads\/sites\/112\/2023\/06\/ZAKLJUCAK-prethodna-suglasnost-na-izvjesce-Knjiznice-o-izvrsenju-Fin.plana-za-2022..pdf\">ZAKLJU\u010cAK &#8211; prethodna suglasnost na izvje\u0161\u0107e Knji\u017enice o izvr\u0161enju Fin.plana za 2022.<\/a><\/p>\n<p><a href=\"http:\/\/knjiznice.nsk.hr\/gunja\/wp-content\/uploads\/sites\/112\/2023\/01\/3.-ZAKLJUCAK-KNJIZNICA-IZVRSENJE-FIN.PLANA-01-06.2022.-1.docx\">&nbsp;IZVR\u0160ENJE FIN.PLANA 01-06.2022.<\/a><\/p>\n<p><a href=\"http:\/\/knjiznice.nsk.hr\/gunja\/wp-content\/uploads\/sites\/112\/2023\/01\/3.3.-Biljeske-uz-financijsko-izvjesce-za-za-period-06-2022.-godinu-knjiznica.doc-1.docx\">Bilje\u0161ke uz financijsko izvje\u0161\u0107e za za period 06-2022. godinu-knji\u017enica<\/a><\/p>\n<p><a href=\"http:\/\/knjiznice.nsk.hr\/gunja\/wp-content\/uploads\/sites\/112\/2023\/01\/PRAVILNIK-O-MJERILIMA-I-NACINU-KORISTENJA-NENAMJENSKIH-DONACIJA-I-VLASTITIH-PRIHODA-PRORACUNSKIH-KORISNIKA-OPCINE-GUNJA.docx\">PRAVILNIK O MJERILIMA I NA\u010cINU KORI\u0160TENJA NENAMJENSKIH DONACIJA I VLASTITIH PRIHODA PRORA\u010cUNSKIH KORISNIKA OP\u0106INE GUNJA<\/a><\/p>\n<p><a href=\"http:\/\/knjiznice.nsk.hr\/gunja\/wp-content\/uploads\/sites\/112\/2025\/06\/Pravilnik-o-zastiti-knjiznicne-grade.pdf\">Pravilnik o za\u0161titi knji\u017eni\u010dne gra\u0111e<\/a><\/p>\n<p><a href=\"http:\/\/knjiznice.nsk.hr\/gunja\/wp-content\/uploads\/sites\/112\/2023\/01\/3.1.-Knjiznica-II.izmjena-i-dopuna-Fin.-plana-za-2022.-sa-projekcijama.pdf\">II.izmjena i dopuna Fin. plana za 2022. sa projekcijama<\/a><\/p>\n<p><a href=\"http:\/\/knjiznice.nsk.hr\/gunja\/wp-content\/uploads\/sites\/112\/2023\/01\/3.2.-Knjiznica-Obrazlozenje-II-rebalansa-2022.docx\">Obrazlo\u017eenje II rebalansa 2022<\/a><\/p>\n<p><a href=\"http:\/\/knjiznice.nsk.hr\/gunja\/wp-content\/uploads\/sites\/112\/2023\/01\/3.-KNJIZNICA-ZAKLJUCAK-II.-IZMJENA-FIN.PLANA-ZA-2022..docx\">&nbsp;KNJI\u017dNICA ZAKLJU\u010cAK &#8211; II. IZMJENA FIN.PLANA ZA 2022.<\/a><\/p>\n<p><a href=\"http:\/\/knjiznice.nsk.hr\/gunja\/wp-content\/uploads\/sites\/112\/2021\/12\/Zakljucak-Plan-rada-sa-financijskim-planom-za-2022.-godinu-.pdf\">Zaklju\u010dak &#8211; Plan rada sa financijskim planom za 2022. godinu<\/a><\/p>\n<p><a href=\"http:\/\/knjiznice.nsk.hr\/gunja\/wp-content\/uploads\/sites\/112\/2021\/12\/Plan-rada-i-razvitka-sa-financijskim-planom-za-2022.-godinu-1.pdf\">Plan rada i razvitka sa financijskim planom za 2022. godinu<\/a><\/p>\n<p><a href=\"http:\/\/knjiznice.nsk.hr\/gunja\/wp-content\/uploads\/sites\/112\/2021\/12\/Prijedlog-financijskog-plana-za-2022.-godinu.pdf\">Prijedlog financijskog plana za 2022. godinu<\/a><\/p>\n<p><a href=\"http:\/\/knjiznice.nsk.hr\/gunja\/wp-content\/uploads\/sites\/112\/2021\/01\/Zakljucak-Financijski-plan-i-plan-rada-za-2021.-godinu.pdf\">Zaklju\u010dak- Financijski plan i plan rada za 2021. godinu<\/a><\/p>\n<p><a href=\"http:\/\/knjiznice.nsk.hr\/gunja\/wp-content\/uploads\/sites\/112\/2021\/01\/II.-Izmjene-Financijskog-plana-za-2020.-godinu.pdf\">II. Izmjene Financijskog plana za 2020. godinu<\/a><\/p>\n<p><a href=\"http:\/\/knjiznice.nsk.hr\/gunja\/wp-content\/uploads\/sites\/112\/2021\/01\/I.-Izmjene-Financijskog-plana-za-2020.-godinu.pdf\">I. Izmjene Financijskog plana za 2020. godinu<\/a><\/p>\n<p><a href=\"http:\/\/knjiznice.nsk.hr\/gunja\/wp-content\/uploads\/sites\/112\/2021\/01\/Financijski-plan-i-plan-rada-za-2020.-godinu.pdf\">Financijski plan i plan rada za 2020. godinu<\/a><\/p>\n<p><a href=\"http:\/\/knjiznice.nsk.hr\/gunja\/wp-content\/uploads\/sites\/112\/2021\/12\/Zakljucak-Plan-rada-sa-financijskim-planom-za-2022.-godinu-.pdf\">Zaklju\u010dak &#8211; Plan rada sa financijskim planom za 2022. godinu<\/a><\/p>\n<p><a href=\"http:\/\/knjiznice.nsk.hr\/gunja\/wp-content\/uploads\/sites\/112\/2025\/06\/Odluka-o-visini-clanarine-2023.pdf\">Odluka o visini \u010dlanarine 2023<\/a>. godine<\/p>\n<p><strong>Pravo na pristup informacijama<\/strong><\/p>\n<p><a href=\"http:\/\/knjiznice.nsk.hr\/gunja\/wp-content\/uploads\/sites\/112\/2020\/01\/Zahtjev-za-pristup-informacijama.doc\">Zahtjev-za-pristup-informacijama<\/a><\/p>\n<p><a href=\"http:\/\/knjiznice.nsk.hr\/gunja\/wp-content\/uploads\/sites\/112\/2020\/01\/Zahtjev-za-ponovnu-uporabu-informacija.doc\">Zahtjev-za-ponovnu-uporabu-informacija<\/a><\/p>\n<p><a href=\"http:\/\/knjiznice.nsk.hr\/gunja\/wp-content\/uploads\/sites\/112\/2020\/01\/Zahtjev-za-dopunu-ili-ispravak-informacije.doc\">Zahtjev-za-dopunu-ili-ispravak-informacije<\/a><\/p>\n<p><a href=\"http:\/\/knjiznice.nsk.hr\/gunja\/wp-content\/uploads\/sites\/112\/2026\/01\/povjerenik-za-informiranje-1.pdf\">Odluka o odre\u0111ivanje povjerenika za informiranje&nbsp;<\/a><\/p>\n<p><a href=\"http:\/\/knjiznice.nsk.hr\/gunja\/wp-content\/uploads\/sites\/112\/2020\/01\/Godi\u0161nje-izvje\u0161\u0107e-o-provedbi-ZPPI-za-2019.-godinu.pdf\">Godi\u0161nje izvje\u0161\u0107e o provedbi ZPPI za 2019. godinu<\/a><\/p>\n<p><a href=\"http:\/\/knjiznice.nsk.hr\/gunja\/wp-content\/uploads\/sites\/112\/2021\/01\/Godisnje-izvjesce-o-provedbi-ZPPI-za-2020.-godinu.pdf\">Godi\u0161nje izvje\u0161\u0107e o provedbi ZPPI za 2020. godinu<\/a><\/p>\n<p><a href=\"http:\/\/knjiznice.nsk.hr\/gunja\/wp-content\/uploads\/sites\/112\/2022\/01\/Godisnje-izvjesce-o-provedbi-ZPPI-za-2021.-godinu.pdf\">Godi\u0161nje izvje\u0161\u0107e o provedbi ZPPI za 2021. godinu<\/a><\/p>\n<p><a href=\"http:\/\/knjiznice.nsk.hr\/gunja\/wp-content\/uploads\/sites\/112\/2023\/01\/Godisnje_izvjesce.pdf\">Godi\u0161nje izvje\u0161\u0107e<\/a> o provedbi ZPPI za 2022. godinu<\/p>\n<p><a href=\"http:\/\/knjiznice.nsk.hr\/gunja\/wp-content\/uploads\/sites\/112\/2024\/01\/Godisnje_izvjesce.pdf\">Godi\u0161nje_izvje\u0161\u0107e o provedbi ZPPI za 2023. godinu<\/a><\/p>\n<p><a href=\"http:\/\/knjiznice.nsk.hr\/gunja\/wp-content\/uploads\/sites\/112\/2025\/01\/Godisnje_izvjesce-1.pdf\">Godi\u0161nje_izvje\u0161\u0107e o provedbi ZPPI za 2024. godinu<\/a><\/p>\n<p><a href=\"http:\/\/knjiznice.nsk.hr\/gunja\/wp-content\/uploads\/sites\/112\/2026\/01\/Godisnje_izvjesce-2.pdf\">Godi\u0161nje izvje\u0161\u0107e o provedbi ZPPI za 2025. godinu<\/a><\/p>\n<p>&nbsp;<\/p>\n<p><strong>Zakonske procedure<\/strong><\/p>\n<p><a href=\"http:\/\/knjiznice.nsk.hr\/gunja\/wp-content\/uploads\/sites\/112\/2020\/03\/Procedura-zaprimanja-provjere-i-pla\u0107anja-roba.pdf\">Procedura zaprimanja, provjere i pla\u0107anja roba<\/a><\/p>\n<p><a href=\"http:\/\/knjiznice.nsk.hr\/gunja\/wp-content\/uploads\/sites\/112\/2020\/03\/Procedure-stvaranja-ugovornih-obaveza.pdf\">Procedure stvaranja ugovornih obaveza<\/a><\/p>\n<p><a href=\"http:\/\/knjiznice.nsk.hr\/gunja\/wp-content\/uploads\/sites\/112\/2023\/07\/Procedura-blagajnickog-poslovanja.docx\">Procedura blagajni\u010dkog poslovanja<\/a><\/p>\n<p><a href=\"http:\/\/knjiznice.nsk.hr\/gunja\/wp-content\/uploads\/sites\/112\/2020\/03\/Procedura-pra\u0107enja-i-naplate-prihoda-i-primitaka.pdf\">Procedura pra\u0107enja i naplate prihoda i primitaka<\/a><\/p>\n<p><a href=\"http:\/\/knjiznice.nsk.hr\/gunja\/wp-content\/uploads\/sites\/112\/2024\/11\/Procedura-obracunavanja-i-izdavanja-putnih-naloga.docx\">Procedura obra\u010dunavanja i izdavanja putnih naloga<\/a><\/p>\n<p>&nbsp;<\/p>\n<p><strong>Javna nabava<\/strong><\/p>\n<p><a href=\"http:\/\/knjiznice.nsk.hr\/gunja\/wp-content\/uploads\/sites\/112\/2025\/09\/jjn.pdf\">Pravilnik za provedbu postupka jednostavne javne nabave<\/a><\/p>\n<p><a href=\"http:\/\/knjiznice.nsk.hr\/gunja\/wp-content\/uploads\/sites\/112\/2021\/01\/Plana-nabave-za-2020.-godinu.pdf\">Plana nabave za 2020. godinu<\/a><\/p>\n<p><a href=\"http:\/\/knjiznice.nsk.hr\/gunja\/wp-content\/uploads\/sites\/112\/2025\/06\/Plan-nabave-za-2025-godinu.docx-PRIMJER.docx\">Plan nabave za 2025 godinu<\/a><\/p>\n<p>&nbsp;<\/p>\n<p><strong>Financijski izvje\u0161taji<\/strong><\/p>\n<p><a href=\"http:\/\/knjiznice.nsk.hr\/gunja\/wp-content\/uploads\/sites\/112\/2026\/04\/TROMJESECNI-2026.zip\">FINANCIJSKO IZVJE\u0160\u0106E I-III&nbsp; 2026.&nbsp;<\/a><\/p>\n<p><a href=\"http:\/\/knjiznice.nsk.hr\/gunja\/wp-content\/uploads\/sites\/112\/2026\/02\/FINANCIJSKO-IZVJESCE-I-XII-2025..zip\">FINANCIJSKO IZVJE\u0160\u0106E I-XII 2025. GODINE<\/a><\/p>\n<p><a href=\"http:\/\/knjiznice.nsk.hr\/gunja\/wp-content\/uploads\/sites\/112\/2025\/10\/FINANCIJSKI-IZVJESTAJ-1-9-MJESECA.zip\">FINANCIJSKI IZVJE\u0160TAJ I-IX 2025. GODINE<\/a><\/p>\n<p><a href=\"http:\/\/knjiznice.nsk.hr\/gunja\/wp-content\/uploads\/sites\/112\/2025\/09\/2.-Zakljucak-prethodna-suglasnost-na-Pol.izvjestaj-Knjiznice-01.01.-30.06.pdf\">&nbsp;Polugodi\u0161nji izvje\u0161taj Knji\u017enice 01.01.-30.06.2025. + Zaklju\u010dak<\/a><\/p>\n<p><a href=\"http:\/\/knjiznice.nsk.hr\/gunja\/wp-content\/uploads\/sites\/112\/2025\/09\/IZVJESTAJ-O-IZVRSENJU-1-6-2025.zip\">POLUGODI\u0160NJI <\/a><a href=\"http:\/\/knjiznice.nsk.hr\/gunja\/wp-content\/uploads\/sites\/112\/2025\/09\/IZVJESTAJ-O-IZVRSENJU-1-6-2025-1.zip\">IZVJE\u0160TAJ O IZVR\u0160ENJU 1-6 2025&nbsp;<\/a><\/p>\n<p><a href=\"http:\/\/knjiznice.nsk.hr\/gunja\/wp-content\/uploads\/sites\/112\/2025\/07\/FINANCIJSKI-IZVJESTAJ-POLUGODISNJI-RKPFI-2025-3.zip\">FINANCIJSKI IZVJE\u0160TAJ I-VI&nbsp; 2025.<\/a><\/p>\n<p><a href=\"http:\/\/knjiznice.nsk.hr\/gunja\/wp-content\/uploads\/sites\/112\/2025\/06\/Zakljucak-prethodna-suglasnost-na-izvrsenje-Fin.plana-Knjiznice-za-2024..pdf\">Zaklju\u010dak-prethodna suglasnost na IZVR\u0160ENJE FINANCIJSKOG PLANA Knji\u017enice za 2024.<\/a><\/p>\n<p><a href=\"http:\/\/knjiznice.nsk.hr\/gunja\/wp-content\/uploads\/sites\/112\/2025\/04\/FINANCIJSKI-IZVJESTAJ-O-IZVRSENJU-01.01.-DO-31.12.2024.zip\">FINANCIJSKI IZVJE\u0160TAJ O IZVR\u0160ENJU od 01.01. 2024. DO 31.12.2024 <\/a><\/p>\n<p><a href=\"http:\/\/knjiznice.nsk.hr\/gunja\/wp-content\/uploads\/sites\/112\/2025\/07\/FINANCIJSKI-IZVJESTAJ-TROMJESECNI-2025-1.zip\">FINANCIJSKI IZVJE\u0160TAJ &#8211; TROMJESE\u010cNI 2025<\/a><\/p>\n<p><a href=\"http:\/\/knjiznice.nsk.hr\/gunja\/wp-content\/uploads\/sites\/112\/2024\/10\/Finan.-izvjesce-I-IX-2024.zip\">Financijsko izvje\u0161\u0107e Sije\u010danj- Rujan 2024. godine&nbsp;<\/a><\/p>\n<p><a href=\"http:\/\/knjiznice.nsk.hr\/gunja\/wp-content\/uploads\/sites\/112\/2024\/07\/Financijsko-izvjesce-1-6.2024.zip\">Financijsko izvje\u0161\u0107e Sije\u010danj-Lipanj 2024. godine<\/a><\/p>\n<p><a href=\"http:\/\/knjiznice.nsk.hr\/gunja\/wp-content\/uploads\/sites\/112\/2024\/04\/Financijsko-izvjesce-01.01.-do-31.03.2024.zip\">Financijsko izvje\u0161\u0107e 01.01. do 31.03.2024. godine<\/a><\/p>\n<p><a href=\"http:\/\/knjiznice.nsk.hr\/gunja\/wp-content\/uploads\/sites\/112\/2025\/02\/FINANCIJSKO-IZVJESCE-GODISNJE-ZA-2024-1.zip\">FINANCIJSKO IZVJE\u0160\u0106E GODI\u0160NJE ZA 2024.godinu<\/a><\/p>\n<p><a href=\"http:\/\/knjiznice.nsk.hr\/gunja\/wp-content\/uploads\/sites\/112\/2024\/01\/Finan.zip\">Financijsko izvje\u0161\u0107e za razdoblje od 01.01. do 31.12. 2023. godine<\/a>&nbsp;<\/p>\n<p><a href=\"http:\/\/knjiznice.nsk.hr\/gunja\/wp-content\/uploads\/sites\/112\/2023\/12\/plan-za-2024.zip\">Godi\u0161nji plan s financijskim planom za 2024 godinu + Godi\u0161nji plan rada za 2024. godinu<\/a><\/p>\n<p><a href=\"http:\/\/knjiznice.nsk.hr\/gunja\/wp-content\/uploads\/sites\/112\/2023\/10\/Financijsko-izvjesce-01.01.-30.09.2023..zip\">Financijsko izvje\u0161\u0107e 01.01.-30.09.2023.<\/a><\/p>\n<p><a href=\"http:\/\/knjiznice.nsk.hr\/gunja\/wp-content\/uploads\/sites\/112\/2023\/09\/Izvjesce-o-izvrsenju.zip\">Izvje\u0161\u0107e o izvr\u0161enju za prvo polugodi\u0161te 2023. (01.01. &#8211; 30.06.)<\/a>&nbsp;<\/p>\n<p><a href=\"http:\/\/knjiznice.nsk.hr\/gunja\/wp-content\/uploads\/sites\/112\/2023\/07\/Financijsko-izvjesce-NKiCG-I-VI-2023.zip\">Financijsko izvje\u0161\u0107e NKi\u010cG I-VI-2023<\/a>.<\/p>\n<p><a href=\"http:\/\/knjiznice.nsk.hr\/gunja\/wp-content\/uploads\/sites\/112\/2023\/07\/Desktop-1.zip\">Financijska izvje\u0161\u0107a za period od 01.01.2023. do 31.03.2023.<\/a><\/p>\n<p><a href=\"http:\/\/knjiznice.nsk.hr\/gunja\/wp-content\/uploads\/sites\/112\/2023\/01\/Financijski-izvjestaj-31-12-2022.zip\">Financijski izvje\u0161taj 31-12-2022<\/a><\/p>\n<p><a href=\"http:\/\/knjiznice.nsk.hr\/gunja\/wp-content\/uploads\/sites\/112\/2022\/01\/Potvrda-o-preuzetom-Fin.-izvjestaju_NKiCG.pdf\">Potvrda o preuzetom Fin. izvje\u0161taju_NKi\u010cG<\/a><\/p>\n<p><a href=\"http:\/\/knjiznice.nsk.hr\/gunja\/wp-content\/uploads\/sites\/112\/2023\/07\/Polugodisnje-izvjesce-o-izvrsenju.zip\">Polugodi\u0161nji <span class=\"il\">izvje\u0161taj<\/span>&nbsp;<span class=\"il\">o<\/span>&nbsp;<span class=\"il\">izvr\u0161enju<\/span>&nbsp;prora\u010duna za 2022. godinu + Prethodna suglasnost za Knji\u017enicu<\/a><\/p>\n<p><a href=\"http:\/\/knjiznice.nsk.hr\/gunja\/wp-content\/uploads\/sites\/112\/2022\/01\/Biljeske.pdf\">Bilje\u0161ke<\/a><\/p>\n<p><a href=\"http:\/\/knjiznice.nsk.hr\/gunja\/wp-content\/uploads\/sites\/112\/2022\/01\/Godisnji-Financijski-izvjestaj_NKiCG.pdf\">Godi\u0161nji Financijski izvje\u0161taj_NKi\u010cG<\/a><\/p>\n<p><a href=\"http:\/\/knjiznice.nsk.hr\/gunja\/wp-content\/uploads\/sites\/112\/2021\/07\/Financijsko-izv_I-VI_Knjiznica_Gunja.pdf\">Financijsko izv_I-VI_Knjiznica_Gunja<\/a><\/p>\n<p><a href=\"http:\/\/knjiznice.nsk.hr\/gunja\/wp-content\/uploads\/sites\/112\/2021\/03\/Potvrda_Fina_NKiCG_2020_izmjena.pdf\">Potvrda_Fina_NKi\u010cG_2020_izmjena<\/a><\/p>\n<p><a href=\"http:\/\/knjiznice.nsk.hr\/gunja\/wp-content\/uploads\/sites\/112\/2021\/03\/Godisnji-financijski-izvjestaj-za-2020.-godinu-izmjena.pdf\">Godi\u0161nji financijski izvje\u0161taj za 2020. godinu &#8211; izmjena<\/a><\/p>\n<p><a href=\"http:\/\/knjiznice.nsk.hr\/gunja\/wp-content\/uploads\/sites\/112\/2021\/03\/Referentna-stranica_izmjena_NKiCG_2020.pdf\">Referentna stranica_izmjena_NKi\u010cG_2020<\/a><\/p>\n<p><a href=\"http:\/\/knjiznice.nsk.hr\/gunja\/wp-content\/uploads\/sites\/112\/2021\/03\/Potvrda_Fina_NKiCG_2020.pdf\">Potvrda_Fina_NKi\u010cG_2020<\/a><\/p>\n<p><a href=\"http:\/\/knjiznice.nsk.hr\/gunja\/wp-content\/uploads\/sites\/112\/2021\/03\/Biljeske-uz-financijsko-izvjesce-za-2020.-godinu-1.rtf\">Bilje\u0161ke uz financijsko izvje\u0161\u0107e za 2020. godinu<\/a><\/p>\n<p><a href=\"http:\/\/knjiznice.nsk.hr\/gunja\/wp-content\/uploads\/sites\/112\/2021\/02\/Godisnji-financijski-izvjestaj-za-2020.-godinu-1.pdf\">Godi\u0161nji financijski izvje\u0161taj za 2020. godinu<\/a><\/p>\n<p><a href=\"http:\/\/knjiznice.nsk.hr\/gunja\/wp-content\/uploads\/sites\/112\/2021\/03\/Referentna-stranica_NKiCG_2020-1.pdf\">Referentna stranica_NKi\u010cG_2020<\/a><\/p>\n<p><a href=\"http:\/\/knjiznice.nsk.hr\/gunja\/wp-content\/uploads\/sites\/112\/2020\/03\/Financijski-izvje\u0161taj-za-2019.-godinu.pdf\">Financijski izvje\u0161taj za 2019. godinu<\/a><\/p>\n<p><a href=\"http:\/\/knjiznice.nsk.hr\/gunja\/wp-content\/uploads\/sites\/112\/2020\/11\/Izvjestaj-pror.-NKiCG_9_2020.pdf\">Izvje\u0161taj pror. NKi\u010cG_9_2020<\/a><\/p>\n<p><a href=\"http:\/\/knjiznice.nsk.hr\/gunja\/wp-content\/uploads\/sites\/112\/2021\/12\/Zakljucak-Plan-rada-sa-financijskim-planom-za-2022.-godinu-.pdf\">Zaklju\u010dak &#8211; Plan rada sa financijskim planom za 2022. godinu<\/a><\/p>\n<p><a href=\"http:\/\/knjiznice.nsk.hr\/gunja\/wp-content\/uploads\/sites\/112\/2022\/07\/GODISNJI-IZVJESTAJ-O-IZVRSENJU-FINANCIJSKOG-PLANA-\u201eNARODNE-KNJIZNICE-I-CITAONICE-GUNJA-ZA-2021.-GODINU_compressed.pdf\">GODI\u0160NJI IZVJE\u0160TAJ O IZVR\u0160ENJU FINANCIJSKOG PLANA \u201eNARODNE KNJI\u017dNICE I \u010cITAONICE GUNJA\u201c ZA 2021. GODINU_<\/a><\/p>\n<p><strong>Plan klasifikacijskih oznaka<\/strong><\/p>\n<p><a href=\"http:\/\/knjiznice.nsk.hr\/gunja\/wp-content\/uploads\/sites\/112\/2023\/01\/Plan-klasifikacijskih-oznaka-za-2023.-godinu.docx\">&nbsp;<\/a><a href=\"http:\/\/knjiznice.nsk.hr\/gunja\/wp-content\/uploads\/sites\/112\/2024\/01\/Plan-klasifikacijskih-oznaka-.docx\">Plan klasifikacijskih oznaka<\/a><\/p>\n<p><strong>Godi\u0161nje izvje\u0161\u0107e o nepravilnostima<\/strong><\/p>\n<p><a href=\"http:\/\/knjiznice.nsk.hr\/gunja\/wp-content\/uploads\/sites\/112\/2021\/03\/Odluka-o-imenovanju-osobe-za-nepravilnosti.pdf\">Odluka o imenovanju osobe za nepravilnosti<\/a><\/p>\n<p>&nbsp;<\/p>\n","protected":false},"excerpt":{"rendered":"<p>Op\u0107i akti&nbsp; STATUT 2025. + PRETHODNA SUGLASNOST Pravilnik o ostvarivanju i na\u010dinu tro\u0161enja vlastitih prihoda Odluka o visini \u010dlanarine 2023. GDPR &#8211; privatnost i obrada osobnih podataka Smjernice za izgradnju i upravljanje knji\u017eni\u010dnim fondom Pravilnik-o-pruzanju-usluga-i-uvjetima-koristenja-knjiznicne-grade Pravilnik o radu knji\u017enice Pravilnik o za\u0161titi na radu Pravilnik o za\u0161titi od po\u017eara &nbsp; Financijski planovi II. Izmjena Financijskog [&hellip;]<\/p>\n","protected":false},"author":181,"featured_media":0,"parent":0,"menu_order":0,"comment_status":"closed","ping_status":"closed","template":"","meta":{"ngg_post_thumbnail":0},"yoast_head":"<!-- This site is optimized with the Yoast SEO plugin v16.4 - https:\/\/yoast.com\/wordpress\/plugins\/seo\/ -->\n<title>IZVJE\u0160\u0106A I SLU\u017dBENE INFORMACIJE - Narodna knji\u017enica i \u010ditaonica Gunja<\/title>\n<meta name=\"robots\" content=\"noindex, follow\" \/>\n<meta property=\"og:locale\" content=\"en_US\" \/>\n<meta property=\"og:type\" content=\"article\" \/>\n<meta property=\"og:title\" content=\"IZVJE\u0160\u0106A I SLU\u017dBENE INFORMACIJE - Narodna knji\u017enica i \u010ditaonica Gunja\" \/>\n<meta property=\"og:description\" content=\"Op\u0107i akti&nbsp; STATUT 2025. + PRETHODNA SUGLASNOST Pravilnik o ostvarivanju i na\u010dinu tro\u0161enja vlastitih prihoda Odluka o visini \u010dlanarine 2023. GDPR &#8211; privatnost i obrada osobnih podataka Smjernice za izgradnju i upravljanje knji\u017eni\u010dnim fondom Pravilnik-o-pruzanju-usluga-i-uvjetima-koristenja-knjiznicne-grade Pravilnik o radu knji\u017enice Pravilnik o za\u0161titi na radu Pravilnik o za\u0161titi od po\u017eara &nbsp; Financijski planovi II. Izmjena Financijskog [&hellip;]\" \/>\n<meta property=\"og:url\" content=\"https:\/\/knjiznice.nsk.hr\/gunja\/dokumenti\/\" \/>\n<meta property=\"og:site_name\" content=\"Narodna knji\u017enica i \u010ditaonica Gunja\" \/>\n<meta property=\"article:publisher\" content=\"https:\/\/www.facebook.com\/Narodna-knji%c5%benica-i-%c4%8ditaonica-Gunja-100778106129294\" \/>\n<meta property=\"article:modified_time\" content=\"2026-04-10T07:22:26+00:00\" \/>\n<meta property=\"og:image\" content=\"http:\/\/knjiznice.nsk.hr\/gunja\/wp-content\/uploads\/sites\/112\/2019\/08\/logo-3.png\" \/>\n\t<meta property=\"og:image:width\" content=\"381\" \/>\n\t<meta property=\"og:image:height\" content=\"350\" \/>\n<meta name=\"twitter:card\" content=\"summary_large_image\" \/>\n<meta name=\"twitter:label1\" content=\"Est. reading time\" \/>\n\t<meta name=\"twitter:data1\" content=\"3 minutes\" \/>\n<script type=\"application\/ld+json\" class=\"yoast-schema-graph\">{\"@context\":\"https:\/\/schema.org\",\"@graph\":[{\"@type\":\"Organization\",\"@id\":\"http:\/\/knjiznice.nsk.hr\/gunja\/#organization\",\"name\":\"Narodna knji\\u017enica i \\u010ditaonica Gunja\",\"url\":\"http:\/\/knjiznice.nsk.hr\/gunja\/\",\"sameAs\":[\"https:\/\/www.facebook.com\/Narodna-knji\\u017enica-i-\\u010ditaonica-Gunja-100778106129294\"],\"logo\":{\"@type\":\"ImageObject\",\"@id\":\"http:\/\/knjiznice.nsk.hr\/gunja\/#logo\",\"inLanguage\":\"en-US\",\"url\":\"http:\/\/knjiznice.nsk.hr\/gunja\/wp-content\/uploads\/sites\/112\/2019\/08\/logo-3.png\",\"contentUrl\":\"http:\/\/knjiznice.nsk.hr\/gunja\/wp-content\/uploads\/sites\/112\/2019\/08\/logo-3.png\",\"width\":381,\"height\":350,\"caption\":\"Narodna knji\\u017enica i \\u010ditaonica Gunja\"},\"image\":{\"@id\":\"http:\/\/knjiznice.nsk.hr\/gunja\/#logo\"}},{\"@type\":\"WebSite\",\"@id\":\"http:\/\/knjiznice.nsk.hr\/gunja\/#website\",\"url\":\"http:\/\/knjiznice.nsk.hr\/gunja\/\",\"name\":\"Narodna knji\\u017enica i \\u010ditaonica Gunja\",\"description\":\"\",\"publisher\":{\"@id\":\"http:\/\/knjiznice.nsk.hr\/gunja\/#organization\"},\"potentialAction\":[{\"@type\":\"SearchAction\",\"target\":\"http:\/\/knjiznice.nsk.hr\/gunja\/?s={search_term_string}\",\"query-input\":\"required name=search_term_string\"}],\"inLanguage\":\"en-US\"},{\"@type\":\"WebPage\",\"@id\":\"https:\/\/knjiznice.nsk.hr\/gunja\/dokumenti\/#webpage\",\"url\":\"https:\/\/knjiznice.nsk.hr\/gunja\/dokumenti\/\",\"name\":\"IZVJE\\u0160\\u0106A I SLU\\u017dBENE INFORMACIJE - Narodna knji\\u017enica i \\u010ditaonica Gunja\",\"isPartOf\":{\"@id\":\"http:\/\/knjiznice.nsk.hr\/gunja\/#website\"},\"datePublished\":\"2019-08-19T12:33:45+00:00\",\"dateModified\":\"2026-04-10T07:22:26+00:00\",\"breadcrumb\":{\"@id\":\"https:\/\/knjiznice.nsk.hr\/gunja\/dokumenti\/#breadcrumb\"},\"inLanguage\":\"en-US\",\"potentialAction\":[{\"@type\":\"ReadAction\",\"target\":[\"https:\/\/knjiznice.nsk.hr\/gunja\/dokumenti\/\"]}]},{\"@type\":\"BreadcrumbList\",\"@id\":\"https:\/\/knjiznice.nsk.hr\/gunja\/dokumenti\/#breadcrumb\",\"itemListElement\":[{\"@type\":\"ListItem\",\"position\":1,\"item\":{\"@type\":\"WebPage\",\"@id\":\"http:\/\/knjiznice.nsk.hr\/gunja\/\",\"url\":\"http:\/\/knjiznice.nsk.hr\/gunja\/\",\"name\":\"Po\\u010detna stranica\"}},{\"@type\":\"ListItem\",\"position\":2,\"item\":{\"@id\":\"https:\/\/knjiznice.nsk.hr\/gunja\/dokumenti\/#webpage\"}}]}]}<\/script>\n<!-- \/ Yoast SEO plugin. -->","_links":{"self":[{"href":"http:\/\/knjiznice.nsk.hr\/gunja\/wp-json\/wp\/v2\/pages\/45"}],"collection":[{"href":"http:\/\/knjiznice.nsk.hr\/gunja\/wp-json\/wp\/v2\/pages"}],"about":[{"href":"http:\/\/knjiznice.nsk.hr\/gunja\/wp-json\/wp\/v2\/types\/page"}],"author":[{"embeddable":true,"href":"http:\/\/knjiznice.nsk.hr\/gunja\/wp-json\/wp\/v2\/users\/181"}],"replies":[{"embeddable":true,"href":"http:\/\/knjiznice.nsk.hr\/gunja\/wp-json\/wp\/v2\/comments?post=45"}],"version-history":[{"count":127,"href":"http:\/\/knjiznice.nsk.hr\/gunja\/wp-json\/wp\/v2\/pages\/45\/revisions"}],"predecessor-version":[{"id":2061,"href":"http:\/\/knjiznice.nsk.hr\/gunja\/wp-json\/wp\/v2\/pages\/45\/revisions\/2061"}],"wp:attachment":[{"href":"http:\/\/knjiznice.nsk.hr\/gunja\/wp-json\/wp\/v2\/media?parent=45"}],"curies":[{"name":"wp","href":"https:\/\/api.w.org\/{rel}","templated":true}]}}