{"id":44,"date":"2019-08-19T14:33:45","date_gmt":"2019-08-19T12:33:45","guid":{"rendered":"http:\/\/knjiznice.nsk.hr\/gunja\/?page_id=44"},"modified":"2019-08-21T11:07:53","modified_gmt":"2019-08-21T09:07:53","slug":"cilj-i-poslanje","status":"publish","type":"page","link":"http:\/\/knjiznice.nsk.hr\/gunja\/cilj-i-poslanje\/","title":{"rendered":"Zada\u0107a, poslanje i cilj"},"content":{"rendered":"<p style=\"text-align: left\"><strong>Zada\u0107a, poslanje i&nbsp; cilj Narodne knji\u017enice i \u010ditaonice Gunja<\/strong><\/p>\n<p>Rad \u201eNarodne knji\u017enice i \u010ditaonice Gunja\u201c namijenjen je, prije svega, lokalnom stanovni\u0161tvu, u svrhu podizanja razine op\u0107e naobrazbe, kulture, poticanja stru\u010dnog i znanstvenog rada te osobne kreativnosti. Zada\u0107a knji\u017enice je osigurati svima pristup raznim izvorima znanja, informacijama i umjetni\u010dkim djelima, bez obzira na dob, spol, dru\u0161tveni status, nacionalnost, vjeru, rasu, jezik, radni status, obrazovanje te invaliditet.&nbsp;<\/p>\n<p>Poslanje knji\u017enice je omogu\u0107iti pristup izvorima informacija, znanju i kulturi stanovnicima Op\u0107ine Gunja. Narodna knji\u017enica i \u010ditaonica Gunja obavljati \u0107e i kulturnu i javnu djelatnost, omogu\u0107iti \u0107e stanovnicima Gunje pristup gra\u0111i i informacijama, ja\u010dati osobne, kulture i demokratske potencijale; omogu\u0107iti mje\u0161tanima razvijanje kreativnosti i kvalitetno provo\u0111enje slobodnog vremena u suradnji sa lokalnim ustanovama i udrugama.&nbsp;&nbsp;&nbsp;&nbsp;&nbsp;&nbsp;&nbsp;&nbsp;&nbsp;&nbsp;&nbsp; &nbsp;&nbsp;&nbsp;&nbsp;&nbsp;&nbsp;&nbsp;&nbsp;&nbsp;&nbsp;&nbsp;&nbsp;&nbsp;&nbsp;&nbsp;&nbsp;&nbsp;&nbsp;&nbsp;&nbsp;&nbsp;&nbsp;&nbsp;&nbsp;&nbsp;&nbsp;&nbsp;&nbsp;&nbsp;&nbsp;&nbsp;&nbsp;&nbsp;&nbsp;<\/p>\n<p>Knji\u017enica \u0107e se uklju\u010diti u kulturni \u017eivot Op\u0107ine te \u0107e biti mjesto pristupa izvorima informacija. Narodna knji\u017enica i \u010ditaonica Gunja obavljati \u0107e i kulturnu i javnu djelatnost, omogu\u0107iti \u0107e stanovnicima Gunje pristup gra\u0111i i informacijama, ja\u010dati osobne, kulture i demokratske potencijale; omogu\u0107iti mje\u0161tanima razvijanje kreativnosti i kvalitetno provo\u0111enje slobodnog vremena u suradnji sa lokalnim ustanovama i udrugama. Cilj knji\u017enice uklju\u010duje i potporu dru\u0161tvenom uklju\u010divanju marginaliziranih skupina, promicanje kulturne ba\u0161tine te multikulturalnog dru\u0161tva, kroz suradnju s lokalnim organizacijama civilnog dru\u0161tva.<\/p>\n","protected":false},"excerpt":{"rendered":"<p>Zada\u0107a, poslanje i&nbsp; cilj Narodne knji\u017enice i \u010ditaonice Gunja Rad \u201eNarodne knji\u017enice i \u010ditaonice Gunja\u201c namijenjen je, prije svega, lokalnom stanovni\u0161tvu, u svrhu podizanja razine op\u0107e naobrazbe, kulture, poticanja stru\u010dnog i znanstvenog rada te osobne kreativnosti. Zada\u0107a knji\u017enice je osigurati svima pristup raznim izvorima znanja, informacijama i umjetni\u010dkim djelima, bez obzira na dob, spol, dru\u0161tveni [&hellip;]<\/p>\n","protected":false},"author":181,"featured_media":0,"parent":0,"menu_order":0,"comment_status":"closed","ping_status":"closed","template":"","meta":{"ngg_post_thumbnail":0},"yoast_head":"<!-- This site is optimized with the Yoast SEO plugin v16.4 - https:\/\/yoast.com\/wordpress\/plugins\/seo\/ -->\n<title>Zada\u0107a, poslanje i cilj - Narodna knji\u017enica i \u010ditaonica Gunja<\/title>\n<meta name=\"robots\" content=\"noindex, follow\" \/>\n<meta property=\"og:locale\" content=\"en_US\" \/>\n<meta property=\"og:type\" content=\"article\" \/>\n<meta property=\"og:title\" content=\"Zada\u0107a, poslanje i cilj - Narodna knji\u017enica i \u010ditaonica Gunja\" \/>\n<meta property=\"og:description\" content=\"Zada\u0107a, poslanje i&nbsp; cilj Narodne knji\u017enice i \u010ditaonice Gunja Rad \u201eNarodne knji\u017enice i \u010ditaonice Gunja\u201c namijenjen je, prije svega, lokalnom stanovni\u0161tvu, u svrhu podizanja razine op\u0107e naobrazbe, kulture, poticanja stru\u010dnog i znanstvenog rada te osobne kreativnosti. Zada\u0107a knji\u017enice je osigurati svima pristup raznim izvorima znanja, informacijama i umjetni\u010dkim djelima, bez obzira na dob, spol, dru\u0161tveni [&hellip;]\" \/>\n<meta property=\"og:url\" content=\"http:\/\/knjiznice.nsk.hr\/gunja\/cilj-i-poslanje\/\" \/>\n<meta property=\"og:site_name\" content=\"Narodna knji\u017enica i \u010ditaonica Gunja\" \/>\n<meta property=\"article:publisher\" content=\"https:\/\/www.facebook.com\/Narodna-knji%c5%benica-i-%c4%8ditaonica-Gunja-100778106129294\" \/>\n<meta property=\"article:modified_time\" content=\"2019-08-21T09:07:53+00:00\" \/>\n<meta property=\"og:image\" content=\"http:\/\/knjiznice.nsk.hr\/gunja\/wp-content\/uploads\/sites\/112\/2019\/08\/logo-3.png\" \/>\n\t<meta property=\"og:image:width\" content=\"381\" \/>\n\t<meta property=\"og:image:height\" content=\"350\" \/>\n<meta name=\"twitter:card\" content=\"summary_large_image\" \/>\n<meta name=\"twitter:label1\" content=\"Est. reading time\" \/>\n\t<meta name=\"twitter:data1\" content=\"1 minute\" \/>\n<script type=\"application\/ld+json\" class=\"yoast-schema-graph\">{\"@context\":\"https:\/\/schema.org\",\"@graph\":[{\"@type\":\"Organization\",\"@id\":\"http:\/\/knjiznice.nsk.hr\/gunja\/#organization\",\"name\":\"Narodna knji\\u017enica i \\u010ditaonica Gunja\",\"url\":\"http:\/\/knjiznice.nsk.hr\/gunja\/\",\"sameAs\":[\"https:\/\/www.facebook.com\/Narodna-knji\\u017enica-i-\\u010ditaonica-Gunja-100778106129294\"],\"logo\":{\"@type\":\"ImageObject\",\"@id\":\"http:\/\/knjiznice.nsk.hr\/gunja\/#logo\",\"inLanguage\":\"en-US\",\"url\":\"http:\/\/knjiznice.nsk.hr\/gunja\/wp-content\/uploads\/sites\/112\/2019\/08\/logo-3.png\",\"contentUrl\":\"http:\/\/knjiznice.nsk.hr\/gunja\/wp-content\/uploads\/sites\/112\/2019\/08\/logo-3.png\",\"width\":381,\"height\":350,\"caption\":\"Narodna knji\\u017enica i \\u010ditaonica Gunja\"},\"image\":{\"@id\":\"http:\/\/knjiznice.nsk.hr\/gunja\/#logo\"}},{\"@type\":\"WebSite\",\"@id\":\"http:\/\/knjiznice.nsk.hr\/gunja\/#website\",\"url\":\"http:\/\/knjiznice.nsk.hr\/gunja\/\",\"name\":\"Narodna knji\\u017enica i \\u010ditaonica Gunja\",\"description\":\"\",\"publisher\":{\"@id\":\"http:\/\/knjiznice.nsk.hr\/gunja\/#organization\"},\"potentialAction\":[{\"@type\":\"SearchAction\",\"target\":\"http:\/\/knjiznice.nsk.hr\/gunja\/?s={search_term_string}\",\"query-input\":\"required name=search_term_string\"}],\"inLanguage\":\"en-US\"},{\"@type\":\"WebPage\",\"@id\":\"http:\/\/knjiznice.nsk.hr\/gunja\/cilj-i-poslanje\/#webpage\",\"url\":\"http:\/\/knjiznice.nsk.hr\/gunja\/cilj-i-poslanje\/\",\"name\":\"Zada\\u0107a, poslanje i cilj - Narodna knji\\u017enica i \\u010ditaonica Gunja\",\"isPartOf\":{\"@id\":\"http:\/\/knjiznice.nsk.hr\/gunja\/#website\"},\"datePublished\":\"2019-08-19T12:33:45+00:00\",\"dateModified\":\"2019-08-21T09:07:53+00:00\",\"breadcrumb\":{\"@id\":\"http:\/\/knjiznice.nsk.hr\/gunja\/cilj-i-poslanje\/#breadcrumb\"},\"inLanguage\":\"en-US\",\"potentialAction\":[{\"@type\":\"ReadAction\",\"target\":[\"http:\/\/knjiznice.nsk.hr\/gunja\/cilj-i-poslanje\/\"]}]},{\"@type\":\"BreadcrumbList\",\"@id\":\"http:\/\/knjiznice.nsk.hr\/gunja\/cilj-i-poslanje\/#breadcrumb\",\"itemListElement\":[{\"@type\":\"ListItem\",\"position\":1,\"item\":{\"@type\":\"WebPage\",\"@id\":\"http:\/\/knjiznice.nsk.hr\/gunja\/\",\"url\":\"http:\/\/knjiznice.nsk.hr\/gunja\/\",\"name\":\"Po\\u010detna stranica\"}},{\"@type\":\"ListItem\",\"position\":2,\"item\":{\"@id\":\"http:\/\/knjiznice.nsk.hr\/gunja\/cilj-i-poslanje\/#webpage\"}}]}]}<\/script>\n<!-- \/ Yoast SEO plugin. -->","_links":{"self":[{"href":"http:\/\/knjiznice.nsk.hr\/gunja\/wp-json\/wp\/v2\/pages\/44"}],"collection":[{"href":"http:\/\/knjiznice.nsk.hr\/gunja\/wp-json\/wp\/v2\/pages"}],"about":[{"href":"http:\/\/knjiznice.nsk.hr\/gunja\/wp-json\/wp\/v2\/types\/page"}],"author":[{"embeddable":true,"href":"http:\/\/knjiznice.nsk.hr\/gunja\/wp-json\/wp\/v2\/users\/181"}],"replies":[{"embeddable":true,"href":"http:\/\/knjiznice.nsk.hr\/gunja\/wp-json\/wp\/v2\/comments?post=44"}],"version-history":[{"count":8,"href":"http:\/\/knjiznice.nsk.hr\/gunja\/wp-json\/wp\/v2\/pages\/44\/revisions"}],"predecessor-version":[{"id":381,"href":"http:\/\/knjiznice.nsk.hr\/gunja\/wp-json\/wp\/v2\/pages\/44\/revisions\/381"}],"wp:attachment":[{"href":"http:\/\/knjiznice.nsk.hr\/gunja\/wp-json\/wp\/v2\/media?parent=44"}],"curies":[{"name":"wp","href":"https:\/\/api.w.org\/{rel}","templated":true}]}}