{"id":43,"date":"2019-08-19T14:33:45","date_gmt":"2019-08-19T12:33:45","guid":{"rendered":"http:\/\/knjiznice.nsk.hr\/gunja\/?page_id=43"},"modified":"2019-08-21T10:49:20","modified_gmt":"2019-08-21T08:49:20","slug":"povijest-knjiznice","status":"publish","type":"page","link":"http:\/\/knjiznice.nsk.hr\/gunja\/povijest-knjiznice\/","title":{"rendered":"Povijest knji\u017enice"},"content":{"rendered":"<p style=\"text-align: left\">Povijest Narodne knji\u017enice i \u010ditaonice Gunja se\u017ee jo\u0161 u razdoblje \u0161ezdesetih godina dvadesetog stolje\u0107a, to\u010dnije 1968. godine, kada se pojavio prvi televizor u Gunji. Mje\u0161tani Gunje zajedno su, vlastitom inicijativom, osigurali prostor \u010ditaonice u kojemu se napla\u0107ivalo gledanje televizije. Dobivena sredstva mje\u0161tani Gunje iskoristili su za kupnju knji\u017ene gra\u0111e te je osnovana Narodna knji\u017enica i \u010ditaonica Gunja, koja je bila smje\u0161tena u centru Gunje, uz samu zgradu Op\u0107ine. Knji\u017enica je imala fond od pribli\u017eno 5.000 knjiga te je brojila preko 400 \u010dlanova, u doba kada je Gunja imala preko 5.200 stanovnika. U me\u0111uvremenu je knji\u017enica prestala sa radom, a u svibnju 2014. godine, nakon&nbsp; poplave, ve\u0107i dio knji\u017enog fonda je uni\u0161ten, broji se oko 3.000 knjiga. &nbsp;&nbsp;<\/p>\n<p><img loading=\"lazy\" class=\"wp-image-294 aligncenter\" src=\"http:\/\/knjiznice.nsk.hr\/gunja\/wp-content\/uploads\/sites\/112\/2019\/08\/P7038650-300x225.jpg\" alt=\"Knji\u017enica nekada\" width=\"433\" height=\"325\" srcset=\"http:\/\/knjiznice.nsk.hr\/gunja\/wp-content\/uploads\/sites\/112\/2019\/08\/P7038650-300x225.jpg 300w, http:\/\/knjiznice.nsk.hr\/gunja\/wp-content\/uploads\/sites\/112\/2019\/08\/P7038650-768x576.jpg 768w, http:\/\/knjiznice.nsk.hr\/gunja\/wp-content\/uploads\/sites\/112\/2019\/08\/P7038650-1024x768.jpg 1024w, http:\/\/knjiznice.nsk.hr\/gunja\/wp-content\/uploads\/sites\/112\/2019\/08\/P7038650-600x450.jpg 600w\" sizes=\"(max-width: 433px) 100vw, 433px\" \/><\/p>\n<p>&nbsp;Godinu dana nakon katastrofalne poplave koja je zadesila Gunju zapo\u010deo je projekt izgradnje nove Narodne knji\u017enice i \u010ditaonice Gunja. Mje\u0161tani Gunje dobili su tako novi Dru\u0161tveni dom i knji\u017enicu, u ulici Vladimira Nazora 113, u blizini crkve sv. Jakova. Glavni donatori ovoga projekta bili su INA, Ministarstvo vanjskih i europskih poslova te Ministarstvo kulture. Op\u0107ina Gunja izvr\u0161ila je potrebne pripreme za osnivanje narodne knji\u017enice u suradnji sa voditeljicom i ravnateljicom \u017dupanijske mati\u010dne slu\u017ebe za narodne i \u0161kolske knji\u017enice. Dana 29. svibnja 2018. godine, Op\u0107insko vije\u0107e Op\u0107ine Gunja donijelo je na sjednici Odluku o osnivanju Javne ustanove \u201eNarodna knji\u017enica i \u010ditaonica Gunja\u201c. Op\u0107ina Gunja, kao osniva\u010d knji\u017enice, osigurala je prostor, opremu, knji\u017enu gra\u0111u i sredstva za rad knji\u017enice.&nbsp; Trgova\u010dki sud u Osijeku je u sudski registar upisao knji\u017enicu u o\u017eujku 2019. godine gdje je ista dobila status samostalne, narodne knji\u017enice.<\/p>\n<p><img loading=\"lazy\" class=\"alignnone wp-image-234 aligncenter\" src=\"http:\/\/knjiznice.nsk.hr\/gunja\/wp-content\/uploads\/sites\/112\/2019\/08\/Dru\u0161tveni-dom-knji\u017enica-1-300x238.jpg\" alt=\"\" width=\"392\" height=\"311\" srcset=\"http:\/\/knjiznice.nsk.hr\/gunja\/wp-content\/uploads\/sites\/112\/2019\/08\/Dru\u0161tveni-dom-knji\u017enica-1-300x238.jpg 300w, http:\/\/knjiznice.nsk.hr\/gunja\/wp-content\/uploads\/sites\/112\/2019\/08\/Dru\u0161tveni-dom-knji\u017enica-1-768x609.jpg 768w, http:\/\/knjiznice.nsk.hr\/gunja\/wp-content\/uploads\/sites\/112\/2019\/08\/Dru\u0161tveni-dom-knji\u017enica-1-600x476.jpg 600w, http:\/\/knjiznice.nsk.hr\/gunja\/wp-content\/uploads\/sites\/112\/2019\/08\/Dru\u0161tveni-dom-knji\u017enica-1.jpg 969w\" sizes=\"(max-width: 392px) 100vw, 392px\" \/><\/p>\n<p>U zgradi Dru\u0161tvenog doma i knji\u017enice, ure\u0111en je prostor za na dvije razine. U prizemlju knji\u017enice nalazi se informativni pult, \u010ditaonica, dio posudbenog odjela za odrasle te dje\u010dji odjel. Na prvome katu nalazi se tako\u0111er posudbeni odjel za odrasle, odjel za mlade, studijski odjel, odjel posebnih zbirki koji je dostupan na zahtjev, spremi\u0161te, uredski prostor i konferencijska dvorana. Po\u010detni fond knji\u017enice broji oko 4.000 jedinica knji\u017ene i neknji\u017ene gra\u0111e koja je pristigla donacijom poslije poplave iz svih krajeva Republike Hrvatske. Op\u0107ina Gunja je tako\u0111er financirala dio knji\u017ene i neknji\u017ene gra\u0111e.<\/p>\n<p><img loading=\"lazy\" class=\" wp-image-225 aligncenter\" src=\"http:\/\/knjiznice.nsk.hr\/gunja\/wp-content\/uploads\/sites\/112\/2019\/08\/6-223x300.jpg\" alt=\"\" width=\"262\" height=\"352\" srcset=\"http:\/\/knjiznice.nsk.hr\/gunja\/wp-content\/uploads\/sites\/112\/2019\/08\/6-223x300.jpg 223w, http:\/\/knjiznice.nsk.hr\/gunja\/wp-content\/uploads\/sites\/112\/2019\/08\/6-768x1032.jpg 768w, http:\/\/knjiznice.nsk.hr\/gunja\/wp-content\/uploads\/sites\/112\/2019\/08\/6-762x1024.jpg 762w, http:\/\/knjiznice.nsk.hr\/gunja\/wp-content\/uploads\/sites\/112\/2019\/08\/6-600x806.jpg 600w, http:\/\/knjiznice.nsk.hr\/gunja\/wp-content\/uploads\/sites\/112\/2019\/08\/6-624x839.jpg 624w, http:\/\/knjiznice.nsk.hr\/gunja\/wp-content\/uploads\/sites\/112\/2019\/08\/6.jpg 1152w\" sizes=\"(max-width: 262px) 100vw, 262px\" \/><\/p>\n<p>Narodna knji\u017enica i \u010ditaonica Gunja svoj rad s korisnicima zapo\u010dela je 15.&nbsp; svibnja 2019. godine.&nbsp; Budu\u0107i da je Narodna knji\u017enica i \u010ditaonica Gunja na po\u010detku svoga rada i tek treba profilirati svoju gra\u0111u, ista \u0107e kroz rad s korisnicima, posebice djecom i mladima, aktivno i sveobuhvatno raditi na prilago\u0111avanju svojeg programa i gra\u0111e njihovim potrebama. \u010citanje u slobodno vrijeme, igra i dru\u017eenje u prirodi, razvijanje navike \u010ditanja i pisanja, vlastitog razvoja i kreativnosti \u2013 knji\u017enica je dostupna i otvorena za sve zainteresirane.&nbsp;<\/p>\n","protected":false},"excerpt":{"rendered":"<p>Povijest Narodne knji\u017enice i \u010ditaonice Gunja se\u017ee jo\u0161 u razdoblje \u0161ezdesetih godina dvadesetog stolje\u0107a, to\u010dnije 1968. godine, kada se pojavio prvi televizor u Gunji. Mje\u0161tani Gunje zajedno su, vlastitom inicijativom, osigurali prostor \u010ditaonice u kojemu se napla\u0107ivalo gledanje televizije. Dobivena sredstva mje\u0161tani Gunje iskoristili su za kupnju knji\u017ene gra\u0111e te je osnovana Narodna knji\u017enica i [&hellip;]<\/p>\n","protected":false},"author":181,"featured_media":0,"parent":0,"menu_order":0,"comment_status":"closed","ping_status":"closed","template":"","meta":{"ngg_post_thumbnail":0},"yoast_head":"<!-- This site is optimized with the Yoast SEO plugin v16.4 - https:\/\/yoast.com\/wordpress\/plugins\/seo\/ -->\n<title>Povijest knji\u017enice - Narodna knji\u017enica i \u010ditaonica Gunja<\/title>\n<meta name=\"robots\" content=\"noindex, follow\" \/>\n<meta property=\"og:locale\" content=\"en_US\" \/>\n<meta property=\"og:type\" content=\"article\" \/>\n<meta property=\"og:title\" content=\"Povijest knji\u017enice - Narodna knji\u017enica i \u010ditaonica Gunja\" \/>\n<meta property=\"og:description\" content=\"Povijest Narodne knji\u017enice i \u010ditaonice Gunja se\u017ee jo\u0161 u razdoblje \u0161ezdesetih godina dvadesetog stolje\u0107a, to\u010dnije 1968. godine, kada se pojavio prvi televizor u Gunji. Mje\u0161tani Gunje zajedno su, vlastitom inicijativom, osigurali prostor \u010ditaonice u kojemu se napla\u0107ivalo gledanje televizije. Dobivena sredstva mje\u0161tani Gunje iskoristili su za kupnju knji\u017ene gra\u0111e te je osnovana Narodna knji\u017enica i [&hellip;]\" \/>\n<meta property=\"og:url\" content=\"http:\/\/knjiznice.nsk.hr\/gunja\/povijest-knjiznice\/\" \/>\n<meta property=\"og:site_name\" content=\"Narodna knji\u017enica i \u010ditaonica Gunja\" \/>\n<meta property=\"article:publisher\" content=\"https:\/\/www.facebook.com\/Narodna-knji%c5%benica-i-%c4%8ditaonica-Gunja-100778106129294\" \/>\n<meta property=\"article:modified_time\" content=\"2019-08-21T08:49:20+00:00\" \/>\n<meta property=\"og:image\" content=\"http:\/\/knjiznice.nsk.hr\/gunja\/wp-content\/uploads\/sites\/112\/2019\/08\/P7038650-300x225.jpg\" \/>\n<meta name=\"twitter:card\" content=\"summary_large_image\" \/>\n<meta name=\"twitter:label1\" content=\"Est. reading time\" \/>\n\t<meta name=\"twitter:data1\" content=\"2 minutes\" \/>\n<script type=\"application\/ld+json\" class=\"yoast-schema-graph\">{\"@context\":\"https:\/\/schema.org\",\"@graph\":[{\"@type\":\"Organization\",\"@id\":\"http:\/\/knjiznice.nsk.hr\/gunja\/#organization\",\"name\":\"Narodna knji\\u017enica i \\u010ditaonica Gunja\",\"url\":\"http:\/\/knjiznice.nsk.hr\/gunja\/\",\"sameAs\":[\"https:\/\/www.facebook.com\/Narodna-knji\\u017enica-i-\\u010ditaonica-Gunja-100778106129294\"],\"logo\":{\"@type\":\"ImageObject\",\"@id\":\"http:\/\/knjiznice.nsk.hr\/gunja\/#logo\",\"inLanguage\":\"en-US\",\"url\":\"http:\/\/knjiznice.nsk.hr\/gunja\/wp-content\/uploads\/sites\/112\/2019\/08\/logo-3.png\",\"contentUrl\":\"http:\/\/knjiznice.nsk.hr\/gunja\/wp-content\/uploads\/sites\/112\/2019\/08\/logo-3.png\",\"width\":381,\"height\":350,\"caption\":\"Narodna knji\\u017enica i \\u010ditaonica Gunja\"},\"image\":{\"@id\":\"http:\/\/knjiznice.nsk.hr\/gunja\/#logo\"}},{\"@type\":\"WebSite\",\"@id\":\"http:\/\/knjiznice.nsk.hr\/gunja\/#website\",\"url\":\"http:\/\/knjiznice.nsk.hr\/gunja\/\",\"name\":\"Narodna knji\\u017enica i \\u010ditaonica Gunja\",\"description\":\"\",\"publisher\":{\"@id\":\"http:\/\/knjiznice.nsk.hr\/gunja\/#organization\"},\"potentialAction\":[{\"@type\":\"SearchAction\",\"target\":\"http:\/\/knjiznice.nsk.hr\/gunja\/?s={search_term_string}\",\"query-input\":\"required name=search_term_string\"}],\"inLanguage\":\"en-US\"},{\"@type\":\"ImageObject\",\"@id\":\"http:\/\/knjiznice.nsk.hr\/gunja\/povijest-knjiznice\/#primaryimage\",\"inLanguage\":\"en-US\",\"url\":\"http:\/\/knjiznice.nsk.hr\/gunja\/wp-content\/uploads\/sites\/112\/2019\/08\/P7038650.jpg\",\"contentUrl\":\"http:\/\/knjiznice.nsk.hr\/gunja\/wp-content\/uploads\/sites\/112\/2019\/08\/P7038650.jpg\",\"width\":3648,\"height\":2736},{\"@type\":\"WebPage\",\"@id\":\"http:\/\/knjiznice.nsk.hr\/gunja\/povijest-knjiznice\/#webpage\",\"url\":\"http:\/\/knjiznice.nsk.hr\/gunja\/povijest-knjiznice\/\",\"name\":\"Povijest knji\\u017enice - Narodna knji\\u017enica i \\u010ditaonica Gunja\",\"isPartOf\":{\"@id\":\"http:\/\/knjiznice.nsk.hr\/gunja\/#website\"},\"primaryImageOfPage\":{\"@id\":\"http:\/\/knjiznice.nsk.hr\/gunja\/povijest-knjiznice\/#primaryimage\"},\"datePublished\":\"2019-08-19T12:33:45+00:00\",\"dateModified\":\"2019-08-21T08:49:20+00:00\",\"breadcrumb\":{\"@id\":\"http:\/\/knjiznice.nsk.hr\/gunja\/povijest-knjiznice\/#breadcrumb\"},\"inLanguage\":\"en-US\",\"potentialAction\":[{\"@type\":\"ReadAction\",\"target\":[\"http:\/\/knjiznice.nsk.hr\/gunja\/povijest-knjiznice\/\"]}]},{\"@type\":\"BreadcrumbList\",\"@id\":\"http:\/\/knjiznice.nsk.hr\/gunja\/povijest-knjiznice\/#breadcrumb\",\"itemListElement\":[{\"@type\":\"ListItem\",\"position\":1,\"item\":{\"@type\":\"WebPage\",\"@id\":\"http:\/\/knjiznice.nsk.hr\/gunja\/\",\"url\":\"http:\/\/knjiznice.nsk.hr\/gunja\/\",\"name\":\"Po\\u010detna stranica\"}},{\"@type\":\"ListItem\",\"position\":2,\"item\":{\"@id\":\"http:\/\/knjiznice.nsk.hr\/gunja\/povijest-knjiznice\/#webpage\"}}]}]}<\/script>\n<!-- \/ Yoast SEO plugin. -->","_links":{"self":[{"href":"http:\/\/knjiznice.nsk.hr\/gunja\/wp-json\/wp\/v2\/pages\/43"}],"collection":[{"href":"http:\/\/knjiznice.nsk.hr\/gunja\/wp-json\/wp\/v2\/pages"}],"about":[{"href":"http:\/\/knjiznice.nsk.hr\/gunja\/wp-json\/wp\/v2\/types\/page"}],"author":[{"embeddable":true,"href":"http:\/\/knjiznice.nsk.hr\/gunja\/wp-json\/wp\/v2\/users\/181"}],"replies":[{"embeddable":true,"href":"http:\/\/knjiznice.nsk.hr\/gunja\/wp-json\/wp\/v2\/comments?post=43"}],"version-history":[{"count":8,"href":"http:\/\/knjiznice.nsk.hr\/gunja\/wp-json\/wp\/v2\/pages\/43\/revisions"}],"predecessor-version":[{"id":1887,"href":"http:\/\/knjiznice.nsk.hr\/gunja\/wp-json\/wp\/v2\/pages\/43\/revisions\/1887"}],"wp:attachment":[{"href":"http:\/\/knjiznice.nsk.hr\/gunja\/wp-json\/wp\/v2\/media?parent=43"}],"curies":[{"name":"wp","href":"https:\/\/api.w.org\/{rel}","templated":true}]}}