{"id":1236,"date":"2020-12-01T13:21:21","date_gmt":"2020-12-01T12:21:21","guid":{"rendered":"http:\/\/knjiznice.nsk.hr\/gunja\/?page_id=1236"},"modified":"2025-01-09T09:38:45","modified_gmt":"2025-01-09T08:38:45","slug":"natjecaji","status":"publish","type":"page","link":"http:\/\/knjiznice.nsk.hr\/gunja\/natjecaji\/","title":{"rendered":"NATJE\u010cAJI"},"content":{"rendered":"<p><a href=\"http:\/\/knjiznice.nsk.hr\/gunja\/wp-content\/uploads\/sites\/112\/2025\/01\/Odluka-o-imenovanju-v.d.-ravnateljice-Knjiznice.pdf\">Odluka o imenovanju v.d. ravnateljice Knji\u017dnice<\/a><\/p>\n<p><a href=\"http:\/\/knjiznice.nsk.hr\/gunja\/wp-content\/uploads\/sites\/112\/2020\/12\/ODLUKA-O-IMENOVANJU-V.D.-RAVNATELJA-KNJIZNICE.docx\">ODLUKA O IMENOVANJU V.D. RAVNATELJA KNJI\u017dNICE<\/a><\/p>\n<p><a href=\"http:\/\/knjiznice.nsk.hr\/gunja\/wp-content\/uploads\/sites\/112\/2020\/11\/Javni-natjecaj-za-izbor-i-imenovanje-ravnatelja-Javne-ustanove-Narodna-knjiznica-i-citaonica-Gunja.pdf\">Javni natje\u010daj za izbor i imenovanje ravnatelja Javne ustanove Narodna knji\u017enica i \u010ditaonica Gunja<\/a><\/p>\n","protected":false},"excerpt":{"rendered":"<p>Odluka o imenovanju v.d. ravnateljice Knji\u017dnice ODLUKA O IMENOVANJU V.D. RAVNATELJA KNJI\u017dNICE Javni natje\u010daj za izbor i imenovanje ravnatelja Javne ustanove Narodna knji\u017enica i \u010ditaonica Gunja<\/p>\n","protected":false},"author":181,"featured_media":0,"parent":0,"menu_order":0,"comment_status":"closed","ping_status":"closed","template":"","meta":{"ngg_post_thumbnail":0},"yoast_head":"<!-- This site is optimized with the Yoast SEO plugin v16.4 - https:\/\/yoast.com\/wordpress\/plugins\/seo\/ -->\n<title>NATJE\u010cAJI - Narodna knji\u017enica i \u010ditaonica Gunja<\/title>\n<meta name=\"robots\" content=\"noindex, follow\" \/>\n<meta property=\"og:locale\" content=\"en_US\" \/>\n<meta property=\"og:type\" content=\"article\" \/>\n<meta property=\"og:title\" content=\"NATJE\u010cAJI - Narodna knji\u017enica i \u010ditaonica Gunja\" \/>\n<meta property=\"og:description\" content=\"Odluka o imenovanju v.d. ravnateljice Knji\u017dnice ODLUKA O IMENOVANJU V.D. RAVNATELJA KNJI\u017dNICE Javni natje\u010daj za izbor i imenovanje ravnatelja Javne ustanove Narodna knji\u017enica i \u010ditaonica Gunja\" \/>\n<meta property=\"og:url\" content=\"http:\/\/knjiznice.nsk.hr\/gunja\/natjecaji\/\" \/>\n<meta property=\"og:site_name\" content=\"Narodna knji\u017enica i \u010ditaonica Gunja\" \/>\n<meta property=\"article:publisher\" content=\"https:\/\/www.facebook.com\/Narodna-knji%c5%benica-i-%c4%8ditaonica-Gunja-100778106129294\" \/>\n<meta property=\"article:modified_time\" content=\"2025-01-09T08:38:45+00:00\" \/>\n<meta property=\"og:image\" content=\"http:\/\/knjiznice.nsk.hr\/gunja\/wp-content\/uploads\/sites\/112\/2019\/08\/logo-3.png\" \/>\n\t<meta property=\"og:image:width\" content=\"381\" \/>\n\t<meta property=\"og:image:height\" content=\"350\" \/>\n<meta name=\"twitter:card\" content=\"summary_large_image\" \/>\n<meta name=\"twitter:label1\" content=\"Est. reading time\" \/>\n\t<meta name=\"twitter:data1\" content=\"1 minute\" \/>\n<script type=\"application\/ld+json\" class=\"yoast-schema-graph\">{\"@context\":\"https:\/\/schema.org\",\"@graph\":[{\"@type\":\"Organization\",\"@id\":\"http:\/\/knjiznice.nsk.hr\/gunja\/#organization\",\"name\":\"Narodna knji\\u017enica i \\u010ditaonica Gunja\",\"url\":\"http:\/\/knjiznice.nsk.hr\/gunja\/\",\"sameAs\":[\"https:\/\/www.facebook.com\/Narodna-knji\\u017enica-i-\\u010ditaonica-Gunja-100778106129294\"],\"logo\":{\"@type\":\"ImageObject\",\"@id\":\"http:\/\/knjiznice.nsk.hr\/gunja\/#logo\",\"inLanguage\":\"en-US\",\"url\":\"http:\/\/knjiznice.nsk.hr\/gunja\/wp-content\/uploads\/sites\/112\/2019\/08\/logo-3.png\",\"contentUrl\":\"http:\/\/knjiznice.nsk.hr\/gunja\/wp-content\/uploads\/sites\/112\/2019\/08\/logo-3.png\",\"width\":381,\"height\":350,\"caption\":\"Narodna knji\\u017enica i \\u010ditaonica Gunja\"},\"image\":{\"@id\":\"http:\/\/knjiznice.nsk.hr\/gunja\/#logo\"}},{\"@type\":\"WebSite\",\"@id\":\"http:\/\/knjiznice.nsk.hr\/gunja\/#website\",\"url\":\"http:\/\/knjiznice.nsk.hr\/gunja\/\",\"name\":\"Narodna knji\\u017enica i \\u010ditaonica Gunja\",\"description\":\"\",\"publisher\":{\"@id\":\"http:\/\/knjiznice.nsk.hr\/gunja\/#organization\"},\"potentialAction\":[{\"@type\":\"SearchAction\",\"target\":\"http:\/\/knjiznice.nsk.hr\/gunja\/?s={search_term_string}\",\"query-input\":\"required name=search_term_string\"}],\"inLanguage\":\"en-US\"},{\"@type\":\"WebPage\",\"@id\":\"http:\/\/knjiznice.nsk.hr\/gunja\/natjecaji\/#webpage\",\"url\":\"http:\/\/knjiznice.nsk.hr\/gunja\/natjecaji\/\",\"name\":\"NATJE\\u010cAJI - Narodna knji\\u017enica i \\u010ditaonica Gunja\",\"isPartOf\":{\"@id\":\"http:\/\/knjiznice.nsk.hr\/gunja\/#website\"},\"datePublished\":\"2020-12-01T12:21:21+00:00\",\"dateModified\":\"2025-01-09T08:38:45+00:00\",\"breadcrumb\":{\"@id\":\"http:\/\/knjiznice.nsk.hr\/gunja\/natjecaji\/#breadcrumb\"},\"inLanguage\":\"en-US\",\"potentialAction\":[{\"@type\":\"ReadAction\",\"target\":[\"http:\/\/knjiznice.nsk.hr\/gunja\/natjecaji\/\"]}]},{\"@type\":\"BreadcrumbList\",\"@id\":\"http:\/\/knjiznice.nsk.hr\/gunja\/natjecaji\/#breadcrumb\",\"itemListElement\":[{\"@type\":\"ListItem\",\"position\":1,\"item\":{\"@type\":\"WebPage\",\"@id\":\"http:\/\/knjiznice.nsk.hr\/gunja\/\",\"url\":\"http:\/\/knjiznice.nsk.hr\/gunja\/\",\"name\":\"Po\\u010detna stranica\"}},{\"@type\":\"ListItem\",\"position\":2,\"item\":{\"@id\":\"http:\/\/knjiznice.nsk.hr\/gunja\/natjecaji\/#webpage\"}}]}]}<\/script>\n<!-- \/ Yoast SEO plugin. -->","_links":{"self":[{"href":"http:\/\/knjiznice.nsk.hr\/gunja\/wp-json\/wp\/v2\/pages\/1236"}],"collection":[{"href":"http:\/\/knjiznice.nsk.hr\/gunja\/wp-json\/wp\/v2\/pages"}],"about":[{"href":"http:\/\/knjiznice.nsk.hr\/gunja\/wp-json\/wp\/v2\/types\/page"}],"author":[{"embeddable":true,"href":"http:\/\/knjiznice.nsk.hr\/gunja\/wp-json\/wp\/v2\/users\/181"}],"replies":[{"embeddable":true,"href":"http:\/\/knjiznice.nsk.hr\/gunja\/wp-json\/wp\/v2\/comments?post=1236"}],"version-history":[{"count":4,"href":"http:\/\/knjiznice.nsk.hr\/gunja\/wp-json\/wp\/v2\/pages\/1236\/revisions"}],"predecessor-version":[{"id":1886,"href":"http:\/\/knjiznice.nsk.hr\/gunja\/wp-json\/wp\/v2\/pages\/1236\/revisions\/1886"}],"wp:attachment":[{"href":"http:\/\/knjiznice.nsk.hr\/gunja\/wp-json\/wp\/v2\/media?parent=1236"}],"curies":[{"name":"wp","href":"https:\/\/api.w.org\/{rel}","templated":true}]}}