{"id":101,"date":"2019-08-19T18:16:41","date_gmt":"2019-08-19T16:16:41","guid":{"rendered":"http:\/\/knjiznice.nsk.hr\/gunja\/?page_id=101"},"modified":"2019-08-21T11:24:45","modified_gmt":"2019-08-21T09:24:45","slug":"odjeli-knjiznice","status":"publish","type":"page","link":"http:\/\/knjiznice.nsk.hr\/gunja\/odjeli-knjiznice\/","title":{"rendered":"Odjeli knji\u017enice"},"content":{"rendered":"<p><strong>Odjeli Narodne knji\u017enice i \u010ditaonice Gunja<\/strong><\/p>\n<p>Narodna knji\u017enica i \u010ditaonica u Gunji obavljat \u0107e svoju djelatnost kroz sljede\u0107e odjele: dje\u010dji odjel, posudbeni odjel za odrasle, \u010ditaonica, studijski odjel, odjel za mlade, odjel nabave i stru\u010dne obrade knji\u017eni\u010dne gra\u0111e, odjel posebnih zbirki.<\/p>\n<p><strong>Posudbeni odjel za odrasle<\/strong><\/p>\n<p><img loading=\"lazy\" class=\"wp-image-214 alignnone\" src=\"http:\/\/knjiznice.nsk.hr\/gunja\/wp-content\/uploads\/sites\/112\/2019\/08\/60229413_348563509196596_2283943043985833984_o-300x200.jpg\" alt=\"\" width=\"370\" height=\"247\" srcset=\"http:\/\/knjiznice.nsk.hr\/gunja\/wp-content\/uploads\/sites\/112\/2019\/08\/60229413_348563509196596_2283943043985833984_o-300x200.jpg 300w, http:\/\/knjiznice.nsk.hr\/gunja\/wp-content\/uploads\/sites\/112\/2019\/08\/60229413_348563509196596_2283943043985833984_o-768x512.jpg 768w, http:\/\/knjiznice.nsk.hr\/gunja\/wp-content\/uploads\/sites\/112\/2019\/08\/60229413_348563509196596_2283943043985833984_o-1024x683.jpg 1024w, http:\/\/knjiznice.nsk.hr\/gunja\/wp-content\/uploads\/sites\/112\/2019\/08\/60229413_348563509196596_2283943043985833984_o-600x400.jpg 600w, http:\/\/knjiznice.nsk.hr\/gunja\/wp-content\/uploads\/sites\/112\/2019\/08\/60229413_348563509196596_2283943043985833984_o-624x416.jpg 624w, http:\/\/knjiznice.nsk.hr\/gunja\/wp-content\/uploads\/sites\/112\/2019\/08\/60229413_348563509196596_2283943043985833984_o.jpg 1944w\" sizes=\"(max-width: 370px) 100vw, 370px\" \/><\/p>\n<p>Posudbeni odjel koji je namijenjen odraslima uklju\u010duje u\u010dlanjivanje korisnika knji\u017enice, pru\u017eanje informacija o knji\u017enici i gra\u0111i koju posjeduje, posudbu i povrat gra\u0111e, mogu\u0107nost me\u0111uknji\u017eni\u010dne posudbe, pomo\u0107 u odabiru knji\u017ene i neknji\u017ene gra\u0111e, edukaciju korisnika za samostalno snala\u017eenje u knji\u017enici.&nbsp;Posudbeni odjel za odrasle smje\u0161ten je dvije razine.<\/p>\n<p><strong>Dje\u010dji odjel<\/strong><\/p>\n<p><img loading=\"lazy\" class=\"alignnone wp-image-221\" src=\"http:\/\/knjiznice.nsk.hr\/gunja\/wp-content\/uploads\/sites\/112\/2019\/08\/60330228_348562179196729_7326599841969078272_o-300x200.jpg\" alt=\"\" width=\"384\" height=\"256\" srcset=\"http:\/\/knjiznice.nsk.hr\/gunja\/wp-content\/uploads\/sites\/112\/2019\/08\/60330228_348562179196729_7326599841969078272_o-300x200.jpg 300w, http:\/\/knjiznice.nsk.hr\/gunja\/wp-content\/uploads\/sites\/112\/2019\/08\/60330228_348562179196729_7326599841969078272_o-768x512.jpg 768w, http:\/\/knjiznice.nsk.hr\/gunja\/wp-content\/uploads\/sites\/112\/2019\/08\/60330228_348562179196729_7326599841969078272_o-1024x683.jpg 1024w, http:\/\/knjiznice.nsk.hr\/gunja\/wp-content\/uploads\/sites\/112\/2019\/08\/60330228_348562179196729_7326599841969078272_o-600x400.jpg 600w, http:\/\/knjiznice.nsk.hr\/gunja\/wp-content\/uploads\/sites\/112\/2019\/08\/60330228_348562179196729_7326599841969078272_o-624x416.jpg 624w, http:\/\/knjiznice.nsk.hr\/gunja\/wp-content\/uploads\/sites\/112\/2019\/08\/60330228_348562179196729_7326599841969078272_o.jpg 1944w\" sizes=\"(max-width: 384px) 100vw, 384px\" \/><\/p>\n<p>Dje\u010dji odjel obuhva\u0107a knji\u017enu i neknji\u017enu gra\u0111u (filmovi, igre, igra\u010dke i sl.) namijenjenu djeci vrti\u0107ke dobi i u\u010denicima ni\u017eih razreda osnovne \u0161kole.&nbsp; Prostor Dje\u010djeg odjela namijenjen je i za odr\u017eavanje dje\u010djih radionica i igraonica. U suradnji s osnovnom \u0161kolom i pred\u0161kolom u Gunji te s drugim podru\u010dnim \u0161kolama, knji\u017enica \u0107e organizirati pri\u010daonice, likovne radionice, glazbene radionice, filmske projekcije, knji\u017eevne susrete i sli\u010dno. Cilj Knji\u017enice je potaknuti djecu i u\u010denike osnovnih \u0161kola na \u010ditanje, pisanje, razvijanje ma\u0161te i kreativnosti te op\u0107enito uklju\u010divanje u kulturni \u017eivot Op\u0107ine Gunja.&nbsp;&nbsp;&nbsp;&nbsp;&nbsp;&nbsp;&nbsp;&nbsp;&nbsp;&nbsp;&nbsp;&nbsp;<\/p>\n<p><strong>Odjel za mlade<\/strong>&nbsp; &nbsp; <strong>&nbsp;&nbsp;&nbsp;&nbsp;&nbsp;&nbsp;&nbsp;&nbsp;&nbsp;<\/strong><\/p>\n<p><strong> <img loading=\"lazy\" class=\"alignnone wp-image-383\" src=\"http:\/\/knjiznice.nsk.hr\/gunja\/wp-content\/uploads\/sites\/112\/2019\/08\/slika-1-200x300.jpg\" alt=\"\" width=\"282\" height=\"423\"> <\/strong><\/p>\n<p>Narodna knji\u017enica i \u010ditaonica Gunja, &nbsp;posebnu \u0107e pozornost posvetiti mladima i literaturi koja im je potrebna, ne samo za potrebe obrazovanja u obliku lektire, ve\u0107 i za slobodno vrijeme.&nbsp;<\/p>\n<p><strong>Studijski odjel&nbsp; &nbsp; &nbsp; &nbsp; &nbsp;&nbsp;<\/strong><\/p>\n<p><strong><img loading=\"lazy\" class=\"alignnone wp-image-217\" src=\"http:\/\/knjiznice.nsk.hr\/gunja\/wp-content\/uploads\/sites\/112\/2019\/08\/60658170_348562445863369_7115155797373353984_o-300x200.jpg\" alt=\"\" width=\"438\" height=\"292\" srcset=\"http:\/\/knjiznice.nsk.hr\/gunja\/wp-content\/uploads\/sites\/112\/2019\/08\/60658170_348562445863369_7115155797373353984_o-300x200.jpg 300w, http:\/\/knjiznice.nsk.hr\/gunja\/wp-content\/uploads\/sites\/112\/2019\/08\/60658170_348562445863369_7115155797373353984_o-768x512.jpg 768w, http:\/\/knjiznice.nsk.hr\/gunja\/wp-content\/uploads\/sites\/112\/2019\/08\/60658170_348562445863369_7115155797373353984_o-1024x683.jpg 1024w, http:\/\/knjiznice.nsk.hr\/gunja\/wp-content\/uploads\/sites\/112\/2019\/08\/60658170_348562445863369_7115155797373353984_o-600x400.jpg 600w, http:\/\/knjiznice.nsk.hr\/gunja\/wp-content\/uploads\/sites\/112\/2019\/08\/60658170_348562445863369_7115155797373353984_o-624x416.jpg 624w, http:\/\/knjiznice.nsk.hr\/gunja\/wp-content\/uploads\/sites\/112\/2019\/08\/60658170_348562445863369_7115155797373353984_o.jpg 1944w\" sizes=\"(max-width: 438px) 100vw, 438px\" \/>&nbsp;&nbsp;&nbsp;&nbsp;&nbsp;&nbsp;&nbsp;&nbsp;&nbsp;<\/strong><\/p>\n<p>Studijski odjel uklju\u010duje stru\u010dnu gra\u0111u namijenjenu odraslima, a obuhva\u0107a \u0161iroki raspon stru\u010dne gra\u0111e za potrebe radova, referata, seminara, diplomskih i stru\u010dnih radova i za potrebe samostalnog istra\u017eivanja. Studijski odjel dostupan je svim korisnicima knji\u017enice, gdje \u0107e imati priliku samostalno istra\u017eivati.<\/p>\n<p><strong>Odjel posebnih zbirki<\/strong><\/p>\n<p>Odjel posebnih zbirki obuhva\u0107a: zbirku stare i rijetke gra\u0111e, stru\u010dnu gra\u0111u na stranom jeziku, atlase i karte i zavi\u010dajnu gra\u0111u. Knji\u017enica \u0107e prikupljati gra\u0111u koja govori o Gunji, o autorima koji su podrijetlom iz Gunje i svim drugim autorima koji govore o samome kraju.<\/p>\n<p><strong>\u010citaonica&nbsp;<\/strong><\/p>\n<p><img loading=\"lazy\" class=\"alignnone wp-image-225\" src=\"http:\/\/knjiznice.nsk.hr\/gunja\/wp-content\/uploads\/sites\/112\/2019\/08\/6-223x300.jpg\" alt=\"\" width=\"296\" height=\"398\" srcset=\"http:\/\/knjiznice.nsk.hr\/gunja\/wp-content\/uploads\/sites\/112\/2019\/08\/6-223x300.jpg 223w, http:\/\/knjiznice.nsk.hr\/gunja\/wp-content\/uploads\/sites\/112\/2019\/08\/6-768x1032.jpg 768w, http:\/\/knjiznice.nsk.hr\/gunja\/wp-content\/uploads\/sites\/112\/2019\/08\/6-762x1024.jpg 762w, http:\/\/knjiznice.nsk.hr\/gunja\/wp-content\/uploads\/sites\/112\/2019\/08\/6-600x806.jpg 600w, http:\/\/knjiznice.nsk.hr\/gunja\/wp-content\/uploads\/sites\/112\/2019\/08\/6-624x839.jpg 624w, http:\/\/knjiznice.nsk.hr\/gunja\/wp-content\/uploads\/sites\/112\/2019\/08\/6.jpg 1152w\" sizes=\"(max-width: 296px) 100vw, 296px\" \/><\/p>\n<p>U prizemlju knji\u017enice nalazi se prostor za \u010ditanje&nbsp; i provo\u0111enje slobodnog vremena. U \u010ditaonici se nalaze i dva ra\u010dunala, koja korisnici mogu besplatno koristiti.<\/p>\n","protected":false},"excerpt":{"rendered":"<p>Odjeli Narodne knji\u017enice i \u010ditaonice Gunja Narodna knji\u017enica i \u010ditaonica u Gunji obavljat \u0107e svoju djelatnost kroz sljede\u0107e odjele: dje\u010dji odjel, posudbeni odjel za odrasle, \u010ditaonica, studijski odjel, odjel za mlade, odjel nabave i stru\u010dne obrade knji\u017eni\u010dne gra\u0111e, odjel posebnih zbirki. Posudbeni odjel za odrasle Posudbeni odjel koji je namijenjen odraslima uklju\u010duje u\u010dlanjivanje korisnika knji\u017enice, [&hellip;]<\/p>\n","protected":false},"author":181,"featured_media":0,"parent":0,"menu_order":0,"comment_status":"closed","ping_status":"closed","template":"","meta":{"ngg_post_thumbnail":0},"yoast_head":"<!-- This site is optimized with the Yoast SEO plugin v16.4 - https:\/\/yoast.com\/wordpress\/plugins\/seo\/ -->\n<title>Odjeli knji\u017enice - Narodna knji\u017enica i \u010ditaonica Gunja<\/title>\n<meta name=\"robots\" content=\"noindex, follow\" \/>\n<meta property=\"og:locale\" content=\"en_US\" \/>\n<meta property=\"og:type\" content=\"article\" \/>\n<meta property=\"og:title\" content=\"Odjeli knji\u017enice - Narodna knji\u017enica i \u010ditaonica Gunja\" \/>\n<meta property=\"og:description\" content=\"Odjeli Narodne knji\u017enice i \u010ditaonice Gunja Narodna knji\u017enica i \u010ditaonica u Gunji obavljat \u0107e svoju djelatnost kroz sljede\u0107e odjele: dje\u010dji odjel, posudbeni odjel za odrasle, \u010ditaonica, studijski odjel, odjel za mlade, odjel nabave i stru\u010dne obrade knji\u017eni\u010dne gra\u0111e, odjel posebnih zbirki. Posudbeni odjel za odrasle Posudbeni odjel koji je namijenjen odraslima uklju\u010duje u\u010dlanjivanje korisnika knji\u017enice, [&hellip;]\" \/>\n<meta property=\"og:url\" content=\"http:\/\/knjiznice.nsk.hr\/gunja\/odjeli-knjiznice\/\" \/>\n<meta property=\"og:site_name\" content=\"Narodna knji\u017enica i \u010ditaonica Gunja\" \/>\n<meta property=\"article:publisher\" content=\"https:\/\/www.facebook.com\/Narodna-knji%c5%benica-i-%c4%8ditaonica-Gunja-100778106129294\" \/>\n<meta property=\"article:modified_time\" content=\"2019-08-21T09:24:45+00:00\" \/>\n<meta property=\"og:image\" content=\"http:\/\/knjiznice.nsk.hr\/gunja\/wp-content\/uploads\/sites\/112\/2019\/08\/60229413_348563509196596_2283943043985833984_o-300x200.jpg\" \/>\n<meta name=\"twitter:card\" content=\"summary_large_image\" \/>\n<meta name=\"twitter:label1\" content=\"Est. reading time\" \/>\n\t<meta name=\"twitter:data1\" content=\"2 minutes\" \/>\n<script type=\"application\/ld+json\" class=\"yoast-schema-graph\">{\"@context\":\"https:\/\/schema.org\",\"@graph\":[{\"@type\":\"Organization\",\"@id\":\"http:\/\/knjiznice.nsk.hr\/gunja\/#organization\",\"name\":\"Narodna knji\\u017enica i \\u010ditaonica Gunja\",\"url\":\"http:\/\/knjiznice.nsk.hr\/gunja\/\",\"sameAs\":[\"https:\/\/www.facebook.com\/Narodna-knji\\u017enica-i-\\u010ditaonica-Gunja-100778106129294\"],\"logo\":{\"@type\":\"ImageObject\",\"@id\":\"http:\/\/knjiznice.nsk.hr\/gunja\/#logo\",\"inLanguage\":\"en-US\",\"url\":\"http:\/\/knjiznice.nsk.hr\/gunja\/wp-content\/uploads\/sites\/112\/2019\/08\/logo-3.png\",\"contentUrl\":\"http:\/\/knjiznice.nsk.hr\/gunja\/wp-content\/uploads\/sites\/112\/2019\/08\/logo-3.png\",\"width\":381,\"height\":350,\"caption\":\"Narodna knji\\u017enica i \\u010ditaonica Gunja\"},\"image\":{\"@id\":\"http:\/\/knjiznice.nsk.hr\/gunja\/#logo\"}},{\"@type\":\"WebSite\",\"@id\":\"http:\/\/knjiznice.nsk.hr\/gunja\/#website\",\"url\":\"http:\/\/knjiznice.nsk.hr\/gunja\/\",\"name\":\"Narodna knji\\u017enica i \\u010ditaonica Gunja\",\"description\":\"\",\"publisher\":{\"@id\":\"http:\/\/knjiznice.nsk.hr\/gunja\/#organization\"},\"potentialAction\":[{\"@type\":\"SearchAction\",\"target\":\"http:\/\/knjiznice.nsk.hr\/gunja\/?s={search_term_string}\",\"query-input\":\"required name=search_term_string\"}],\"inLanguage\":\"en-US\"},{\"@type\":\"ImageObject\",\"@id\":\"http:\/\/knjiznice.nsk.hr\/gunja\/odjeli-knjiznice\/#primaryimage\",\"inLanguage\":\"en-US\",\"url\":\"http:\/\/knjiznice.nsk.hr\/gunja\/wp-content\/uploads\/sites\/112\/2019\/08\/60229413_348563509196596_2283943043985833984_o.jpg\",\"contentUrl\":\"http:\/\/knjiznice.nsk.hr\/gunja\/wp-content\/uploads\/sites\/112\/2019\/08\/60229413_348563509196596_2283943043985833984_o.jpg\",\"width\":1944,\"height\":1296},{\"@type\":\"WebPage\",\"@id\":\"http:\/\/knjiznice.nsk.hr\/gunja\/odjeli-knjiznice\/#webpage\",\"url\":\"http:\/\/knjiznice.nsk.hr\/gunja\/odjeli-knjiznice\/\",\"name\":\"Odjeli knji\\u017enice - Narodna knji\\u017enica i \\u010ditaonica Gunja\",\"isPartOf\":{\"@id\":\"http:\/\/knjiznice.nsk.hr\/gunja\/#website\"},\"primaryImageOfPage\":{\"@id\":\"http:\/\/knjiznice.nsk.hr\/gunja\/odjeli-knjiznice\/#primaryimage\"},\"datePublished\":\"2019-08-19T16:16:41+00:00\",\"dateModified\":\"2019-08-21T09:24:45+00:00\",\"breadcrumb\":{\"@id\":\"http:\/\/knjiznice.nsk.hr\/gunja\/odjeli-knjiznice\/#breadcrumb\"},\"inLanguage\":\"en-US\",\"potentialAction\":[{\"@type\":\"ReadAction\",\"target\":[\"http:\/\/knjiznice.nsk.hr\/gunja\/odjeli-knjiznice\/\"]}]},{\"@type\":\"BreadcrumbList\",\"@id\":\"http:\/\/knjiznice.nsk.hr\/gunja\/odjeli-knjiznice\/#breadcrumb\",\"itemListElement\":[{\"@type\":\"ListItem\",\"position\":1,\"item\":{\"@type\":\"WebPage\",\"@id\":\"http:\/\/knjiznice.nsk.hr\/gunja\/\",\"url\":\"http:\/\/knjiznice.nsk.hr\/gunja\/\",\"name\":\"Po\\u010detna stranica\"}},{\"@type\":\"ListItem\",\"position\":2,\"item\":{\"@id\":\"http:\/\/knjiznice.nsk.hr\/gunja\/odjeli-knjiznice\/#webpage\"}}]}]}<\/script>\n<!-- \/ Yoast SEO plugin. -->","_links":{"self":[{"href":"http:\/\/knjiznice.nsk.hr\/gunja\/wp-json\/wp\/v2\/pages\/101"}],"collection":[{"href":"http:\/\/knjiznice.nsk.hr\/gunja\/wp-json\/wp\/v2\/pages"}],"about":[{"href":"http:\/\/knjiznice.nsk.hr\/gunja\/wp-json\/wp\/v2\/types\/page"}],"author":[{"embeddable":true,"href":"http:\/\/knjiznice.nsk.hr\/gunja\/wp-json\/wp\/v2\/users\/181"}],"replies":[{"embeddable":true,"href":"http:\/\/knjiznice.nsk.hr\/gunja\/wp-json\/wp\/v2\/comments?post=101"}],"version-history":[{"count":8,"href":"http:\/\/knjiznice.nsk.hr\/gunja\/wp-json\/wp\/v2\/pages\/101\/revisions"}],"predecessor-version":[{"id":389,"href":"http:\/\/knjiznice.nsk.hr\/gunja\/wp-json\/wp\/v2\/pages\/101\/revisions\/389"}],"wp:attachment":[{"href":"http:\/\/knjiznice.nsk.hr\/gunja\/wp-json\/wp\/v2\/media?parent=101"}],"curies":[{"name":"wp","href":"https:\/\/api.w.org\/{rel}","templated":true}]}}