{"id":2,"date":"2014-05-28T13:08:04","date_gmt":"2014-05-28T13:08:04","guid":{"rendered":"http:\/\/knjiznice.nsk.hr\/gorican\/?page_id=2"},"modified":"2014-05-28T13:08:04","modified_gmt":"2014-05-28T13:08:04","slug":"primjer-stranice","status":"publish","type":"page","link":"http:\/\/knjiznice.nsk.hr\/gorican\/primjer-stranice\/","title":{"rendered":"Primjer stranice"},"content":{"rendered":"<p>Ovo je primjer stranice. Razlikuje se od blog posta jer se stalno nalazi na istom mjestu i prikazati \u0107e se u navigaciji va\u0161e web stranice (u ve\u0107ini tema). Ve\u0107ina ljudi zapo\u010dinje sa O meni stranicom koja ih predstavlja potencijalnim posjetiteljima web stranice. Na primjer mo\u017ee sadr\u017eavati:<\/p>\n<blockquote><p>Pozdrav! Ja sam dostavlja\u010d paket biciklom tijekom dana, nadahnuti glumac tijekom no\u0107i i ovo je moj blog. \u017divim u Vara\u017edinu, imam predobrog psa koji se zove Floki i volim pivo. (I da me ponekad ulovi ki\u0161a bez ki\u0161obrana.)<\/p><\/blockquote>\n<p>&#8230;ili ne\u0161to kao ovo:<\/p>\n<blockquote><p>Smradac Company je osnovana 1971., i od tada svoje kupce opskrbljuje kvalitetnim za\u0161titnim maskama za disanje. Smje\u0161ten u Gotham City, Smradac Company zapo\u0161ljava preko 2.000 ljudi i radi svakakve super stvari za ljude Gotham Citya.<\/p><\/blockquote>\n<p>Kao novi korisnik WordPressa, trebali bi posjetiti <a href=\"http:\/\/knjiznice.nsk.hr\/gorican\/wp-admin\/\">va\u0161u nadzornu plo\u010du<\/a> kako bi izbrisali ovu stranicu i kreirali nove stranice za va\u0161 sadr\u017eaj. Zabavi te se!<\/p>\n","protected":false},"excerpt":{"rendered":"<p>Ovo je primjer stranice. Razlikuje se od blog posta jer se stalno nalazi na istom mjestu i prikazati \u0107e se u navigaciji va\u0161e web stranice (u ve\u0107ini tema). Ve\u0107ina ljudi zapo\u010dinje sa O meni stranicom koja ih predstavlja potencijalnim posjetiteljima web stranice. Na primjer mo\u017ee sadr\u017eavati: Pozdrav! Ja sam dostavlja\u010d paket biciklom tijekom dana, nadahnuti [&hellip;]<\/p>\n","protected":false},"author":30,"featured_media":0,"parent":0,"menu_order":0,"comment_status":"open","ping_status":"open","template":"","meta":{"ngg_post_thumbnail":0},"yoast_head":"<!-- This site is optimized with the Yoast SEO plugin v16.4 - https:\/\/yoast.com\/wordpress\/plugins\/seo\/ -->\n<meta name=\"robots\" content=\"index, follow, max-snippet:-1, max-image-preview:large, max-video-preview:-1\" \/>\n<link rel=\"canonical\" href=\"http:\/\/knjiznice.nsk.hr\/gorican\/primjer-stranice\/\" \/>\n<meta property=\"og:locale\" content=\"hr_HR\" \/>\n<meta property=\"og:type\" content=\"article\" \/>\n<meta property=\"og:title\" content=\"Primjer stranice - Knji\u017enica i \u010ditaonica Gori\u010dan\" \/>\n<meta property=\"og:description\" content=\"Ovo je primjer stranice. Razlikuje se od blog posta jer se stalno nalazi na istom mjestu i prikazati \u0107e se u navigaciji va\u0161e web stranice (u ve\u0107ini tema). Ve\u0107ina ljudi zapo\u010dinje sa O meni stranicom koja ih predstavlja potencijalnim posjetiteljima web stranice. Na primjer mo\u017ee sadr\u017eavati: Pozdrav! Ja sam dostavlja\u010d paket biciklom tijekom dana, nadahnuti [&hellip;]\" \/>\n<meta property=\"og:url\" content=\"http:\/\/knjiznice.nsk.hr\/gorican\/primjer-stranice\/\" \/>\n<meta property=\"og:site_name\" content=\"Knji\u017enica i \u010ditaonica Gori\u010dan\" \/>\n<meta name=\"twitter:label1\" content=\"Procijenjeno vrijeme \u010ditanja\" \/>\n\t<meta name=\"twitter:data1\" content=\"1 minuta\" \/>\n<script type=\"application\/ld+json\" class=\"yoast-schema-graph\">{\"@context\":\"https:\/\/schema.org\",\"@graph\":[{\"@type\":\"WebSite\",\"@id\":\"http:\/\/knjiznice.nsk.hr\/gorican\/#website\",\"url\":\"http:\/\/knjiznice.nsk.hr\/gorican\/\",\"name\":\"Knji\\u017enica i \\u010ditaonica Gori\\u010dan\",\"description\":\"Samo jo\\u0161 jedna Sredi\\u0161nji sustav za upravljanje sadr\\u017eajem internetskih stranica narodnih knji\\u017enica Web stranica web stranica\",\"potentialAction\":[{\"@type\":\"SearchAction\",\"target\":\"http:\/\/knjiznice.nsk.hr\/gorican\/?s={search_term_string}\",\"query-input\":\"required name=search_term_string\"}],\"inLanguage\":\"hr\"},{\"@type\":\"WebPage\",\"@id\":\"http:\/\/knjiznice.nsk.hr\/gorican\/primjer-stranice\/#webpage\",\"url\":\"http:\/\/knjiznice.nsk.hr\/gorican\/primjer-stranice\/\",\"name\":\"Primjer stranice - Knji\\u017enica i \\u010ditaonica Gori\\u010dan\",\"isPartOf\":{\"@id\":\"http:\/\/knjiznice.nsk.hr\/gorican\/#website\"},\"datePublished\":\"2014-05-28T13:08:04+00:00\",\"dateModified\":\"2014-05-28T13:08:04+00:00\",\"breadcrumb\":{\"@id\":\"http:\/\/knjiznice.nsk.hr\/gorican\/primjer-stranice\/#breadcrumb\"},\"inLanguage\":\"hr\",\"potentialAction\":[{\"@type\":\"ReadAction\",\"target\":[\"http:\/\/knjiznice.nsk.hr\/gorican\/primjer-stranice\/\"]}]},{\"@type\":\"BreadcrumbList\",\"@id\":\"http:\/\/knjiznice.nsk.hr\/gorican\/primjer-stranice\/#breadcrumb\",\"itemListElement\":[{\"@type\":\"ListItem\",\"position\":1,\"item\":{\"@type\":\"WebPage\",\"@id\":\"http:\/\/knjiznice.nsk.hr\/gorican\/\",\"url\":\"http:\/\/knjiznice.nsk.hr\/gorican\/\",\"name\":\"Po\\u010detna stranica\"}},{\"@type\":\"ListItem\",\"position\":2,\"item\":{\"@id\":\"http:\/\/knjiznice.nsk.hr\/gorican\/primjer-stranice\/#webpage\"}}]}]}<\/script>\n<!-- \/ Yoast SEO plugin. -->","_links":{"self":[{"href":"http:\/\/knjiznice.nsk.hr\/gorican\/wp-json\/wp\/v2\/pages\/2"}],"collection":[{"href":"http:\/\/knjiznice.nsk.hr\/gorican\/wp-json\/wp\/v2\/pages"}],"about":[{"href":"http:\/\/knjiznice.nsk.hr\/gorican\/wp-json\/wp\/v2\/types\/page"}],"author":[{"embeddable":true,"href":"http:\/\/knjiznice.nsk.hr\/gorican\/wp-json\/wp\/v2\/users\/30"}],"replies":[{"embeddable":true,"href":"http:\/\/knjiznice.nsk.hr\/gorican\/wp-json\/wp\/v2\/comments?post=2"}],"version-history":[{"count":0,"href":"http:\/\/knjiznice.nsk.hr\/gorican\/wp-json\/wp\/v2\/pages\/2\/revisions"}],"wp:attachment":[{"href":"http:\/\/knjiznice.nsk.hr\/gorican\/wp-json\/wp\/v2\/media?parent=2"}],"curies":[{"name":"wp","href":"https:\/\/api.w.org\/{rel}","templated":true}]}}