{"id":33,"date":"2018-11-27T08:41:22","date_gmt":"2018-11-27T07:41:22","guid":{"rendered":"http:\/\/knjiznice.nsk.hr\/erdody\/?page_id=33"},"modified":"2021-08-24T10:12:33","modified_gmt":"2021-08-24T08:12:33","slug":"kontakti","status":"publish","type":"page","link":"http:\/\/knjiznice.nsk.hr\/erdody\/kontakti\/","title":{"rendered":"Kontakti"},"content":{"rendered":"<p class=\"s5\"><span class=\"s4\">Puni naziv: Op\u0107inska <\/span><span class=\"s4\">knji\u017enica Sidonije Rubido <\/span><span class=\"s4\">Erd\u00f6dy<\/span><\/p>\n<p class=\"s5\"><span class=\"s4\">Adresa: Trg Sidonije Rubido <\/span><span class=\"s4\">Erd\u00f6dy<\/span><span class=\"s4\"> 3, 48268 Gornja Rijeka<\/span><\/p>\n<p class=\"s5\"><span class=\"s4\">Telefon: 048\/ 855-370<\/span><\/p>\n<p class=\"s5\"><span class=\"s4\">Fax: 048\/855-021<\/span><\/p>\n<p class=\"s5\"><span class=\"s4\">&nbsp;E-mail: <\/span><a href=\"mailto:opcinska.knjiznica.s.r.erdody@kc.t-com.hr\"><span class=\"s6\">opcinska.knjizni<\/span><span class=\"s6\">ca.s.r.erdody@kc.t-com.hr<\/span><\/a><\/p>\n<p class=\"s5\"><span class=\"s4\">OIB: 83521045908<\/span><\/p>\n<p class=\"s3\"><span class=\"s4\">ravnateljica Ivana Martin\u010di\u0107<\/span><\/p>\n<p class=\"s3\">&nbsp;<\/p>\n","protected":false},"excerpt":{"rendered":"<p>Puni naziv: Op\u0107inska knji\u017enica Sidonije Rubido Erd\u00f6dy Adresa: Trg Sidonije Rubido Erd\u00f6dy 3, 48268 Gornja Rijeka Telefon: 048\/ 855-370 Fax: 048\/855-021 &nbsp;E-mail: opcinska.knjiznica.s.r.erdody@kc.t-com.hr OIB: 83521045908 ravnateljica Ivana Martin\u010di\u0107 &nbsp;<\/p>\n","protected":false},"author":174,"featured_media":0,"parent":0,"menu_order":0,"comment_status":"closed","ping_status":"closed","template":"","meta":{"ngg_post_thumbnail":0},"yoast_head":"<!-- This site is optimized with the Yoast SEO plugin v16.4 - https:\/\/yoast.com\/wordpress\/plugins\/seo\/ -->\n<meta name=\"robots\" content=\"index, follow, max-snippet:-1, max-image-preview:large, max-video-preview:-1\" \/>\n<link rel=\"canonical\" href=\"http:\/\/knjiznice.nsk.hr\/erdody\/kontakti\/\" \/>\n<meta property=\"og:locale\" content=\"hr_HR\" \/>\n<meta property=\"og:type\" content=\"article\" \/>\n<meta property=\"og:title\" content=\"Kontakti - Op\u0107inska knji\u017enica Sidonije Rubido Erd\u04e7dy Gornja Rijeka\" \/>\n<meta property=\"og:description\" content=\"Puni naziv: Op\u0107inska knji\u017enica Sidonije Rubido Erd\u00f6dy Adresa: Trg Sidonije Rubido Erd\u00f6dy 3, 48268 Gornja Rijeka Telefon: 048\/ 855-370 Fax: 048\/855-021 &nbsp;E-mail: opcinska.knjiznica.s.r.erdody@kc.t-com.hr OIB: 83521045908 ravnateljica Ivana Martin\u010di\u0107 &nbsp;\" \/>\n<meta property=\"og:url\" content=\"http:\/\/knjiznice.nsk.hr\/erdody\/kontakti\/\" \/>\n<meta property=\"og:site_name\" content=\"Op\u0107inska knji\u017enica Sidonije Rubido Erd\u04e7dy Gornja Rijeka\" \/>\n<meta property=\"article:modified_time\" content=\"2021-08-24T08:12:33+00:00\" \/>\n<meta name=\"twitter:card\" content=\"summary_large_image\" \/>\n<meta name=\"twitter:label1\" content=\"Procijenjeno vrijeme \u010ditanja\" \/>\n\t<meta name=\"twitter:data1\" content=\"1 minuta\" \/>\n<script type=\"application\/ld+json\" class=\"yoast-schema-graph\">{\"@context\":\"https:\/\/schema.org\",\"@graph\":[{\"@type\":\"Organization\",\"@id\":\"http:\/\/knjiznice.nsk.hr\/erdody\/#organization\",\"name\":\"Op\\u0107inska knji\\u017enica S. R. Erdody\",\"url\":\"http:\/\/knjiznice.nsk.hr\/erdody\/\",\"sameAs\":[],\"logo\":{\"@type\":\"ImageObject\",\"@id\":\"http:\/\/knjiznice.nsk.hr\/erdody\/#logo\",\"inLanguage\":\"hr\",\"url\":\"http:\/\/knjiznice.nsk.hr\/erdody\/wp-content\/uploads\/sites\/94\/2018\/11\/logo.png\",\"contentUrl\":\"http:\/\/knjiznice.nsk.hr\/erdody\/wp-content\/uploads\/sites\/94\/2018\/11\/logo.png\",\"width\":70,\"height\":65,\"caption\":\"Op\\u0107inska knji\\u017enica S. R. Erdody\"},\"image\":{\"@id\":\"http:\/\/knjiznice.nsk.hr\/erdody\/#logo\"}},{\"@type\":\"WebSite\",\"@id\":\"http:\/\/knjiznice.nsk.hr\/erdody\/#website\",\"url\":\"http:\/\/knjiznice.nsk.hr\/erdody\/\",\"name\":\"Op\\u0107inska knji\\u017enica Sidonije Rubido Erd\\u04e7dy Gornja Rijeka\",\"description\":\"\",\"publisher\":{\"@id\":\"http:\/\/knjiznice.nsk.hr\/erdody\/#organization\"},\"potentialAction\":[{\"@type\":\"SearchAction\",\"target\":\"http:\/\/knjiznice.nsk.hr\/erdody\/?s={search_term_string}\",\"query-input\":\"required name=search_term_string\"}],\"inLanguage\":\"hr\"},{\"@type\":\"WebPage\",\"@id\":\"http:\/\/knjiznice.nsk.hr\/erdody\/kontakti\/#webpage\",\"url\":\"http:\/\/knjiznice.nsk.hr\/erdody\/kontakti\/\",\"name\":\"Kontakti - Op\\u0107inska knji\\u017enica Sidonije Rubido Erd\\u04e7dy Gornja Rijeka\",\"isPartOf\":{\"@id\":\"http:\/\/knjiznice.nsk.hr\/erdody\/#website\"},\"datePublished\":\"2018-11-27T07:41:22+00:00\",\"dateModified\":\"2021-08-24T08:12:33+00:00\",\"breadcrumb\":{\"@id\":\"http:\/\/knjiznice.nsk.hr\/erdody\/kontakti\/#breadcrumb\"},\"inLanguage\":\"hr\",\"potentialAction\":[{\"@type\":\"ReadAction\",\"target\":[\"http:\/\/knjiznice.nsk.hr\/erdody\/kontakti\/\"]}]},{\"@type\":\"BreadcrumbList\",\"@id\":\"http:\/\/knjiznice.nsk.hr\/erdody\/kontakti\/#breadcrumb\",\"itemListElement\":[{\"@type\":\"ListItem\",\"position\":1,\"item\":{\"@type\":\"WebPage\",\"@id\":\"http:\/\/knjiznice.nsk.hr\/erdody\/\",\"url\":\"http:\/\/knjiznice.nsk.hr\/erdody\/\",\"name\":\"Po\\u010detna stranica\"}},{\"@type\":\"ListItem\",\"position\":2,\"item\":{\"@id\":\"http:\/\/knjiznice.nsk.hr\/erdody\/kontakti\/#webpage\"}}]}]}<\/script>\n<!-- \/ Yoast SEO plugin. -->","_links":{"self":[{"href":"http:\/\/knjiznice.nsk.hr\/erdody\/wp-json\/wp\/v2\/pages\/33"}],"collection":[{"href":"http:\/\/knjiznice.nsk.hr\/erdody\/wp-json\/wp\/v2\/pages"}],"about":[{"href":"http:\/\/knjiznice.nsk.hr\/erdody\/wp-json\/wp\/v2\/types\/page"}],"author":[{"embeddable":true,"href":"http:\/\/knjiznice.nsk.hr\/erdody\/wp-json\/wp\/v2\/users\/174"}],"replies":[{"embeddable":true,"href":"http:\/\/knjiznice.nsk.hr\/erdody\/wp-json\/wp\/v2\/comments?post=33"}],"version-history":[{"count":5,"href":"http:\/\/knjiznice.nsk.hr\/erdody\/wp-json\/wp\/v2\/pages\/33\/revisions"}],"predecessor-version":[{"id":360,"href":"http:\/\/knjiznice.nsk.hr\/erdody\/wp-json\/wp\/v2\/pages\/33\/revisions\/360"}],"wp:attachment":[{"href":"http:\/\/knjiznice.nsk.hr\/erdody\/wp-json\/wp\/v2\/media?parent=33"}],"curies":[{"name":"wp","href":"https:\/\/api.w.org\/{rel}","templated":true}]}}