{"id":31,"date":"2018-11-27T08:41:11","date_gmt":"2018-11-27T07:41:11","guid":{"rendered":"http:\/\/knjiznice.nsk.hr\/erdody\/?page_id=31"},"modified":"2018-11-27T08:47:02","modified_gmt":"2018-11-27T07:47:02","slug":"igraonica","status":"publish","type":"page","link":"http:\/\/knjiznice.nsk.hr\/erdody\/igraonica\/","title":{"rendered":"Igraonica"},"content":{"rendered":"<p class=\"s4\"><span class=\"s3\">Dje\u010dja igraonica djeluje u sklopu Knji\u017enice<\/span><span class=\"s3\">. <\/span><span class=\"s3\">Zamj<\/span><span class=\"s3\">enjuje vrti\u0107,<\/span><span class=\"s3\"> ali samo tri puta tjedno po sa<\/span><span class=\"s3\">t i pol. Ponedjeljkom, srijedom i petkom odr\u017eavaju se dva susreta<\/span><span class=\"s3\"> u dvije skupine djece u kojima su najmla\u0111i dvogodi\u0161njaci, a najstariji \u0161estogodi\u0161njaci.<\/span> <span class=\"s3\">Djeca igrom u igraonici razvijaju mi\u0161ljenje, pam\u0107enje, logi\u010dko zaklju\u010divanje. Usvajaju govor, motori\u010dke i tjelesne sposobnosti, ali ono \u0161to je najva\u017enije, stje\u010du povjerenje u vlastite sposobnosti, prve radne navike. Razvijaju ma\u0161tu i kreativnost. Postaju odgovorniji. U\u010de se socijalnom pona\u0161anju i stvaraju prijateljstva.<\/span> <span class=\"s3\">Uz sve to, cilj<\/span><span class=\"s3\"> je<\/span><span class=\"s3\"> jo\u0161 vi\u0161e <\/span><span class=\"s3\">usaditi naviku posu\u0111ivanja i \u010ditanja slikovnica u djece<\/span><span class=\"s3\">. <\/span><\/p>\n<p class=\"s5\"><span class=\"s3\">RADIONICA ZA MAME I BEBE<\/span><\/p>\n<p class=\"s6\"><span class=\"s3\">P<\/span><span class=\"s3\">o\u010detkom listopada <\/span><span class=\"s3\">2018. <\/span><span class=\"s3\">ponovo je pokrenuta radionica za mame i bebe koja djeluje dva puta tjedno po sat i pol. Tada se dru\u017eimo s bebama do tri godine koje tek stje\u010du prve spoznaje<\/span><span class=\"s3\">o svijetu koji ih okru\u017euje. Za njih su osigurane posebne didakti\u010dke igra\u010dke namijenjene njihovu uzrastu. M<\/span><span class=\"s3\">ame<\/span><span class=\"s3\"> pritom<\/span><span class=\"s3\"> razmj<\/span><span class=\"s3\">enjuju korisne savjete i u svakom trenutku <\/span><span class=\"s3\">mogu zaviriti u stru\u010dnu literaturu o odgoju, rastu i razvoju njihovih najmilijih.<\/span><\/p>\n","protected":false},"excerpt":{"rendered":"<p>Dje\u010dja igraonica djeluje u sklopu Knji\u017enice. Zamjenjuje vrti\u0107, ali samo tri puta tjedno po sat i pol. Ponedjeljkom, srijedom i petkom odr\u017eavaju se dva susreta u dvije skupine djece u kojima su najmla\u0111i dvogodi\u0161njaci, a najstariji \u0161estogodi\u0161njaci. Djeca igrom u igraonici razvijaju mi\u0161ljenje, pam\u0107enje, logi\u010dko zaklju\u010divanje. Usvajaju govor, motori\u010dke i tjelesne sposobnosti, ali ono \u0161to [&hellip;]<\/p>\n","protected":false},"author":174,"featured_media":0,"parent":0,"menu_order":0,"comment_status":"closed","ping_status":"closed","template":"","meta":{"ngg_post_thumbnail":0},"yoast_head":"<!-- This site is optimized with the Yoast SEO plugin v16.4 - https:\/\/yoast.com\/wordpress\/plugins\/seo\/ -->\n<meta name=\"robots\" content=\"index, follow, max-snippet:-1, max-image-preview:large, max-video-preview:-1\" \/>\n<link rel=\"canonical\" href=\"http:\/\/knjiznice.nsk.hr\/erdody\/igraonica\/\" \/>\n<meta property=\"og:locale\" content=\"hr_HR\" \/>\n<meta property=\"og:type\" content=\"article\" \/>\n<meta property=\"og:title\" content=\"Igraonica - Op\u0107inska knji\u017enica Sidonije Rubido Erd\u04e7dy Gornja Rijeka\" \/>\n<meta property=\"og:description\" content=\"Dje\u010dja igraonica djeluje u sklopu Knji\u017enice. Zamjenjuje vrti\u0107, ali samo tri puta tjedno po sat i pol. Ponedjeljkom, srijedom i petkom odr\u017eavaju se dva susreta u dvije skupine djece u kojima su najmla\u0111i dvogodi\u0161njaci, a najstariji \u0161estogodi\u0161njaci. Djeca igrom u igraonici razvijaju mi\u0161ljenje, pam\u0107enje, logi\u010dko zaklju\u010divanje. Usvajaju govor, motori\u010dke i tjelesne sposobnosti, ali ono \u0161to [&hellip;]\" \/>\n<meta property=\"og:url\" content=\"http:\/\/knjiznice.nsk.hr\/erdody\/igraonica\/\" \/>\n<meta property=\"og:site_name\" content=\"Op\u0107inska knji\u017enica Sidonije Rubido Erd\u04e7dy Gornja Rijeka\" \/>\n<meta property=\"article:modified_time\" content=\"2018-11-27T07:47:02+00:00\" \/>\n<meta name=\"twitter:card\" content=\"summary_large_image\" \/>\n<meta name=\"twitter:label1\" content=\"Procijenjeno vrijeme \u010ditanja\" \/>\n\t<meta name=\"twitter:data1\" content=\"1 minuta\" \/>\n<script type=\"application\/ld+json\" class=\"yoast-schema-graph\">{\"@context\":\"https:\/\/schema.org\",\"@graph\":[{\"@type\":\"Organization\",\"@id\":\"http:\/\/knjiznice.nsk.hr\/erdody\/#organization\",\"name\":\"Op\\u0107inska knji\\u017enica S. R. Erdody\",\"url\":\"http:\/\/knjiznice.nsk.hr\/erdody\/\",\"sameAs\":[],\"logo\":{\"@type\":\"ImageObject\",\"@id\":\"http:\/\/knjiznice.nsk.hr\/erdody\/#logo\",\"inLanguage\":\"hr\",\"url\":\"http:\/\/knjiznice.nsk.hr\/erdody\/wp-content\/uploads\/sites\/94\/2018\/11\/logo.png\",\"contentUrl\":\"http:\/\/knjiznice.nsk.hr\/erdody\/wp-content\/uploads\/sites\/94\/2018\/11\/logo.png\",\"width\":70,\"height\":65,\"caption\":\"Op\\u0107inska knji\\u017enica S. R. Erdody\"},\"image\":{\"@id\":\"http:\/\/knjiznice.nsk.hr\/erdody\/#logo\"}},{\"@type\":\"WebSite\",\"@id\":\"http:\/\/knjiznice.nsk.hr\/erdody\/#website\",\"url\":\"http:\/\/knjiznice.nsk.hr\/erdody\/\",\"name\":\"Op\\u0107inska knji\\u017enica Sidonije Rubido Erd\\u04e7dy Gornja Rijeka\",\"description\":\"\",\"publisher\":{\"@id\":\"http:\/\/knjiznice.nsk.hr\/erdody\/#organization\"},\"potentialAction\":[{\"@type\":\"SearchAction\",\"target\":\"http:\/\/knjiznice.nsk.hr\/erdody\/?s={search_term_string}\",\"query-input\":\"required name=search_term_string\"}],\"inLanguage\":\"hr\"},{\"@type\":\"WebPage\",\"@id\":\"http:\/\/knjiznice.nsk.hr\/erdody\/igraonica\/#webpage\",\"url\":\"http:\/\/knjiznice.nsk.hr\/erdody\/igraonica\/\",\"name\":\"Igraonica - Op\\u0107inska knji\\u017enica Sidonije Rubido Erd\\u04e7dy Gornja Rijeka\",\"isPartOf\":{\"@id\":\"http:\/\/knjiznice.nsk.hr\/erdody\/#website\"},\"datePublished\":\"2018-11-27T07:41:11+00:00\",\"dateModified\":\"2018-11-27T07:47:02+00:00\",\"breadcrumb\":{\"@id\":\"http:\/\/knjiznice.nsk.hr\/erdody\/igraonica\/#breadcrumb\"},\"inLanguage\":\"hr\",\"potentialAction\":[{\"@type\":\"ReadAction\",\"target\":[\"http:\/\/knjiznice.nsk.hr\/erdody\/igraonica\/\"]}]},{\"@type\":\"BreadcrumbList\",\"@id\":\"http:\/\/knjiznice.nsk.hr\/erdody\/igraonica\/#breadcrumb\",\"itemListElement\":[{\"@type\":\"ListItem\",\"position\":1,\"item\":{\"@type\":\"WebPage\",\"@id\":\"http:\/\/knjiznice.nsk.hr\/erdody\/\",\"url\":\"http:\/\/knjiznice.nsk.hr\/erdody\/\",\"name\":\"Po\\u010detna stranica\"}},{\"@type\":\"ListItem\",\"position\":2,\"item\":{\"@id\":\"http:\/\/knjiznice.nsk.hr\/erdody\/igraonica\/#webpage\"}}]}]}<\/script>\n<!-- \/ Yoast SEO plugin. -->","_links":{"self":[{"href":"http:\/\/knjiznice.nsk.hr\/erdody\/wp-json\/wp\/v2\/pages\/31"}],"collection":[{"href":"http:\/\/knjiznice.nsk.hr\/erdody\/wp-json\/wp\/v2\/pages"}],"about":[{"href":"http:\/\/knjiznice.nsk.hr\/erdody\/wp-json\/wp\/v2\/types\/page"}],"author":[{"embeddable":true,"href":"http:\/\/knjiznice.nsk.hr\/erdody\/wp-json\/wp\/v2\/users\/174"}],"replies":[{"embeddable":true,"href":"http:\/\/knjiznice.nsk.hr\/erdody\/wp-json\/wp\/v2\/comments?post=31"}],"version-history":[{"count":3,"href":"http:\/\/knjiznice.nsk.hr\/erdody\/wp-json\/wp\/v2\/pages\/31\/revisions"}],"predecessor-version":[{"id":112,"href":"http:\/\/knjiznice.nsk.hr\/erdody\/wp-json\/wp\/v2\/pages\/31\/revisions\/112"}],"wp:attachment":[{"href":"http:\/\/knjiznice.nsk.hr\/erdody\/wp-json\/wp\/v2\/media?parent=31"}],"curies":[{"name":"wp","href":"https:\/\/api.w.org\/{rel}","templated":true}]}}