{"id":27,"date":"2015-04-22T08:24:45","date_gmt":"2015-04-22T08:24:45","guid":{"rendered":"http:\/\/knjiznice.nsk.hr\/durdenovac\/?page_id=27"},"modified":"2015-04-22T08:29:44","modified_gmt":"2015-04-22T08:29:44","slug":"radno-vrijeme-i-kontakt","status":"publish","type":"page","link":"http:\/\/knjiznice.nsk.hr\/durdenovac\/radno-vrijeme-i-kontakt\/","title":{"rendered":"Radno vrijeme i kontakt"},"content":{"rendered":"<p><strong>HRVATSKA KNJI\u017dNICA<br \/>\nI \u010cITAONICA \u0110UR\u0110ENOVAC<\/strong><br \/>\nTrg N.\u0160. Zrinskog 3<br \/>\n31511 \u0110ur\u0111enovac<\/p>\n<p><strong>RADNO VRIJEME<\/strong><br \/>\n( za korisnike)<\/p>\n<p>PONEDJELJAK 8.30 &#8211; 14.30<br \/>\nUTORAK\u00a0\u00a0\u00a0\u00a0\u00a0\u00a0\u00a0\u00a0 13.30 &#8211; 20.00<br \/>\nSRIJEDA \u00a0 \u00a0 \u00a0 \u00a0\u00a0 8.30 &#8211; 14.30<br \/>\n\u010cETVRTAK\u00a0\u00a0\u00a0\u00a0\u00a0\u00a0 8.30 &#8211; 14.30<br \/>\nPETAK\u00a0\u00a0\u00a0\u00a0\u00a0\u00a0\u00a0\u00a0\u00a0\u00a0\u00a0\u00a0 8.30 \u2013 14.30<br \/>\nPRVA SUBOTA U MJESECU 8.30 -11.30<\/p>\n<p><strong>KONTAKT<\/strong><\/p>\n<p>TELEFON : 031\/602-692<br \/>\ne po\u0161ta : knjiznicadj@net.hr<\/p>\n","protected":false},"excerpt":{"rendered":"<p>HRVATSKA KNJI\u017dNICA I \u010cITAONICA \u0110UR\u0110ENOVAC Trg N.\u0160. Zrinskog 3 31511 \u0110ur\u0111enovac RADNO VRIJEME ( za korisnike) PONEDJELJAK 8.30 &#8211; 14.30 UTORAK\u00a0\u00a0\u00a0\u00a0\u00a0\u00a0\u00a0\u00a0 13.30 &#8211; 20.00 SRIJEDA \u00a0 \u00a0 \u00a0 \u00a0\u00a0 8.30 &#8211; 14.30 \u010cETVRTAK\u00a0\u00a0\u00a0\u00a0\u00a0\u00a0 8.30 &#8211; 14.30 PETAK\u00a0\u00a0\u00a0\u00a0\u00a0\u00a0\u00a0\u00a0\u00a0\u00a0\u00a0\u00a0 8.30 \u2013 14.30 PRVA SUBOTA U MJESECU 8.30 -11.30 KONTAKT TELEFON : 031\/602-692 e po\u0161ta : knjiznicadj@net.hr<\/p>\n","protected":false},"author":60,"featured_media":0,"parent":0,"menu_order":0,"comment_status":"closed","ping_status":"closed","template":"","meta":{"ngg_post_thumbnail":0},"yoast_head":"<!-- This site is optimized with the Yoast SEO plugin v16.4 - https:\/\/yoast.com\/wordpress\/plugins\/seo\/ -->\n<meta name=\"robots\" content=\"index, follow, max-snippet:-1, max-image-preview:large, max-video-preview:-1\" \/>\n<link rel=\"canonical\" href=\"http:\/\/knjiznice.nsk.hr\/durdenovac\/radno-vrijeme-i-kontakt\/\" \/>\n<meta property=\"og:locale\" content=\"hr_HR\" \/>\n<meta property=\"og:type\" content=\"article\" \/>\n<meta property=\"og:title\" content=\"Radno vrijeme i kontakt - Hrvatska knji\u017enica i \u010ditaonica \u0110ur\u0111enovac\" \/>\n<meta property=\"og:description\" content=\"HRVATSKA KNJI\u017dNICA I \u010cITAONICA \u0110UR\u0110ENOVAC Trg N.\u0160. Zrinskog 3 31511 \u0110ur\u0111enovac RADNO VRIJEME ( za korisnike) PONEDJELJAK 8.30 &#8211; 14.30 UTORAK\u00a0\u00a0\u00a0\u00a0\u00a0\u00a0\u00a0\u00a0 13.30 &#8211; 20.00 SRIJEDA \u00a0 \u00a0 \u00a0 \u00a0\u00a0 8.30 &#8211; 14.30 \u010cETVRTAK\u00a0\u00a0\u00a0\u00a0\u00a0\u00a0 8.30 &#8211; 14.30 PETAK\u00a0\u00a0\u00a0\u00a0\u00a0\u00a0\u00a0\u00a0\u00a0\u00a0\u00a0\u00a0 8.30 \u2013 14.30 PRVA SUBOTA U MJESECU 8.30 -11.30 KONTAKT TELEFON : 031\/602-692 e po\u0161ta : knjiznicadj@net.hr\" \/>\n<meta property=\"og:url\" content=\"http:\/\/knjiznice.nsk.hr\/durdenovac\/radno-vrijeme-i-kontakt\/\" \/>\n<meta property=\"og:site_name\" content=\"Hrvatska knji\u017enica i \u010ditaonica \u0110ur\u0111enovac\" \/>\n<meta property=\"article:modified_time\" content=\"2015-04-22T08:29:44+00:00\" \/>\n<script type=\"application\/ld+json\" class=\"yoast-schema-graph\">{\"@context\":\"https:\/\/schema.org\",\"@graph\":[{\"@type\":\"WebSite\",\"@id\":\"http:\/\/knjiznice.nsk.hr\/durdenovac\/#website\",\"url\":\"http:\/\/knjiznice.nsk.hr\/durdenovac\/\",\"name\":\"Hrvatska knji\\u017enica i \\u010ditaonica \\u0110ur\\u0111enovac\",\"description\":\"\",\"potentialAction\":[{\"@type\":\"SearchAction\",\"target\":\"http:\/\/knjiznice.nsk.hr\/durdenovac\/?s={search_term_string}\",\"query-input\":\"required name=search_term_string\"}],\"inLanguage\":\"hr\"},{\"@type\":\"WebPage\",\"@id\":\"http:\/\/knjiznice.nsk.hr\/durdenovac\/radno-vrijeme-i-kontakt\/#webpage\",\"url\":\"http:\/\/knjiznice.nsk.hr\/durdenovac\/radno-vrijeme-i-kontakt\/\",\"name\":\"Radno vrijeme i kontakt - Hrvatska knji\\u017enica i \\u010ditaonica \\u0110ur\\u0111enovac\",\"isPartOf\":{\"@id\":\"http:\/\/knjiznice.nsk.hr\/durdenovac\/#website\"},\"datePublished\":\"2015-04-22T08:24:45+00:00\",\"dateModified\":\"2015-04-22T08:29:44+00:00\",\"breadcrumb\":{\"@id\":\"http:\/\/knjiznice.nsk.hr\/durdenovac\/radno-vrijeme-i-kontakt\/#breadcrumb\"},\"inLanguage\":\"hr\",\"potentialAction\":[{\"@type\":\"ReadAction\",\"target\":[\"http:\/\/knjiznice.nsk.hr\/durdenovac\/radno-vrijeme-i-kontakt\/\"]}]},{\"@type\":\"BreadcrumbList\",\"@id\":\"http:\/\/knjiznice.nsk.hr\/durdenovac\/radno-vrijeme-i-kontakt\/#breadcrumb\",\"itemListElement\":[{\"@type\":\"ListItem\",\"position\":1,\"item\":{\"@type\":\"WebPage\",\"@id\":\"http:\/\/knjiznice.nsk.hr\/durdenovac\/\",\"url\":\"http:\/\/knjiznice.nsk.hr\/durdenovac\/\",\"name\":\"Po\\u010detna stranica\"}},{\"@type\":\"ListItem\",\"position\":2,\"item\":{\"@id\":\"http:\/\/knjiznice.nsk.hr\/durdenovac\/radno-vrijeme-i-kontakt\/#webpage\"}}]}]}<\/script>\n<!-- \/ Yoast SEO plugin. -->","_links":{"self":[{"href":"http:\/\/knjiznice.nsk.hr\/durdenovac\/wp-json\/wp\/v2\/pages\/27"}],"collection":[{"href":"http:\/\/knjiznice.nsk.hr\/durdenovac\/wp-json\/wp\/v2\/pages"}],"about":[{"href":"http:\/\/knjiznice.nsk.hr\/durdenovac\/wp-json\/wp\/v2\/types\/page"}],"author":[{"embeddable":true,"href":"http:\/\/knjiznice.nsk.hr\/durdenovac\/wp-json\/wp\/v2\/users\/60"}],"replies":[{"embeddable":true,"href":"http:\/\/knjiznice.nsk.hr\/durdenovac\/wp-json\/wp\/v2\/comments?post=27"}],"version-history":[{"count":7,"href":"http:\/\/knjiznice.nsk.hr\/durdenovac\/wp-json\/wp\/v2\/pages\/27\/revisions"}],"predecessor-version":[{"id":36,"href":"http:\/\/knjiznice.nsk.hr\/durdenovac\/wp-json\/wp\/v2\/pages\/27\/revisions\/36"}],"wp:attachment":[{"href":"http:\/\/knjiznice.nsk.hr\/durdenovac\/wp-json\/wp\/v2\/media?parent=27"}],"curies":[{"name":"wp","href":"https:\/\/api.w.org\/{rel}","templated":true}]}}