{"id":26,"date":"2015-05-27T09:03:26","date_gmt":"2015-05-27T09:03:26","guid":{"rendered":"http:\/\/knjiznice.nsk.hr\/bribir\/?page_id=26"},"modified":"2015-05-28T15:51:36","modified_gmt":"2015-05-28T15:51:36","slug":"naslovnica","status":"publish","type":"page","link":"http:\/\/knjiznice.nsk.hr\/bribir\/naslovnica\/","title":{"rendered":"Po\u010detna"},"content":{"rendered":"<p>Po\u0161tovani korisnici!<\/p>\n<p>Knji\u017enica Bribir napokon dobiva svoju web stranicu.<\/p>\n<p>Stranica je u po\u010detnoj fazi izrade, a postavljanje informacija i slikovnih priloga odvijat \u0107e se postupno. No, ve\u0107 u ovoj fazi na na\u0161oj stranici mo\u017eete na\u0107i poveznicu na <a href=\"http:\/\/bribir.zaki.com.hr\/pages\/search.aspx?&amp;currentPage=1&amp;searchById=-1\">e-katalog<\/a> Knji\u017enice na kojem se zasad mo\u017ee na\u0107i i pregledati gotovo 5000 naslova. E-katalog knji\u017enice tako\u0111er je u izradi tako da \u0107e ukupan broj jedinica po zavr\u0161etku izrade kataloga biti znatno ve\u0107i.<\/p>\n<p>Osim poveznice na stranicu <a href=\"http:\/\/80.241.211.10\/~vinodol\/\">Vinodolske op\u0107ine<\/a>, osniva\u010da Knji\u017enice, tu je i poveznica na na\u0161 <a href=\"https:\/\/www.facebook.com\/knjiznicabribir?ref=hl\">Facebook<\/a> profil koji nas je do sada predstavljao na internetu.<\/p>\n<p>Zahvaljujemo na strpljenju i veselimo se mogu\u0107nosti ogla\u0161avanja putem vlastite web stranice.<\/p>\n","protected":false},"excerpt":{"rendered":"<p>Po\u0161tovani korisnici! Knji\u017enica Bribir napokon dobiva svoju web stranicu. Stranica je u po\u010detnoj fazi izrade, a postavljanje informacija i slikovnih priloga odvijat \u0107e se postupno. No, ve\u0107 u ovoj fazi na na\u0161oj stranici mo\u017eete na\u0107i poveznicu na e-katalog Knji\u017enice na kojem se zasad mo\u017ee na\u0107i i pregledati gotovo 5000 naslova. E-katalog knji\u017enice tako\u0111er je u [&hellip;]<\/p>\n","protected":false},"author":59,"featured_media":0,"parent":0,"menu_order":0,"comment_status":"closed","ping_status":"closed","template":"","meta":{"ngg_post_thumbnail":0},"yoast_head":"<!-- This site is optimized with the Yoast SEO plugin v16.4 - https:\/\/yoast.com\/wordpress\/plugins\/seo\/ -->\n<meta name=\"robots\" content=\"index, follow, max-snippet:-1, max-image-preview:large, max-video-preview:-1\" \/>\n<link rel=\"canonical\" href=\"http:\/\/knjiznice.nsk.hr\/bribir\/naslovnica\/\" \/>\n<meta property=\"og:locale\" content=\"hr_HR\" \/>\n<meta property=\"og:type\" content=\"article\" \/>\n<meta property=\"og:title\" content=\"Po\u010detna - Narodna knji\u017enica i \u010ditaonica Bribir\" \/>\n<meta property=\"og:description\" content=\"Po\u0161tovani korisnici! Knji\u017enica Bribir napokon dobiva svoju web stranicu. Stranica je u po\u010detnoj fazi izrade, a postavljanje informacija i slikovnih priloga odvijat \u0107e se postupno. No, ve\u0107 u ovoj fazi na na\u0161oj stranici mo\u017eete na\u0107i poveznicu na e-katalog Knji\u017enice na kojem se zasad mo\u017ee na\u0107i i pregledati gotovo 5000 naslova. E-katalog knji\u017enice tako\u0111er je u [&hellip;]\" \/>\n<meta property=\"og:url\" content=\"http:\/\/knjiznice.nsk.hr\/bribir\/naslovnica\/\" \/>\n<meta property=\"og:site_name\" content=\"Narodna knji\u017enica i \u010ditaonica Bribir\" \/>\n<meta property=\"article:modified_time\" content=\"2015-05-28T15:51:36+00:00\" \/>\n<meta name=\"twitter:label1\" content=\"Procijenjeno vrijeme \u010ditanja\" \/>\n\t<meta name=\"twitter:data1\" content=\"1 minuta\" \/>\n<script type=\"application\/ld+json\" class=\"yoast-schema-graph\">{\"@context\":\"https:\/\/schema.org\",\"@graph\":[{\"@type\":\"WebSite\",\"@id\":\"http:\/\/knjiznice.nsk.hr\/bribir\/#website\",\"url\":\"http:\/\/knjiznice.nsk.hr\/bribir\/\",\"name\":\"Narodna knji\\u017enica i \\u010ditaonica Bribir\",\"description\":\"\",\"potentialAction\":[{\"@type\":\"SearchAction\",\"target\":\"http:\/\/knjiznice.nsk.hr\/bribir\/?s={search_term_string}\",\"query-input\":\"required name=search_term_string\"}],\"inLanguage\":\"hr\"},{\"@type\":\"WebPage\",\"@id\":\"http:\/\/knjiznice.nsk.hr\/bribir\/naslovnica\/#webpage\",\"url\":\"http:\/\/knjiznice.nsk.hr\/bribir\/naslovnica\/\",\"name\":\"Po\\u010detna - Narodna knji\\u017enica i \\u010ditaonica Bribir\",\"isPartOf\":{\"@id\":\"http:\/\/knjiznice.nsk.hr\/bribir\/#website\"},\"datePublished\":\"2015-05-27T09:03:26+00:00\",\"dateModified\":\"2015-05-28T15:51:36+00:00\",\"breadcrumb\":{\"@id\":\"http:\/\/knjiznice.nsk.hr\/bribir\/naslovnica\/#breadcrumb\"},\"inLanguage\":\"hr\",\"potentialAction\":[{\"@type\":\"ReadAction\",\"target\":[\"http:\/\/knjiznice.nsk.hr\/bribir\/naslovnica\/\"]}]},{\"@type\":\"BreadcrumbList\",\"@id\":\"http:\/\/knjiznice.nsk.hr\/bribir\/naslovnica\/#breadcrumb\",\"itemListElement\":[{\"@type\":\"ListItem\",\"position\":1,\"item\":{\"@type\":\"WebPage\",\"@id\":\"http:\/\/knjiznice.nsk.hr\/bribir\/\",\"url\":\"http:\/\/knjiznice.nsk.hr\/bribir\/\",\"name\":\"Po\\u010detna stranica\"}},{\"@type\":\"ListItem\",\"position\":2,\"item\":{\"@id\":\"http:\/\/knjiznice.nsk.hr\/bribir\/naslovnica\/#webpage\"}}]}]}<\/script>\n<!-- \/ Yoast SEO plugin. -->","_links":{"self":[{"href":"http:\/\/knjiznice.nsk.hr\/bribir\/wp-json\/wp\/v2\/pages\/26"}],"collection":[{"href":"http:\/\/knjiznice.nsk.hr\/bribir\/wp-json\/wp\/v2\/pages"}],"about":[{"href":"http:\/\/knjiznice.nsk.hr\/bribir\/wp-json\/wp\/v2\/types\/page"}],"author":[{"embeddable":true,"href":"http:\/\/knjiznice.nsk.hr\/bribir\/wp-json\/wp\/v2\/users\/59"}],"replies":[{"embeddable":true,"href":"http:\/\/knjiznice.nsk.hr\/bribir\/wp-json\/wp\/v2\/comments?post=26"}],"version-history":[{"count":4,"href":"http:\/\/knjiznice.nsk.hr\/bribir\/wp-json\/wp\/v2\/pages\/26\/revisions"}],"predecessor-version":[{"id":47,"href":"http:\/\/knjiznice.nsk.hr\/bribir\/wp-json\/wp\/v2\/pages\/26\/revisions\/47"}],"wp:attachment":[{"href":"http:\/\/knjiznice.nsk.hr\/bribir\/wp-json\/wp\/v2\/media?parent=26"}],"curies":[{"name":"wp","href":"https:\/\/api.w.org\/{rel}","templated":true}]}}