{"id":194,"date":"2023-10-19T17:28:55","date_gmt":"2023-10-19T15:28:55","guid":{"rendered":"http:\/\/knjiznice.nsk.hr\/bosnjaci\/?page_id=194"},"modified":"2023-10-19T17:28:55","modified_gmt":"2023-10-19T15:28:55","slug":"kreativne-radionice-za-skolarce","status":"publish","type":"page","link":"http:\/\/knjiznice.nsk.hr\/bosnjaci\/kreativne-radionice-za-skolarce\/","title":{"rendered":"Kreativne radionice za \u0161kolarce"},"content":{"rendered":"","protected":false},"excerpt":{"rendered":"","protected":false},"author":196,"featured_media":0,"parent":0,"menu_order":0,"comment_status":"closed","ping_status":"closed","template":"","meta":{"ngg_post_thumbnail":0},"yoast_head":"<!-- This site is optimized with the Yoast SEO plugin v16.4 - https:\/\/yoast.com\/wordpress\/plugins\/seo\/ -->\n<meta name=\"robots\" content=\"index, follow, max-snippet:-1, max-image-preview:large, max-video-preview:-1\" \/>\n<link rel=\"canonical\" href=\"http:\/\/knjiznice.nsk.hr\/bosnjaci\/kreativne-radionice-za-skolarce\/\" \/>\n<meta property=\"og:locale\" content=\"hr_HR\" \/>\n<meta property=\"og:type\" content=\"article\" \/>\n<meta property=\"og:title\" content=\"Kreativne radionice za \u0161kolarce - Narodna knji\u017enica i \u010ditaonica Bo\u0161njaci\" \/>\n<meta property=\"og:url\" content=\"http:\/\/knjiznice.nsk.hr\/bosnjaci\/kreativne-radionice-za-skolarce\/\" \/>\n<meta property=\"og:site_name\" content=\"Narodna knji\u017enica i \u010ditaonica Bo\u0161njaci\" \/>\n<meta name=\"twitter:card\" content=\"summary_large_image\" \/>\n<script type=\"application\/ld+json\" class=\"yoast-schema-graph\">{\"@context\":\"https:\/\/schema.org\",\"@graph\":[{\"@type\":\"WebSite\",\"@id\":\"https:\/\/knjiznice.nsk.hr\/bosnjaci\/#website\",\"url\":\"https:\/\/knjiznice.nsk.hr\/bosnjaci\/\",\"name\":\"Narodna knji\\u017enica i \\u010ditaonica Bo\\u0161njaci\",\"description\":\"Ogranak Gradske knji\\u017enice i \\u010ditaonice Vinkovci\",\"potentialAction\":[{\"@type\":\"SearchAction\",\"target\":\"https:\/\/knjiznice.nsk.hr\/bosnjaci\/?s={search_term_string}\",\"query-input\":\"required name=search_term_string\"}],\"inLanguage\":\"hr\"},{\"@type\":\"WebPage\",\"@id\":\"http:\/\/knjiznice.nsk.hr\/bosnjaci\/kreativne-radionice-za-skolarce\/#webpage\",\"url\":\"http:\/\/knjiznice.nsk.hr\/bosnjaci\/kreativne-radionice-za-skolarce\/\",\"name\":\"Kreativne radionice za \\u0161kolarce - Narodna knji\\u017enica i \\u010ditaonica Bo\\u0161njaci\",\"isPartOf\":{\"@id\":\"https:\/\/knjiznice.nsk.hr\/bosnjaci\/#website\"},\"datePublished\":\"2023-10-19T15:28:55+00:00\",\"dateModified\":\"2023-10-19T15:28:55+00:00\",\"breadcrumb\":{\"@id\":\"http:\/\/knjiznice.nsk.hr\/bosnjaci\/kreativne-radionice-za-skolarce\/#breadcrumb\"},\"inLanguage\":\"hr\",\"potentialAction\":[{\"@type\":\"ReadAction\",\"target\":[\"http:\/\/knjiznice.nsk.hr\/bosnjaci\/kreativne-radionice-za-skolarce\/\"]}]},{\"@type\":\"BreadcrumbList\",\"@id\":\"http:\/\/knjiznice.nsk.hr\/bosnjaci\/kreativne-radionice-za-skolarce\/#breadcrumb\",\"itemListElement\":[{\"@type\":\"ListItem\",\"position\":1,\"item\":{\"@type\":\"WebPage\",\"@id\":\"https:\/\/knjiznice.nsk.hr\/bosnjaci\/\",\"url\":\"https:\/\/knjiznice.nsk.hr\/bosnjaci\/\",\"name\":\"Po\\u010detna stranica\"}},{\"@type\":\"ListItem\",\"position\":2,\"item\":{\"@id\":\"http:\/\/knjiznice.nsk.hr\/bosnjaci\/kreativne-radionice-za-skolarce\/#webpage\"}}]}]}<\/script>\n<!-- \/ Yoast SEO plugin. -->","_links":{"self":[{"href":"http:\/\/knjiznice.nsk.hr\/bosnjaci\/wp-json\/wp\/v2\/pages\/194"}],"collection":[{"href":"http:\/\/knjiznice.nsk.hr\/bosnjaci\/wp-json\/wp\/v2\/pages"}],"about":[{"href":"http:\/\/knjiznice.nsk.hr\/bosnjaci\/wp-json\/wp\/v2\/types\/page"}],"author":[{"embeddable":true,"href":"http:\/\/knjiznice.nsk.hr\/bosnjaci\/wp-json\/wp\/v2\/users\/196"}],"replies":[{"embeddable":true,"href":"http:\/\/knjiznice.nsk.hr\/bosnjaci\/wp-json\/wp\/v2\/comments?post=194"}],"version-history":[{"count":1,"href":"http:\/\/knjiznice.nsk.hr\/bosnjaci\/wp-json\/wp\/v2\/pages\/194\/revisions"}],"predecessor-version":[{"id":195,"href":"http:\/\/knjiznice.nsk.hr\/bosnjaci\/wp-json\/wp\/v2\/pages\/194\/revisions\/195"}],"wp:attachment":[{"href":"http:\/\/knjiznice.nsk.hr\/bosnjaci\/wp-json\/wp\/v2\/media?parent=194"}],"curies":[{"name":"wp","href":"https:\/\/api.w.org\/{rel}","templated":true}]}}