{"id":147,"date":"2023-10-02T12:46:52","date_gmt":"2023-10-02T10:46:52","guid":{"rendered":"http:\/\/knjiznice.nsk.hr\/bosnjaci\/?page_id=147"},"modified":"2023-10-02T13:01:18","modified_gmt":"2023-10-02T11:01:18","slug":"promocija-knjige-preni-se-preni-rode","status":"publish","type":"page","link":"http:\/\/knjiznice.nsk.hr\/bosnjaci\/promocija-knjige-preni-se-preni-rode\/","title":{"rendered":"Promocija knjige \u201ePreni se, preni, rode\u201c"},"content":{"rendered":"<h6>&nbsp;<\/h6>\n<h6>U petak, 23. rujna, odr\u017eana je promocija knjige pjesnika i publicista Vinka Juzba\u0161i\u0107a \u201ePreni se, preni, rode. Antun Pavli\u010di\u0107 (1892. \u2013 1939.)\u201c, \u0161to je prva promocija knjige u obnovljenome prostoru Narodne knji\u017enice i \u010ditaonice Bo\u0161njaci. Uz autora, na promociji je govorio urednik Petar Elez, ravnatelj Dr\u017eavnoga arhiva u Vukovaru u \u010dijoj je nakladi knjiga otisnuta.<\/h6>\n<h6>Knjiga predstavlja \u017eivotopis Antuna Pavli\u010di\u0107a s naglaskom na njegov dru\u0161tveni i politi\u010dki rad. Sadr\u017ei raznovrsne podatke od kojih je autor sastavio mozaik njegova \u017eivota i rada, a koje je na\u0161ao u mnogim objavljenim i neobjavljenim izvorima. \u201eDa je Antun Pavli\u010di\u0107 zavi\u010dajnik Bo\u0161njaka, govori njegovo podrijetlo. Imao je sina koji je bio sve\u0107enik, poznati \u017deljko Rudolf Pavli\u010di\u0107, tako\u0111er publicist i pisac, i brata Matiju Pavli\u010di\u0107a koji je umro na glasu svetosti i u Bo\u0161njacima ga na poseban na\u010din \u0161tujemo\u201c, istaknuo je autor.<\/h6>\n<h6>Antun Pavli\u010di\u0107 je kao govornik nastupio u selu u sklopu proslave koju je bila organizirala upravo Hrvatska \u010ditaonica Bo\u0161njaci, i to za stotu obljetnicu hrvatske himne \u201eLijepa na\u0161a\u201c. Proslava se odr\u017eala 1936. godine, a 13. to\u010dka toga programa sadr\u017ei naziv njegova govora, \u201ePreni se, preni, rode\u201c. Program proslave ostao je sa\u010duvan i danas se nalazi u prostoru knji\u017enice. \u201eBio je jedan od prvaka selja\u010dkoga pokreta u \u0110akov\u0161tini, a nakon toga i prava\u0161koga pokreta u Bo\u0161njacima i u ovome dijelu Srijema\u201c, zaklju\u010dio je.<\/h6>\n<h6>\u201eOvo je jo\u0161 jedan projekt koji pokazuje da na\u0161 arhiv prati i kulturnu scenu u manjim sredinama u \u017eupaniji\u201c, poru\u010dio je urednik.<\/h6>\n","protected":false},"excerpt":{"rendered":"<p>&nbsp; U petak, 23. rujna, odr\u017eana je promocija knjige pjesnika i publicista Vinka Juzba\u0161i\u0107a \u201ePreni se, preni, rode. Antun Pavli\u010di\u0107 (1892. \u2013 1939.)\u201c, \u0161to je prva promocija knjige u obnovljenome [&hellip;]<\/p>\n","protected":false},"author":196,"featured_media":0,"parent":0,"menu_order":0,"comment_status":"closed","ping_status":"closed","template":"","meta":{"ngg_post_thumbnail":0},"yoast_head":"<!-- This site is optimized with the Yoast SEO plugin v16.4 - https:\/\/yoast.com\/wordpress\/plugins\/seo\/ -->\n<meta name=\"robots\" content=\"index, follow, max-snippet:-1, max-image-preview:large, max-video-preview:-1\" \/>\n<link rel=\"canonical\" href=\"https:\/\/knjiznice.nsk.hr\/bosnjaci\/promocija-knjige-preni-se-preni-rode\/\" \/>\n<meta property=\"og:locale\" content=\"hr_HR\" \/>\n<meta property=\"og:type\" content=\"article\" \/>\n<meta property=\"og:title\" content=\"Promocija knjige \u201ePreni se, preni, rode\u201c - Narodna knji\u017enica i \u010ditaonica Bo\u0161njaci\" \/>\n<meta property=\"og:description\" content=\"&nbsp; U petak, 23. rujna, odr\u017eana je promocija knjige pjesnika i publicista Vinka Juzba\u0161i\u0107a \u201ePreni se, preni, rode. Antun Pavli\u010di\u0107 (1892. \u2013 1939.)\u201c, \u0161to je prva promocija knjige u obnovljenome [&hellip;]\" \/>\n<meta property=\"og:url\" content=\"https:\/\/knjiznice.nsk.hr\/bosnjaci\/promocija-knjige-preni-se-preni-rode\/\" \/>\n<meta property=\"og:site_name\" content=\"Narodna knji\u017enica i \u010ditaonica Bo\u0161njaci\" \/>\n<meta property=\"article:modified_time\" content=\"2023-10-02T11:01:18+00:00\" \/>\n<meta name=\"twitter:card\" content=\"summary_large_image\" \/>\n<meta name=\"twitter:label1\" content=\"Procijenjeno vrijeme \u010ditanja\" \/>\n\t<meta name=\"twitter:data1\" content=\"2 minute\" \/>\n<script type=\"application\/ld+json\" class=\"yoast-schema-graph\">{\"@context\":\"https:\/\/schema.org\",\"@graph\":[{\"@type\":\"WebSite\",\"@id\":\"https:\/\/knjiznice.nsk.hr\/bosnjaci\/#website\",\"url\":\"https:\/\/knjiznice.nsk.hr\/bosnjaci\/\",\"name\":\"Narodna knji\\u017enica i \\u010ditaonica Bo\\u0161njaci\",\"description\":\"Ogranak Gradske knji\\u017enice i \\u010ditaonice Vinkovci\",\"potentialAction\":[{\"@type\":\"SearchAction\",\"target\":\"https:\/\/knjiznice.nsk.hr\/bosnjaci\/?s={search_term_string}\",\"query-input\":\"required name=search_term_string\"}],\"inLanguage\":\"hr\"},{\"@type\":\"WebPage\",\"@id\":\"https:\/\/knjiznice.nsk.hr\/bosnjaci\/promocija-knjige-preni-se-preni-rode\/#webpage\",\"url\":\"https:\/\/knjiznice.nsk.hr\/bosnjaci\/promocija-knjige-preni-se-preni-rode\/\",\"name\":\"Promocija knjige \\u201ePreni se, preni, rode\\u201c - Narodna knji\\u017enica i \\u010ditaonica Bo\\u0161njaci\",\"isPartOf\":{\"@id\":\"https:\/\/knjiznice.nsk.hr\/bosnjaci\/#website\"},\"datePublished\":\"2023-10-02T10:46:52+00:00\",\"dateModified\":\"2023-10-02T11:01:18+00:00\",\"breadcrumb\":{\"@id\":\"https:\/\/knjiznice.nsk.hr\/bosnjaci\/promocija-knjige-preni-se-preni-rode\/#breadcrumb\"},\"inLanguage\":\"hr\",\"potentialAction\":[{\"@type\":\"ReadAction\",\"target\":[\"https:\/\/knjiznice.nsk.hr\/bosnjaci\/promocija-knjige-preni-se-preni-rode\/\"]}]},{\"@type\":\"BreadcrumbList\",\"@id\":\"https:\/\/knjiznice.nsk.hr\/bosnjaci\/promocija-knjige-preni-se-preni-rode\/#breadcrumb\",\"itemListElement\":[{\"@type\":\"ListItem\",\"position\":1,\"item\":{\"@type\":\"WebPage\",\"@id\":\"https:\/\/knjiznice.nsk.hr\/bosnjaci\/\",\"url\":\"https:\/\/knjiznice.nsk.hr\/bosnjaci\/\",\"name\":\"Po\\u010detna stranica\"}},{\"@type\":\"ListItem\",\"position\":2,\"item\":{\"@id\":\"https:\/\/knjiznice.nsk.hr\/bosnjaci\/promocija-knjige-preni-se-preni-rode\/#webpage\"}}]}]}<\/script>\n<!-- \/ Yoast SEO plugin. -->","_links":{"self":[{"href":"http:\/\/knjiznice.nsk.hr\/bosnjaci\/wp-json\/wp\/v2\/pages\/147"}],"collection":[{"href":"http:\/\/knjiznice.nsk.hr\/bosnjaci\/wp-json\/wp\/v2\/pages"}],"about":[{"href":"http:\/\/knjiznice.nsk.hr\/bosnjaci\/wp-json\/wp\/v2\/types\/page"}],"author":[{"embeddable":true,"href":"http:\/\/knjiznice.nsk.hr\/bosnjaci\/wp-json\/wp\/v2\/users\/196"}],"replies":[{"embeddable":true,"href":"http:\/\/knjiznice.nsk.hr\/bosnjaci\/wp-json\/wp\/v2\/comments?post=147"}],"version-history":[{"count":4,"href":"http:\/\/knjiznice.nsk.hr\/bosnjaci\/wp-json\/wp\/v2\/pages\/147\/revisions"}],"predecessor-version":[{"id":168,"href":"http:\/\/knjiznice.nsk.hr\/bosnjaci\/wp-json\/wp\/v2\/pages\/147\/revisions\/168"}],"wp:attachment":[{"href":"http:\/\/knjiznice.nsk.hr\/bosnjaci\/wp-json\/wp\/v2\/media?parent=147"}],"curies":[{"name":"wp","href":"https:\/\/api.w.org\/{rel}","templated":true}]}}