{"id":110,"date":"2023-09-29T14:31:26","date_gmt":"2023-09-29T12:31:26","guid":{"rendered":"http:\/\/knjiznice.nsk.hr\/bosnjaci\/?page_id=110"},"modified":"2023-10-02T12:26:48","modified_gmt":"2023-10-02T10:26:48","slug":"iz-rada-knjiznice","status":"publish","type":"page","link":"http:\/\/knjiznice.nsk.hr\/bosnjaci\/iz-rada-knjiznice\/","title":{"rendered":"O radu knji\u017enice"},"content":{"rendered":"<h6>\u010citaonica i knji\u017enica u Bo\u0161njacima osnovane su 1899. godine. Kroz stoljetno djelovanje popratile su mnoga zbivanja koja su se doga\u0111ala u raznim razdobljima. U novije vrijeme odlu\u010deno je da se djelovanje \u010ditaonice i knji\u017enice podigne na jednu vi\u0161u razinu. Kako je do toga do\u0161lo?<\/h6>\n<blockquote>\n<h6>Nakon \u0161to je 2017. godine prostor \u010ditaonice i knji\u017enice zatvoren, uslijedila je obnova. \u010citav knji\u017eni fond bio je premje\u0161ten u tzv. Babogre\u010devu ku\u0107u te nakon obnove vra\u0107en. Moj je zadatak bio \u010ditav fond o\u010distiti, napraviti otpis te poslo\u017eiti knjige na police. Kada je na red do\u0161la dokumentacija, pojavilo se pitanje statusa \u2013 i 11. o\u017eujka 2021. Narodna knji\u017enica i \u010ditaonica Bo\u0161njaci ustrojena je kao ogranak Gradske knji\u017enice i \u010ditaonice Vinkovci.<\/h6>\n<\/blockquote>\n<h6>Kako je tekao proces odabira knjiga za novi knji\u017eni fond te postupak katalogizacije?<\/h6>\n<blockquote>\n<h6>Ve\u0107ina knjiga iz staroga knji\u017enog fonda otpisana je zbog zastarjelosti i prekobrojnosti. Prilikom \u010di\u0161\u0107enja fonda, dio otpisa napravila sam sama i pritom otpisala tek one knjige koje su bile uni\u0161tene. U procesu pripreme knji\u017enice za otvorenje, kolegice iz Gradske knji\u017enice i \u010ditaonice Vinkovci, skupa sa mnom, napravile su jo\u0161 iscrpniji otpis te je fond od \u0161est tisu\u0107a pao na dvije tisu\u0107e knjiga. Naime, bilo je potrebno \u0161to vi\u0161e osloboditi prostor za nove naslove. Novi je fond stoga uklju\u010dio naslove koji su kupljeni od sredstava Ministarstva kulture i medija RH, Op\u0107ine Bo\u0161njaci te \u017eupanije, ali i naslove koje je Ministarstvo kulture i medija RH otkupilo te pojedine naslove koji su darovali mje\u0161tani na\u0161ega sela. \u010citav fond katalogizirao se u Gradskoj knji\u017enici i \u010ditaonici Vinkovci te se bli\u017ei kraju.<\/h6>\n<\/blockquote>\n<h6>Kako sada izgleda prostor na\u0161e knji\u017enice?<\/h6>\n<blockquote>\n<h6>Iako fond trenutno nije potpun, korisnici redovito nalaze ne\u0161to za sebe. Sada je prostor knji\u017enice podijeljen na odjel za odrasle i dje\u010dji odjel, \u0161to zna\u010di da na\u0161i najmla\u0111i imaju svoj kutak. Predvi\u0111en je prostor i za \u010ditanje dnevnoga tiska. Odjel za odrasle sadr\u017ei hrvatsku i stranu knji\u017eevnost te struku. Ujedno je to prostor zami\u0161ljen za sastanke, radionice i grupni rad jer sadr\u017ei dva sklopiva stola za kojima korisnici slobodno mogu raditi. Tijekom ljeta ondje sam odr\u017eala \u010detiri ljetne radionice. Dje\u010dji odjel rado je posje\u0107en te djeca pohitaju sjesti za stol bilo uz knjigu, bilo uz ne\u0161to kreativno \u010dim u\u0111u u knji\u017enicu. Izlo\u017ebeni je prostor redovito popunjen njihovim radovima.<\/h6>\n<\/blockquote>\n<h6>U koje je vrijeme knji\u017enica otvorena te koji je postupak u\u010dlanjenja?<\/h6>\n<blockquote>\n<h6>Knji\u017enica je otvorena od ponedjeljka do petka, i to ponedjeljkom, srijedom i petkom od 8 do 15 sati, a utorkom i \u010detvrkom od 12 do 20 sati. Prilikom u\u010dlanjenja potrebno je ispuniti pristupnicu. Za sve koji se u\u010dlane do 1. sije\u010dnja 2023. \u010dlanarina je prvih godinu dana besplatna.<\/h6>\n<\/blockquote>\n<h6>\u0160to za na\u0161u knji\u017enicu zna\u010di suradnja s Gradskom knji\u017enicom i \u010ditaonicom Vinkovci?<\/h6>\n<blockquote>\n<h6>Biti ogranak Gradske knji\u017enice i \u010ditaonice Vinkovci itekako ima prednosti. Suradnja uvijek zna\u010di ja\u010danje odnosa, kao i uspje\u0161niji rad. U ovome slu\u010daju, katalog GKVK ujedno je katalog preko kojega na\u0161i korisnici pretra\u017euju naslove koje ima na\u0161a knji\u017enica, mogu instalirati GKVK aplikaciju i dobiti uvid u povijest posudbe te samostalno produ\u017eiti posu\u0111ene naslove, kao i instalirati aplikaciju za e-knjige.<\/h6>\n<\/blockquote>\n<h6>Spomenula si da su pojedine naslove darovali mje\u0161tani na\u0161ega sela. Na koji na\u010din to mogu u\u010diniti i ostali koji to \u017eele?<\/h6>\n<blockquote>\n<h6>Zbog ograni\u010denoga prostora na\u0161e knji\u017enice, prioritet mi je obogatiti fond novim naslovima. Ukoliko netko \u017eeli darovati knjige, prvo bih trebala vidjeti koji su naslovi posrijedi te zatim napraviti odabir.<\/h6>\n<\/blockquote>\n<h6>Koje sve sadr\u017eaje mo\u017eemo o\u010dekivati u prostoru knji\u017enice u periodu koji slijedi?<\/h6>\n<blockquote>\n<h6>Od ustaljenih aktivnosti, tu je igraonica za uzrast od tre\u0107e godine do polaska u \u0161kolu koja se odr\u017eava utorkom od 16:30 do 18 sati. Pred nama je Mjesec hrvatske knjige te razli\u010dite aktivnosti koje sam isplanirala u sklopu te manifestacije. Osim o\u010dekivanih promocija knjiga, s aktivnostima koje slijede \u017eelim pokazati \u0161to sve jedna knji\u017enica jest i \u0161to mo\u017ee ponuditi svojim korisnicima \u2013 da je prostor knji\u017enice mjesto za svakoga i da se na razli\u010dite na\u010dine mo\u017ee nau\u010diti ne\u0161to novo.<\/h6>\n<\/blockquote>\n","protected":false},"excerpt":{"rendered":"<p>\u010citaonica i knji\u017enica u Bo\u0161njacima osnovane su 1899. godine. Kroz stoljetno djelovanje popratile su mnoga zbivanja koja su se doga\u0111ala u raznim razdobljima. U novije vrijeme odlu\u010deno je da se [&hellip;]<\/p>\n","protected":false},"author":196,"featured_media":0,"parent":0,"menu_order":0,"comment_status":"closed","ping_status":"closed","template":"","meta":{"ngg_post_thumbnail":0},"yoast_head":"<!-- This site is optimized with the Yoast SEO plugin v16.4 - https:\/\/yoast.com\/wordpress\/plugins\/seo\/ -->\n<meta name=\"robots\" content=\"index, follow, max-snippet:-1, max-image-preview:large, max-video-preview:-1\" \/>\n<link rel=\"canonical\" href=\"http:\/\/knjiznice.nsk.hr\/bosnjaci\/iz-rada-knjiznice\/\" \/>\n<meta property=\"og:locale\" content=\"hr_HR\" \/>\n<meta property=\"og:type\" content=\"article\" \/>\n<meta property=\"og:title\" content=\"O radu knji\u017enice - Narodna knji\u017enica i \u010ditaonica Bo\u0161njaci\" \/>\n<meta property=\"og:description\" content=\"\u010citaonica i knji\u017enica u Bo\u0161njacima osnovane su 1899. godine. Kroz stoljetno djelovanje popratile su mnoga zbivanja koja su se doga\u0111ala u raznim razdobljima. U novije vrijeme odlu\u010deno je da se [&hellip;]\" \/>\n<meta property=\"og:url\" content=\"http:\/\/knjiznice.nsk.hr\/bosnjaci\/iz-rada-knjiznice\/\" \/>\n<meta property=\"og:site_name\" content=\"Narodna knji\u017enica i \u010ditaonica Bo\u0161njaci\" \/>\n<meta property=\"article:modified_time\" content=\"2023-10-02T10:26:48+00:00\" \/>\n<meta name=\"twitter:card\" content=\"summary_large_image\" \/>\n<meta name=\"twitter:label1\" content=\"Procijenjeno vrijeme \u010ditanja\" \/>\n\t<meta name=\"twitter:data1\" content=\"3 minute\" \/>\n<script type=\"application\/ld+json\" class=\"yoast-schema-graph\">{\"@context\":\"https:\/\/schema.org\",\"@graph\":[{\"@type\":\"WebSite\",\"@id\":\"https:\/\/knjiznice.nsk.hr\/bosnjaci\/#website\",\"url\":\"https:\/\/knjiznice.nsk.hr\/bosnjaci\/\",\"name\":\"Narodna knji\\u017enica i \\u010ditaonica Bo\\u0161njaci\",\"description\":\"Ogranak Gradske knji\\u017enice i \\u010ditaonice Vinkovci\",\"potentialAction\":[{\"@type\":\"SearchAction\",\"target\":\"https:\/\/knjiznice.nsk.hr\/bosnjaci\/?s={search_term_string}\",\"query-input\":\"required name=search_term_string\"}],\"inLanguage\":\"hr\"},{\"@type\":\"WebPage\",\"@id\":\"http:\/\/knjiznice.nsk.hr\/bosnjaci\/iz-rada-knjiznice\/#webpage\",\"url\":\"http:\/\/knjiznice.nsk.hr\/bosnjaci\/iz-rada-knjiznice\/\",\"name\":\"O radu knji\\u017enice - Narodna knji\\u017enica i \\u010ditaonica Bo\\u0161njaci\",\"isPartOf\":{\"@id\":\"https:\/\/knjiznice.nsk.hr\/bosnjaci\/#website\"},\"datePublished\":\"2023-09-29T12:31:26+00:00\",\"dateModified\":\"2023-10-02T10:26:48+00:00\",\"breadcrumb\":{\"@id\":\"http:\/\/knjiznice.nsk.hr\/bosnjaci\/iz-rada-knjiznice\/#breadcrumb\"},\"inLanguage\":\"hr\",\"potentialAction\":[{\"@type\":\"ReadAction\",\"target\":[\"http:\/\/knjiznice.nsk.hr\/bosnjaci\/iz-rada-knjiznice\/\"]}]},{\"@type\":\"BreadcrumbList\",\"@id\":\"http:\/\/knjiznice.nsk.hr\/bosnjaci\/iz-rada-knjiznice\/#breadcrumb\",\"itemListElement\":[{\"@type\":\"ListItem\",\"position\":1,\"item\":{\"@type\":\"WebPage\",\"@id\":\"https:\/\/knjiznice.nsk.hr\/bosnjaci\/\",\"url\":\"https:\/\/knjiznice.nsk.hr\/bosnjaci\/\",\"name\":\"Po\\u010detna stranica\"}},{\"@type\":\"ListItem\",\"position\":2,\"item\":{\"@id\":\"http:\/\/knjiznice.nsk.hr\/bosnjaci\/iz-rada-knjiznice\/#webpage\"}}]}]}<\/script>\n<!-- \/ Yoast SEO plugin. -->","_links":{"self":[{"href":"http:\/\/knjiznice.nsk.hr\/bosnjaci\/wp-json\/wp\/v2\/pages\/110"}],"collection":[{"href":"http:\/\/knjiznice.nsk.hr\/bosnjaci\/wp-json\/wp\/v2\/pages"}],"about":[{"href":"http:\/\/knjiznice.nsk.hr\/bosnjaci\/wp-json\/wp\/v2\/types\/page"}],"author":[{"embeddable":true,"href":"http:\/\/knjiznice.nsk.hr\/bosnjaci\/wp-json\/wp\/v2\/users\/196"}],"replies":[{"embeddable":true,"href":"http:\/\/knjiznice.nsk.hr\/bosnjaci\/wp-json\/wp\/v2\/comments?post=110"}],"version-history":[{"count":7,"href":"http:\/\/knjiznice.nsk.hr\/bosnjaci\/wp-json\/wp\/v2\/pages\/110\/revisions"}],"predecessor-version":[{"id":137,"href":"http:\/\/knjiznice.nsk.hr\/bosnjaci\/wp-json\/wp\/v2\/pages\/110\/revisions\/137"}],"wp:attachment":[{"href":"http:\/\/knjiznice.nsk.hr\/bosnjaci\/wp-json\/wp\/v2\/media?parent=110"}],"curies":[{"name":"wp","href":"https:\/\/api.w.org\/{rel}","templated":true}]}}