{"id":102,"date":"2023-09-29T14:18:26","date_gmt":"2023-09-29T12:18:26","guid":{"rendered":"http:\/\/knjiznice.nsk.hr\/bosnjaci\/?page_id=102"},"modified":"2023-11-17T11:24:22","modified_gmt":"2023-11-17T10:24:22","slug":"pravila-i-cjenik","status":"publish","type":"page","link":"http:\/\/knjiznice.nsk.hr\/bosnjaci\/pravila-i-cjenik\/","title":{"rendered":"Pravila i cjenik"},"content":{"rendered":"<h6>\u010clanstvo u Knji\u017enici traje godinu dana od dana upisa. Prilikom upisa potrebno je ispuniti pristupnicu. Prilikom svake posudbe knji\u017eni\u010dne gra\u0111e u Knji\u017enici potrebno je pokazati \u010dlansku iskaznicu. \u010clanska je iskaznica neprenosiva.<\/h6>\n<h6>Mogu\u0107e je posuditi najvi\u0161e \u0161est jedinica knji\u017eni\u010dne gra\u0111e. Knjige i druga knji\u017eni\u010dna gra\u0111a mogu se zadr\u017eati \u010detrnaest dana nakon \u010dega se pla\u0107a zakasnina u vrijednosti od 0,10 \u20ac po jedinici gra\u0111e i po danu. Zadu\u017eenu gra\u0111u mogu\u0107e je produ\u017eiti tri puta. Zadu\u017eenje je mogu\u0107e produ\u017eiti osobnim dolaskom, telefonom ili putem interneta. Obnova zadu\u017eenja nije mogu\u0107a nakon isteka roka za vra\u0107anje ili ako je gra\u0111a rezervirana. Gra\u0111u je mogu\u0107e rezervirati putem interneta, a cijena rezervacije iznosi 0,70 \u20ac. Lektiru i multimedijalnu gra\u0111u nije mogu\u0107e produ\u017eiti. O\u0161te\u0107ena i izgubljena gra\u0111a nadokna\u0111uje se istom ili sli\u010dnom gra\u0111om jednake vrijednosti. Gra\u0111a iz Zavi\u010dajne zbirke i referentne zbirke (enciklopedije, leksikoni i rje\u010dnici) te novine i \u010dasopisi nisu za posudbu.<\/h6>\n<h6>U knji\u017enici sva djeca do 18 godina imaju besplatan upis, a odrasli pla\u0107aju godi\u0161nju \u010dlanarinu u iznosu od 5 \u20ac.<\/h6>\n<h6>Kori\u0161tenje ra\u010dunala besplatno je za \u010dlanove Knji\u017enice. Ra\u010dunalo za rad mogu\u0107e je rezervirati i na dulje vrijeme. Za ne\u010dlanove Knji\u017enice kori\u0161tenje ra\u010dunala za 30 min iznosi 1 \u20ac, a za 60 minuta 2 \u20ac.<\/h6>\n<h6>Tiskanje crno-bijelo stranice A4 iznosi 0,10 \u20ac, a stranice A3 0,20 \u20ac.<\/h6>\n<h6>Tiskanje u boji stranice A4 iznosi 0,70 \u20ac, a stranice A3 1,40 \u20ac.<\/h6>\n<h6>Fotokopiranje crno-bijelo stranice A4 iznosi 0,10 \u20ac, a stranice A3 0,20 \u20ac.<\/h6>\n<h6>Fotokopiranje u boji stranice A4 iznosi 0,70 \u20ac, a stranice A3 1,40 \u20ac.<\/h6>\n<h6>Me\u0111uknji\u017eni\u010dna posudba (po cjeniku Hrvatske po\u0161te) iznosi 3,50 \u20ac.<\/h6>\n","protected":false},"excerpt":{"rendered":"<p>\u010clanstvo u Knji\u017enici traje godinu dana od dana upisa. Prilikom upisa potrebno je ispuniti pristupnicu. Prilikom svake posudbe knji\u017eni\u010dne gra\u0111e u Knji\u017enici potrebno je pokazati \u010dlansku iskaznicu. \u010clanska je iskaznica [&hellip;]<\/p>\n","protected":false},"author":196,"featured_media":0,"parent":0,"menu_order":0,"comment_status":"closed","ping_status":"closed","template":"","meta":{"ngg_post_thumbnail":0},"yoast_head":"<!-- This site is optimized with the Yoast SEO plugin v16.4 - https:\/\/yoast.com\/wordpress\/plugins\/seo\/ -->\n<meta name=\"robots\" content=\"index, follow, max-snippet:-1, max-image-preview:large, max-video-preview:-1\" \/>\n<link rel=\"canonical\" href=\"http:\/\/knjiznice.nsk.hr\/bosnjaci\/pravila-i-cjenik\/\" \/>\n<meta property=\"og:locale\" content=\"hr_HR\" \/>\n<meta property=\"og:type\" content=\"article\" \/>\n<meta property=\"og:title\" content=\"Pravila i cjenik - Narodna knji\u017enica i \u010ditaonica Bo\u0161njaci\" \/>\n<meta property=\"og:description\" content=\"\u010clanstvo u Knji\u017enici traje godinu dana od dana upisa. Prilikom upisa potrebno je ispuniti pristupnicu. Prilikom svake posudbe knji\u017eni\u010dne gra\u0111e u Knji\u017enici potrebno je pokazati \u010dlansku iskaznicu. \u010clanska je iskaznica [&hellip;]\" \/>\n<meta property=\"og:url\" content=\"http:\/\/knjiznice.nsk.hr\/bosnjaci\/pravila-i-cjenik\/\" \/>\n<meta property=\"og:site_name\" content=\"Narodna knji\u017enica i \u010ditaonica Bo\u0161njaci\" \/>\n<meta property=\"article:modified_time\" content=\"2023-11-17T10:24:22+00:00\" \/>\n<meta name=\"twitter:card\" content=\"summary_large_image\" \/>\n<meta name=\"twitter:label1\" content=\"Procijenjeno vrijeme \u010ditanja\" \/>\n\t<meta name=\"twitter:data1\" content=\"2 minute\" \/>\n<script type=\"application\/ld+json\" class=\"yoast-schema-graph\">{\"@context\":\"https:\/\/schema.org\",\"@graph\":[{\"@type\":\"WebSite\",\"@id\":\"https:\/\/knjiznice.nsk.hr\/bosnjaci\/#website\",\"url\":\"https:\/\/knjiznice.nsk.hr\/bosnjaci\/\",\"name\":\"Narodna knji\\u017enica i \\u010ditaonica Bo\\u0161njaci\",\"description\":\"Ogranak Gradske knji\\u017enice i \\u010ditaonice Vinkovci\",\"potentialAction\":[{\"@type\":\"SearchAction\",\"target\":\"https:\/\/knjiznice.nsk.hr\/bosnjaci\/?s={search_term_string}\",\"query-input\":\"required name=search_term_string\"}],\"inLanguage\":\"hr\"},{\"@type\":\"WebPage\",\"@id\":\"http:\/\/knjiznice.nsk.hr\/bosnjaci\/pravila-i-cjenik\/#webpage\",\"url\":\"http:\/\/knjiznice.nsk.hr\/bosnjaci\/pravila-i-cjenik\/\",\"name\":\"Pravila i cjenik - Narodna knji\\u017enica i \\u010ditaonica Bo\\u0161njaci\",\"isPartOf\":{\"@id\":\"https:\/\/knjiznice.nsk.hr\/bosnjaci\/#website\"},\"datePublished\":\"2023-09-29T12:18:26+00:00\",\"dateModified\":\"2023-11-17T10:24:22+00:00\",\"breadcrumb\":{\"@id\":\"http:\/\/knjiznice.nsk.hr\/bosnjaci\/pravila-i-cjenik\/#breadcrumb\"},\"inLanguage\":\"hr\",\"potentialAction\":[{\"@type\":\"ReadAction\",\"target\":[\"http:\/\/knjiznice.nsk.hr\/bosnjaci\/pravila-i-cjenik\/\"]}]},{\"@type\":\"BreadcrumbList\",\"@id\":\"http:\/\/knjiznice.nsk.hr\/bosnjaci\/pravila-i-cjenik\/#breadcrumb\",\"itemListElement\":[{\"@type\":\"ListItem\",\"position\":1,\"item\":{\"@type\":\"WebPage\",\"@id\":\"https:\/\/knjiznice.nsk.hr\/bosnjaci\/\",\"url\":\"https:\/\/knjiznice.nsk.hr\/bosnjaci\/\",\"name\":\"Po\\u010detna stranica\"}},{\"@type\":\"ListItem\",\"position\":2,\"item\":{\"@id\":\"http:\/\/knjiznice.nsk.hr\/bosnjaci\/pravila-i-cjenik\/#webpage\"}}]}]}<\/script>\n<!-- \/ Yoast SEO plugin. -->","_links":{"self":[{"href":"http:\/\/knjiznice.nsk.hr\/bosnjaci\/wp-json\/wp\/v2\/pages\/102"}],"collection":[{"href":"http:\/\/knjiznice.nsk.hr\/bosnjaci\/wp-json\/wp\/v2\/pages"}],"about":[{"href":"http:\/\/knjiznice.nsk.hr\/bosnjaci\/wp-json\/wp\/v2\/types\/page"}],"author":[{"embeddable":true,"href":"http:\/\/knjiznice.nsk.hr\/bosnjaci\/wp-json\/wp\/v2\/users\/196"}],"replies":[{"embeddable":true,"href":"http:\/\/knjiznice.nsk.hr\/bosnjaci\/wp-json\/wp\/v2\/comments?post=102"}],"version-history":[{"count":5,"href":"http:\/\/knjiznice.nsk.hr\/bosnjaci\/wp-json\/wp\/v2\/pages\/102\/revisions"}],"predecessor-version":[{"id":255,"href":"http:\/\/knjiznice.nsk.hr\/bosnjaci\/wp-json\/wp\/v2\/pages\/102\/revisions\/255"}],"wp:attachment":[{"href":"http:\/\/knjiznice.nsk.hr\/bosnjaci\/wp-json\/wp\/v2\/media?parent=102"}],"curies":[{"name":"wp","href":"https:\/\/api.w.org\/{rel}","templated":true}]}}