{"id":14,"date":"2018-11-24T09:53:44","date_gmt":"2018-11-24T08:53:44","guid":{"rendered":"http:\/\/knjiznice.nsk.hr\/bistra\/?page_id=14"},"modified":"2018-12-04T10:00:32","modified_gmt":"2018-12-04T09:00:32","slug":"o-nama","status":"publish","type":"page","link":"http:\/\/knjiznice.nsk.hr\/bistra\/o-nama\/","title":{"rendered":"O nama"},"content":{"rendered":"<p>Op\u0107inska knji\u017enica Bistra djeluje kao samostalna javna ustanova od 1. sije\u010dnja 2008. godine u prostoru Kulturnog centra Bistra. Suvremeno opremljeni prostor obuhva\u0107a povr\u0161inu od 140 m<sup>2<\/sup>. Za potrebe Knji\u017enice tako\u0111er je mogu\u0107e koristiti dvoranu za kulturno-animacijske priredbe. Knji\u017enica broji 610 \u010dlanova, od \u010dega 310 djece do 15 godina. Svojim bogatim fondom knji\u017ene i AV gra\u0111e ispunjava kulturne, informacijske i obrazovne potrebe svojih korisnika.<\/p>\n<p>Ravnateljica Knji\u017enice je Danijela Studak \u010ca\u010di\u0107.<\/p>\n<p><strong>Godi\u0161nja \u010dlanarina iznosi:<\/strong><\/p>\n<ul>\n<li>odrasli \u2013 30 kn<\/li>\n<li>djeca do 14 godina \u2013 20 kn<\/li>\n<li>umirovljenici \u2013 20 kn<\/li>\n<li>besplatni upis za invalide.<\/li>\n<\/ul>\n<p><strong>Godi\u0161nja \u010dlanarina za stanovnike ostalih op\u0107ina i gradova iznosi:<\/strong><\/p>\n<ul>\n<li>odrasli \u2013 50 kn<\/li>\n<li>djeca do 14 godina \u2013 30 kn<\/li>\n<li>umirovljenici \u2013 30 kn<\/li>\n<li>besplatni upis za invalide.<\/li>\n<\/ul>\n<p>&nbsp;<\/p>\n","protected":false},"excerpt":{"rendered":"<p>Op\u0107inska knji\u017enica Bistra djeluje kao samostalna javna ustanova od 1. sije\u010dnja 2008. godine u prostoru Kulturnog centra Bistra. Suvremeno opremljeni prostor obuhva\u0107a povr\u0161inu od 140 m2. Za potrebe Knji\u017enice tako\u0111er je mogu\u0107e koristiti dvoranu za kulturno-animacijske priredbe. Knji\u017enica broji 610 \u010dlanova, od \u010dega 310 djece do 15 godina. Svojim bogatim fondom knji\u017ene i AV gra\u0111e [&hellip;]<\/p>\n","protected":false},"author":173,"featured_media":0,"parent":0,"menu_order":0,"comment_status":"closed","ping_status":"closed","template":"","meta":{"ngg_post_thumbnail":0},"yoast_head":"<!-- This site is optimized with the Yoast SEO plugin v16.4 - https:\/\/yoast.com\/wordpress\/plugins\/seo\/ -->\n<meta name=\"robots\" content=\"index, follow, max-snippet:-1, max-image-preview:large, max-video-preview:-1\" \/>\n<link rel=\"canonical\" href=\"http:\/\/knjiznice.nsk.hr\/bistra\/o-nama\/\" \/>\n<meta property=\"og:locale\" content=\"hr_HR\" \/>\n<meta property=\"og:type\" content=\"article\" \/>\n<meta property=\"og:title\" content=\"O nama - Op\u0107inska knji\u017enica Bistra\" \/>\n<meta property=\"og:description\" content=\"Op\u0107inska knji\u017enica Bistra djeluje kao samostalna javna ustanova od 1. sije\u010dnja 2008. godine u prostoru Kulturnog centra Bistra. Suvremeno opremljeni prostor obuhva\u0107a povr\u0161inu od 140 m2. Za potrebe Knji\u017enice tako\u0111er je mogu\u0107e koristiti dvoranu za kulturno-animacijske priredbe. Knji\u017enica broji 610 \u010dlanova, od \u010dega 310 djece do 15 godina. Svojim bogatim fondom knji\u017ene i AV gra\u0111e [&hellip;]\" \/>\n<meta property=\"og:url\" content=\"http:\/\/knjiznice.nsk.hr\/bistra\/o-nama\/\" \/>\n<meta property=\"og:site_name\" content=\"Op\u0107inska knji\u017enica Bistra\" \/>\n<meta property=\"article:modified_time\" content=\"2018-12-04T09:00:32+00:00\" \/>\n<meta name=\"twitter:card\" content=\"summary_large_image\" \/>\n<meta name=\"twitter:label1\" content=\"Procijenjeno vrijeme \u010ditanja\" \/>\n\t<meta name=\"twitter:data1\" content=\"1 minuta\" \/>\n<script type=\"application\/ld+json\" class=\"yoast-schema-graph\">{\"@context\":\"https:\/\/schema.org\",\"@graph\":[{\"@type\":\"WebSite\",\"@id\":\"http:\/\/knjiznice.nsk.hr\/bistra\/#website\",\"url\":\"http:\/\/knjiznice.nsk.hr\/bistra\/\",\"name\":\"Op\\u0107inska knji\\u017enica Bistra\",\"description\":\"\",\"potentialAction\":[{\"@type\":\"SearchAction\",\"target\":\"http:\/\/knjiznice.nsk.hr\/bistra\/?s={search_term_string}\",\"query-input\":\"required name=search_term_string\"}],\"inLanguage\":\"hr\"},{\"@type\":\"WebPage\",\"@id\":\"http:\/\/knjiznice.nsk.hr\/bistra\/o-nama\/#webpage\",\"url\":\"http:\/\/knjiznice.nsk.hr\/bistra\/o-nama\/\",\"name\":\"O nama - Op\\u0107inska knji\\u017enica Bistra\",\"isPartOf\":{\"@id\":\"http:\/\/knjiznice.nsk.hr\/bistra\/#website\"},\"datePublished\":\"2018-11-24T08:53:44+00:00\",\"dateModified\":\"2018-12-04T09:00:32+00:00\",\"breadcrumb\":{\"@id\":\"http:\/\/knjiznice.nsk.hr\/bistra\/o-nama\/#breadcrumb\"},\"inLanguage\":\"hr\",\"potentialAction\":[{\"@type\":\"ReadAction\",\"target\":[\"http:\/\/knjiznice.nsk.hr\/bistra\/o-nama\/\"]}]},{\"@type\":\"BreadcrumbList\",\"@id\":\"http:\/\/knjiznice.nsk.hr\/bistra\/o-nama\/#breadcrumb\",\"itemListElement\":[{\"@type\":\"ListItem\",\"position\":1,\"item\":{\"@type\":\"WebPage\",\"@id\":\"http:\/\/knjiznice.nsk.hr\/bistra\/\",\"url\":\"http:\/\/knjiznice.nsk.hr\/bistra\/\",\"name\":\"Po\\u010detna stranica\"}},{\"@type\":\"ListItem\",\"position\":2,\"item\":{\"@id\":\"http:\/\/knjiznice.nsk.hr\/bistra\/o-nama\/#webpage\"}}]}]}<\/script>\n<!-- \/ Yoast SEO plugin. -->","_links":{"self":[{"href":"http:\/\/knjiznice.nsk.hr\/bistra\/wp-json\/wp\/v2\/pages\/14"}],"collection":[{"href":"http:\/\/knjiznice.nsk.hr\/bistra\/wp-json\/wp\/v2\/pages"}],"about":[{"href":"http:\/\/knjiznice.nsk.hr\/bistra\/wp-json\/wp\/v2\/types\/page"}],"author":[{"embeddable":true,"href":"http:\/\/knjiznice.nsk.hr\/bistra\/wp-json\/wp\/v2\/users\/173"}],"replies":[{"embeddable":true,"href":"http:\/\/knjiznice.nsk.hr\/bistra\/wp-json\/wp\/v2\/comments?post=14"}],"version-history":[{"count":3,"href":"http:\/\/knjiznice.nsk.hr\/bistra\/wp-json\/wp\/v2\/pages\/14\/revisions"}],"predecessor-version":[{"id":57,"href":"http:\/\/knjiznice.nsk.hr\/bistra\/wp-json\/wp\/v2\/pages\/14\/revisions\/57"}],"wp:attachment":[{"href":"http:\/\/knjiznice.nsk.hr\/bistra\/wp-json\/wp\/v2\/media?parent=14"}],"curies":[{"name":"wp","href":"https:\/\/api.w.org\/{rel}","templated":true}]}}