{"id":966,"date":"2017-06-02T10:05:51","date_gmt":"2017-06-02T10:05:51","guid":{"rendered":"http:\/\/knjiznice.nsk.hr\/babina-greda\/?page_id=966"},"modified":"2017-06-02T10:17:33","modified_gmt":"2017-06-02T10:17:33","slug":"ritic","status":"publish","type":"page","link":"http:\/\/knjiznice.nsk.hr\/babina-greda\/kucice-knjiznice\/ritic\/","title":{"rendered":"Riti\u0107"},"content":{"rendered":"<p>&nbsp;&nbsp;<\/p>\n<p><strong>\u010citaonica \u201eRiti\u0107\u201c <\/strong>je osnovana 1976. godine i u potpunosti je izgra\u0111ena osobnim sredstvima mje\u0161tana i prva je \u010ditaonica koja ima dje\u010dje igrali\u0161te na svom zemlji\u0161tu.&nbsp; \u0160to se ti\u010de aktivnosti same \u010ditaonice, \u010ditaonica poma\u017ee udrugama s kori\u0161tenjem inventara u&nbsp; \u010ditaonici. \u010citaonica ima i dugu tradiciju odr\u017eavanja manifestacije \u201eKonji bijelci\u201c na svom prostoru, u suradnji s Konjogojstvenom udrugom Babina Greda, organizirala je i nekoliko izlo\u017ebi slikarice Ane Veri\u0107. To je prepoznalo i Ministarstvo turizma RH koje je namijenilo&nbsp; ovom prostoru nepovratna sredstva &nbsp;za izradu projektne dokumentacije i kapitalna ulaganja (izgradnju, dogradnju, rekonstrukciju ili adaptaciju i opremanje) centra za posjetitelje. Time je ova \u010ditaonica dobila novu namjenu \u2013 interpretacijski centar \u201eKonji bijelci\u201c koji se otvara ove &nbsp;godine.&nbsp;<\/p>\n<p><!-- index.php -->\n<div\n\tclass=\"ngg-galleryoverview ngg-ajax-pagination-none\"\n\tid=\"ngg-gallery-d9edef802e4fc2ee7301b8c3b7471546-1\">\n\n    \t<div class=\"slideshowlink\">\n        <a href='http:\/\/knjiznice.nsk.hr\/babina-greda\/kucice-knjiznice\/ritic\/nggallery\/slideshow'>&#091;Show slideshow&#093;<\/a>\n\t\t\n\t<\/div>\n\t\t\t<!-- Thumbnails -->\n\t\t\t\t<div id=\"ngg-image-0\" class=\"ngg-gallery-thumbnail-box\" >\n\t\t\t\t        <div class=\"ngg-gallery-thumbnail\">\n            <a href=\"http:\/\/knjiznice.nsk.hr\/babina-greda\/wp-content\/uploads\/sites\/72\/nggallery\/ritic\/DSC_0370.JPG\"\n               title=\"\"\n               data-src=\"http:\/\/knjiznice.nsk.hr\/babina-greda\/wp-content\/uploads\/sites\/72\/nggallery\/ritic\/DSC_0370.JPG\"\n               data-thumbnail=\"http:\/\/knjiznice.nsk.hr\/babina-greda\/wp-content\/uploads\/sites\/72\/nggallery\/ritic\/thumbs\/thumbs_DSC_0370.JPG\"\n               data-image-id=\"207\"\n               data-title=\"DSC_0370\"\n               data-description=\"\"\n               data-image-slug=\"dsc_0370-1\"\n               class=\"ngg-fancybox\" rel=\"d9edef802e4fc2ee7301b8c3b7471546\">\n                <img\n                    title=\"DSC_0370\"\n                    alt=\"DSC_0370\"\n                    src=\"http:\/\/knjiznice.nsk.hr\/babina-greda\/wp-content\/uploads\/sites\/72\/nggallery\/ritic\/thumbs\/thumbs_DSC_0370.JPG\"\n                    width=\"120\"\n                    height=\"90\"\n                    style=\"max-width:100%;\"\n                \/>\n            <\/a>\n        <\/div>\n\t\t\t\t\t\t\t<\/div> \n\t\t\t\n        \n\t\t\t\t<div id=\"ngg-image-1\" class=\"ngg-gallery-thumbnail-box\" >\n\t\t\t\t        <div class=\"ngg-gallery-thumbnail\">\n            <a href=\"http:\/\/knjiznice.nsk.hr\/babina-greda\/wp-content\/uploads\/sites\/72\/nggallery\/ritic\/DSC_0371.JPG\"\n               title=\"\"\n               data-src=\"http:\/\/knjiznice.nsk.hr\/babina-greda\/wp-content\/uploads\/sites\/72\/nggallery\/ritic\/DSC_0371.JPG\"\n               data-thumbnail=\"http:\/\/knjiznice.nsk.hr\/babina-greda\/wp-content\/uploads\/sites\/72\/nggallery\/ritic\/thumbs\/thumbs_DSC_0371.JPG\"\n               data-image-id=\"208\"\n               data-title=\"DSC_0371\"\n               data-description=\"\"\n               data-image-slug=\"dsc_0371-1\"\n               class=\"ngg-fancybox\" rel=\"d9edef802e4fc2ee7301b8c3b7471546\">\n                <img\n                    title=\"DSC_0371\"\n                    alt=\"DSC_0371\"\n                    src=\"http:\/\/knjiznice.nsk.hr\/babina-greda\/wp-content\/uploads\/sites\/72\/nggallery\/ritic\/thumbs\/thumbs_DSC_0371.JPG\"\n                    width=\"120\"\n                    height=\"90\"\n                    style=\"max-width:100%;\"\n                \/>\n            <\/a>\n        <\/div>\n\t\t\t\t\t\t\t<\/div> \n\t\t\t\n        \n\t\t\t\t<div id=\"ngg-image-2\" class=\"ngg-gallery-thumbnail-box\" >\n\t\t\t\t        <div class=\"ngg-gallery-thumbnail\">\n            <a href=\"http:\/\/knjiznice.nsk.hr\/babina-greda\/wp-content\/uploads\/sites\/72\/nggallery\/ritic\/DSC_0372.JPG\"\n               title=\"\"\n               data-src=\"http:\/\/knjiznice.nsk.hr\/babina-greda\/wp-content\/uploads\/sites\/72\/nggallery\/ritic\/DSC_0372.JPG\"\n               data-thumbnail=\"http:\/\/knjiznice.nsk.hr\/babina-greda\/wp-content\/uploads\/sites\/72\/nggallery\/ritic\/thumbs\/thumbs_DSC_0372.JPG\"\n               data-image-id=\"209\"\n               data-title=\"DSC_0372\"\n               data-description=\"\"\n               data-image-slug=\"dsc_0372-1\"\n               class=\"ngg-fancybox\" rel=\"d9edef802e4fc2ee7301b8c3b7471546\">\n                <img\n                    title=\"DSC_0372\"\n                    alt=\"DSC_0372\"\n                    src=\"http:\/\/knjiznice.nsk.hr\/babina-greda\/wp-content\/uploads\/sites\/72\/nggallery\/ritic\/thumbs\/thumbs_DSC_0372.JPG\"\n                    width=\"120\"\n                    height=\"90\"\n                    style=\"max-width:100%;\"\n                \/>\n            <\/a>\n        <\/div>\n\t\t\t\t\t\t\t<\/div> \n\t\t\t\n        \n\t\t\t\t<div id=\"ngg-image-3\" class=\"ngg-gallery-thumbnail-box\" >\n\t\t\t\t        <div class=\"ngg-gallery-thumbnail\">\n            <a href=\"http:\/\/knjiznice.nsk.hr\/babina-greda\/wp-content\/uploads\/sites\/72\/nggallery\/ritic\/DSC_0373.JPG\"\n               title=\"\"\n               data-src=\"http:\/\/knjiznice.nsk.hr\/babina-greda\/wp-content\/uploads\/sites\/72\/nggallery\/ritic\/DSC_0373.JPG\"\n               data-thumbnail=\"http:\/\/knjiznice.nsk.hr\/babina-greda\/wp-content\/uploads\/sites\/72\/nggallery\/ritic\/thumbs\/thumbs_DSC_0373.JPG\"\n               data-image-id=\"210\"\n               data-title=\"DSC_0373\"\n               data-description=\"\"\n               data-image-slug=\"dsc_0373-1\"\n               class=\"ngg-fancybox\" rel=\"d9edef802e4fc2ee7301b8c3b7471546\">\n                <img\n                    title=\"DSC_0373\"\n                    alt=\"DSC_0373\"\n                    src=\"http:\/\/knjiznice.nsk.hr\/babina-greda\/wp-content\/uploads\/sites\/72\/nggallery\/ritic\/thumbs\/thumbs_DSC_0373.JPG\"\n                    width=\"120\"\n                    height=\"90\"\n                    style=\"max-width:100%;\"\n                \/>\n            <\/a>\n        <\/div>\n\t\t\t\t\t\t\t<\/div> \n\t\t\t\n        \n\t\t\t\t<div id=\"ngg-image-4\" class=\"ngg-gallery-thumbnail-box\" >\n\t\t\t\t        <div class=\"ngg-gallery-thumbnail\">\n            <a href=\"http:\/\/knjiznice.nsk.hr\/babina-greda\/wp-content\/uploads\/sites\/72\/nggallery\/ritic\/DSC_0374.JPG\"\n               title=\"\"\n               data-src=\"http:\/\/knjiznice.nsk.hr\/babina-greda\/wp-content\/uploads\/sites\/72\/nggallery\/ritic\/DSC_0374.JPG\"\n               data-thumbnail=\"http:\/\/knjiznice.nsk.hr\/babina-greda\/wp-content\/uploads\/sites\/72\/nggallery\/ritic\/thumbs\/thumbs_DSC_0374.JPG\"\n               data-image-id=\"211\"\n               data-title=\"DSC_0374\"\n               data-description=\"\"\n               data-image-slug=\"dsc_0374-1\"\n               class=\"ngg-fancybox\" rel=\"d9edef802e4fc2ee7301b8c3b7471546\">\n                <img\n                    title=\"DSC_0374\"\n                    alt=\"DSC_0374\"\n                    src=\"http:\/\/knjiznice.nsk.hr\/babina-greda\/wp-content\/uploads\/sites\/72\/nggallery\/ritic\/thumbs\/thumbs_DSC_0374.JPG\"\n                    width=\"120\"\n                    height=\"90\"\n                    style=\"max-width:100%;\"\n                \/>\n            <\/a>\n        <\/div>\n\t\t\t\t\t\t\t<\/div> \n\t\t\t\n        \n\t\t\t\t<div id=\"ngg-image-5\" class=\"ngg-gallery-thumbnail-box\" >\n\t\t\t\t        <div class=\"ngg-gallery-thumbnail\">\n            <a href=\"http:\/\/knjiznice.nsk.hr\/babina-greda\/wp-content\/uploads\/sites\/72\/nggallery\/ritic\/DSC_0375.JPG\"\n               title=\"\"\n               data-src=\"http:\/\/knjiznice.nsk.hr\/babina-greda\/wp-content\/uploads\/sites\/72\/nggallery\/ritic\/DSC_0375.JPG\"\n               data-thumbnail=\"http:\/\/knjiznice.nsk.hr\/babina-greda\/wp-content\/uploads\/sites\/72\/nggallery\/ritic\/thumbs\/thumbs_DSC_0375.JPG\"\n               data-image-id=\"212\"\n               data-title=\"DSC_0375\"\n               data-description=\"\"\n               data-image-slug=\"dsc_0375-1\"\n               class=\"ngg-fancybox\" rel=\"d9edef802e4fc2ee7301b8c3b7471546\">\n                <img\n                    title=\"DSC_0375\"\n                    alt=\"DSC_0375\"\n                    src=\"http:\/\/knjiznice.nsk.hr\/babina-greda\/wp-content\/uploads\/sites\/72\/nggallery\/ritic\/thumbs\/thumbs_DSC_0375.JPG\"\n                    width=\"120\"\n                    height=\"90\"\n                    style=\"max-width:100%;\"\n                \/>\n            <\/a>\n        <\/div>\n\t\t\t\t\t\t\t<\/div> \n\t\t\t\n        \n\t\t\t\t<div id=\"ngg-image-6\" class=\"ngg-gallery-thumbnail-box\" >\n\t\t\t\t        <div class=\"ngg-gallery-thumbnail\">\n            <a href=\"http:\/\/knjiznice.nsk.hr\/babina-greda\/wp-content\/uploads\/sites\/72\/nggallery\/ritic\/DSC_0377-1.JPG\"\n               title=\"\"\n               data-src=\"http:\/\/knjiznice.nsk.hr\/babina-greda\/wp-content\/uploads\/sites\/72\/nggallery\/ritic\/DSC_0377-1.JPG\"\n               data-thumbnail=\"http:\/\/knjiznice.nsk.hr\/babina-greda\/wp-content\/uploads\/sites\/72\/nggallery\/ritic\/thumbs\/thumbs_DSC_0377-1.JPG\"\n               data-image-id=\"214\"\n               data-title=\"DSC_0377\"\n               data-description=\"\"\n               data-image-slug=\"dsc_0377-2\"\n               class=\"ngg-fancybox\" rel=\"d9edef802e4fc2ee7301b8c3b7471546\">\n                <img\n                    title=\"DSC_0377\"\n                    alt=\"DSC_0377\"\n                    src=\"http:\/\/knjiznice.nsk.hr\/babina-greda\/wp-content\/uploads\/sites\/72\/nggallery\/ritic\/thumbs\/thumbs_DSC_0377-1.JPG\"\n                    width=\"120\"\n                    height=\"90\"\n                    style=\"max-width:100%;\"\n                \/>\n            <\/a>\n        <\/div>\n\t\t\t\t\t\t\t<\/div> \n\t\t\t\n        \n\t\t\n\t\t<!-- Pagination -->\n\t<div class='ngg-clear'><\/div>\t<\/div>\n&nbsp; Posjetili smo danas \u010ditaonicu na Riti\u0107u zajedno s predsjednikom Ivanom D\u017eini\u0107em i nekoliko mje\u0161tana. Na\u0161a ku\u0107ica-knji\u017enica \u0107e se savr\u0161eno uklopiti u ovu \u010ditaonicu &#8211; s obzirom da dobiva novu namjenu, ku\u0107ica-knji\u017enica \u0107e slu\u017eiti kao podsjetnik na staru \u010ditaonicu. Sretno s novim, prekrasnim prostorom!<\/p>\n","protected":false},"excerpt":{"rendered":"<p>&nbsp;&nbsp; \u010citaonica \u201eRiti\u0107\u201c je osnovana 1976. godine i u potpunosti je izgra\u0111ena osobnim sredstvima mje\u0161tana i prva je \u010ditaonica koja ima dje\u010dje igrali\u0161te na svom zemlji\u0161tu.&nbsp; \u0160to se ti\u010de aktivnosti same \u010ditaonice, \u010ditaonica poma\u017ee udrugama s kori\u0161tenjem inventara u&nbsp; \u010ditaonici. \u010citaonica ima i dugu tradiciju odr\u017eavanja manifestacije \u201eKonji bijelci\u201c na svom prostoru, u suradnji s [&hellip;]<\/p>\n","protected":false},"author":86,"featured_media":0,"parent":906,"menu_order":0,"comment_status":"closed","ping_status":"closed","template":"","meta":{"ngg_post_thumbnail":0},"yoast_head":"<!-- This site is optimized with the Yoast SEO plugin v16.4 - https:\/\/yoast.com\/wordpress\/plugins\/seo\/ -->\n<title>Riti\u0107 &ndash; Op\u0107inska narodna knji\u017enica Babina Greda<\/title>\n<meta name=\"description\" content=\"Op\u0107inska narodna knji\u017enica Babina Greda Riti\u0107 &ndash;\" \/>\n<meta name=\"robots\" content=\"index, follow, max-snippet:-1, max-image-preview:large, max-video-preview:-1\" \/>\n<link rel=\"canonical\" href=\"http:\/\/knjiznice.nsk.hr\/babina-greda\/kucice-knjiznice\/ritic\/\" \/>\n<meta property=\"og:locale\" content=\"hr_HR\" \/>\n<meta property=\"og:type\" content=\"article\" \/>\n<meta property=\"og:title\" content=\"Riti\u0107 &ndash; Op\u0107inska narodna knji\u017enica Babina Greda\" \/>\n<meta property=\"og:description\" content=\"Op\u0107inska narodna knji\u017enica Babina Greda Riti\u0107 &ndash;\" \/>\n<meta property=\"og:url\" content=\"http:\/\/knjiznice.nsk.hr\/babina-greda\/kucice-knjiznice\/ritic\/\" \/>\n<meta property=\"og:site_name\" content=\"Op\u0107inska narodna knji\u017enica Babina Greda\" \/>\n<meta property=\"article:publisher\" content=\"https:\/\/web.facebook.com\/opcinska.narodna.knjiznica.babina.greda\/?ref=bookmarks\" \/>\n<meta property=\"article:modified_time\" content=\"2017-06-02T10:17:33+00:00\" \/>\n<meta property=\"og:image\" content=\"http:\/\/knjiznice.nsk.hr\/babina-greda\/wp-content\/uploads\/sites\/72\/2016\/01\/IMG_20150904_080152.jpg\" \/>\n\t<meta property=\"og:image:width\" content=\"2982\" \/>\n\t<meta property=\"og:image:height\" content=\"1678\" \/>\n<meta name=\"twitter:label1\" content=\"Procijenjeno vrijeme \u010ditanja\" \/>\n\t<meta name=\"twitter:data1\" content=\"1 minuta\" \/>\n<script type=\"application\/ld+json\" class=\"yoast-schema-graph\">{\"@context\":\"https:\/\/schema.org\",\"@graph\":[{\"@type\":\"Organization\",\"@id\":\"http:\/\/knjiznice.nsk.hr\/babina-greda\/#organization\",\"name\":\"Op\\u0107inska narodna knji\\u017enica Babina Greda\",\"url\":\"http:\/\/knjiznice.nsk.hr\/babina-greda\/\",\"sameAs\":[\"https:\/\/web.facebook.com\/opcinska.narodna.knjiznica.babina.greda\/?ref=bookmarks\",\"https:\/\/www.instagram.com\/narodnaknjiznica_bg\/\",\"https:\/\/www.youtube.com\/channel\/UC4GLISM7P4Kh8XCIuNsLjHA?view_as=subscriber\"],\"logo\":{\"@type\":\"ImageObject\",\"@id\":\"http:\/\/knjiznice.nsk.hr\/babina-greda\/#logo\",\"inLanguage\":\"hr\",\"url\":\"http:\/\/knjiznice.nsk.hr\/babina-greda\/wp-content\/uploads\/sites\/72\/2017\/05\/logo.jpg\",\"contentUrl\":\"http:\/\/knjiznice.nsk.hr\/babina-greda\/wp-content\/uploads\/sites\/72\/2017\/05\/logo.jpg\",\"width\":1056,\"height\":1368,\"caption\":\"Op\\u0107inska narodna knji\\u017enica Babina Greda\"},\"image\":{\"@id\":\"http:\/\/knjiznice.nsk.hr\/babina-greda\/#logo\"}},{\"@type\":\"WebSite\",\"@id\":\"http:\/\/knjiznice.nsk.hr\/babina-greda\/#website\",\"url\":\"http:\/\/knjiznice.nsk.hr\/babina-greda\/\",\"name\":\"Op\\u0107inska narodna knji\\u017enica Babina Greda\",\"description\":\"\",\"publisher\":{\"@id\":\"http:\/\/knjiznice.nsk.hr\/babina-greda\/#organization\"},\"potentialAction\":[{\"@type\":\"SearchAction\",\"target\":\"http:\/\/knjiznice.nsk.hr\/babina-greda\/?s={search_term_string}\",\"query-input\":\"required name=search_term_string\"}],\"inLanguage\":\"hr\"},{\"@type\":\"WebPage\",\"@id\":\"http:\/\/knjiznice.nsk.hr\/babina-greda\/kucice-knjiznice\/ritic\/#webpage\",\"url\":\"http:\/\/knjiznice.nsk.hr\/babina-greda\/kucice-knjiznice\/ritic\/\",\"name\":\"Riti\\u0107 &ndash; Op\\u0107inska narodna knji\\u017enica Babina Greda\",\"isPartOf\":{\"@id\":\"http:\/\/knjiznice.nsk.hr\/babina-greda\/#website\"},\"datePublished\":\"2017-06-02T10:05:51+00:00\",\"dateModified\":\"2017-06-02T10:17:33+00:00\",\"description\":\"Op\\u0107inska narodna knji\\u017enica Babina Greda Riti\\u0107 &ndash;\",\"breadcrumb\":{\"@id\":\"http:\/\/knjiznice.nsk.hr\/babina-greda\/kucice-knjiznice\/ritic\/#breadcrumb\"},\"inLanguage\":\"hr\",\"potentialAction\":[{\"@type\":\"ReadAction\",\"target\":[\"http:\/\/knjiznice.nsk.hr\/babina-greda\/kucice-knjiznice\/ritic\/\"]}]},{\"@type\":\"BreadcrumbList\",\"@id\":\"http:\/\/knjiznice.nsk.hr\/babina-greda\/kucice-knjiznice\/ritic\/#breadcrumb\",\"itemListElement\":[{\"@type\":\"ListItem\",\"position\":1,\"item\":{\"@type\":\"WebPage\",\"@id\":\"http:\/\/knjiznice.nsk.hr\/babina-greda\/\",\"url\":\"http:\/\/knjiznice.nsk.hr\/babina-greda\/\",\"name\":\"Po\\u010detna stranica\"}},{\"@type\":\"ListItem\",\"position\":2,\"item\":{\"@type\":\"WebPage\",\"@id\":\"http:\/\/knjiznice.nsk.hr\/babina-greda\/kucice-knjiznice\/\",\"url\":\"http:\/\/knjiznice.nsk.hr\/babina-greda\/kucice-knjiznice\/\",\"name\":\"Ku\\u0107ice-knji\\u017enice\"}},{\"@type\":\"ListItem\",\"position\":3,\"item\":{\"@id\":\"http:\/\/knjiznice.nsk.hr\/babina-greda\/kucice-knjiznice\/ritic\/#webpage\"}}]}]}<\/script>\n<!-- \/ Yoast SEO plugin. -->","_links":{"self":[{"href":"http:\/\/knjiznice.nsk.hr\/babina-greda\/wp-json\/wp\/v2\/pages\/966"}],"collection":[{"href":"http:\/\/knjiznice.nsk.hr\/babina-greda\/wp-json\/wp\/v2\/pages"}],"about":[{"href":"http:\/\/knjiznice.nsk.hr\/babina-greda\/wp-json\/wp\/v2\/types\/page"}],"author":[{"embeddable":true,"href":"http:\/\/knjiznice.nsk.hr\/babina-greda\/wp-json\/wp\/v2\/users\/86"}],"replies":[{"embeddable":true,"href":"http:\/\/knjiznice.nsk.hr\/babina-greda\/wp-json\/wp\/v2\/comments?post=966"}],"version-history":[{"count":1,"href":"http:\/\/knjiznice.nsk.hr\/babina-greda\/wp-json\/wp\/v2\/pages\/966\/revisions"}],"predecessor-version":[{"id":984,"href":"http:\/\/knjiznice.nsk.hr\/babina-greda\/wp-json\/wp\/v2\/pages\/966\/revisions\/984"}],"up":[{"embeddable":true,"href":"http:\/\/knjiznice.nsk.hr\/babina-greda\/wp-json\/wp\/v2\/pages\/906"}],"wp:attachment":[{"href":"http:\/\/knjiznice.nsk.hr\/babina-greda\/wp-json\/wp\/v2\/media?parent=966"}],"curies":[{"name":"wp","href":"https:\/\/api.w.org\/{rel}","templated":true}]}}