{"id":959,"date":"2017-05-31T13:32:29","date_gmt":"2017-05-31T13:32:29","guid":{"rendered":"http:\/\/knjiznice.nsk.hr\/babina-greda\/?page_id=959"},"modified":"2017-05-31T13:32:29","modified_gmt":"2017-05-31T13:32:29","slug":"berava","status":"publish","type":"page","link":"http:\/\/knjiznice.nsk.hr\/babina-greda\/kucice-knjiznice\/berava\/","title":{"rendered":"Berava"},"content":{"rendered":"<p><strong>\u010c<\/strong>itaoni\u010dko dru\u0161tvo \u201eSelja\u010dka sloga\u201c (Berava) se osniva 1935. godine. U svojim pro\u0161lim aktivnostima imali su \u0161ahovsku, pjeva\u010dku i tambura\u0161ku sekciju s vlastitom opremom, a i stotinjak knji\u017eevnih naslova. Ovo dru\u0161tvo je iznimno aktivno i danas. Organiziraju izlo\u017ebe,<\/p>\n<p>promocije<a href=\"http:\/\/knjiznice.nsk.hr\/babina-greda\/wp-content\/uploads\/sites\/72\/2017\/05\/DSC_0367-kopija.jpg\"><img loading=\"lazy\" class=\"size-medium wp-image-960 alignleft\" src=\"http:\/\/knjiznice.nsk.hr\/babina-greda\/wp-content\/uploads\/sites\/72\/2017\/05\/DSC_0367-kopija-300x169.jpg\" alt=\"\" width=\"300\" height=\"169\" srcset=\"http:\/\/knjiznice.nsk.hr\/babina-greda\/wp-content\/uploads\/sites\/72\/2017\/05\/DSC_0367-kopija-300x169.jpg 300w, http:\/\/knjiznice.nsk.hr\/babina-greda\/wp-content\/uploads\/sites\/72\/2017\/05\/DSC_0367-kopija.jpg 560w\" sizes=\"(max-width: 300px) 100vw, 300px\" \/><\/a> knji\u017eevnih djela o lokalnoj povijesti i obi\u010dajima, riblje i pokladne ve\u010dere. Sama zgrada je obnovljena 2009. godine, o tro\u0161ku Op\u0107ine i samih mje\u0161tana.<\/p>\n<p>&nbsp;<\/p>\n<p>Danas su ravnateljica Ivana Juri\u0107 i zamjenik na\u010delnika Tomo \u0110akovi\u0107 postavili drugu ku\u0107icu &#8211; knji\u017enicu na Beravi. Svi su mje\u0161tani Babine Grede dobro do\u0161li zaviriti u ovu ku\u0107icu -knji\u017enicu. Dragim \u017eenama i predsjedniku dru\u0161tva Josipu Kne\u017eevi\u0107u zahvaljujemo na gostoprimstvu. Uzmite i \u010ditajte knjige iz na\u0161e ku\u0107ice!&nbsp;<\/p>\n<p>&nbsp;<\/p>\n<p>&nbsp;<\/p>\n<p>&nbsp;<\/p>\n<p>&nbsp;<\/p>\n<p>&nbsp;<\/p>\n<p>&nbsp;<\/p>\n<p>&nbsp;<\/p>\n<p>&nbsp;<\/p>\n<p>&nbsp;<\/p>\n","protected":false},"excerpt":{"rendered":"<p>\u010citaoni\u010dko dru\u0161tvo \u201eSelja\u010dka sloga\u201c (Berava) se osniva 1935. godine. U svojim pro\u0161lim aktivnostima imali su \u0161ahovsku, pjeva\u010dku i tambura\u0161ku sekciju s vlastitom opremom, a i stotinjak knji\u017eevnih naslova. Ovo dru\u0161tvo je iznimno aktivno i danas. Organiziraju izlo\u017ebe, promocije knji\u017eevnih djela o lokalnoj povijesti i obi\u010dajima, riblje i pokladne ve\u010dere. Sama zgrada je obnovljena 2009. godine, [&hellip;]<\/p>\n","protected":false},"author":86,"featured_media":0,"parent":906,"menu_order":0,"comment_status":"closed","ping_status":"closed","template":"","meta":{"ngg_post_thumbnail":0},"yoast_head":"<!-- This site is optimized with the Yoast SEO plugin v16.4 - https:\/\/yoast.com\/wordpress\/plugins\/seo\/ -->\n<title>Berava &ndash; Op\u0107inska narodna knji\u017enica Babina Greda<\/title>\n<meta name=\"description\" content=\"Op\u0107inska narodna knji\u017enica Babina Greda Berava &ndash;\" \/>\n<meta name=\"robots\" content=\"index, follow, max-snippet:-1, max-image-preview:large, max-video-preview:-1\" \/>\n<link rel=\"canonical\" href=\"http:\/\/knjiznice.nsk.hr\/babina-greda\/kucice-knjiznice\/berava\/\" \/>\n<meta property=\"og:locale\" content=\"hr_HR\" \/>\n<meta property=\"og:type\" content=\"article\" \/>\n<meta property=\"og:title\" content=\"Berava &ndash; Op\u0107inska narodna knji\u017enica Babina Greda\" \/>\n<meta property=\"og:description\" content=\"Op\u0107inska narodna knji\u017enica Babina Greda Berava &ndash;\" \/>\n<meta property=\"og:url\" content=\"http:\/\/knjiznice.nsk.hr\/babina-greda\/kucice-knjiznice\/berava\/\" \/>\n<meta property=\"og:site_name\" content=\"Op\u0107inska narodna knji\u017enica Babina Greda\" \/>\n<meta property=\"article:publisher\" content=\"https:\/\/web.facebook.com\/opcinska.narodna.knjiznica.babina.greda\/?ref=bookmarks\" \/>\n<meta property=\"og:image\" content=\"http:\/\/knjiznice.nsk.hr\/babina-greda\/wp-content\/uploads\/sites\/72\/2017\/05\/DSC_0367-kopija-300x169.jpg\" \/>\n<meta name=\"twitter:label1\" content=\"Procijenjeno vrijeme \u010ditanja\" \/>\n\t<meta name=\"twitter:data1\" content=\"1 minuta\" \/>\n<script type=\"application\/ld+json\" class=\"yoast-schema-graph\">{\"@context\":\"https:\/\/schema.org\",\"@graph\":[{\"@type\":\"Organization\",\"@id\":\"http:\/\/knjiznice.nsk.hr\/babina-greda\/#organization\",\"name\":\"Op\\u0107inska narodna knji\\u017enica Babina Greda\",\"url\":\"http:\/\/knjiznice.nsk.hr\/babina-greda\/\",\"sameAs\":[\"https:\/\/web.facebook.com\/opcinska.narodna.knjiznica.babina.greda\/?ref=bookmarks\",\"https:\/\/www.instagram.com\/narodnaknjiznica_bg\/\",\"https:\/\/www.youtube.com\/channel\/UC4GLISM7P4Kh8XCIuNsLjHA?view_as=subscriber\"],\"logo\":{\"@type\":\"ImageObject\",\"@id\":\"http:\/\/knjiznice.nsk.hr\/babina-greda\/#logo\",\"inLanguage\":\"hr\",\"url\":\"http:\/\/knjiznice.nsk.hr\/babina-greda\/wp-content\/uploads\/sites\/72\/2017\/05\/logo.jpg\",\"contentUrl\":\"http:\/\/knjiznice.nsk.hr\/babina-greda\/wp-content\/uploads\/sites\/72\/2017\/05\/logo.jpg\",\"width\":1056,\"height\":1368,\"caption\":\"Op\\u0107inska narodna knji\\u017enica Babina Greda\"},\"image\":{\"@id\":\"http:\/\/knjiznice.nsk.hr\/babina-greda\/#logo\"}},{\"@type\":\"WebSite\",\"@id\":\"http:\/\/knjiznice.nsk.hr\/babina-greda\/#website\",\"url\":\"http:\/\/knjiznice.nsk.hr\/babina-greda\/\",\"name\":\"Op\\u0107inska narodna knji\\u017enica Babina Greda\",\"description\":\"\",\"publisher\":{\"@id\":\"http:\/\/knjiznice.nsk.hr\/babina-greda\/#organization\"},\"potentialAction\":[{\"@type\":\"SearchAction\",\"target\":\"http:\/\/knjiznice.nsk.hr\/babina-greda\/?s={search_term_string}\",\"query-input\":\"required name=search_term_string\"}],\"inLanguage\":\"hr\"},{\"@type\":\"ImageObject\",\"@id\":\"http:\/\/knjiznice.nsk.hr\/babina-greda\/kucice-knjiznice\/berava\/#primaryimage\",\"inLanguage\":\"hr\",\"url\":\"http:\/\/knjiznice.nsk.hr\/babina-greda\/wp-content\/uploads\/sites\/72\/2017\/05\/DSC_0367-kopija.jpg\",\"contentUrl\":\"http:\/\/knjiznice.nsk.hr\/babina-greda\/wp-content\/uploads\/sites\/72\/2017\/05\/DSC_0367-kopija.jpg\",\"width\":560,\"height\":315},{\"@type\":\"WebPage\",\"@id\":\"http:\/\/knjiznice.nsk.hr\/babina-greda\/kucice-knjiznice\/berava\/#webpage\",\"url\":\"http:\/\/knjiznice.nsk.hr\/babina-greda\/kucice-knjiznice\/berava\/\",\"name\":\"Berava &ndash; Op\\u0107inska narodna knji\\u017enica Babina Greda\",\"isPartOf\":{\"@id\":\"http:\/\/knjiznice.nsk.hr\/babina-greda\/#website\"},\"primaryImageOfPage\":{\"@id\":\"http:\/\/knjiznice.nsk.hr\/babina-greda\/kucice-knjiznice\/berava\/#primaryimage\"},\"datePublished\":\"2017-05-31T13:32:29+00:00\",\"dateModified\":\"2017-05-31T13:32:29+00:00\",\"description\":\"Op\\u0107inska narodna knji\\u017enica Babina Greda Berava &ndash;\",\"breadcrumb\":{\"@id\":\"http:\/\/knjiznice.nsk.hr\/babina-greda\/kucice-knjiznice\/berava\/#breadcrumb\"},\"inLanguage\":\"hr\",\"potentialAction\":[{\"@type\":\"ReadAction\",\"target\":[\"http:\/\/knjiznice.nsk.hr\/babina-greda\/kucice-knjiznice\/berava\/\"]}]},{\"@type\":\"BreadcrumbList\",\"@id\":\"http:\/\/knjiznice.nsk.hr\/babina-greda\/kucice-knjiznice\/berava\/#breadcrumb\",\"itemListElement\":[{\"@type\":\"ListItem\",\"position\":1,\"item\":{\"@type\":\"WebPage\",\"@id\":\"http:\/\/knjiznice.nsk.hr\/babina-greda\/\",\"url\":\"http:\/\/knjiznice.nsk.hr\/babina-greda\/\",\"name\":\"Po\\u010detna stranica\"}},{\"@type\":\"ListItem\",\"position\":2,\"item\":{\"@type\":\"WebPage\",\"@id\":\"http:\/\/knjiznice.nsk.hr\/babina-greda\/kucice-knjiznice\/\",\"url\":\"http:\/\/knjiznice.nsk.hr\/babina-greda\/kucice-knjiznice\/\",\"name\":\"Ku\\u0107ice-knji\\u017enice\"}},{\"@type\":\"ListItem\",\"position\":3,\"item\":{\"@id\":\"http:\/\/knjiznice.nsk.hr\/babina-greda\/kucice-knjiznice\/berava\/#webpage\"}}]}]}<\/script>\n<!-- \/ Yoast SEO plugin. -->","_links":{"self":[{"href":"http:\/\/knjiznice.nsk.hr\/babina-greda\/wp-json\/wp\/v2\/pages\/959"}],"collection":[{"href":"http:\/\/knjiznice.nsk.hr\/babina-greda\/wp-json\/wp\/v2\/pages"}],"about":[{"href":"http:\/\/knjiznice.nsk.hr\/babina-greda\/wp-json\/wp\/v2\/types\/page"}],"author":[{"embeddable":true,"href":"http:\/\/knjiznice.nsk.hr\/babina-greda\/wp-json\/wp\/v2\/users\/86"}],"replies":[{"embeddable":true,"href":"http:\/\/knjiznice.nsk.hr\/babina-greda\/wp-json\/wp\/v2\/comments?post=959"}],"version-history":[{"count":1,"href":"http:\/\/knjiznice.nsk.hr\/babina-greda\/wp-json\/wp\/v2\/pages\/959\/revisions"}],"predecessor-version":[{"id":961,"href":"http:\/\/knjiznice.nsk.hr\/babina-greda\/wp-json\/wp\/v2\/pages\/959\/revisions\/961"}],"up":[{"embeddable":true,"href":"http:\/\/knjiznice.nsk.hr\/babina-greda\/wp-json\/wp\/v2\/pages\/906"}],"wp:attachment":[{"href":"http:\/\/knjiznice.nsk.hr\/babina-greda\/wp-json\/wp\/v2\/media?parent=959"}],"curies":[{"name":"wp","href":"https:\/\/api.w.org\/{rel}","templated":true}]}}