{"id":221,"date":"2016-01-26T09:05:54","date_gmt":"2016-01-26T09:05:54","guid":{"rendered":"http:\/\/knjiznice.nsk.hr\/babina-greda\/?page_id=221"},"modified":"2026-01-29T13:15:44","modified_gmt":"2026-01-29T13:15:44","slug":"dokumenti","status":"publish","type":"page","link":"http:\/\/knjiznice.nsk.hr\/babina-greda\/dokumenti\/","title":{"rendered":"DOKUMENTI"},"content":{"rendered":"<p><strong>Statut, pravilnici i ostali akti knji\u017enice:&nbsp;<\/strong><\/p>\n<p><a href=\"http:\/\/knjiznice.nsk.hr\/babina-greda\/wp-content\/uploads\/sites\/72\/2026\/01\/STATUT-2025ispravljeni2.docx\">STATUT 2025<\/a><\/p>\n<p><a href=\"http:\/\/knjiznice.nsk.hr\/babina-greda\/wp-content\/uploads\/sites\/72\/2026\/01\/IZMJENE-I-DOPUNE-STATUTA-OPCINSKE-NARODNE-KNJIZNICE.docx\">IZMJENE I DOPUNE STATUTA OP\u0106INSKE NARODNE KNJI\u017dNICE 2025.&nbsp;<\/a><\/p>\n<p><a href=\"http:\/\/knjiznice.nsk.hr\/babina-greda\/wp-content\/uploads\/sites\/72\/2022\/02\/PRAVILNIK-O-RADU-I-RADNIM-ODNOSIMA2021..docx\">PRAVILNIK O RADU I RADNIM ODNOSIMA 2021.<\/a><\/p>\n<p><a href=\"http:\/\/knjiznice.nsk.hr\/babina-greda\/wp-content\/uploads\/sites\/72\/2026\/01\/Smjenice-za-upravljanje-knjiznicnim-fondom-2026.pdf\">Smjenice-za-upravljanje-knjiznicnim-fondom-2026<\/a><\/p>\n<p>&nbsp;<\/p>\n<p><a href=\"http:\/\/knjiznice.nsk.hr\/babina-greda\/wp-content\/uploads\/sites\/72\/2023\/06\/zastita-knjizne-grade-Pravilnik.doc\">Pravilnik o za\u0161titi knji\u017eni\u010dne gra\u0111e 2023. <\/a><\/p>\n<p><a href=\"http:\/\/knjiznice.nsk.hr\/babina-greda\/wp-content\/uploads\/sites\/72\/2023\/06\/Pravilnik-o-Povjerenstvu.pdf\">Pravilnik o Povjerenstvu za reviziju i otpis 2023.<\/a><\/p>\n<p><a href=\"http:\/\/knjiznice.nsk.hr\/babina-greda\/wp-content\/uploads\/sites\/72\/2023\/06\/cjenik-novo.pdf\">cjenik 2023.<\/a><\/p>\n<p><a href=\"http:\/\/knjiznice.nsk.hr\/babina-greda\/wp-content\/uploads\/sites\/72\/2024\/03\/plan-rada.pdf\">plan rada Op\u0107inske narodne knji\u017enice B. Greda 2024<\/a><\/p>\n<p><a href=\"http:\/\/knjiznice.nsk.hr\/babina-greda\/wp-content\/uploads\/sites\/72\/2024\/03\/Pravilnik-o-zastiti-od-pozara.pdf\">Pravilnik o za\u0161titi od po\u017eara<\/a> 2024.<\/p>\n<p>&nbsp;<\/p>\n<p><strong>FINANCIJSKA IZVJE\u0160\u0106A:<\/strong><\/p>\n<p>&nbsp;<\/p>\n<p>2025.<\/p>\n<p><a href=\"http:\/\/knjiznice.nsk.hr\/babina-greda\/wp-content\/uploads\/sites\/72\/2025\/10\/referentna-lista.pdf\">Financijsko izvje\u0161\u0107e &#8211; tromjese\u010dno (listopad)<\/a> <a href=\"http:\/\/knjiznice.nsk.hr\/babina-greda\/wp-content\/uploads\/sites\/72\/2025\/10\/Obrasci_financijskih_izvjestaja_v_8.2.0-3-Copy.pdf\">Obrasci_financijskih_izvjestaja_v_8.2.0 (3) Copy<\/a> <a href=\"http:\/\/knjiznice.nsk.hr\/babina-greda\/wp-content\/uploads\/sites\/72\/2025\/10\/Potvrda-9.pdf\">Potvrda (9)<\/a><\/p>\n<p><a href=\"http:\/\/knjiznice.nsk.hr\/babina-greda\/wp-content\/uploads\/sites\/72\/2025\/08\/Obrasci_financijskih_izvjestaja_v_8.2.0-2-1.pdf\">Obrasci_financijskih_izvjestaja_v_8.2.0 (2) (1)<\/a><a href=\"http:\/\/knjiznice.nsk.hr\/babina-greda\/wp-content\/uploads\/sites\/72\/2025\/08\/Potvrda-7.pdf\">Potvrda (7)<\/a><\/p>\n<p><a href=\"http:\/\/knjiznice.nsk.hr\/babina-greda\/wp-content\/uploads\/sites\/72\/2025\/04\/Obrasci_financijskih_izvjestaja_v_8.2.0-2.pdf\">Obrasci_financijskih_izvjestaja_v_8.2.0 (2)<\/a><a href=\"http:\/\/knjiznice.nsk.hr\/babina-greda\/wp-content\/uploads\/sites\/72\/2025\/04\/referentna-stranica.pdf\">referentna stranica<\/a> <a href=\"http:\/\/knjiznice.nsk.hr\/babina-greda\/wp-content\/uploads\/sites\/72\/2025\/04\/BILJESKE-KNJIZNICA-03.2024..docx\">BILJE\u0160KE KNJI\u017dNICA 03.2024.<\/a><\/p>\n<p>2024.<\/p>\n<p><a href=\"http:\/\/knjiznice.nsk.hr\/babina-greda\/wp-content\/uploads\/sites\/72\/2025\/01\/referentna.pdf\">referentna<\/a><a href=\"http:\/\/knjiznice.nsk.hr\/babina-greda\/wp-content\/uploads\/sites\/72\/2025\/01\/BILJESKE-KNJIZNICA-2024Copy-Copy.docx\">BILJE\u0160KE KNJI\u017dNICA 2024Copy &#8211; Copy<\/a><a href=\"http:\/\/knjiznice.nsk.hr\/babina-greda\/wp-content\/uploads\/sites\/72\/2025\/01\/Obrasci_financijskih_izvjestajak_v_8.1.5-3.pdf\">Obrasci_financijskih_izvjestajak_v_8.1.5 (3)<\/a><\/p>\n<p><a href=\"http:\/\/knjiznice.nsk.hr\/babina-greda\/wp-content\/uploads\/sites\/72\/2024\/10\/scan0113-1.pdf\">Referentna stranica<\/a><a href=\"http:\/\/knjiznice.nsk.hr\/babina-greda\/wp-content\/uploads\/sites\/72\/2025\/01\/Obrasci_financijskih_izvjestaja_v_8.1.4-1rujan.pdf\">Obrasci_financijskih_izvjestaja_v_8.1.4 (1)rujan<\/a><\/p>\n<p><a href=\"http:\/\/knjiznice.nsk.hr\/babina-greda\/wp-content\/uploads\/sites\/72\/2024\/07\/scan0104.pdf\">Referentna stranica<\/a><a href=\"http:\/\/knjiznice.nsk.hr\/babina-greda\/wp-content\/uploads\/sites\/72\/2024\/07\/BILJESKE-KNJIZNICA-06.2024..docx\">BILJE\u0160KE KNJI\u017dNICA 06.2024.<\/a><a href=\"http:\/\/knjiznice.nsk.hr\/babina-greda\/wp-content\/uploads\/sites\/72\/2024\/07\/Obrasci_financijskih_izvjestaja-knjiznica-LIPANJ.zip\">Obrasci_financijskih_izvjestaja knji\u017enica LIPANJ<\/a><\/p>\n<p><a href=\"http:\/\/knjiznice.nsk.hr\/babina-greda\/wp-content\/uploads\/sites\/72\/2024\/04\/scan0088.pdf\">Referentna lista<\/a><a href=\"http:\/\/knjiznice.nsk.hr\/babina-greda\/wp-content\/uploads\/sites\/72\/2024\/04\/Obrasci_financijskih_izvjestaja_v_8.1.3-3.pdf\"> Obrasci_financijskih_izvjestaja_v_8.1.3 (3 ) <\/a><a href=\"http:\/\/knjiznice.nsk.hr\/babina-greda\/wp-content\/uploads\/sites\/72\/2024\/04\/Potvrda-6.pdf\">Potvrda o predaji financijskog izvje\u0161taja\/o\u017eujak 2024<\/a><\/p>\n<p>2023.<\/p>\n<p><a href=\"http:\/\/knjiznice.nsk.hr\/babina-greda\/wp-content\/uploads\/sites\/72\/2024\/01\/BILJESKE-KNJIZNICA-2023Copy-Copy.docx\">BILJE\u0160KE KNJI\u017dNICA 2023Copy &#8211; Copy<\/a> <a href=\"http:\/\/knjiznice.nsk.hr\/babina-greda\/wp-content\/uploads\/sites\/72\/2024\/01\/Obrasci_financijskih_izvjestaja_v_8.1.3-1-3.pdf\">Obrasci_financijskih_izvjestaja_v_8.1.3 (1) (3)<\/a><a href=\"http:\/\/knjiznice.nsk.hr\/babina-greda\/wp-content\/uploads\/sites\/72\/2024\/01\/Obrasci_financijskih_izvjestaja_v_8.1.3-1-1-1.pdf\">&nbsp;(1)<\/a><a href=\"http:\/\/knjiznice.nsk.hr\/babina-greda\/wp-content\/uploads\/sites\/72\/2024\/01\/REFERNTNA-LISTA-12.2023..pdf\">REFERNTNA LISTA 12.2023.<\/a> &#8211; prosinac<\/p>\n<p><a href=\"http:\/\/knjiznice.nsk.hr\/babina-greda\/wp-content\/uploads\/sites\/72\/2023\/10\/Potvrda-4.pdf\">Potvrda o financijskom izvje\u0161taju &#8211; 9 mj<\/a><\/p>\n<p><a href=\"http:\/\/knjiznice.nsk.hr\/babina-greda\/wp-content\/uploads\/sites\/72\/2023\/10\/scan0049.pdf\">Referentna lista<\/a><a href=\"http:\/\/Financijski izvje\u0161taj 2023\">)<\/a><a href=\"http:\/\/knjiznice.nsk.hr\/babina-greda\/wp-content\/uploads\/sites\/72\/2023\/10\/Obrasci_financijskih_izvjestaja_v_8.1.2-1.pdf\">Financijski izvje\u0161taj rujan 2023<\/a><\/p>\n<p><a href=\"http:\/\/knjiznice.nsk.hr\/babina-greda\/wp-content\/uploads\/sites\/72\/2023\/07\/BILJESKE-KNJIZNICA-06.2023..docx\">BILJE\u0160KE KNJI\u017dNICA 06.2023.<\/a> <a href=\"http:\/\/knjiznice.nsk.hr\/babina-greda\/wp-content\/uploads\/sites\/72\/2023\/07\/REFERENTNA-LISTA-KNJIZ.06.2023.pdf\">REFERENTNA LISTA KNJI\u017d.06.2023 <\/a><a href=\"http:\/\/knjiznice.nsk.hr\/babina-greda\/wp-content\/uploads\/sites\/72\/2023\/07\/Obrasci_financijskih_izvjestaja_v_8.1.1-1-4.pdf\">Obrasci_financijskih_izvjestaja_v_8.1.1 (1) (4)<\/a><\/p>\n<p><a href=\"http:\/\/knjiznice.nsk.hr\/babina-greda\/wp-content\/uploads\/sites\/72\/2023\/04\/Referentna-lista-03-2023.pdf\">Referentna lista 03-2023 &nbsp;<\/a><a href=\"http:\/\/knjiznice.nsk.hr\/babina-greda\/wp-content\/uploads\/sites\/72\/2023\/04\/Obrasci_financijskih_izvjestaja_v_8.1.0-1.pdf\">Obrasci_financijskih_izvjestaja_v_8.1.0 (1)<\/a><\/p>\n<p>2022.<\/p>\n<p><a href=\"http:\/\/knjiznice.nsk.hr\/babina-greda\/wp-content\/uploads\/sites\/72\/2023\/01\/REFERENTA-LISTA-2022.pdf\">REFERENTA LISTA 2022<\/a> <a href=\"http:\/\/knjiznice.nsk.hr\/babina-greda\/wp-content\/uploads\/sites\/72\/2023\/01\/BILJESKE-2022.pdf\">BILJE\u0160KE 2022<\/a> <a href=\"http:\/\/knjiznice.nsk.hr\/babina-greda\/wp-content\/uploads\/sites\/72\/2023\/01\/Financijsko-izvjesce-2022..pdf\">Financijsko izvje\u0161\u0107e 2022.<\/a><\/p>\n<p><a href=\"http:\/\/knjiznice.nsk.hr\/babina-greda\/wp-content\/uploads\/sites\/72\/2022\/03\/FInancijsko-izvjesce-2021..pdf\">FInancijsko izvje\u0161\u0107e 2021.<\/a><\/p>\n<p><a href=\"http:\/\/knjiznice.nsk.hr\/babina-greda\/wp-content\/uploads\/sites\/72\/2021\/02\/Prorac-88.pdf\">Financijsko izvje\u0161\u0107e 2020<\/a><\/p>\n<p>&nbsp;<\/p>\n<p><strong>Prora\u010duni i planovi:&nbsp;<\/strong><\/p>\n<p><a href=\"http:\/\/knjiznice.nsk.hr\/babina-greda\/wp-content\/uploads\/sites\/72\/2026\/01\/plan-i-program-rada-2026..pdf\">Plan i program rada 2026.<\/a><\/p>\n<p><a href=\"http:\/\/knjiznice.nsk.hr\/babina-greda\/wp-content\/uploads\/sites\/72\/2026\/01\/LCW147_IspisPlanaProracunaPozicija.docx\">Financijski plan 2026. <\/a><\/p>\n<p><a href=\"http:\/\/knjiznice.nsk.hr\/babina-greda\/wp-content\/uploads\/sites\/72\/2024\/04\/LCW147_PLAN-KNJIZNICA.pdf\">Plan prora\u010duna za 2024.<\/a><\/p>\n<p><a href=\"http:\/\/knjiznice.nsk.hr\/babina-greda\/wp-content\/uploads\/sites\/72\/2024\/02\/LCW147_IspisRealizacijaPozicija.pdf\">Realizacija prora\u010duna 2023.<\/a><\/p>\n<p><a href=\"http:\/\/knjiznice.nsk.hr\/babina-greda\/wp-content\/uploads\/sites\/72\/2023\/02\/PLAN-ZA-2023.pdf\">PLAN ZA 2023<\/a><\/p>\n<p><a href=\"http:\/\/knjiznice.nsk.hr\/babina-greda\/wp-content\/uploads\/sites\/72\/2023\/01\/LCW147_IspisRealizacijaPozicija.docx\">Plan prora\u010duna 2022. <\/a><\/p>\n<p><a href=\"http:\/\/knjiznice.nsk.hr\/babina-greda\/wp-content\/uploads\/sites\/72\/2016\/01\/Plan-prora\u010duna.pdf\">Plan prora\u010duna<\/a><\/p>\n<p><a href=\"http:\/\/knjiznice.nsk.hr\/babina-greda\/wp-content\/uploads\/sites\/72\/2016\/01\/plan-i-realizacija-prora\u010duna.pdf\">plan i realizacija prora\u010duna<\/a>&nbsp;za 2016. godinu<\/p>\n<p><a href=\"http:\/\/knjiznice.nsk.hr\/babina-greda\/wp-content\/uploads\/sites\/72\/2022\/02\/Proracun_i_troskovi2019.pdf\">Proracun_i_troskovi2019<\/a><\/p>\n<p><a href=\"http:\/\/knjiznice.nsk.hr\/babina-greda\/wp-content\/uploads\/sites\/72\/2019\/03\/ACFrOgAmkYFURoa3vfN2aM9E2zfL1qZVi5DyeGdd9pvyaXhpJZ797vOzThpMy1UnbdxvGiuDJNktjFmOMi8ZICIajUKDUqzpb2GxDXPnWNv-2OzBMnDA5zBnJovO5eU.pdf\">Prora\u010dun za 2018. godinu<\/a><\/p>\n<p><a href=\"http:\/\/knjiznice.nsk.hr\/babina-greda\/wp-content\/uploads\/sites\/72\/2022\/02\/Prorac-88.pdf\">Prora\u010dun 2020.<\/a><\/p>\n<p><strong>Pravo na pristup informacijama:<\/strong><\/p>\n<p><a href=\"http:\/\/knjiznice.nsk.hr\/babina-greda\/wp-content\/uploads\/sites\/72\/2016\/01\/Godisnje_izvjesce.pdf\" target=\"_blank\" rel=\"noopener noreferrer\">Godi\u0161nje izvje\u0161\u0107e 2015.<\/a><\/p>\n<p><a href=\"http:\/\/knjiznice.nsk.hr\/babina-greda\/wp-content\/uploads\/sites\/72\/2016\/01\/Godisnje_izvjesce-1.pdf\">Godisnje izvje\u0161\u0107e 2016.<\/a><\/p>\n<p><a href=\"http:\/\/knjiznice.nsk.hr\/babina-greda\/wp-content\/uploads\/sites\/72\/2019\/01\/Godisnje_izvjesce2018.pdf\">Godisnje_izvjesce2018<\/a><\/p>\n<p><a href=\"http:\/\/knjiznice.nsk.hr\/babina-greda\/wp-content\/uploads\/sites\/72\/2020\/03\/Godisnje_izvjesce.pdf\">Godisnje_izvjesce2019<\/a><\/p>\n<p><a href=\"http:\/\/knjiznice.nsk.hr\/babina-greda\/wp-content\/uploads\/sites\/72\/2021\/01\/Godisnje_izvjesce-1.pdf\">Godisnje_izvjesce 2020<\/a><\/p>\n<p><a href=\"http:\/\/knjiznice.nsk.hr\/babina-greda\/wp-content\/uploads\/sites\/72\/2022\/02\/Godisnje_izvjesce-1.pdf\">Godisnje_izvjesce-2021<\/a><\/p>\n<p><a href=\"http:\/\/knjiznice.nsk.hr\/babina-greda\/wp-content\/uploads\/sites\/72\/2023\/01\/Godisnje_izvjesce-2.pdf\">Godisnje_izvjesce 2022.<\/a><\/p>\n<p><a href=\"http:\/\/knjiznice.nsk.hr\/babina-greda\/wp-content\/uploads\/sites\/72\/2024\/01\/Godisnje_izvjesce.pdf\">Godisnje_izvjesce2023<\/a><\/p>\n<p><a href=\"http:\/\/knjiznice.nsk.hr\/babina-greda\/wp-content\/uploads\/sites\/72\/2025\/01\/Godisnje_izvjesce-1.pdf\">Godisnje_izvjesce 2024.<\/a><\/p>\n<p>&nbsp;<a href=\"http:\/\/knjiznice.nsk.hr\/babina-greda\/wp-content\/uploads\/sites\/72\/2026\/01\/Godisnje_izvjesce-2.pdf\">Godi\u0161nje izvje\u0161\u0107e 2025. <\/a><\/p>\n<p><a href=\"http:\/\/knjiznice.nsk.hr\/babina-greda\/wp-content\/uploads\/sites\/72\/2016\/01\/KATALOG-INFORMACIJA-babina-greda.pdf\">KATALOG-INFORMACIJA-babina-greda<\/a><\/p>\n<p><a href=\"http:\/\/knjiznice.nsk.hr\/babina-greda\/wp-content\/uploads\/sites\/72\/2016\/01\/odluka-o-katalogu-informacija.pdf\" target=\"_blank\" rel=\"noopener noreferrer\">Odluka o katalogu informacija<\/a><\/p>\n<p><a href=\"http:\/\/knjiznice.nsk.hr\/babina-greda\/wp-content\/uploads\/sites\/72\/2016\/01\/zahtjev-za-inf..pdf\" target=\"_blank\" rel=\"noopener noreferrer\">Obrazac zahtjeva za pristup informacijama<\/a><\/p>\n<p>Procedure:<\/p>\n<p><a href=\"http:\/\/knjiznice.nsk.hr\/babina-greda\/wp-content\/uploads\/sites\/72\/2023\/02\/procedura-blagshn.pdf\">Procedura blagajni\u010dkog poslovanja<\/a><\/p>\n<p><a href=\"http:\/\/knjiznice.nsk.hr\/babina-greda\/wp-content\/uploads\/sites\/72\/2022\/03\/procedura-stvaranja-ugovornih-obveza.pdf\">Procedura stvaranja ugovornih obveza<\/a><\/p>\n<p><a href=\"http:\/\/knjiznice.nsk.hr\/babina-greda\/wp-content\/uploads\/sites\/72\/2023\/02\/procedura-blagfh.pdf\">Procedura pra\u0107enja i naplate prihoda i primitaka<\/a><\/p>\n<p><a href=\"http:\/\/knjiznice.nsk.hr\/babina-greda\/wp-content\/uploads\/sites\/72\/2023\/02\/postupak-pla.pdf\">Postupak pla\u0107anje ra\u010duna<\/a><\/p>\n<p><a href=\"http:\/\/knjiznice.nsk.hr\/babina-greda\/wp-content\/uploads\/sites\/72\/2023\/02\/scan.pdf\">Postupak obra\u010duna putnih naloga<\/a><\/p>\n<p><strong>Ostali zakonski propisi:<\/strong><\/p>\n<p><a href=\"http:\/\/www.min-kulture.hr\/default.aspx?id=77\" target=\"_blank\" rel=\"noopener noreferrer\">Ministarstvo kulture i medija RH<\/a><\/p>\n<p><strong>Transparentnost:<\/strong><\/p>\n<p>2024.<\/p>\n<p><a href=\"http:\/\/knjiznice.nsk.hr\/babina-greda\/wp-content\/uploads\/sites\/72\/2024\/07\/fiNANCIJSKE-OBVEZE-1-6.pdf\">fiNANCIJSKE OBVEZE 1-6<\/a><\/p>\n<p><a href=\"http:\/\/knjiznice.nsk.hr\/babina-greda\/wp-content\/uploads\/sites\/72\/2024\/09\/fINANCIJSKE-SRPANJ-RUJAN.pdf\">fINANCIJSKE SRPANJ-RUJAn<\/a><\/p>\n<p><a href=\"http:\/\/knjiznice.nsk.hr\/babina-greda\/wp-content\/uploads\/sites\/72\/2025\/02\/fINANCIJSKE-listopad-studeni.pdf\">FInancijske obveze listopad-studeni<\/a><\/p>\n<p><a href=\"http:\/\/knjiznice.nsk.hr\/babina-greda\/wp-content\/uploads\/sites\/72\/2025\/02\/financijske-obveze-prosinac.pdf\">financijske obveze prosinac<\/a><\/p>\n<p>2025.&nbsp;<\/p>\n<p><a href=\"http:\/\/knjiznice.nsk.hr\/babina-greda\/wp-content\/uploads\/sites\/72\/2025\/02\/Financijske-obveze-sijecanj-2025..pdf\">Financijske obveze &#8211; sije\u010danj 2025.<\/a><\/p>\n<p><a href=\"http:\/\/knjiznice.nsk.hr\/babina-greda\/wp-content\/uploads\/sites\/72\/2025\/03\/Financijske-obveze-Veljaca-2025..pdf\">Financijske obveze &#8211; Velja\u010da 2025.<\/a><\/p>\n<p><a href=\"http:\/\/knjiznice.nsk.hr\/babina-greda\/wp-content\/uploads\/sites\/72\/2025\/05\/Financijske-obaveze-ozujak-1.pdf\">Financijske obaveze &#8211; o\u017eujak 2025.<\/a><\/p>\n<p><a href=\"http:\/\/knjiznice.nsk.hr\/babina-greda\/wp-content\/uploads\/sites\/72\/2025\/05\/FInancijske-obaveze-travanj-2025..pdf\">FInancijske obaveze &#8211; travanj 2025.<\/a><\/p>\n<p><a href=\"http:\/\/knjiznice.nsk.hr\/babina-greda\/wp-content\/uploads\/sites\/72\/2025\/07\/financijske-svibanj.pdf\">FInancijske obaveze svibnja 2025<\/a><\/p>\n<p><a href=\"http:\/\/knjiznice.nsk.hr\/babina-greda\/wp-content\/uploads\/sites\/72\/2025\/07\/financijske-lipanj.pdf\">Financijske obaveze lipanj 2025.&nbsp;<\/a><\/p>\n","protected":false},"excerpt":{"rendered":"<p>Statut, pravilnici i ostali akti knji\u017enice:&nbsp; STATUT 2025 IZMJENE I DOPUNE STATUTA OP\u0106INSKE NARODNE KNJI\u017dNICE 2025.&nbsp; PRAVILNIK O RADU I RADNIM ODNOSIMA 2021. Smjenice-za-upravljanje-knjiznicnim-fondom-2026 &nbsp; Pravilnik o za\u0161titi knji\u017eni\u010dne gra\u0111e 2023. Pravilnik o Povjerenstvu za reviziju i otpis 2023. cjenik 2023. plan rada Op\u0107inske narodne knji\u017enice B. Greda 2024 Pravilnik o za\u0161titi od po\u017eara 2024. [&hellip;]<\/p>\n","protected":false},"author":86,"featured_media":0,"parent":0,"menu_order":0,"comment_status":"closed","ping_status":"closed","template":"","meta":{"ngg_post_thumbnail":0},"yoast_head":"<!-- This site is optimized with the Yoast SEO plugin v16.4 - https:\/\/yoast.com\/wordpress\/plugins\/seo\/ -->\n<title>DOKUMENTI &ndash; Op\u0107inska narodna knji\u017enica Babina Greda<\/title>\n<meta name=\"description\" content=\"Op\u0107inska narodna knji\u017enica Babina Greda DOKUMENTI &ndash;\" \/>\n<meta name=\"robots\" content=\"index, follow, max-snippet:-1, max-image-preview:large, max-video-preview:-1\" \/>\n<link rel=\"canonical\" href=\"http:\/\/knjiznice.nsk.hr\/babina-greda\/dokumenti\/\" \/>\n<meta property=\"og:locale\" content=\"hr_HR\" \/>\n<meta property=\"og:type\" content=\"article\" \/>\n<meta property=\"og:title\" content=\"DOKUMENTI &ndash; Op\u0107inska narodna knji\u017enica Babina Greda\" \/>\n<meta property=\"og:description\" content=\"Op\u0107inska narodna knji\u017enica Babina Greda DOKUMENTI &ndash;\" \/>\n<meta property=\"og:url\" content=\"http:\/\/knjiznice.nsk.hr\/babina-greda\/dokumenti\/\" \/>\n<meta property=\"og:site_name\" content=\"Op\u0107inska narodna knji\u017enica Babina Greda\" \/>\n<meta property=\"article:publisher\" content=\"https:\/\/web.facebook.com\/opcinska.narodna.knjiznica.babina.greda\/?ref=bookmarks\" \/>\n<meta property=\"article:modified_time\" content=\"2026-01-29T13:15:44+00:00\" \/>\n<meta property=\"og:image\" content=\"http:\/\/knjiznice.nsk.hr\/babina-greda\/wp-content\/uploads\/sites\/72\/2016\/01\/IMG_20150904_080152.jpg\" \/>\n\t<meta property=\"og:image:width\" content=\"2982\" \/>\n\t<meta property=\"og:image:height\" content=\"1678\" \/>\n<meta name=\"twitter:label1\" content=\"Procijenjeno vrijeme \u010ditanja\" \/>\n\t<meta name=\"twitter:data1\" content=\"2 minute\" \/>\n<script type=\"application\/ld+json\" class=\"yoast-schema-graph\">{\"@context\":\"https:\/\/schema.org\",\"@graph\":[{\"@type\":\"Organization\",\"@id\":\"http:\/\/knjiznice.nsk.hr\/babina-greda\/#organization\",\"name\":\"Op\\u0107inska narodna knji\\u017enica Babina Greda\",\"url\":\"http:\/\/knjiznice.nsk.hr\/babina-greda\/\",\"sameAs\":[\"https:\/\/web.facebook.com\/opcinska.narodna.knjiznica.babina.greda\/?ref=bookmarks\",\"https:\/\/www.instagram.com\/narodnaknjiznica_bg\/\",\"https:\/\/www.youtube.com\/channel\/UC4GLISM7P4Kh8XCIuNsLjHA?view_as=subscriber\"],\"logo\":{\"@type\":\"ImageObject\",\"@id\":\"http:\/\/knjiznice.nsk.hr\/babina-greda\/#logo\",\"inLanguage\":\"hr\",\"url\":\"http:\/\/knjiznice.nsk.hr\/babina-greda\/wp-content\/uploads\/sites\/72\/2017\/05\/logo.jpg\",\"contentUrl\":\"http:\/\/knjiznice.nsk.hr\/babina-greda\/wp-content\/uploads\/sites\/72\/2017\/05\/logo.jpg\",\"width\":1056,\"height\":1368,\"caption\":\"Op\\u0107inska narodna knji\\u017enica Babina Greda\"},\"image\":{\"@id\":\"http:\/\/knjiznice.nsk.hr\/babina-greda\/#logo\"}},{\"@type\":\"WebSite\",\"@id\":\"http:\/\/knjiznice.nsk.hr\/babina-greda\/#website\",\"url\":\"http:\/\/knjiznice.nsk.hr\/babina-greda\/\",\"name\":\"Op\\u0107inska narodna knji\\u017enica Babina Greda\",\"description\":\"\",\"publisher\":{\"@id\":\"http:\/\/knjiznice.nsk.hr\/babina-greda\/#organization\"},\"potentialAction\":[{\"@type\":\"SearchAction\",\"target\":\"http:\/\/knjiznice.nsk.hr\/babina-greda\/?s={search_term_string}\",\"query-input\":\"required name=search_term_string\"}],\"inLanguage\":\"hr\"},{\"@type\":\"WebPage\",\"@id\":\"http:\/\/knjiznice.nsk.hr\/babina-greda\/dokumenti\/#webpage\",\"url\":\"http:\/\/knjiznice.nsk.hr\/babina-greda\/dokumenti\/\",\"name\":\"DOKUMENTI &ndash; Op\\u0107inska narodna knji\\u017enica Babina Greda\",\"isPartOf\":{\"@id\":\"http:\/\/knjiznice.nsk.hr\/babina-greda\/#website\"},\"datePublished\":\"2016-01-26T09:05:54+00:00\",\"dateModified\":\"2026-01-29T13:15:44+00:00\",\"description\":\"Op\\u0107inska narodna knji\\u017enica Babina Greda DOKUMENTI &ndash;\",\"breadcrumb\":{\"@id\":\"http:\/\/knjiznice.nsk.hr\/babina-greda\/dokumenti\/#breadcrumb\"},\"inLanguage\":\"hr\",\"potentialAction\":[{\"@type\":\"ReadAction\",\"target\":[\"http:\/\/knjiznice.nsk.hr\/babina-greda\/dokumenti\/\"]}]},{\"@type\":\"BreadcrumbList\",\"@id\":\"http:\/\/knjiznice.nsk.hr\/babina-greda\/dokumenti\/#breadcrumb\",\"itemListElement\":[{\"@type\":\"ListItem\",\"position\":1,\"item\":{\"@type\":\"WebPage\",\"@id\":\"http:\/\/knjiznice.nsk.hr\/babina-greda\/\",\"url\":\"http:\/\/knjiznice.nsk.hr\/babina-greda\/\",\"name\":\"Po\\u010detna stranica\"}},{\"@type\":\"ListItem\",\"position\":2,\"item\":{\"@id\":\"http:\/\/knjiznice.nsk.hr\/babina-greda\/dokumenti\/#webpage\"}}]}]}<\/script>\n<!-- \/ Yoast SEO plugin. -->","_links":{"self":[{"href":"http:\/\/knjiznice.nsk.hr\/babina-greda\/wp-json\/wp\/v2\/pages\/221"}],"collection":[{"href":"http:\/\/knjiznice.nsk.hr\/babina-greda\/wp-json\/wp\/v2\/pages"}],"about":[{"href":"http:\/\/knjiznice.nsk.hr\/babina-greda\/wp-json\/wp\/v2\/types\/page"}],"author":[{"embeddable":true,"href":"http:\/\/knjiznice.nsk.hr\/babina-greda\/wp-json\/wp\/v2\/users\/86"}],"replies":[{"embeddable":true,"href":"http:\/\/knjiznice.nsk.hr\/babina-greda\/wp-json\/wp\/v2\/comments?post=221"}],"version-history":[{"count":95,"href":"http:\/\/knjiznice.nsk.hr\/babina-greda\/wp-json\/wp\/v2\/pages\/221\/revisions"}],"predecessor-version":[{"id":228,"href":"http:\/\/knjiznice.nsk.hr\/babina-greda\/wp-json\/wp\/v2\/pages\/221\/revisions\/228"}],"wp:attachment":[{"href":"http:\/\/knjiznice.nsk.hr\/babina-greda\/wp-json\/wp\/v2\/media?parent=221"}],"curies":[{"name":"wp","href":"https:\/\/api.w.org\/{rel}","templated":true}]}}