{"id":2099,"date":"2024-04-24T09:03:05","date_gmt":"2024-04-24T09:03:05","guid":{"rendered":"http:\/\/knjiznice.nsk.hr\/babina-greda\/?page_id=2099"},"modified":"2024-04-24T09:10:34","modified_gmt":"2024-04-24T09:10:34","slug":"2024-2","status":"publish","type":"page","link":"http:\/\/knjiznice.nsk.hr\/babina-greda\/2024-2\/","title":{"rendered":"2024."},"content":{"rendered":"<h3>Ilustrator Dra\u017een Jerabek&nbsp; je motivirao u\u010denike i u\u010denice na ma\u0161tovito sanjarenje koje su kasnije vizualno predo\u010dili na papir.<\/h3>\n\n\t\t<style type=\"text\/css\">\n\t\t\t#gallery-1 {\n\t\t\t\tmargin: auto;\n\t\t\t}\n\t\t\t#gallery-1 .gallery-item {\n\t\t\t\tfloat: left;\n\t\t\t\tmargin-top: 10px;\n\t\t\t\ttext-align: center;\n\t\t\t\twidth: 33%;\n\t\t\t}\n\t\t\t#gallery-1 img {\n\t\t\t\tborder: 2px solid #cfcfcf;\n\t\t\t}\n\t\t\t#gallery-1 .gallery-caption {\n\t\t\t\tmargin-left: 0;\n\t\t\t}\n\t\t\t\/* see gallery_shortcode() in wp-includes\/media.php *\/\n\t\t<\/style>\n\t\t<div id='gallery-1' class='gallery galleryid-2099 gallery-columns-3 gallery-size-thumbnail'><dl class='gallery-item'>\n\t\t\t<dt class='gallery-icon portrait'>\n\t\t\t\t<a href='http:\/\/knjiznice.nsk.hr\/babina-greda\/2024-2\/img_20240422_181003\/'><img width=\"232\" height=\"232\" src=\"http:\/\/knjiznice.nsk.hr\/babina-greda\/wp-content\/uploads\/sites\/72\/2024\/04\/IMG_20240422_181003-232x232.jpg\" class=\"attachment-thumbnail size-thumbnail\" alt=\"\" loading=\"lazy\" \/><\/a>\n\t\t\t<\/dt><\/dl><dl class='gallery-item'>\n\t\t\t<dt class='gallery-icon portrait'>\n\t\t\t\t<a href='http:\/\/knjiznice.nsk.hr\/babina-greda\/2024-2\/img_20240422_180953\/'><img width=\"232\" height=\"232\" src=\"http:\/\/knjiznice.nsk.hr\/babina-greda\/wp-content\/uploads\/sites\/72\/2024\/04\/IMG_20240422_180953-232x232.jpg\" class=\"attachment-thumbnail size-thumbnail\" alt=\"\" loading=\"lazy\" \/><\/a>\n\t\t\t<\/dt><\/dl><dl class='gallery-item'>\n\t\t\t<dt class='gallery-icon landscape'>\n\t\t\t\t<a href='http:\/\/knjiznice.nsk.hr\/babina-greda\/2024-2\/img_20240422_173011\/'><img width=\"232\" height=\"232\" src=\"http:\/\/knjiznice.nsk.hr\/babina-greda\/wp-content\/uploads\/sites\/72\/2024\/04\/IMG_20240422_173011-232x232.jpg\" class=\"attachment-thumbnail size-thumbnail\" alt=\"\" loading=\"lazy\" \/><\/a>\n\t\t\t<\/dt><\/dl><br style=\"clear: both\" \/><dl class='gallery-item'>\n\t\t\t<dt class='gallery-icon landscape'>\n\t\t\t\t<a href='http:\/\/knjiznice.nsk.hr\/babina-greda\/2024-2\/img_20240422_173024\/'><img width=\"232\" height=\"232\" src=\"http:\/\/knjiznice.nsk.hr\/babina-greda\/wp-content\/uploads\/sites\/72\/2024\/04\/IMG_20240422_173024-232x232.jpg\" class=\"attachment-thumbnail size-thumbnail\" alt=\"\" loading=\"lazy\" \/><\/a>\n\t\t\t<\/dt><\/dl><dl class='gallery-item'>\n\t\t\t<dt class='gallery-icon landscape'>\n\t\t\t\t<a href='http:\/\/knjiznice.nsk.hr\/babina-greda\/2024-2\/img_20240422_173002\/'><img width=\"232\" height=\"232\" src=\"http:\/\/knjiznice.nsk.hr\/babina-greda\/wp-content\/uploads\/sites\/72\/2024\/04\/IMG_20240422_173002-232x232.jpg\" class=\"attachment-thumbnail size-thumbnail\" alt=\"\" loading=\"lazy\" \/><\/a>\n\t\t\t<\/dt><\/dl><dl class='gallery-item'>\n\t\t\t<dt class='gallery-icon portrait'>\n\t\t\t\t<a href='http:\/\/knjiznice.nsk.hr\/babina-greda\/2024-2\/img_20240422_173033\/'><img width=\"232\" height=\"232\" src=\"http:\/\/knjiznice.nsk.hr\/babina-greda\/wp-content\/uploads\/sites\/72\/2024\/04\/IMG_20240422_173033-232x232.jpg\" class=\"attachment-thumbnail size-thumbnail\" alt=\"\" loading=\"lazy\" \/><\/a>\n\t\t\t<\/dt><\/dl><br style=\"clear: both\" \/><dl class='gallery-item'>\n\t\t\t<dt class='gallery-icon portrait'>\n\t\t\t\t<a href='http:\/\/knjiznice.nsk.hr\/babina-greda\/2024-2\/img_20240422_173046-1\/'><img width=\"232\" height=\"232\" src=\"http:\/\/knjiznice.nsk.hr\/babina-greda\/wp-content\/uploads\/sites\/72\/2024\/04\/IMG_20240422_173046-1-232x232.jpg\" class=\"attachment-thumbnail size-thumbnail\" alt=\"\" loading=\"lazy\" \/><\/a>\n\t\t\t<\/dt><\/dl>\n\t\t\t<br style='clear: both' \/>\n\t\t<\/div>\n\n<p>&nbsp;<\/p>\n<h3>KVIZ U KNJI\u017dNICI<\/h3>\n<h3 style=\"text-align: center\">Do dugo u no\u0107 smo odgovarali na pitanja koja nam je pripremila i otkrila Vlatka Maro\u0161evi\u0107. Pobjednici kviza su Djedova daska, drugoplasirani kviza\u0161i su Prasku\u0107e, a tre\u0107i po broju bodova su Atlantida. Zahvaljujemo ostalim ekipama: Maca Lukas, Go\u0161\u0107e iznena\u0111enja, Nemilosrdni umovi, Promili, Nas 10, Dojki\u0107 limited, Donji jelas i nadamo se novom susretu. O dobroj atmosferi u knji\u017enici govori \u010dinjenica da su prvoplasirani svoju nagradu darovali ekipi koja je bila zadnja po bodovima. Poseban pozdrav ide na\u0161oj sastavlja\u010dici Vlatki Maro\u0161evi\u0107, bez nje ni\u0161ta!<\/h3>\n<h3 style=\"text-align: center\">I, naravno, na\u0161i sponzori:<\/h3>\n<h3 style=\"text-align: center\"><a class=\"x1i10hfl xjbqb8w x1ejq31n xd10rxx x1sy0etr x17r0tee x972fbf xcfux6l x1qhh985 xm0m39n x9f619 x1ypdohk xt0psk2 xe8uvvx xdj266r x11i5rnm xat24cr x1mh8g0r xexx8yu x4uap5 x18d9i69 xkhd6sd x16tdsg8 x1hl2dhg xggy1nq x1a2a7pz xt0b8zv x1fey0fg xo1l8bm\" role=\"link\" href=\"https:\/\/www.facebook.com\/profile.php?id=61557411058484&amp;__cft__[0]=AZWzmb8Xwimk-A67MLT7tVEOrXxdr5gm36mwHl3gnxq4gytiifV2ouPnRYlVrnqC42O1aCP817Mt1pRQfBAd02P0D8ZdUvDFJxjWdiCWeDUIehsns6_wDT_QC03tcUxZthdeRayueUxlwzfjR-9VwD-eX9jaN8QPb5h6t8-Caryw5ZJ_a5DXGe3bKo8qNlDH-7bHONhZyylc2QuGgamv8hIb&amp;__tn__=-]K-R\"><span class=\"xt0psk2\">Mihi\u0107a dvori<\/span><\/a><\/h3>\n<h3 style=\"text-align: center\"><a class=\"x1i10hfl xjbqb8w x1ejq31n xd10rxx x1sy0etr x17r0tee x972fbf xcfux6l x1qhh985 xm0m39n x9f619 x1ypdohk xt0psk2 xe8uvvx xdj266r x11i5rnm xat24cr x1mh8g0r xexx8yu x4uap5 x18d9i69 xkhd6sd x16tdsg8 x1hl2dhg xggy1nq x1a2a7pz xt0b8zv x1fey0fg xo1l8bm\" role=\"link\" href=\"https:\/\/www.facebook.com\/velkec?__cft__[0]=AZWzmb8Xwimk-A67MLT7tVEOrXxdr5gm36mwHl3gnxq4gytiifV2ouPnRYlVrnqC42O1aCP817Mt1pRQfBAd02P0D8ZdUvDFJxjWdiCWeDUIehsns6_wDT_QC03tcUxZthdeRayueUxlwzfjR-9VwD-eX9jaN8QPb5h6t8-Caryw5ZJ_a5DXGe3bKo8qNlDH-7bHONhZyylc2QuGgamv8hIb&amp;__tn__=-]K-R\"><span class=\"xt0psk2\">Bistro Velkec<\/span><\/a><\/h3>\n<h3 style=\"text-align: center\"><a class=\"x1i10hfl xjbqb8w x1ejq31n xd10rxx x1sy0etr x17r0tee x972fbf xcfux6l x1qhh985 xm0m39n x9f619 x1ypdohk xt0psk2 xe8uvvx xdj266r x11i5rnm xat24cr x1mh8g0r xexx8yu x4uap5 x18d9i69 xkhd6sd x16tdsg8 x1hl2dhg xggy1nq x1a2a7pz xt0b8zv x1fey0fg xo1l8bm\" role=\"link\" href=\"https:\/\/www.facebook.com\/VisitBabinaGreda?__cft__[0]=AZWzmb8Xwimk-A67MLT7tVEOrXxdr5gm36mwHl3gnxq4gytiifV2ouPnRYlVrnqC42O1aCP817Mt1pRQfBAd02P0D8ZdUvDFJxjWdiCWeDUIehsns6_wDT_QC03tcUxZthdeRayueUxlwzfjR-9VwD-eX9jaN8QPb5h6t8-Caryw5ZJ_a5DXGe3bKo8qNlDH-7bHONhZyylc2QuGgamv8hIb&amp;__tn__=-]K-R\"><span class=\"xt0psk2\">Visit Babina Greda<\/span><\/a><\/h3>\n<p><img loading=\"lazy\" class=\"aligncenter size-medium wp-image-2113\" src=\"http:\/\/knjiznice.nsk.hr\/babina-greda\/wp-content\/uploads\/sites\/72\/2024\/04\/IMG_20240422_202548-497x350.jpg\" alt=\"\" width=\"497\" height=\"350\" srcset=\"http:\/\/knjiznice.nsk.hr\/babina-greda\/wp-content\/uploads\/sites\/72\/2024\/04\/IMG_20240422_202548-497x350.jpg 497w, http:\/\/knjiznice.nsk.hr\/babina-greda\/wp-content\/uploads\/sites\/72\/2024\/04\/IMG_20240422_202548-1096x773.jpg 1096w, http:\/\/knjiznice.nsk.hr\/babina-greda\/wp-content\/uploads\/sites\/72\/2024\/04\/IMG_20240422_202548-768x541.jpg 768w, http:\/\/knjiznice.nsk.hr\/babina-greda\/wp-content\/uploads\/sites\/72\/2024\/04\/IMG_20240422_202548-600x423.jpg 600w, http:\/\/knjiznice.nsk.hr\/babina-greda\/wp-content\/uploads\/sites\/72\/2024\/04\/IMG_20240422_202548-1536x1083.jpg 1536w, http:\/\/knjiznice.nsk.hr\/babina-greda\/wp-content\/uploads\/sites\/72\/2024\/04\/IMG_20240422_202548-2048x1444.jpg 2048w, http:\/\/knjiznice.nsk.hr\/babina-greda\/wp-content\/uploads\/sites\/72\/2024\/04\/IMG_20240422_202548-624x440.jpg 624w\" sizes=\"(max-width: 497px) 100vw, 497px\" \/> <img loading=\"lazy\" class=\"aligncenter size-medium wp-image-2114\" src=\"http:\/\/knjiznice.nsk.hr\/babina-greda\/wp-content\/uploads\/sites\/72\/2024\/04\/IMG_20240422_202537-392x448.jpg\" alt=\"\" width=\"392\" height=\"448\" srcset=\"http:\/\/knjiznice.nsk.hr\/babina-greda\/wp-content\/uploads\/sites\/72\/2024\/04\/IMG_20240422_202537-392x448.jpg 392w, http:\/\/knjiznice.nsk.hr\/babina-greda\/wp-content\/uploads\/sites\/72\/2024\/04\/IMG_20240422_202537-989x1131.jpg 989w, http:\/\/knjiznice.nsk.hr\/babina-greda\/wp-content\/uploads\/sites\/72\/2024\/04\/IMG_20240422_202537-768x878.jpg 768w, http:\/\/knjiznice.nsk.hr\/babina-greda\/wp-content\/uploads\/sites\/72\/2024\/04\/IMG_20240422_202537-600x686.jpg 600w, http:\/\/knjiznice.nsk.hr\/babina-greda\/wp-content\/uploads\/sites\/72\/2024\/04\/IMG_20240422_202537-1343x1536.jpg 1343w, http:\/\/knjiznice.nsk.hr\/babina-greda\/wp-content\/uploads\/sites\/72\/2024\/04\/IMG_20240422_202537-1791x2048.jpg 1791w, http:\/\/knjiznice.nsk.hr\/babina-greda\/wp-content\/uploads\/sites\/72\/2024\/04\/IMG_20240422_202537-624x714.jpg 624w\" sizes=\"(max-width: 392px) 100vw, 392px\" \/> <img loading=\"lazy\" class=\"aligncenter size-medium wp-image-2115\" src=\"http:\/\/knjiznice.nsk.hr\/babina-greda\/wp-content\/uploads\/sites\/72\/2024\/04\/IMG_20240422_202509-497x248.jpg\" alt=\"\" width=\"497\" height=\"248\" srcset=\"http:\/\/knjiznice.nsk.hr\/babina-greda\/wp-content\/uploads\/sites\/72\/2024\/04\/IMG_20240422_202509-497x248.jpg 497w, http:\/\/knjiznice.nsk.hr\/babina-greda\/wp-content\/uploads\/sites\/72\/2024\/04\/IMG_20240422_202509-1096x547.jpg 1096w, http:\/\/knjiznice.nsk.hr\/babina-greda\/wp-content\/uploads\/sites\/72\/2024\/04\/IMG_20240422_202509-768x383.jpg 768w, http:\/\/knjiznice.nsk.hr\/babina-greda\/wp-content\/uploads\/sites\/72\/2024\/04\/IMG_20240422_202509-600x299.jpg 600w, http:\/\/knjiznice.nsk.hr\/babina-greda\/wp-content\/uploads\/sites\/72\/2024\/04\/IMG_20240422_202509-1536x767.jpg 1536w, http:\/\/knjiznice.nsk.hr\/babina-greda\/wp-content\/uploads\/sites\/72\/2024\/04\/IMG_20240422_202509-2048x1022.jpg 2048w, http:\/\/knjiznice.nsk.hr\/babina-greda\/wp-content\/uploads\/sites\/72\/2024\/04\/IMG_20240422_202509-624x311.jpg 624w\" sizes=\"(max-width: 497px) 100vw, 497px\" \/> <img loading=\"lazy\" class=\"aligncenter size-medium wp-image-2116\" src=\"http:\/\/knjiznice.nsk.hr\/babina-greda\/wp-content\/uploads\/sites\/72\/2024\/04\/IMG_20240422_202616-497x237.jpg\" alt=\"\" width=\"497\" height=\"237\" srcset=\"http:\/\/knjiznice.nsk.hr\/babina-greda\/wp-content\/uploads\/sites\/72\/2024\/04\/IMG_20240422_202616-497x237.jpg 497w, http:\/\/knjiznice.nsk.hr\/babina-greda\/wp-content\/uploads\/sites\/72\/2024\/04\/IMG_20240422_202616-1096x523.jpg 1096w, http:\/\/knjiznice.nsk.hr\/babina-greda\/wp-content\/uploads\/sites\/72\/2024\/04\/IMG_20240422_202616-768x366.jpg 768w, http:\/\/knjiznice.nsk.hr\/babina-greda\/wp-content\/uploads\/sites\/72\/2024\/04\/IMG_20240422_202616-600x286.jpg 600w, http:\/\/knjiznice.nsk.hr\/babina-greda\/wp-content\/uploads\/sites\/72\/2024\/04\/IMG_20240422_202616-1536x732.jpg 1536w, http:\/\/knjiznice.nsk.hr\/babina-greda\/wp-content\/uploads\/sites\/72\/2024\/04\/IMG_20240422_202616-2048x977.jpg 2048w, http:\/\/knjiznice.nsk.hr\/babina-greda\/wp-content\/uploads\/sites\/72\/2024\/04\/IMG_20240422_202616-624x298.jpg 624w\" sizes=\"(max-width: 497px) 100vw, 497px\" \/><\/p>\n<p>&nbsp;<\/p>\n","protected":false},"excerpt":{"rendered":"<p>Ilustrator Dra\u017een Jerabek&nbsp; je motivirao u\u010denike i u\u010denice na ma\u0161tovito sanjarenje koje su kasnije vizualno predo\u010dili na papir. &nbsp; KVIZ U KNJI\u017dNICI Do dugo u no\u0107 smo odgovarali na pitanja koja nam je pripremila i otkrila Vlatka Maro\u0161evi\u0107. Pobjednici kviza su Djedova daska, drugoplasirani kviza\u0161i su Prasku\u0107e, a tre\u0107i po broju bodova su Atlantida. Zahvaljujemo [&hellip;]<\/p>\n","protected":false},"author":86,"featured_media":0,"parent":0,"menu_order":0,"comment_status":"closed","ping_status":"closed","template":"","meta":{"ngg_post_thumbnail":0},"yoast_head":"<!-- This site is optimized with the Yoast SEO plugin v16.4 - https:\/\/yoast.com\/wordpress\/plugins\/seo\/ -->\n<title>2024. &ndash; Op\u0107inska narodna knji\u017enica Babina Greda<\/title>\n<meta name=\"description\" content=\"Op\u0107inska narodna knji\u017enica Babina Greda 2024. &ndash;\" \/>\n<meta name=\"robots\" content=\"index, follow, max-snippet:-1, max-image-preview:large, max-video-preview:-1\" \/>\n<link rel=\"canonical\" href=\"http:\/\/knjiznice.nsk.hr\/babina-greda\/2024-2\/\" \/>\n<meta property=\"og:locale\" content=\"hr_HR\" \/>\n<meta property=\"og:type\" content=\"article\" \/>\n<meta property=\"og:title\" content=\"2024. &ndash; Op\u0107inska narodna knji\u017enica Babina Greda\" \/>\n<meta property=\"og:description\" content=\"Op\u0107inska narodna knji\u017enica Babina Greda 2024. &ndash;\" \/>\n<meta property=\"og:url\" content=\"http:\/\/knjiznice.nsk.hr\/babina-greda\/2024-2\/\" \/>\n<meta property=\"og:site_name\" content=\"Op\u0107inska narodna knji\u017enica Babina Greda\" \/>\n<meta property=\"article:publisher\" content=\"https:\/\/web.facebook.com\/opcinska.narodna.knjiznica.babina.greda\/?ref=bookmarks\" \/>\n<meta property=\"article:modified_time\" content=\"2024-04-24T09:10:34+00:00\" \/>\n<meta property=\"og:image\" content=\"http:\/\/knjiznice.nsk.hr\/babina-greda\/wp-content\/uploads\/sites\/72\/2024\/04\/IMG_20240422_181003-232x232.jpg\" \/>\n<meta name=\"twitter:label1\" content=\"Procijenjeno vrijeme \u010ditanja\" \/>\n\t<meta name=\"twitter:data1\" content=\"2 minute\" \/>\n<script type=\"application\/ld+json\" class=\"yoast-schema-graph\">{\"@context\":\"https:\/\/schema.org\",\"@graph\":[{\"@type\":\"Organization\",\"@id\":\"http:\/\/knjiznice.nsk.hr\/babina-greda\/#organization\",\"name\":\"Op\\u0107inska narodna knji\\u017enica Babina Greda\",\"url\":\"http:\/\/knjiznice.nsk.hr\/babina-greda\/\",\"sameAs\":[\"https:\/\/web.facebook.com\/opcinska.narodna.knjiznica.babina.greda\/?ref=bookmarks\",\"https:\/\/www.instagram.com\/narodnaknjiznica_bg\/\",\"https:\/\/www.youtube.com\/channel\/UC4GLISM7P4Kh8XCIuNsLjHA?view_as=subscriber\"],\"logo\":{\"@type\":\"ImageObject\",\"@id\":\"http:\/\/knjiznice.nsk.hr\/babina-greda\/#logo\",\"inLanguage\":\"hr\",\"url\":\"http:\/\/knjiznice.nsk.hr\/babina-greda\/wp-content\/uploads\/sites\/72\/2017\/05\/logo.jpg\",\"contentUrl\":\"http:\/\/knjiznice.nsk.hr\/babina-greda\/wp-content\/uploads\/sites\/72\/2017\/05\/logo.jpg\",\"width\":1056,\"height\":1368,\"caption\":\"Op\\u0107inska narodna knji\\u017enica Babina Greda\"},\"image\":{\"@id\":\"http:\/\/knjiznice.nsk.hr\/babina-greda\/#logo\"}},{\"@type\":\"WebSite\",\"@id\":\"http:\/\/knjiznice.nsk.hr\/babina-greda\/#website\",\"url\":\"http:\/\/knjiznice.nsk.hr\/babina-greda\/\",\"name\":\"Op\\u0107inska narodna knji\\u017enica Babina Greda\",\"description\":\"\",\"publisher\":{\"@id\":\"http:\/\/knjiznice.nsk.hr\/babina-greda\/#organization\"},\"potentialAction\":[{\"@type\":\"SearchAction\",\"target\":\"http:\/\/knjiznice.nsk.hr\/babina-greda\/?s={search_term_string}\",\"query-input\":\"required name=search_term_string\"}],\"inLanguage\":\"hr\"},{\"@type\":\"ImageObject\",\"@id\":\"http:\/\/knjiznice.nsk.hr\/babina-greda\/2024-2\/#primaryimage\",\"inLanguage\":\"hr\",\"url\":\"http:\/\/knjiznice.nsk.hr\/babina-greda\/wp-content\/uploads\/sites\/72\/2024\/04\/IMG_20240422_202548-497x350.jpg\",\"contentUrl\":\"http:\/\/knjiznice.nsk.hr\/babina-greda\/wp-content\/uploads\/sites\/72\/2024\/04\/IMG_20240422_202548-497x350.jpg\"},{\"@type\":\"WebPage\",\"@id\":\"http:\/\/knjiznice.nsk.hr\/babina-greda\/2024-2\/#webpage\",\"url\":\"http:\/\/knjiznice.nsk.hr\/babina-greda\/2024-2\/\",\"name\":\"2024. &ndash; Op\\u0107inska narodna knji\\u017enica Babina Greda\",\"isPartOf\":{\"@id\":\"http:\/\/knjiznice.nsk.hr\/babina-greda\/#website\"},\"primaryImageOfPage\":{\"@id\":\"http:\/\/knjiznice.nsk.hr\/babina-greda\/2024-2\/#primaryimage\"},\"datePublished\":\"2024-04-24T09:03:05+00:00\",\"dateModified\":\"2024-04-24T09:10:34+00:00\",\"description\":\"Op\\u0107inska narodna knji\\u017enica Babina Greda 2024. &ndash;\",\"breadcrumb\":{\"@id\":\"http:\/\/knjiznice.nsk.hr\/babina-greda\/2024-2\/#breadcrumb\"},\"inLanguage\":\"hr\",\"potentialAction\":[{\"@type\":\"ReadAction\",\"target\":[\"http:\/\/knjiznice.nsk.hr\/babina-greda\/2024-2\/\"]}]},{\"@type\":\"BreadcrumbList\",\"@id\":\"http:\/\/knjiznice.nsk.hr\/babina-greda\/2024-2\/#breadcrumb\",\"itemListElement\":[{\"@type\":\"ListItem\",\"position\":1,\"item\":{\"@type\":\"WebPage\",\"@id\":\"http:\/\/knjiznice.nsk.hr\/babina-greda\/\",\"url\":\"http:\/\/knjiznice.nsk.hr\/babina-greda\/\",\"name\":\"Po\\u010detna stranica\"}},{\"@type\":\"ListItem\",\"position\":2,\"item\":{\"@id\":\"http:\/\/knjiznice.nsk.hr\/babina-greda\/2024-2\/#webpage\"}}]}]}<\/script>\n<!-- \/ Yoast SEO plugin. -->","_links":{"self":[{"href":"http:\/\/knjiznice.nsk.hr\/babina-greda\/wp-json\/wp\/v2\/pages\/2099"}],"collection":[{"href":"http:\/\/knjiznice.nsk.hr\/babina-greda\/wp-json\/wp\/v2\/pages"}],"about":[{"href":"http:\/\/knjiznice.nsk.hr\/babina-greda\/wp-json\/wp\/v2\/types\/page"}],"author":[{"embeddable":true,"href":"http:\/\/knjiznice.nsk.hr\/babina-greda\/wp-json\/wp\/v2\/users\/86"}],"replies":[{"embeddable":true,"href":"http:\/\/knjiznice.nsk.hr\/babina-greda\/wp-json\/wp\/v2\/comments?post=2099"}],"version-history":[{"count":4,"href":"http:\/\/knjiznice.nsk.hr\/babina-greda\/wp-json\/wp\/v2\/pages\/2099\/revisions"}],"predecessor-version":[{"id":2118,"href":"http:\/\/knjiznice.nsk.hr\/babina-greda\/wp-json\/wp\/v2\/pages\/2099\/revisions\/2118"}],"wp:attachment":[{"href":"http:\/\/knjiznice.nsk.hr\/babina-greda\/wp-json\/wp\/v2\/media?parent=2099"}],"curies":[{"name":"wp","href":"https:\/\/api.w.org\/{rel}","templated":true}]}}