{"id":195,"date":"2015-07-06T07:35:27","date_gmt":"2015-07-06T07:35:27","guid":{"rendered":"http:\/\/knjiznice.nsk.hr\/babina-greda\/?page_id=195"},"modified":"2016-08-23T07:10:48","modified_gmt":"2016-08-23T07:10:48","slug":"preporuke-citateljskog-kluba","status":"publish","type":"page","link":"http:\/\/knjiznice.nsk.hr\/babina-greda\/aktivnosti-u-knjiznici\/citateljski-klub\/preporuke-citateljskog-kluba\/","title":{"rendered":"Preporuke \u010ditateljskog kluba"},"content":{"rendered":"<p style=\"text-align: left\"><strong>1. preporuka\u00a0<\/strong><\/p>\n<p style=\"text-align: left\"><strong>PATRICK S\u00dcSKIND: PARFEM: POVIJEST JEDNOG UBOJICE<\/strong><\/p>\n<p style=\"text-align: left\"><em>Parfem <\/em>je roman koji se \u017eanrovski ne mo\u017ee odrediti \u00a0i upravo ta \u0161arolikost \u017eanrova je ono \u0161to roman \u010dini zanimljivim.<!--more--><!--more--> Roman je fiktivni biografski tekst o antijunaku (glavni lik je negativan lik) Jean-Baptisteu Grenouilleu koji je \u017eivio sredinom 18. stolje\u0107a, u vrijeme bur\u017eujske revolucije u Francuskoj, i koji je u potrazi za stvaranjem specifi\u010dnog parfema, parfema mladosti, nev<a href=\"http:\/\/knjiznice.nsk.hr\/babina-greda\/wp-content\/uploads\/sites\/72\/2015\/07\/parfem.jpg\"><img loading=\"lazy\" class=\"wp-image-196 alignright\" src=\"http:\/\/knjiznice.nsk.hr\/babina-greda\/wp-content\/uploads\/sites\/72\/2015\/07\/parfem-192x300.jpg\" alt=\"parfem\" width=\"212\" height=\"331\" srcset=\"http:\/\/knjiznice.nsk.hr\/babina-greda\/wp-content\/uploads\/sites\/72\/2015\/07\/parfem-192x300.jpg 192w, http:\/\/knjiznice.nsk.hr\/babina-greda\/wp-content\/uploads\/sites\/72\/2015\/07\/parfem.jpg 600w\" sizes=\"(max-width: 212px) 100vw, 212px\" \/><\/a>inosti i ljepote i bezvremenosti s kojim \u017eeli pokazati da mo\u017ee posjedovati ljude, iako je sam izgledom i pona\u0161anjem (blago re\u010deno) razli\u010dit od drugih ljudi i specifi\u010dan zato \u0161to on osobno nema svoj ljudski miris, ali zato mo\u017ee osjetiti svaki miris. Pitanje je \u2013 je li Grenouille zbog svog dara genij ili lu\u0111ak? U \u017eivotu nema garancije, nikad ne mo\u017eemo biti dovoljno sigurni jesmo li dovoljno dobro upoznali osobu, pa kao \u0161to je i u ovom romanu vidljivo, Grenouille je sposoban pretvarati se da je netko drugi, \u0161to u kona\u010dnici utje\u010de na ljude oko njega. Grenouille se \u00a0kroz cijeli roman igra s povr\u0161nim ljudskim razmi\u0161ljanjima, a najljep\u0161i miris napokon na\u0111e u mirisima mladih nevinih djevojaka.<br \/>\nKraj romana i sam tijek doga\u0111aja ne\u0107emo otkrivati, ali kada pro\u010ditate ovu knjigu, zapitajte se: <em>Postoji li malo Grenouillea u svima nama?<\/em><\/p>\n<p style=\"text-align: left\">Naravno, sjetili smo se nakon silnih detaljiziranih opisa mirisa u ovom romanu i poznate re\u010denice Coco Chanel: <em>\u017dena bez parfema je \u017eena bez budu\u0107nosti<\/em>.<\/p>\n<p style=\"text-align: left\"><em>O piscu:\u00a0<strong>PATRICK S\u00dcSKIND\u00a0<\/strong>je njema\u010dki knji\u017eevnik i scenarist. Studirao je srednjovjekovnu i suvremenu povijest na Sveu\u010dili\u0161tu u M\u00fcnchenu i Aix-en-Provenceu. Svjetski je ugled i slavu stekao romanom Parfem (1985.) prema kojem je 2006. godine snimljen istoimeni igrani film.<\/em><\/p>\n<p><em>\u00a0<\/em><\/p>\n<p>2. preporuka<\/p>\n<p style=\"text-align: center\"><strong><a href=\"http:\/\/knjiznice.nsk.hr\/babina-greda\/wp-content\/uploads\/sites\/72\/2015\/10\/love-in-time-of-cholera.jpg\"><img loading=\"lazy\" class=\" size-full wp-image-213 alignright\" src=\"http:\/\/knjiznice.nsk.hr\/babina-greda\/wp-content\/uploads\/sites\/72\/2015\/10\/love-in-time-of-cholera.jpg\" alt=\"love-in-time-of-cholera\" width=\"326\" height=\"500\" srcset=\"http:\/\/knjiznice.nsk.hr\/babina-greda\/wp-content\/uploads\/sites\/72\/2015\/10\/love-in-time-of-cholera.jpg 326w, http:\/\/knjiznice.nsk.hr\/babina-greda\/wp-content\/uploads\/sites\/72\/2015\/10\/love-in-time-of-cholera-196x300.jpg 196w\" sizes=\"(max-width: 326px) 100vw, 326px\" \/><\/a>GABRIEL GARCIA MARQUEZ: LJUBAV U DOBA KOLERE<\/strong><\/p>\n<p style=\"text-align: center\">Gabriel Garcia Marquez je klasik svake knji\u017enice, omiljeni autor je i u na\u0161oj knji\u017enici. Zato smo i odlu\u010dili za na\u0161u drugu knjigu odabrati \u00a0roman Ljubav u doba kolere. Neki su ovaj roman ve\u0107 pro\u010ditali, ali su se svejedno radovali i\u0161\u010ditavanju ovog svjetskog \u00a0klasika.<\/p>\n<p style=\"text-align: center\">U romanu su zapravo opisane tri ljubavi koje funkcioniraju u odre\u0111enom vremenskom razdoblju, ali ne i istodobno. Te tri ljubavi se mijenjaju, ovisno o godinama koje prolaze, ali poanta je ista i opisana na najbolji mogu\u0107i na\u010din &#8211; ljubav ostaje s nama, raste, mijenja se i \u017eivi, ponekad je nemilosrdna, bolna, ali ipak je tu. Ljubav je ovdje prikazana trojako &#8211; prva ljubav &#8211; ljubav mladih Fiorentina i Fermine; bra\u010dna ljubav &#8211; odrasla ljubav Fermine i Juvenala; vje\u010dna ljubav &#8211; stara ljubav Fiorentina i Fermine.<\/p>\n<p style=\"text-align: center\">U sredi\u0161tu romana je Fermina Daza, i, kako ka\u017ee Marquez, ona jeste roman. Zbog nje se Fiorentino Ariza uspje\u0161no bori sa svojom neima\u0161tinom\/bogatstvom, a punih 53 godine, 7 mjeseci i 11 dana i no\u0107i \u017eudi \u00a0za njom i poku\u0161ava se normalno pona\u0161ati u dru\u0161tvu, kako to i prili\u010di jednom gospodinu. Dok Fiorentino ma\u0161ta za svojom Ferminom, ona \u017eivi kao supruga Juvenala Urbina, po\u0161tovanog doktora koji vodi ugledan javni \u017eivot. O Fermini smo se razilazili u mi\u0161ljenjima. Na neke \u010ditateljice je ostavila dojam sebi\u010dne \u017eene koja je najvi\u0161e voljela sebe, a brzo je padala pod utjecaj drugih, dok su druge \u010ditateljice branile Fermininu snagu koja je, razo\u010darana zbog nemogu\u0107e ljubavi, pala pod utjecaj konvencionalnog dru\u0161tva i \u010dekala da se njezina ljubav ostvari u godinama koje dolaze. Tko je u pravu, najbolje \u0107ete saznati ako nam se pridru\u017eite u \u010ditanju. \ud83d\ude42<\/p>\n<hr \/>\n<p style=\"text-align: center\"><strong>O autoru<\/strong><br \/>\n<em><span class=\"tekst\"><a href=\"http:\/\/www.dzepna.com\/marquez.htm\">Gabriel <\/a><\/span><a href=\"http:\/\/www.dzepna.com\/marquez.htm\"><span class=\"style1\">Garc\u00eda M\u00e1rquez<\/span><\/a><\/em><span class=\"tekst\"> ro\u0111en je u mjestu Aracataca, u Kolumbiji, 6. o\u017eujka 1928. godine. Studirao je na sveu\u010dili\u0161tu u Bogoti, a potom radio kao reporter u kolumbijskim novinama El Espectador i kao dopisnik u Rimu, Parizu, Barceloni, Caracasu i New Yorku. <\/span><span class=\"tekst\">Objavio je vi\u0161e romana i zbirki pripovijedaka: <em>Li\u0161\u0107e na vjetru, Pukovniku nema tko da pi\u0161e, Pogreb Velike Mame, Zla kob, Sto godina samo\u0107e, Nevjerojatna i tu\u017ena pripovijest o nevinoj Erendiri i njezinoj bezdu\u0161noj baki, Patrijarhova jesen, Kronika najavljene smrti, General u svom labirintu, Dvanaest hodo\u010dasnika, O ljubavi i drugim ne\u010distim silama, Vijest o jednoj otmici<\/em>. Nagra\u0111en je 1982. godine Nobelovom nagradom za knji\u017eevnost. Umro je 2014. godine.\u00a0<\/span><\/p>\n","protected":false},"excerpt":{"rendered":"<p>1. preporuka\u00a0 PATRICK S\u00dcSKIND: PARFEM: POVIJEST JEDNOG UBOJICE Parfem je roman koji se \u017eanrovski ne mo\u017ee odrediti \u00a0i upravo ta \u0161arolikost \u017eanrova je ono \u0161to roman \u010dini zanimljivim.<\/p>\n","protected":false},"author":86,"featured_media":0,"parent":173,"menu_order":0,"comment_status":"closed","ping_status":"closed","template":"","meta":{"ngg_post_thumbnail":0},"yoast_head":"<!-- This site is optimized with the Yoast SEO plugin v16.4 - https:\/\/yoast.com\/wordpress\/plugins\/seo\/ -->\n<title>Preporuke \u010ditateljskog kluba &ndash; Op\u0107inska narodna knji\u017enica Babina Greda<\/title>\n<meta name=\"description\" content=\"Op\u0107inska narodna knji\u017enica Babina Greda Preporuke \u010ditateljskog kluba &ndash;\" \/>\n<meta name=\"robots\" content=\"index, follow, max-snippet:-1, max-image-preview:large, max-video-preview:-1\" \/>\n<link rel=\"canonical\" href=\"http:\/\/knjiznice.nsk.hr\/babina-greda\/aktivnosti-u-knjiznici\/citateljski-klub\/preporuke-citateljskog-kluba\/\" \/>\n<meta property=\"og:locale\" content=\"hr_HR\" \/>\n<meta property=\"og:type\" content=\"article\" \/>\n<meta property=\"og:title\" content=\"Preporuke \u010ditateljskog kluba &ndash; Op\u0107inska narodna knji\u017enica Babina Greda\" \/>\n<meta property=\"og:description\" content=\"Op\u0107inska narodna knji\u017enica Babina Greda Preporuke \u010ditateljskog kluba &ndash;\" \/>\n<meta property=\"og:url\" content=\"http:\/\/knjiznice.nsk.hr\/babina-greda\/aktivnosti-u-knjiznici\/citateljski-klub\/preporuke-citateljskog-kluba\/\" \/>\n<meta property=\"og:site_name\" content=\"Op\u0107inska narodna knji\u017enica Babina Greda\" \/>\n<meta property=\"article:publisher\" content=\"https:\/\/web.facebook.com\/opcinska.narodna.knjiznica.babina.greda\/?ref=bookmarks\" \/>\n<meta property=\"article:modified_time\" content=\"2016-08-23T07:10:48+00:00\" \/>\n<meta property=\"og:image\" content=\"http:\/\/knjiznice.nsk.hr\/babina-greda\/wp-content\/uploads\/sites\/72\/2015\/07\/parfem-192x300.jpg\" \/>\n<meta name=\"twitter:label1\" content=\"Procijenjeno vrijeme \u010ditanja\" \/>\n\t<meta name=\"twitter:data1\" content=\"4 minute\" \/>\n<script type=\"application\/ld+json\" class=\"yoast-schema-graph\">{\"@context\":\"https:\/\/schema.org\",\"@graph\":[{\"@type\":\"Organization\",\"@id\":\"http:\/\/knjiznice.nsk.hr\/babina-greda\/#organization\",\"name\":\"Op\\u0107inska narodna knji\\u017enica Babina Greda\",\"url\":\"http:\/\/knjiznice.nsk.hr\/babina-greda\/\",\"sameAs\":[\"https:\/\/web.facebook.com\/opcinska.narodna.knjiznica.babina.greda\/?ref=bookmarks\",\"https:\/\/www.instagram.com\/narodnaknjiznica_bg\/\",\"https:\/\/www.youtube.com\/channel\/UC4GLISM7P4Kh8XCIuNsLjHA?view_as=subscriber\"],\"logo\":{\"@type\":\"ImageObject\",\"@id\":\"http:\/\/knjiznice.nsk.hr\/babina-greda\/#logo\",\"inLanguage\":\"hr\",\"url\":\"http:\/\/knjiznice.nsk.hr\/babina-greda\/wp-content\/uploads\/sites\/72\/2017\/05\/logo.jpg\",\"contentUrl\":\"http:\/\/knjiznice.nsk.hr\/babina-greda\/wp-content\/uploads\/sites\/72\/2017\/05\/logo.jpg\",\"width\":1056,\"height\":1368,\"caption\":\"Op\\u0107inska narodna knji\\u017enica Babina Greda\"},\"image\":{\"@id\":\"http:\/\/knjiznice.nsk.hr\/babina-greda\/#logo\"}},{\"@type\":\"WebSite\",\"@id\":\"http:\/\/knjiznice.nsk.hr\/babina-greda\/#website\",\"url\":\"http:\/\/knjiznice.nsk.hr\/babina-greda\/\",\"name\":\"Op\\u0107inska narodna knji\\u017enica Babina Greda\",\"description\":\"\",\"publisher\":{\"@id\":\"http:\/\/knjiznice.nsk.hr\/babina-greda\/#organization\"},\"potentialAction\":[{\"@type\":\"SearchAction\",\"target\":\"http:\/\/knjiznice.nsk.hr\/babina-greda\/?s={search_term_string}\",\"query-input\":\"required name=search_term_string\"}],\"inLanguage\":\"hr\"},{\"@type\":\"ImageObject\",\"@id\":\"http:\/\/knjiznice.nsk.hr\/babina-greda\/aktivnosti-u-knjiznici\/citateljski-klub\/preporuke-citateljskog-kluba\/#primaryimage\",\"inLanguage\":\"hr\",\"url\":\"http:\/\/knjiznice.nsk.hr\/babina-greda\/wp-content\/uploads\/sites\/72\/2015\/07\/parfem.jpg\",\"contentUrl\":\"http:\/\/knjiznice.nsk.hr\/babina-greda\/wp-content\/uploads\/sites\/72\/2015\/07\/parfem.jpg\",\"width\":600,\"height\":936},{\"@type\":\"WebPage\",\"@id\":\"http:\/\/knjiznice.nsk.hr\/babina-greda\/aktivnosti-u-knjiznici\/citateljski-klub\/preporuke-citateljskog-kluba\/#webpage\",\"url\":\"http:\/\/knjiznice.nsk.hr\/babina-greda\/aktivnosti-u-knjiznici\/citateljski-klub\/preporuke-citateljskog-kluba\/\",\"name\":\"Preporuke \\u010ditateljskog kluba &ndash; Op\\u0107inska narodna knji\\u017enica Babina Greda\",\"isPartOf\":{\"@id\":\"http:\/\/knjiznice.nsk.hr\/babina-greda\/#website\"},\"primaryImageOfPage\":{\"@id\":\"http:\/\/knjiznice.nsk.hr\/babina-greda\/aktivnosti-u-knjiznici\/citateljski-klub\/preporuke-citateljskog-kluba\/#primaryimage\"},\"datePublished\":\"2015-07-06T07:35:27+00:00\",\"dateModified\":\"2016-08-23T07:10:48+00:00\",\"description\":\"Op\\u0107inska narodna knji\\u017enica Babina Greda Preporuke \\u010ditateljskog kluba &ndash;\",\"breadcrumb\":{\"@id\":\"http:\/\/knjiznice.nsk.hr\/babina-greda\/aktivnosti-u-knjiznici\/citateljski-klub\/preporuke-citateljskog-kluba\/#breadcrumb\"},\"inLanguage\":\"hr\",\"potentialAction\":[{\"@type\":\"ReadAction\",\"target\":[\"http:\/\/knjiznice.nsk.hr\/babina-greda\/aktivnosti-u-knjiznici\/citateljski-klub\/preporuke-citateljskog-kluba\/\"]}]},{\"@type\":\"BreadcrumbList\",\"@id\":\"http:\/\/knjiznice.nsk.hr\/babina-greda\/aktivnosti-u-knjiznici\/citateljski-klub\/preporuke-citateljskog-kluba\/#breadcrumb\",\"itemListElement\":[{\"@type\":\"ListItem\",\"position\":1,\"item\":{\"@type\":\"WebPage\",\"@id\":\"http:\/\/knjiznice.nsk.hr\/babina-greda\/\",\"url\":\"http:\/\/knjiznice.nsk.hr\/babina-greda\/\",\"name\":\"Po\\u010detna stranica\"}},{\"@type\":\"ListItem\",\"position\":2,\"item\":{\"@type\":\"WebPage\",\"@id\":\"http:\/\/knjiznice.nsk.hr\/babina-greda\/aktivnosti-u-knjiznici\/\",\"url\":\"http:\/\/knjiznice.nsk.hr\/babina-greda\/aktivnosti-u-knjiznici\/\",\"name\":\"SASTANCI \\u010cK\"}},{\"@type\":\"ListItem\",\"position\":3,\"item\":{\"@type\":\"WebPage\",\"@id\":\"http:\/\/knjiznice.nsk.hr\/babina-greda\/aktivnosti-u-knjiznici\/citateljski-klub\/\",\"url\":\"http:\/\/knjiznice.nsk.hr\/babina-greda\/aktivnosti-u-knjiznici\/citateljski-klub\/\",\"name\":\"\\u010citateljski klub\"}},{\"@type\":\"ListItem\",\"position\":4,\"item\":{\"@id\":\"http:\/\/knjiznice.nsk.hr\/babina-greda\/aktivnosti-u-knjiznici\/citateljski-klub\/preporuke-citateljskog-kluba\/#webpage\"}}]}]}<\/script>\n<!-- \/ Yoast SEO plugin. -->","_links":{"self":[{"href":"http:\/\/knjiznice.nsk.hr\/babina-greda\/wp-json\/wp\/v2\/pages\/195"}],"collection":[{"href":"http:\/\/knjiznice.nsk.hr\/babina-greda\/wp-json\/wp\/v2\/pages"}],"about":[{"href":"http:\/\/knjiznice.nsk.hr\/babina-greda\/wp-json\/wp\/v2\/types\/page"}],"author":[{"embeddable":true,"href":"http:\/\/knjiznice.nsk.hr\/babina-greda\/wp-json\/wp\/v2\/users\/86"}],"replies":[{"embeddable":true,"href":"http:\/\/knjiznice.nsk.hr\/babina-greda\/wp-json\/wp\/v2\/comments?post=195"}],"version-history":[{"count":7,"href":"http:\/\/knjiznice.nsk.hr\/babina-greda\/wp-json\/wp\/v2\/pages\/195\/revisions"}],"predecessor-version":[{"id":584,"href":"http:\/\/knjiznice.nsk.hr\/babina-greda\/wp-json\/wp\/v2\/pages\/195\/revisions\/584"}],"up":[{"embeddable":true,"href":"http:\/\/knjiznice.nsk.hr\/babina-greda\/wp-json\/wp\/v2\/pages\/173"}],"wp:attachment":[{"href":"http:\/\/knjiznice.nsk.hr\/babina-greda\/wp-json\/wp\/v2\/media?parent=195"}],"curies":[{"name":"wp","href":"https:\/\/api.w.org\/{rel}","templated":true}]}}