{"id":1077,"date":"2019-05-31T08:24:32","date_gmt":"2019-05-31T08:24:32","guid":{"rendered":"http:\/\/knjiznice.nsk.hr\/babina-greda\/?page_id=1077"},"modified":"2019-05-31T08:29:07","modified_gmt":"2019-05-31T08:29:07","slug":"citateljski-klub-2019","status":"publish","type":"page","link":"http:\/\/knjiznice.nsk.hr\/babina-greda\/aktivnosti-u-knjiznici\/citateljski-klub\/citateljski-klub-2019\/","title":{"rendered":"\u010citateljski klub 2019."},"content":{"rendered":"<p>\u010citateljski klub je u 2019. godini bogatiji za deset \u010dlanova! Ponosni na ovu brojku, krenuli smo u \u010ditanje novih romana.&nbsp;<\/p>\n<p>Za prvi susret \u010ditateljskoga kluba&nbsp; odabrali smo roman Slavenke Drakuli\u0107&nbsp; &#8220;Mileva Einstein, teorija tuge&#8221; .&nbsp; Roman je pisan kao biografski zapis Mileve Einstein, prve supruge Alberta Einsteina. Potekla je iz bogate vojvo\u0111anske obitelji Mari\u0107, izvrsna matemati\u010darka, prva \u017eena na Politehni\u010dkom fakultetu Sveu\u010dili\u0161ta u Z\u00fcrichu, usprkos svim dru\u0161tvenim predrasudama onoga vremena. No, na\u017ealost, nije uspjela zavr\u0161iti fakultet, radije se posvetila ulozi supruge Alberta Einsteina. Mileva nije jedina opisana osoba u romanu, o Albertu Einsteinu smo dosta saznali. Osim uloge slavnog fizi\u010dara, Albert Einstein je bio manipulator i \u0161ovinist, patrijarhalni primjerak svoga vremena (iako se mo\u017eemo slo\u017eiti da primitivizam nije iskorijenjen s odlaskom &#8220;pro\u0161lih&#8221; vremena). Iznenadili smo se kako sama genijalnost Alberta Einsteina je vidno druga\u010dija od njegove osobnosti i pona\u0161anja prema supruzi Milevi. U pismima samoj Milevi daje uvjete za nastavak zajedni\u010dkog \u017eivota u kojima, izme\u0111u ostalog, pi\u0161e i da sve mora biti \u010disto, a da \u0107e se posebno morati suzdr\u017eavati od dru\u017eenja s njim, Albertom, suprugom i ocem njihove djece.&nbsp; U ulozi majke, Mileva se snalazi, iako zbog te\u0161kih psihi\u010dkih slomova ne funkcionira. Nakon \u0161to je Albert ostavi, samohrana je majka. Albert ne posje\u0107uje \u010desto svoje sinove.&nbsp; Osim dva dje\u010daka, prvo dijete, djevoj\u010dicu, rodila je dok jo\u0161 nije bila u braku s Albertom. Nedugo nakon poroda, ostavlja djevoj\u010dicu s roditeljima i odlazi kod Alberta. A nedugo nakon toga, djevoj\u010dica se razbolijeva i umire. Njezina je smrt te\u0161ko poga\u0111a&nbsp; i prati Milevu kroz cijeli \u017eivot. Nadalje, pratimo Milevu kroz ulogu \u017eene. Mileva je, prema mi\u0161ljenju na\u0161ih \u010ditatelja, sama postala \u017eenom \u017ertvom. Odustaje od svih svojih ciljeva, jer se ne mo\u017ee nositi s tim \u0161to ju je Albert napustio. Ne mo\u017ee se oteti dojmu da Albertom manipulira Elsa, Albertova sestri\u010dna i&nbsp; druga supruga, stalno nalazi opravdanja za Albertovo pona\u0161anje. Mileva nikako da se izdigne iz uloge \u017ertvenog janjeta iako smo se svi potajno nadali da \u0107e se stvari pobolj\u0161ati za nju i da \u0107e se uspjeti ostvariti kroz zavr\u0161eni fakultet. Jedina pozitivna osoba ovog (\u017eivotnog) romana je Milevin otac, Milo\u0161 Mari\u0107, koji je ispred svoga vremena, koji je Milevi omogu\u0107io izvrsno obrazovanje u najboljim \u0161kolama.&nbsp;<\/p>\n<p>Srednja ocjena ovog romana je 4 \/5. Tematski, ve\u0107ini u \u010ditateljskom klubu nije legla ova pri\u010da, dok je na\u010din na koji je roman pisan izvrstan.&nbsp;<\/p>\n<p>Za idu\u0107i susret odabrali smo Paket Sebastiana Fitzeka.&nbsp;<\/p>\n","protected":false},"excerpt":{"rendered":"<p>\u010citateljski klub je u 2019. godini bogatiji za deset \u010dlanova! Ponosni na ovu brojku, krenuli smo u \u010ditanje novih romana.&nbsp; Za prvi susret \u010ditateljskoga kluba&nbsp; odabrali smo roman Slavenke Drakuli\u0107&nbsp; &#8220;Mileva Einstein, teorija tuge&#8221; .&nbsp; Roman je pisan kao biografski zapis Mileve Einstein, prve supruge Alberta Einsteina. Potekla je iz bogate vojvo\u0111anske obitelji Mari\u0107, izvrsna [&hellip;]<\/p>\n","protected":false},"author":86,"featured_media":0,"parent":173,"menu_order":0,"comment_status":"closed","ping_status":"closed","template":"","meta":{"ngg_post_thumbnail":0},"yoast_head":"<!-- This site is optimized with the Yoast SEO plugin v16.4 - https:\/\/yoast.com\/wordpress\/plugins\/seo\/ -->\n<title>&ndash; Op\u0107inska narodna knji\u017enica Babina Greda<\/title>\n<meta name=\"description\" content=\"Op\u0107inska narodna knji\u017enica Babina Greda \u010citateljski klub 2019. &ndash;\" \/>\n<meta name=\"robots\" content=\"index, follow, max-snippet:-1, max-image-preview:large, max-video-preview:-1\" \/>\n<link rel=\"canonical\" href=\"http:\/\/knjiznice.nsk.hr\/babina-greda\/aktivnosti-u-knjiznici\/citateljski-klub\/citateljski-klub-2019\/\" \/>\n<meta property=\"og:locale\" content=\"hr_HR\" \/>\n<meta property=\"og:type\" content=\"article\" \/>\n<meta property=\"og:title\" content=\"&ndash; Op\u0107inska narodna knji\u017enica Babina Greda\" \/>\n<meta property=\"og:description\" content=\"Op\u0107inska narodna knji\u017enica Babina Greda \u010citateljski klub 2019. &ndash;\" \/>\n<meta property=\"og:url\" content=\"http:\/\/knjiznice.nsk.hr\/babina-greda\/aktivnosti-u-knjiznici\/citateljski-klub\/citateljski-klub-2019\/\" \/>\n<meta property=\"og:site_name\" content=\"Op\u0107inska narodna knji\u017enica Babina Greda\" \/>\n<meta property=\"article:publisher\" content=\"https:\/\/web.facebook.com\/opcinska.narodna.knjiznica.babina.greda\/?ref=bookmarks\" \/>\n<meta property=\"article:modified_time\" content=\"2019-05-31T08:29:07+00:00\" \/>\n<meta property=\"og:image\" content=\"http:\/\/knjiznice.nsk.hr\/babina-greda\/wp-content\/uploads\/sites\/72\/2016\/01\/IMG_20150904_080152.jpg\" \/>\n\t<meta property=\"og:image:width\" content=\"2982\" \/>\n\t<meta property=\"og:image:height\" content=\"1678\" \/>\n<meta name=\"twitter:label1\" content=\"Procijenjeno vrijeme \u010ditanja\" \/>\n\t<meta name=\"twitter:data1\" content=\"2 minute\" \/>\n<script type=\"application\/ld+json\" class=\"yoast-schema-graph\">{\"@context\":\"https:\/\/schema.org\",\"@graph\":[{\"@type\":\"Organization\",\"@id\":\"http:\/\/knjiznice.nsk.hr\/babina-greda\/#organization\",\"name\":\"Op\\u0107inska narodna knji\\u017enica Babina Greda\",\"url\":\"http:\/\/knjiznice.nsk.hr\/babina-greda\/\",\"sameAs\":[\"https:\/\/web.facebook.com\/opcinska.narodna.knjiznica.babina.greda\/?ref=bookmarks\",\"https:\/\/www.instagram.com\/narodnaknjiznica_bg\/\",\"https:\/\/www.youtube.com\/channel\/UC4GLISM7P4Kh8XCIuNsLjHA?view_as=subscriber\"],\"logo\":{\"@type\":\"ImageObject\",\"@id\":\"http:\/\/knjiznice.nsk.hr\/babina-greda\/#logo\",\"inLanguage\":\"hr\",\"url\":\"http:\/\/knjiznice.nsk.hr\/babina-greda\/wp-content\/uploads\/sites\/72\/2017\/05\/logo.jpg\",\"contentUrl\":\"http:\/\/knjiznice.nsk.hr\/babina-greda\/wp-content\/uploads\/sites\/72\/2017\/05\/logo.jpg\",\"width\":1056,\"height\":1368,\"caption\":\"Op\\u0107inska narodna knji\\u017enica Babina Greda\"},\"image\":{\"@id\":\"http:\/\/knjiznice.nsk.hr\/babina-greda\/#logo\"}},{\"@type\":\"WebSite\",\"@id\":\"http:\/\/knjiznice.nsk.hr\/babina-greda\/#website\",\"url\":\"http:\/\/knjiznice.nsk.hr\/babina-greda\/\",\"name\":\"Op\\u0107inska narodna knji\\u017enica Babina Greda\",\"description\":\"\",\"publisher\":{\"@id\":\"http:\/\/knjiznice.nsk.hr\/babina-greda\/#organization\"},\"potentialAction\":[{\"@type\":\"SearchAction\",\"target\":\"http:\/\/knjiznice.nsk.hr\/babina-greda\/?s={search_term_string}\",\"query-input\":\"required name=search_term_string\"}],\"inLanguage\":\"hr\"},{\"@type\":\"WebPage\",\"@id\":\"http:\/\/knjiznice.nsk.hr\/babina-greda\/aktivnosti-u-knjiznici\/citateljski-klub\/citateljski-klub-2019\/#webpage\",\"url\":\"http:\/\/knjiznice.nsk.hr\/babina-greda\/aktivnosti-u-knjiznici\/citateljski-klub\/citateljski-klub-2019\/\",\"name\":\"&ndash; Op\\u0107inska narodna knji\\u017enica Babina Greda\",\"isPartOf\":{\"@id\":\"http:\/\/knjiznice.nsk.hr\/babina-greda\/#website\"},\"datePublished\":\"2019-05-31T08:24:32+00:00\",\"dateModified\":\"2019-05-31T08:29:07+00:00\",\"description\":\"Op\\u0107inska narodna knji\\u017enica Babina Greda \\u010citateljski klub 2019. &ndash;\",\"breadcrumb\":{\"@id\":\"http:\/\/knjiznice.nsk.hr\/babina-greda\/aktivnosti-u-knjiznici\/citateljski-klub\/citateljski-klub-2019\/#breadcrumb\"},\"inLanguage\":\"hr\",\"potentialAction\":[{\"@type\":\"ReadAction\",\"target\":[\"http:\/\/knjiznice.nsk.hr\/babina-greda\/aktivnosti-u-knjiznici\/citateljski-klub\/citateljski-klub-2019\/\"]}]},{\"@type\":\"BreadcrumbList\",\"@id\":\"http:\/\/knjiznice.nsk.hr\/babina-greda\/aktivnosti-u-knjiznici\/citateljski-klub\/citateljski-klub-2019\/#breadcrumb\",\"itemListElement\":[{\"@type\":\"ListItem\",\"position\":1,\"item\":{\"@type\":\"WebPage\",\"@id\":\"http:\/\/knjiznice.nsk.hr\/babina-greda\/\",\"url\":\"http:\/\/knjiznice.nsk.hr\/babina-greda\/\",\"name\":\"Po\\u010detna stranica\"}},{\"@type\":\"ListItem\",\"position\":2,\"item\":{\"@type\":\"WebPage\",\"@id\":\"http:\/\/knjiznice.nsk.hr\/babina-greda\/aktivnosti-u-knjiznici\/\",\"url\":\"http:\/\/knjiznice.nsk.hr\/babina-greda\/aktivnosti-u-knjiznici\/\",\"name\":\"SASTANCI \\u010cK\"}},{\"@type\":\"ListItem\",\"position\":3,\"item\":{\"@type\":\"WebPage\",\"@id\":\"http:\/\/knjiznice.nsk.hr\/babina-greda\/aktivnosti-u-knjiznici\/citateljski-klub\/\",\"url\":\"http:\/\/knjiznice.nsk.hr\/babina-greda\/aktivnosti-u-knjiznici\/citateljski-klub\/\",\"name\":\"\\u010citateljski klub\"}},{\"@type\":\"ListItem\",\"position\":4,\"item\":{\"@id\":\"http:\/\/knjiznice.nsk.hr\/babina-greda\/aktivnosti-u-knjiznici\/citateljski-klub\/citateljski-klub-2019\/#webpage\"}}]}]}<\/script>\n<!-- \/ Yoast SEO plugin. -->","_links":{"self":[{"href":"http:\/\/knjiznice.nsk.hr\/babina-greda\/wp-json\/wp\/v2\/pages\/1077"}],"collection":[{"href":"http:\/\/knjiznice.nsk.hr\/babina-greda\/wp-json\/wp\/v2\/pages"}],"about":[{"href":"http:\/\/knjiznice.nsk.hr\/babina-greda\/wp-json\/wp\/v2\/types\/page"}],"author":[{"embeddable":true,"href":"http:\/\/knjiznice.nsk.hr\/babina-greda\/wp-json\/wp\/v2\/users\/86"}],"replies":[{"embeddable":true,"href":"http:\/\/knjiznice.nsk.hr\/babina-greda\/wp-json\/wp\/v2\/comments?post=1077"}],"version-history":[{"count":3,"href":"http:\/\/knjiznice.nsk.hr\/babina-greda\/wp-json\/wp\/v2\/pages\/1077\/revisions"}],"predecessor-version":[{"id":1080,"href":"http:\/\/knjiznice.nsk.hr\/babina-greda\/wp-json\/wp\/v2\/pages\/1077\/revisions\/1080"}],"up":[{"embeddable":true,"href":"http:\/\/knjiznice.nsk.hr\/babina-greda\/wp-json\/wp\/v2\/pages\/173"}],"wp:attachment":[{"href":"http:\/\/knjiznice.nsk.hr\/babina-greda\/wp-json\/wp\/v2\/media?parent=1077"}],"curies":[{"name":"wp","href":"https:\/\/api.w.org\/{rel}","templated":true}]}}